{"id":3850,"date":"2025-10-17T09:24:34","date_gmt":"2025-10-17T01:24:34","guid":{"rendered":"https:\/\/ballvalves.tw\/?post_type=product&#038;p=3850"},"modified":"2025-12-11T12:40:54","modified_gmt":"2025-12-11T04:40:54","slug":"pneumatic-vacuum-valve","status":"publish","type":"product","link":"https:\/\/ballvalves.tw\/it\/prodotto\/pneumatic-vacuum-valve\/","title":{"rendered":"Valvola pneumatica per vuoto"},"content":{"rendered":"<h2 data-path-to-node=\"32\">Descrizione del prodotto<\/h2>\n<p data-path-to-node=\"33\">Questa valvola automatizzata sostituisce il funzionamento manuale nei processi sottovuoto a ciclo rapido. L'attuatore pneumatico apre e chiude rapidamente la valvola, isolando le pompe per vuoto o collegando le camere alla linea del vuoto. \u00c8 costruita con <b>Acciaio inossidabile 316<\/b> per garantire la pulizia e la compatibilit\u00e0 con i vari gas di processo spesso presenti nei flussi sottovuoto.<\/p>\n<h2 data-path-to-node=\"34\">Specifiche tecniche principali<\/h2>\n<ul data-path-to-node=\"35\">\n<li>\n<p data-path-to-node=\"35,0,0\"><b>Materiale del corpo:<\/b> Acciaio inossidabile ASTM 316<\/p>\n<\/li>\n<li>\n<p data-path-to-node=\"35,1,0\"><b>Attuatore:<\/b> Cilindro in lega di alluminio<\/p>\n<\/li>\n<li>\n<p data-path-to-node=\"35,2,0\"><b>Gamma di dimensioni:<\/b> 1\/2\u2033 ~ 2-1\/2\u2033<\/p>\n<\/li>\n<li>\n<p data-path-to-node=\"35,3,0\"><b>Applicazione:<\/b> Controllo automatico del vuoto<\/p>\n<\/li>\n<li>\n<p data-path-to-node=\"35,4,0\"><b>Tipo di guarnizione:<\/b> Guarnizioni sottovuoto ad alta tenuta<\/p>\n<\/li>\n<\/ul>\n<h2 data-path-to-node=\"36\">Vantaggi e benefici<\/h2>\n<ul data-path-to-node=\"37\">\n<li>\n<p data-path-to-node=\"37,0,0\"><b>Efficienza del ciclo:<\/b> Accelera i cicli di lavorazione sottovuoto (ad esempio, nello stampaggio o nel rivestimento).<\/p>\n<\/li>\n<li>\n<p data-path-to-node=\"37,1,0\"><b>Sicurezza remota:<\/b> Consente il controllo delle linee del vuoto in aree difficili da raggiungere o pericolose.<\/p>\n<\/li>\n<li>\n<p data-path-to-node=\"37,2,0\"><b>Prevenzione delle perdite:<\/b> Garantisce una chiusura positiva per mantenere i livelli di vuoto del sistema quando la pompa \u00e8 spenta.<\/p>\n<\/li>\n<li>\n<p data-path-to-node=\"37,3,0\"><b>Integrazione di sistema:<\/b> Si integra facilmente con vacuometri e controller per pompe.<\/p>\n<\/li>\n<\/ul>\n<h2 data-path-to-node=\"38\">Campi di applicazione e ubicazioni<\/h2>\n<ul data-path-to-node=\"39\">\n<li>\n<p data-path-to-node=\"39,0,0\"><b>Rivestimento sottovuoto:<\/b> Linee di sgrossatura PVD\/CVD.<\/p>\n<\/li>\n<li>\n<p data-path-to-node=\"39,1,0\"><b>Termoformatura:<\/b> Applicazione automatizzata del vuoto per lo stampaggio della plastica.<\/p>\n<\/li>\n<li>\n<p data-path-to-node=\"39,2,0\"><b>Trasformazione alimentare:<\/b> Raffreddamento sottovuoto automatizzato o liofilizzazione.<\/p>\n<\/li>\n<\/ul>","protected":false},"excerpt":{"rendered":"<p data-path-to-node=\"30\"><b>Isolamento automatico per sistemi a vuoto.<\/b><\/p>\n<p data-path-to-node=\"31\">Il <b>Valvola pneumatica per vuoto<\/b> consente il sequenziamento remoto delle linee del vuoto. Abbinando il nostro corpo valvola del vuoto ad alta integrit\u00e0 con un attuatore pneumatico, questa unit\u00e0 \u00e8 essenziale per i cicli di vuoto automatizzati, come le sequenze di pompaggio o lo sfiato della camera, tutti controllati tramite un PLC centrale.<\/p>","protected":false},"featured_media":3801,"template":"","meta":{"site-sidebar-layout":"default","site-content-layout":"","ast-site-content-layout":"default","site-content-style":"default","site-sidebar-style":"default","ast-global-header-display":"","ast-banner-title-visibility":"","ast-main-header-display":"","ast-hfb-above-header-display":"","ast-hfb-below-header-display":"","ast-hfb-mobile-header-display":"","site-post-title":"","ast-breadcrumbs-content":"","ast-featured-img":"","footer-sml-layout":"","ast-disable-related-posts":"","theme-transparent-header-meta":"default","adv-header-id-meta":"","stick-header-meta":"","header-above-stick-meta":"","header-main-stick-meta":"","header-below-stick-meta":"","astra-migrate-meta-layouts":"set","ast-page-background-enabled":"default","ast-page-background-meta":{"desktop":{"background-color":"var(--ast-global-color-4)","background-image":"","background-repeat":"repeat","background-position":"center center","background-size":"auto","background-attachment":"scroll","background-type":"","background-media":"","overlay-type":"","overlay-color":"","overlay-opacity":"","overlay-gradient":""},"tablet":{"background-color":"","background-image":"","background-repeat":"repeat","background-position":"center center","background-size":"auto","background-attachment":"scroll","background-type":"","background-media":"","overlay-type":"","overlay-color":"","overlay-opacity":"","overlay-gradient":""},"mobile":{"background-color":"","background-image":"","background-repeat":"repeat","background-position":"center center","background-size":"auto","background-attachment":"scroll","background-type":"","background-media":"","overlay-type":"","overlay-color":"","overlay-opacity":"","overlay-gradient":""}},"ast-content-background-meta":{"desktop":{"background-color":"var(--ast-global-color-5)","background-image":"","background-repeat":"repeat","background-position":"center center","background-size":"auto","background-attachment":"scroll","background-type":"","background-media":"","overlay-type":"","overlay-color":"","overlay-opacity":"","overlay-gradient":""},"tablet":{"background-color":"var(--ast-global-color-5)","background-image":"","background-repeat":"repeat","background-position":"center center","background-size":"auto","background-attachment":"scroll","background-type":"","background-media":"","overlay-type":"","overlay-color":"","overlay-opacity":"","overlay-gradient":""},"mobile":{"background-color":"var(--ast-global-color-5)","background-image":"","background-repeat":"repeat","background-position":"center center","background-size":"auto","background-attachment":"scroll","background-type":"","background-media":"","overlay-type":"","overlay-color":"","overlay-opacity":"","overlay-gradient":""}}},"product_brand":[],"product_cat":[68],"product_tag":[],"class_list":{"0":"post-3850","1":"product","2":"type-product","3":"status-publish","4":"has-post-thumbnail","6":"product_cat-vacuum-valve","7":"desktop-align-left","8":"tablet-align-left","9":"mobile-align-left","11":"first","12":"instock","13":"taxable","14":"shipping-taxable","15":"purchasable","16":"product-type-simple"},"_links":{"self":[{"href":"https:\/\/ballvalves.tw\/it\/wp-json\/wp\/v2\/product\/3850","targetHints":{"allow":["GET"]}}],"collection":[{"href":"https:\/\/ballvalves.tw\/it\/wp-json\/wp\/v2\/product"}],"about":[{"href":"https:\/\/ballvalves.tw\/it\/wp-json\/wp\/v2\/types\/product"}],"wp:featuredmedia":[{"embeddable":true,"href":"https:\/\/ballvalves.tw\/it\/wp-json\/wp\/v2\/media\/3801"}],"wp:attachment":[{"href":"https:\/\/ballvalves.tw\/it\/wp-json\/wp\/v2\/media?parent=3850"}],"wp:term":[{"taxonomy":"product_brand","embeddable":true,"href":"https:\/\/ballvalves.tw\/it\/wp-json\/wp\/v2\/product_brand?post=3850"},{"taxonomy":"product_cat","embeddable":true,"href":"https:\/\/ballvalves.tw\/it\/wp-json\/wp\/v2\/product_cat?post=3850"},{"taxonomy":"product_tag","embeddable":true,"href":"https:\/\/ballvalves.tw\/it\/wp-json\/wp\/v2\/product_tag?post=3850"}],"curies":[{"name":"wp","href":"https:\/\/api.w.org\/{rel}","templated":true}]}}