{"id":990,"date":"2024-12-30T10:49:42","date_gmt":"2024-12-30T02:49:42","guid":{"rendered":"https:\/\/ballvalves.tw\/about-us\/"},"modified":"2026-02-02T12:52:14","modified_gmt":"2026-02-02T04:52:14","slug":"about-us","status":"publish","type":"page","link":"https:\/\/ballvalves.tw\/it\/about-us\/","title":{"rendered":"Chi siamo"},"content":{"rendered":"<div data-elementor-type=\"wp-page\" data-elementor-id=\"990\" class=\"elementor elementor-990\" data-elementor-post-type=\"page\">\n\t\t\t\t<div data-particle_enable=\"false\" data-particle-mobile-disabled=\"false\" class=\"elementor-element elementor-element-57fe2ac e-flex e-con-boxed e-con e-parent\" data-id=\"57fe2ac\" data-element_type=\"container\" data-e-type=\"container\" data-settings=\"{&quot;background_background&quot;:&quot;classic&quot;}\">\n\t\t\t\t\t<div class=\"e-con-inner\">\n\t\t\t\t<div class=\"elementor-element elementor-element-e8b5bba elementor-widget elementor-widget-heading\" data-id=\"e8b5bba\" data-element_type=\"widget\" data-e-type=\"widget\" data-widget_type=\"heading.default\">\n\t\t\t\t<div class=\"elementor-widget-container\">\n\t\t\t\t\t<h1 class=\"elementor-heading-title elementor-size-default\">Informazioni su di noi<\/h1>\t\t\t\t<\/div>\n\t\t\t\t<\/div>\n\t\t\t\t\t<\/div>\n\t\t\t\t<\/div>\n\t\t<div data-particle_enable=\"false\" data-particle-mobile-disabled=\"false\" class=\"elementor-element elementor-element-cff27c2 e-flex e-con-boxed e-con e-parent\" data-id=\"cff27c2\" data-element_type=\"container\" data-e-type=\"container\">\n\t\t\t\t\t<div class=\"e-con-inner\">\n\t\t\t\t<div class=\"elementor-element elementor-element-3e62024 elementor-widget elementor-widget-eael-breadcrumbs\" data-id=\"3e62024\" data-element_type=\"widget\" data-e-type=\"widget\" data-widget_type=\"eael-breadcrumbs.default\">\n\t\t\t\t<div class=\"elementor-widget-container\">\n\t\t\t\t\t\t\t<div class=\"eael-breadcrumbs\">\n\t\t\t<div class=\"eael-breadcrumbs__content\"><a href=\"https:\/\/ballvalves.tw\/it\">Casa<\/a> <span class=\"eael-breadcrumb-separator\">\/<\/span> <span class = \"eael-current\">Pagina<\/span><\/div>\t\t<\/div>\n\t\t\t\t\t\t<\/div>\n\t\t\t\t<\/div>\n\t\t\t\t\t<\/div>\n\t\t\t\t<\/div>\n\t\t<div data-particle_enable=\"false\" data-particle-mobile-disabled=\"false\" class=\"elementor-element elementor-element-fa749a2 e-flex e-con-boxed e-con e-parent\" data-id=\"fa749a2\" data-element_type=\"container\" data-e-type=\"container\">\n\t\t\t\t\t<div class=\"e-con-inner\">\n\t\t<div data-particle_enable=\"false\" data-particle-mobile-disabled=\"false\" class=\"elementor-element elementor-element-acf44bd e-con-full e-flex e-con e-child\" data-id=\"acf44bd\" data-element_type=\"container\" data-e-type=\"container\">\n\t\t\t\t<div class=\"elementor-element elementor-element-62a5c53 elementor-widget elementor-widget-heading\" data-id=\"62a5c53\" data-element_type=\"widget\" data-e-type=\"widget\" data-widget_type=\"heading.default\">\n\t\t\t\t<div class=\"elementor-widget-container\">\n\t\t\t\t\t<h2 class=\"elementor-heading-title elementor-size-default\">Informazioni su Yzng Trong International Co., LTD.<\/h2>\t\t\t\t<\/div>\n\t\t\t\t<\/div>\n\t\t\t\t<div class=\"elementor-element elementor-element-cf3bde2 elementor-widget elementor-widget-text-editor\" data-id=\"cf3bde2\" data-element_type=\"widget\" data-e-type=\"widget\" data-widget_type=\"text-editor.default\">\n\t\t\t\t<div class=\"elementor-widget-container\">\n\t\t\t\t\t\t\t\t\t<p class=\"\" data-start=\"759\" data-end=\"899\">Fondata nel 1999, Yzng Trong International Co., LTD. \u00e8 un produttore professionale di valvole e hardware con sede a Taiwan. Siamo specializzati in:<\/p><ul><li data-start=\"903\" data-end=\"944\">Valvole industriali e raccordi sanitari<\/li><li>Sviluppo di prodotti personalizzati (OEM\/ODM)<\/li><\/ul><p class=\"\" data-start=\"1064\" data-end=\"1271\">Con oltre 35 anni di esperienza nel settore delle valvole e della ferramenta, ci siamo dedicati ad aiutare i nostri clienti a soddisfare le richieste del mercato attraverso una produzione flessibile, un design innovativo e un'assistenza di livello mondiale.<\/p><blockquote data-start=\"1273\" data-end=\"1359\"><p class=\"\" data-start=\"1275\" data-end=\"1359\">Non ci limitiamo a fornire prodotti, ma forniamo soluzioni in grado di favorire il vostro vantaggio competitivo.<\/p><\/blockquote>\t\t\t\t\t\t\t\t<\/div>\n\t\t\t\t<\/div>\n\t\t\t\t<\/div>\n\t\t<div data-particle_enable=\"false\" data-particle-mobile-disabled=\"false\" class=\"elementor-element elementor-element-ac6a51f e-con-full e-flex e-con e-child\" data-id=\"ac6a51f\" data-element_type=\"container\" data-e-type=\"container\" data-settings=\"{&quot;background_background&quot;:&quot;classic&quot;}\">\n\t\t\t\t<\/div>\n\t\t\t\t\t<\/div>\n\t\t\t\t<\/div>\n\t\t<div data-particle_enable=\"false\" data-particle-mobile-disabled=\"false\" class=\"elementor-element elementor-element-78ef676 e-flex e-con-boxed e-con e-parent\" data-id=\"78ef676\" data-element_type=\"container\" data-e-type=\"container\">\n\t\t\t\t\t<div class=\"e-con-inner\">\n\t\t<div data-particle_enable=\"false\" data-particle-mobile-disabled=\"false\" class=\"elementor-element elementor-element-67fb848 e-con-full e-flex e-con e-child\" data-id=\"67fb848\" data-element_type=\"container\" data-e-type=\"container\">\n\t\t\t\t<div class=\"elementor-element elementor-element-a94506b elementor-widget elementor-widget-image\" data-id=\"a94506b\" data-element_type=\"widget\" data-e-type=\"widget\" data-widget_type=\"image.default\">\n\t\t\t\t<div class=\"elementor-widget-container\">\n\t\t\t\t\t\t\t\t\t\t\t\t\t\t\t<img fetchpriority=\"high\" decoding=\"async\" width=\"600\" height=\"300\" src=\"https:\/\/ballvalves.tw\/wp-content\/uploads\/2025\/05\/Jimmao-007.webp\" class=\"attachment-large size-large wp-image-2276\" alt=\"\" srcset=\"https:\/\/ballvalves.tw\/wp-content\/uploads\/2025\/05\/Jimmao-007.webp 600w, https:\/\/ballvalves.tw\/wp-content\/uploads\/2025\/05\/Jimmao-007-300x150.webp 300w\" sizes=\"(max-width: 600px) 100vw, 600px\" \/>\t\t\t\t\t\t\t\t\t\t\t\t\t\t\t<\/div>\n\t\t\t\t<\/div>\n\t\t\t\t<\/div>\n\t\t<div data-particle_enable=\"false\" data-particle-mobile-disabled=\"false\" class=\"elementor-element elementor-element-4c32192 e-con-full e-flex e-con e-child\" data-id=\"4c32192\" data-element_type=\"container\" data-e-type=\"container\">\n\t\t\t\t<div class=\"elementor-element elementor-element-ac168a2 elementor-widget elementor-widget-heading\" data-id=\"ac168a2\" data-element_type=\"widget\" data-e-type=\"widget\" data-widget_type=\"heading.default\">\n\t\t\t\t<div class=\"elementor-widget-container\">\n\t\t\t\t\t<h3 class=\"elementor-heading-title elementor-size-default\">Missione, visione e valori<\/h3>\t\t\t\t<\/div>\n\t\t\t\t<\/div>\n\t\t\t\t<div class=\"elementor-element elementor-element-2207c6f elementor-widget elementor-widget-text-editor\" data-id=\"2207c6f\" data-element_type=\"widget\" data-e-type=\"widget\" data-widget_type=\"text-editor.default\">\n\t\t\t\t<div class=\"elementor-widget-container\">\n\t\t\t\t\t\t\t\t\t<ul><li><strong data-start=\"2579\" data-end=\"2591\">Missione:<\/strong> Migliorare l'esperienza di acquisto offrendo non solo prodotti di qualit\u00e0, ma anche soluzioni di design su misura.<\/li><li data-start=\"2701\" data-end=\"2798\"><strong data-start=\"2701\" data-end=\"2712\">Visione:<\/strong> Essere il fornitore globale di fiducia di soluzioni hardware e di controllo del flusso integrate.<\/li><li data-start=\"2801\" data-end=\"2868\"><strong data-start=\"2801\" data-end=\"2817\">Valori fondamentali:<\/strong> Integrit\u00e0, innovazione, flessibilit\u00e0, successo reciproco<\/li><\/ul>\t\t\t\t\t\t\t\t<\/div>\n\t\t\t\t<\/div>\n\t\t\t\t<\/div>\n\t\t\t\t\t<\/div>\n\t\t\t\t<\/div>\n\t\t<div data-particle_enable=\"false\" data-particle-mobile-disabled=\"false\" class=\"elementor-element elementor-element-13ae043 e-flex e-con-boxed e-con e-parent\" data-id=\"13ae043\" data-element_type=\"container\" data-e-type=\"container\">\n\t\t\t\t\t<div class=\"e-con-inner\">\n\t\t\t\t<div class=\"elementor-element elementor-element-c99eac7 elementor-widget elementor-widget-heading\" data-id=\"c99eac7\" data-element_type=\"widget\" data-e-type=\"widget\" data-widget_type=\"heading.default\">\n\t\t\t\t<div class=\"elementor-widget-container\">\n\t\t\t\t\t<h2 class=\"elementor-heading-title elementor-size-default\">Impegno per la sostenibilit\u00e0<\/h2>\t\t\t\t<\/div>\n\t\t\t\t<\/div>\n\t\t<div data-particle_enable=\"false\" data-particle-mobile-disabled=\"false\" class=\"elementor-element elementor-element-4830dd2 e-grid e-con-full e-con e-child\" data-id=\"4830dd2\" data-element_type=\"container\" data-e-type=\"container\">\n\t\t<div data-particle_enable=\"false\" data-particle-mobile-disabled=\"false\" class=\"elementor-element elementor-element-8e83a61 e-con-full e-flex e-con e-child\" data-id=\"8e83a61\" data-element_type=\"container\" data-e-type=\"container\">\n\t\t\t\t<div class=\"elementor-element elementor-element-699d335 elementor-widget elementor-widget-image\" data-id=\"699d335\" data-element_type=\"widget\" data-e-type=\"widget\" data-widget_type=\"image.default\">\n\t\t\t\t<div class=\"elementor-widget-container\">\n\t\t\t\t\t\t\t\t\t\t\t\t\t\t\t<img decoding=\"async\" width=\"600\" height=\"400\" src=\"https:\/\/ballvalves.tw\/wp-content\/uploads\/2025\/05\/Jimmao-010.webp\" class=\"attachment-large size-large wp-image-2281\" alt=\"\" srcset=\"https:\/\/ballvalves.tw\/wp-content\/uploads\/2025\/05\/Jimmao-010.webp 600w, https:\/\/ballvalves.tw\/wp-content\/uploads\/2025\/05\/Jimmao-010-300x200.webp 300w\" sizes=\"(max-width: 600px) 100vw, 600px\" \/>\t\t\t\t\t\t\t\t\t\t\t\t\t\t\t<\/div>\n\t\t\t\t<\/div>\n\t\t\t\t<div class=\"elementor-element elementor-element-5385896 elementor-widget elementor-widget-heading\" data-id=\"5385896\" data-element_type=\"widget\" data-e-type=\"widget\" data-widget_type=\"heading.default\">\n\t\t\t\t<div class=\"elementor-widget-container\">\n\t\t\t\t\t<h3 class=\"elementor-heading-title elementor-size-default\">Responsabilit\u00e0 ambientale<\/h3>\t\t\t\t<\/div>\n\t\t\t\t<\/div>\n\t\t\t\t<div class=\"elementor-element elementor-element-916f595 elementor-widget elementor-widget-text-editor\" data-id=\"916f595\" data-element_type=\"widget\" data-e-type=\"widget\" data-widget_type=\"text-editor.default\">\n\t\t\t\t<div class=\"elementor-widget-container\">\n\t\t\t\t\t\t\t\t\t<p>La tutela dell'ambiente \u00e8 al centro delle nostre attivit\u00e0, dall'efficienza produttiva alla scelta delle attrezzature. Investiamo continuamente in pratiche e tecnologie pi\u00f9 ecologiche.<\/p>\t\t\t\t\t\t\t\t<\/div>\n\t\t\t\t<\/div>\n\t\t\t\t<\/div>\n\t\t<div data-particle_enable=\"false\" data-particle-mobile-disabled=\"false\" class=\"elementor-element elementor-element-d928103 e-con-full e-flex e-con e-child\" data-id=\"d928103\" data-element_type=\"container\" data-e-type=\"container\">\n\t\t\t\t<div class=\"elementor-element elementor-element-f3806d7 elementor-widget elementor-widget-image\" data-id=\"f3806d7\" data-element_type=\"widget\" data-e-type=\"widget\" data-widget_type=\"image.default\">\n\t\t\t\t<div class=\"elementor-widget-container\">\n\t\t\t\t\t\t\t\t\t\t\t\t\t\t\t<img decoding=\"async\" width=\"600\" height=\"400\" src=\"https:\/\/ballvalves.tw\/wp-content\/uploads\/2025\/05\/Jimmao-013.webp\" class=\"attachment-large size-large wp-image-2352\" alt=\"\" srcset=\"https:\/\/ballvalves.tw\/wp-content\/uploads\/2025\/05\/Jimmao-013.webp 600w, https:\/\/ballvalves.tw\/wp-content\/uploads\/2025\/05\/Jimmao-013-300x200.webp 300w\" sizes=\"(max-width: 600px) 100vw, 600px\" \/>\t\t\t\t\t\t\t\t\t\t\t\t\t\t\t<\/div>\n\t\t\t\t<\/div>\n\t\t\t\t<div class=\"elementor-element elementor-element-5f750ee elementor-widget elementor-widget-heading\" data-id=\"5f750ee\" data-element_type=\"widget\" data-e-type=\"widget\" data-widget_type=\"heading.default\">\n\t\t\t\t<div class=\"elementor-widget-container\">\n\t\t\t\t\t<h3 class=\"elementor-heading-title elementor-size-default\">Impatto sociale<\/h3>\t\t\t\t<\/div>\n\t\t\t\t<\/div>\n\t\t\t\t<div class=\"elementor-element elementor-element-f4a70eb elementor-widget elementor-widget-text-editor\" data-id=\"f4a70eb\" data-element_type=\"widget\" data-e-type=\"widget\" data-widget_type=\"text-editor.default\">\n\t\t\t\t<div class=\"elementor-widget-container\">\n\t\t\t\t\t\t\t\t\t<p>Destiniamo una percentuale fissa del fatturato annuale al sostegno di organizzazioni non profit a Taiwan e all'estero, restituendo alle comunit\u00e0 che serviamo.<\/p>\t\t\t\t\t\t\t\t<\/div>\n\t\t\t\t<\/div>\n\t\t\t\t<\/div>\n\t\t<div data-particle_enable=\"false\" data-particle-mobile-disabled=\"false\" class=\"elementor-element elementor-element-a5b84a1 e-con-full e-flex e-con e-child\" data-id=\"a5b84a1\" data-element_type=\"container\" data-e-type=\"container\">\n\t\t\t\t<div class=\"elementor-element elementor-element-c982833 elementor-widget elementor-widget-image\" data-id=\"c982833\" data-element_type=\"widget\" data-e-type=\"widget\" data-widget_type=\"image.default\">\n\t\t\t\t<div class=\"elementor-widget-container\">\n\t\t\t\t\t\t\t\t\t\t\t\t\t\t\t<img loading=\"lazy\" decoding=\"async\" width=\"600\" height=\"400\" src=\"https:\/\/ballvalves.tw\/wp-content\/uploads\/2025\/05\/Jimmao-008.webp\" class=\"attachment-large size-large wp-image-2283\" alt=\"\" srcset=\"https:\/\/ballvalves.tw\/wp-content\/uploads\/2025\/05\/Jimmao-008.webp 600w, https:\/\/ballvalves.tw\/wp-content\/uploads\/2025\/05\/Jimmao-008-300x200.webp 300w\" sizes=\"(max-width: 600px) 100vw, 600px\" \/>\t\t\t\t\t\t\t\t\t\t\t\t\t\t\t<\/div>\n\t\t\t\t<\/div>\n\t\t\t\t<div class=\"elementor-element elementor-element-d4641f7 elementor-widget elementor-widget-heading\" data-id=\"d4641f7\" data-element_type=\"widget\" data-e-type=\"widget\" data-widget_type=\"heading.default\">\n\t\t\t\t<div class=\"elementor-widget-container\">\n\t\t\t\t\t<h3 class=\"elementor-heading-title elementor-size-default\">Benessere dei dipendenti<\/h3>\t\t\t\t<\/div>\n\t\t\t\t<\/div>\n\t\t\t\t<div class=\"elementor-element elementor-element-f7227fd elementor-widget elementor-widget-text-editor\" data-id=\"f7227fd\" data-element_type=\"widget\" data-e-type=\"widget\" data-widget_type=\"text-editor.default\">\n\t\t\t\t<div class=\"elementor-widget-container\">\n\t\t\t\t\t\t\t\t\t<p>Forniamo finanziamenti annuali per la formazione e manteniamo un sistema di lavoro basato sulla responsabilit\u00e0 per promuovere l'equilibrio tra lavoro e vita privata e la crescita professionale.<\/p>\t\t\t\t\t\t\t\t<\/div>\n\t\t\t\t<\/div>\n\t\t\t\t<\/div>\n\t\t\t\t<\/div>\n\t\t\t\t\t<\/div>\n\t\t\t\t<\/div>\n\t\t<div data-particle_enable=\"false\" data-particle-mobile-disabled=\"false\" class=\"elementor-element elementor-element-262446b elementor-hidden-mobile e-flex e-con-boxed e-con e-parent\" data-id=\"262446b\" data-element_type=\"container\" data-e-type=\"container\">\n\t\t\t\t\t<div class=\"e-con-inner\">\n\t\t\t\t<div class=\"elementor-element elementor-element-1119503 elementor-widget-divider--view-line elementor-widget elementor-widget-divider\" data-id=\"1119503\" data-element_type=\"widget\" data-e-type=\"widget\" data-widget_type=\"divider.default\">\n\t\t\t\t<div class=\"elementor-widget-container\">\n\t\t\t\t\t\t\t<div class=\"elementor-divider\">\n\t\t\t<span class=\"elementor-divider-separator\">\n\t\t\t\t\t\t<\/span>\n\t\t<\/div>\n\t\t\t\t\t\t<\/div>\n\t\t\t\t<\/div>\n\t\t\t\t\t<\/div>\n\t\t\t\t<\/div>\n\t\t<div data-particle_enable=\"false\" data-particle-mobile-disabled=\"false\" class=\"elementor-element elementor-element-8b3e5af e-flex e-con-boxed e-con e-parent\" data-id=\"8b3e5af\" data-element_type=\"container\" data-e-type=\"container\">\n\t\t\t\t\t<div class=\"e-con-inner\">\n\t\t<div data-particle_enable=\"false\" data-particle-mobile-disabled=\"false\" class=\"elementor-element elementor-element-aa49581 e-con-full e-flex e-con e-child\" data-id=\"aa49581\" data-element_type=\"container\" data-e-type=\"container\" data-settings=\"{&quot;background_background&quot;:&quot;classic&quot;}\">\n\t\t\t\t<div class=\"elementor-element elementor-element-3b761d2 elementor-widget elementor-widget-image\" data-id=\"3b761d2\" data-element_type=\"widget\" data-e-type=\"widget\" data-widget_type=\"image.default\">\n\t\t\t\t<div class=\"elementor-widget-container\">\n\t\t\t\t\t\t\t\t\t\t\t\t\t\t\t<img loading=\"lazy\" decoding=\"async\" width=\"600\" height=\"467\" src=\"https:\/\/ballvalves.tw\/wp-content\/uploads\/2025\/06\/freepik__an-asian-male-business-man-visits-a-south-american__98004.webp\" class=\"attachment-large size-large wp-image-3454\" alt=\"\" srcset=\"https:\/\/ballvalves.tw\/wp-content\/uploads\/2025\/06\/freepik__an-asian-male-business-man-visits-a-south-american__98004.webp 600w, https:\/\/ballvalves.tw\/wp-content\/uploads\/2025\/06\/freepik__an-asian-male-business-man-visits-a-south-american__98004-300x234.webp 300w\" sizes=\"(max-width: 600px) 100vw, 600px\" \/>\t\t\t\t\t\t\t\t\t\t\t\t\t\t\t<\/div>\n\t\t\t\t<\/div>\n\t\t\t\t<\/div>\n\t\t<div data-particle_enable=\"false\" data-particle-mobile-disabled=\"false\" class=\"elementor-element elementor-element-9e22f95 e-con-full e-flex e-con e-child\" data-id=\"9e22f95\" data-element_type=\"container\" data-e-type=\"container\">\n\t\t\t\t<div class=\"elementor-element elementor-element-a565656 elementor-widget elementor-widget-heading\" data-id=\"a565656\" data-element_type=\"widget\" data-e-type=\"widget\" data-widget_type=\"heading.default\">\n\t\t\t\t<div class=\"elementor-widget-container\">\n\t\t\t\t\t<h2 class=\"elementor-heading-title elementor-size-default\">Opportunit\u00e0 di partnership globale<\/h2>\t\t\t\t<\/div>\n\t\t\t\t<\/div>\n\t\t\t\t<div class=\"elementor-element elementor-element-02144c7 elementor-widget elementor-widget-text-editor\" data-id=\"02144c7\" data-element_type=\"widget\" data-e-type=\"widget\" data-widget_type=\"text-editor.default\">\n\t\t\t\t<div class=\"elementor-widget-container\">\n\t\t\t\t\t\t\t\t\t<p class=\"\" data-start=\"4235\" data-end=\"4265\">Serviamo con orgoglio clienti da:<\/p><ul><li data-start=\"4269\" data-end=\"4284\">Nord America<\/li><li data-start=\"4287\" data-end=\"4295\">Europa<\/li><li data-start=\"4298\" data-end=\"4314\">Sud-est asiatico<\/li><li data-start=\"4317\" data-end=\"4339\">Medio Oriente e oltre<\/li><\/ul><p class=\"\" data-start=\"4341\" data-end=\"4378\">Yzng Trong \u00e8 il vostro partner B2B ideale per:<\/p><ol><li data-start=\"4380\" data-end=\"4567\">Produzione flessibile a basso volume\/ad alto dosaggio<\/li><li data-start=\"4380\" data-end=\"4567\">Tempi di consegna rapidi e logistica globale<\/li><li data-start=\"4380\" data-end=\"4567\">Ingegneria personalizzata per soluzioni di valvole e hardware<\/li><li data-start=\"4380\" data-end=\"4567\">Piena riservatezza per i progetti OEM\/ODM<\/li><\/ol><blockquote data-start=\"4569\" data-end=\"4745\"><p class=\"\" data-start=\"4571\" data-end=\"4745\"><strong data-start=\"4574\" data-end=\"4636\">Siete pronti a scalare la vostra linea di prodotti con un fornitore affidabile?<\/strong><br data-start=\"4636\" data-end=\"4639\" \/><a class=\"\" href=\"\/it\/contact\/\" target=\"_new\" rel=\"noopener\" data-start=\"4639\" data-end=\"4682\"><strong data-start=\"4640\" data-end=\"4654\">Contatto<\/strong><\/a> e scoprite come Yzng Trong pu\u00f2 far progredire la vostra attivit\u00e0.<\/p><\/blockquote>\t\t\t\t\t\t\t\t<\/div>\n\t\t\t\t<\/div>\n\t\t\t\t<\/div>\n\t\t\t\t\t<\/div>\n\t\t\t\t<\/div>\n\t\t<div data-particle_enable=\"false\" data-particle-mobile-disabled=\"false\" class=\"elementor-element elementor-element-607e396 e-con-full e-flex e-con e-parent\" data-id=\"607e396\" data-element_type=\"container\" data-e-type=\"container\">\n\t\t\t\t<div class=\"elementor-element elementor-element-724c557 elementor-widget elementor-widget-shortcode\" data-id=\"724c557\" data-element_type=\"widget\" data-e-type=\"widget\" data-widget_type=\"shortcode.default\">\n\t\t\t\t<div class=\"elementor-widget-container\">\n\t\t\t\t\t\t\t<div class=\"elementor-shortcode\">\t\t<div data-elementor-type=\"container\" data-elementor-id=\"2787\" class=\"elementor elementor-2787\" data-elementor-post-type=\"elementor_library\">\n\t\t\t\t<div data-particle_enable=\"false\" data-particle-mobile-disabled=\"false\" class=\"elementor-element elementor-element-7e87f544 e-flex e-con-boxed e-con e-parent\" data-id=\"7e87f544\" data-element_type=\"container\" data-e-type=\"container\" data-settings=\"{&quot;background_background&quot;:&quot;classic&quot;}\">\n\t\t\t\t\t<div class=\"e-con-inner\">\n\t\t<div data-particle_enable=\"false\" data-particle-mobile-disabled=\"false\" class=\"elementor-element elementor-element-75e22753 e-con-full e-flex e-con e-child\" data-id=\"75e22753\" data-element_type=\"container\" data-e-type=\"container\">\n\t\t\t\t<div class=\"elementor-element elementor-element-621cc102 elementor-widget elementor-widget-image-box\" data-id=\"621cc102\" data-element_type=\"widget\" data-e-type=\"widget\" data-widget_type=\"image-box.default\">\n\t\t\t\t<div class=\"elementor-widget-container\">\n\t\t\t\t\t<div class=\"elementor-image-box-wrapper\"><div class=\"elementor-image-box-content\"><h2 class=\"elementor-image-box-title\">Volete saperne di pi\u00f9?<\/h2><p class=\"elementor-image-box-description\">Se siete interessati a uno dei nostri prodotti o servizi, compilate il modulo sottostante.\nIl nostro team si metter\u00e0 in contatto con voi il prima possibile per fornirvi le informazioni di cui avete bisogno.<\/p><\/div><\/div>\t\t\t\t<\/div>\n\t\t\t\t<\/div>\n\t\t\t\t<div class=\"elementor-element elementor-element-232ef4d0 elementor-mobile-align-center elementor-align-center elementor-widget elementor-widget-button\" data-id=\"232ef4d0\" data-element_type=\"widget\" data-e-type=\"widget\" data-widget_type=\"button.default\">\n\t\t\t\t<div class=\"elementor-widget-container\">\n\t\t\t\t\t\t\t\t\t<div class=\"elementor-button-wrapper\">\n\t\t\t\t\t<a class=\"elementor-button elementor-button-link elementor-size-sm\" href=\"https:\/\/ballvalves.tw\/it\/contact\/\">\n\t\t\t\t\t\t<span class=\"elementor-button-content-wrapper\">\n\t\t\t\t\t\t\t\t\t<span class=\"elementor-button-text\">Richiesta di preventivo<\/span>\n\t\t\t\t\t<\/span>\n\t\t\t\t\t<\/a>\n\t\t\t\t<\/div>\n\t\t\t\t\t\t\t\t<\/div>\n\t\t\t\t<\/div>\n\t\t\t\t<\/div>\n\t\t\t\t\t<\/div>\n\t\t\t\t<\/div>\n\t\t\t\t<\/div>\n\t\t<\/div>\n\t\t\t\t\t\t<\/div>\n\t\t\t\t<\/div>\n\t\t\t\t<\/div>\n\t\t\t\t<\/div>","protected":false},"excerpt":{"rendered":"<p>About US Home \/ Page About Yzng Trong International Co., LTD. Founded in 1999, Yzng Trong International Co., LTD. is a professional valve and hardware manufacturer based in Taiwan. We specialize in: Industrial valves and sanitary fittings Custom product development (OEM\/ODM) With over 35 years of experience in the valve and hardware industry, we have [&hellip;]<\/p>\n","protected":false},"author":1,"featured_media":0,"parent":0,"menu_order":0,"comment_status":"closed","ping_status":"closed","template":"","meta":{"site-sidebar-layout":"no-sidebar","site-content-layout":"page-builder","ast-site-content-layout":"full-width-container","site-content-style":"default","site-sidebar-style":"default","ast-global-header-display":"","ast-banner-title-visibility":"disabled","ast-main-header-display":"","ast-hfb-above-header-display":"","ast-hfb-below-header-display":"","ast-hfb-mobile-header-display":"","site-post-title":"disabled","ast-breadcrumbs-content":"","ast-featured-img":"disabled","footer-sml-layout":"","ast-disable-related-posts":"","theme-transparent-header-meta":"","adv-header-id-meta":"","stick-header-meta":"","header-above-stick-meta":"","header-main-stick-meta":"","header-below-stick-meta":"","astra-migrate-meta-layouts":"set","ast-page-background-enabled":"default","ast-page-background-meta":{"desktop":{"background-color":"var(--ast-global-color-4)","background-image":"","background-repeat":"repeat","background-position":"center center","background-size":"auto","background-attachment":"scroll","background-type":"","background-media":"","overlay-type":"","overlay-color":"","overlay-opacity":"","overlay-gradient":""},"tablet":{"background-color":"","background-image":"","background-repeat":"repeat","background-position":"center center","background-size":"auto","background-attachment":"scroll","background-type":"","background-media":"","overlay-type":"","overlay-color":"","overlay-opacity":"","overlay-gradient":""},"mobile":{"background-color":"","background-image":"","background-repeat":"repeat","background-position":"center center","background-size":"auto","background-attachment":"scroll","background-type":"","background-media":"","overlay-type":"","overlay-color":"","overlay-opacity":"","overlay-gradient":""}},"ast-content-background-meta":{"desktop":{"background-color":"var(--ast-global-color-5)","background-image":"","background-repeat":"repeat","background-position":"center center","background-size":"auto","background-attachment":"scroll","background-type":"","background-media":"","overlay-type":"","overlay-color":"","overlay-opacity":"","overlay-gradient":""},"tablet":{"background-color":"var(--ast-global-color-5)","background-image":"","background-repeat":"repeat","background-position":"center center","background-size":"auto","background-attachment":"scroll","background-type":"","background-media":"","overlay-type":"","overlay-color":"","overlay-opacity":"","overlay-gradient":""},"mobile":{"background-color":"var(--ast-global-color-5)","background-image":"","background-repeat":"repeat","background-position":"center center","background-size":"auto","background-attachment":"scroll","background-type":"","background-media":"","overlay-type":"","overlay-color":"","overlay-opacity":"","overlay-gradient":""}},"footnotes":""},"class_list":["post-990","page","type-page","status-publish","hentry"],"_links":{"self":[{"href":"https:\/\/ballvalves.tw\/it\/wp-json\/wp\/v2\/pages\/990","targetHints":{"allow":["GET"]}}],"collection":[{"href":"https:\/\/ballvalves.tw\/it\/wp-json\/wp\/v2\/pages"}],"about":[{"href":"https:\/\/ballvalves.tw\/it\/wp-json\/wp\/v2\/types\/page"}],"author":[{"embeddable":true,"href":"https:\/\/ballvalves.tw\/it\/wp-json\/wp\/v2\/users\/1"}],"replies":[{"embeddable":true,"href":"https:\/\/ballvalves.tw\/it\/wp-json\/wp\/v2\/comments?post=990"}],"version-history":[{"count":172,"href":"https:\/\/ballvalves.tw\/it\/wp-json\/wp\/v2\/pages\/990\/revisions"}],"predecessor-version":[{"id":3914,"href":"https:\/\/ballvalves.tw\/it\/wp-json\/wp\/v2\/pages\/990\/revisions\/3914"}],"wp:attachment":[{"href":"https:\/\/ballvalves.tw\/it\/wp-json\/wp\/v2\/media?parent=990"}],"curies":[{"name":"wp","href":"https:\/\/api.w.org\/{rel}","templated":true}]}}