{"id":3859,"date":"2025-10-17T09:30:16","date_gmt":"2025-10-17T01:30:16","guid":{"rendered":"https:\/\/ballvalves.tw\/?post_type=product&#038;p=3859"},"modified":"2025-12-11T13:28:54","modified_gmt":"2025-12-11T05:28:54","slug":"graduated-handle","status":"publish","type":"product","link":"https:\/\/ballvalves.tw\/fr\/produit\/graduated-handle\/","title":{"rendered":"Poign\u00e9e gradu\u00e9e"},"content":{"rendered":"<h2 data-path-to-node=\"19\">Description du produit<\/h2>\n<p data-path-to-node=\"20\">Les vannes \u00e0 bille standard sont con\u00e7ues pour un d\u00e9bit \u201c tout ou rien \u201d. Cependant, avec ce <b>Acier inoxydable 304<\/b> accessoire, vous pouvez r\u00e9gler manuellement le d\u00e9bit. La poign\u00e9e est \u00e9quip\u00e9e d'une goupille de verrouillage \u00e0 ressort qui s'enclenche dans les trous ou les encoches de la plaque gradu\u00e9e. Cela garantit qu'une fois le d\u00e9bit r\u00e9gl\u00e9 sur \u201c 50% \u201d ou \u201c 30 degr\u00e9s \u201d, les vibrations provenant de la canalisation ne modifieront pas la position de la vanne.<\/p>\n<h2 data-path-to-node=\"21\">Caract\u00e9ristiques techniques principales<\/h2>\n<ul data-path-to-node=\"22\">\n<li>\n<p data-path-to-node=\"22,0,0\"><b>Mat\u00e9riau :<\/b> Acier inoxydable ASTM 304<\/p>\n<\/li>\n<li>\n<p data-path-to-node=\"22,1,0\"><b>\u00c9chelle :<\/b> 0 \u00e0 90 degr\u00e9s (souvent par incr\u00e9ments de 10 degr\u00e9s)<\/p>\n<\/li>\n<li>\n<p data-path-to-node=\"22,2,0\"><b>M\u00e9canisme :<\/b> Goupille de verrouillage \u00e0 ressort<\/p>\n<\/li>\n<li>\n<p data-path-to-node=\"22,3,0\"><b>Compatibilit\u00e9 :<\/b> Convient \u00e0 la plupart des vannes \u00e0 bille manuelles standard<\/p>\n<\/li>\n<\/ul>\n<h2 data-path-to-node=\"23\">Avantages et b\u00e9n\u00e9fices<\/h2>\n<ul data-path-to-node=\"24\">\n<li>\n<p data-path-to-node=\"24,0,0\"><b>R\u00e9gulation du d\u00e9bit :<\/b> Permet l'\u00e9quilibrage manuel des d\u00e9bits dans un syst\u00e8me.<\/p>\n<\/li>\n<li>\n<p data-path-to-node=\"24,1,0\"><b>R\u00e9p\u00e9tabilit\u00e9 :<\/b> Les op\u00e9rateurs peuvent facilement ramener la vanne \u00e0 un r\u00e9glage sp\u00e9cifique connu (par exemple, \u201c R\u00e9gler sur l'encoche 3 \u201d).<\/p>\n<\/li>\n<li>\n<p data-path-to-node=\"24,2,0\"><b>Stabilit\u00e9 :<\/b> Le m\u00e9canisme de verrouillage emp\u00eache la pression d'\u00e9coulement d'ouvrir ou de fermer la vanne.<\/p>\n<\/li>\n<li>\n<p data-path-to-node=\"24,3,0\"><b>Rentable :<\/b> Une alternative beaucoup moins co\u00fbteuse aux vannes de r\u00e9gulation automatis\u00e9es pour les besoins simples en mati\u00e8re d'\u00e9tranglement.<\/p>\n<\/li>\n<\/ul>\n<h2 data-path-to-node=\"25\">Domaines d'application et emplacements<\/h2>\n<ul data-path-to-node=\"26\">\n<li>\n<p data-path-to-node=\"26,0,0\"><b>\u00c9quilibrage CVC :<\/b> R\u00e9gulation du d\u00e9bit d'eau chaude\/froide vers les serpentins.<\/p>\n<\/li>\n<li>\n<p data-path-to-node=\"26,1,0\"><b>Lignes de m\u00e9lange :<\/b> R\u00e9glage manuel du rapport entre deux fluides m\u00e9lang\u00e9s.<\/p>\n<\/li>\n<li>\n<p data-path-to-node=\"26,2,0\"><b>Contr\u00f4le des processus :<\/b> R\u00e9glage d'un d\u00e9bit constant pour le remplissage ou le refroidissement.<\/p>\n<\/li>\n<\/ul>","protected":false},"excerpt":{"rendered":"<p data-path-to-node=\"17\"><b>Transformez votre vanne \u00e0 bille en vanne de r\u00e9gulation.<\/b><\/p>\n<p data-path-to-node=\"18\">Le <b>Poign\u00e9e gradu\u00e9e<\/b> (ou poign\u00e9e de contr\u00f4le du d\u00e9bit) est un accessoire sp\u00e9cialis\u00e9 qui transforme un robinet \u00e0 boisseau sph\u00e9rique standard en un dispositif de r\u00e9gulation du d\u00e9bit. Dot\u00e9 d'une plaque gradu\u00e9e avec des incr\u00e9ments marqu\u00e9s (0\u00b0 \u00e0 90\u00b0) et d'un m\u00e9canisme de verrouillage, il permet \u00e0 l'op\u00e9rateur de r\u00e9gler le robinet \u00e0 des angles d'ouverture sp\u00e9cifiques afin d'obtenir le d\u00e9bit souhait\u00e9.<\/p>","protected":false},"featured_media":0,"template":"","meta":{"site-sidebar-layout":"default","site-content-layout":"","ast-site-content-layout":"default","site-content-style":"default","site-sidebar-style":"default","ast-global-header-display":"","ast-banner-title-visibility":"","ast-main-header-display":"","ast-hfb-above-header-display":"","ast-hfb-below-header-display":"","ast-hfb-mobile-header-display":"","site-post-title":"","ast-breadcrumbs-content":"","ast-featured-img":"","footer-sml-layout":"","ast-disable-related-posts":"","theme-transparent-header-meta":"default","adv-header-id-meta":"","stick-header-meta":"","header-above-stick-meta":"","header-main-stick-meta":"","header-below-stick-meta":"","astra-migrate-meta-layouts":"set","ast-page-background-enabled":"default","ast-page-background-meta":{"desktop":{"background-color":"var(--ast-global-color-4)","background-image":"","background-repeat":"repeat","background-position":"center center","background-size":"auto","background-attachment":"scroll","background-type":"","background-media":"","overlay-type":"","overlay-color":"","overlay-opacity":"","overlay-gradient":""},"tablet":{"background-color":"","background-image":"","background-repeat":"repeat","background-position":"center center","background-size":"auto","background-attachment":"scroll","background-type":"","background-media":"","overlay-type":"","overlay-color":"","overlay-opacity":"","overlay-gradient":""},"mobile":{"background-color":"","background-image":"","background-repeat":"repeat","background-position":"center center","background-size":"auto","background-attachment":"scroll","background-type":"","background-media":"","overlay-type":"","overlay-color":"","overlay-opacity":"","overlay-gradient":""}},"ast-content-background-meta":{"desktop":{"background-color":"var(--ast-global-color-5)","background-image":"","background-repeat":"repeat","background-position":"center center","background-size":"auto","background-attachment":"scroll","background-type":"","background-media":"","overlay-type":"","overlay-color":"","overlay-opacity":"","overlay-gradient":""},"tablet":{"background-color":"var(--ast-global-color-5)","background-image":"","background-repeat":"repeat","background-position":"center center","background-size":"auto","background-attachment":"scroll","background-type":"","background-media":"","overlay-type":"","overlay-color":"","overlay-opacity":"","overlay-gradient":""},"mobile":{"background-color":"var(--ast-global-color-5)","background-image":"","background-repeat":"repeat","background-position":"center center","background-size":"auto","background-attachment":"scroll","background-type":"","background-media":"","overlay-type":"","overlay-color":"","overlay-opacity":"","overlay-gradient":""}}},"product_brand":[],"product_cat":[69],"product_tag":[],"class_list":{"0":"post-3859","1":"product","2":"type-product","3":"status-publish","5":"product_cat-accessories","6":"desktop-align-left","7":"tablet-align-left","8":"mobile-align-left","10":"first","11":"instock","12":"taxable","13":"shipping-taxable","14":"purchasable","15":"product-type-simple"},"_links":{"self":[{"href":"https:\/\/ballvalves.tw\/fr\/wp-json\/wp\/v2\/product\/3859","targetHints":{"allow":["GET"]}}],"collection":[{"href":"https:\/\/ballvalves.tw\/fr\/wp-json\/wp\/v2\/product"}],"about":[{"href":"https:\/\/ballvalves.tw\/fr\/wp-json\/wp\/v2\/types\/product"}],"wp:attachment":[{"href":"https:\/\/ballvalves.tw\/fr\/wp-json\/wp\/v2\/media?parent=3859"}],"wp:term":[{"taxonomy":"product_brand","embeddable":true,"href":"https:\/\/ballvalves.tw\/fr\/wp-json\/wp\/v2\/product_brand?post=3859"},{"taxonomy":"product_cat","embeddable":true,"href":"https:\/\/ballvalves.tw\/fr\/wp-json\/wp\/v2\/product_cat?post=3859"},{"taxonomy":"product_tag","embeddable":true,"href":"https:\/\/ballvalves.tw\/fr\/wp-json\/wp\/v2\/product_tag?post=3859"}],"curies":[{"name":"wp","href":"https:\/\/api.w.org\/{rel}","templated":true}]}}