{"id":3857,"date":"2025-10-17T09:29:25","date_gmt":"2025-10-17T01:29:25","guid":{"rendered":"https:\/\/ballvalves.tw\/?post_type=product&#038;p=3857"},"modified":"2025-12-11T13:27:22","modified_gmt":"2025-12-11T05:27:22","slug":"lockable-handle","status":"publish","type":"product","link":"https:\/\/ballvalves.tw\/fr\/produit\/lockable-handle\/","title":{"rendered":"Poign\u00e9e verrouillable"},"content":{"rendered":"<h2 data-path-to-node=\"125\">Description du produit<\/h2>\n<p data-path-to-node=\"126\">Cette poign\u00e9e est con\u00e7ue pour soutenir <b>Verrouillage\/\u00e9tiquetage (LOTO)<\/b> Proc\u00e9dures de s\u00e9curit\u00e9. Que vous ayez besoin de verrouiller une vanne en position ferm\u00e9e pour l'entretien ou en position ouverte pour un syst\u00e8me d'extinction d'incendie, ce dispositif garantit que la vanne reste dans la position o\u00f9 vous l'avez plac\u00e9e. Il remplace la poign\u00e9e standard de vos vannes existantes.<\/p>\n<h2 data-path-to-node=\"127\">Caract\u00e9ristiques techniques principales<\/h2>\n<ul data-path-to-node=\"128\">\n<li>\n<p data-path-to-node=\"128,0,0\"><b>Mat\u00e9riau :<\/b> Acier inoxydable ASTM 304<\/p>\n<\/li>\n<li>\n<p data-path-to-node=\"128,1,0\"><b>Caract\u00e9ristique :<\/b> Trou pour cadenas conforme \u00e0 la norme LOTO.<\/p>\n<\/li>\n<li>\n<p data-path-to-node=\"128,2,0\"><b>Positions :<\/b> Se verrouille en position ouverte et ferm\u00e9e.<\/p>\n<\/li>\n<\/ul>\n<h2 data-path-to-node=\"129\">Avantages et b\u00e9n\u00e9fices<\/h2>\n<ul data-path-to-node=\"130\">\n<li>\n<p data-path-to-node=\"130,0,0\"><b>Conformit\u00e9 aux normes de s\u00e9curit\u00e9 :<\/b> Conforme aux normes de s\u00e9curit\u00e9 industrielle en mati\u00e8re d'isolation \u00e9nerg\u00e9tique.<\/p>\n<\/li>\n<li>\n<p data-path-to-node=\"130,1,0\"><b>Inviolabilit\u00e9 :<\/b> Emp\u00eache toute manipulation frauduleuse dans les lieux publics ou non s\u00e9curis\u00e9s.<\/p>\n<\/li>\n<li>\n<p data-path-to-node=\"130,2,0\"><b>Tranquillit\u00e9 d'esprit :<\/b> Garantit que les lignes critiques restent dans leur \u00e9tat pr\u00e9vu.<\/p>\n<\/li>\n<\/ul>\n<h2 data-path-to-node=\"131\">Domaines d'application et emplacements<\/h2>\n<ul data-path-to-node=\"132\">\n<li>\n<p data-path-to-node=\"132,0,0\"><b>Zones d'entretien :<\/b> Verrouillage des sources d'\u00e9nergie pendant la r\u00e9paration.<\/p>\n<\/li>\n<li>\n<p data-path-to-node=\"132,1,0\"><b>Approvisionnement critique :<\/b> Verrouillage des conduites d'eau de refroidissement ou de carburant ouvertes.<\/p>\n<\/li>\n<li>\n<p data-path-to-node=\"132,2,0\"><b>Espaces publics :<\/b> S\u00e9curisation des robinets d'eau publics.<\/p>\n<\/li>\n<\/ul>","protected":false},"excerpt":{"rendered":"<p data-path-to-node=\"123\"><b>La s\u00e9curit\u00e9 avant tout : emp\u00eacher toute utilisation non autoris\u00e9e.<\/b><\/p>\n<p data-path-to-node=\"124\">Le <b>Poign\u00e9e verrouillable<\/b> est une am\u00e9lioration essentielle en mati\u00e8re de s\u00e9curit\u00e9 pour tout robinet \u00e0 boisseau sph\u00e9rique manuel. Fabriqu\u00e9 \u00e0 partir de <b>Acier inoxydable 304<\/b>, il est dot\u00e9 d'un m\u00e9canisme de verrouillage sp\u00e9cialis\u00e9 qui permet d'ins\u00e9rer un cadenas, s\u00e9curisant ainsi la valve dans l'une ou l'autre des positions. <b>Ouvrir<\/b> ou <b>Ferm\u00e9<\/b> position pour emp\u00eacher toute commutation accidentelle ou non autoris\u00e9e.<\/p>","protected":false},"featured_media":3804,"template":"","meta":{"site-sidebar-layout":"default","site-content-layout":"","ast-site-content-layout":"default","site-content-style":"default","site-sidebar-style":"default","ast-global-header-display":"","ast-banner-title-visibility":"","ast-main-header-display":"","ast-hfb-above-header-display":"","ast-hfb-below-header-display":"","ast-hfb-mobile-header-display":"","site-post-title":"","ast-breadcrumbs-content":"","ast-featured-img":"","footer-sml-layout":"","ast-disable-related-posts":"","theme-transparent-header-meta":"default","adv-header-id-meta":"","stick-header-meta":"","header-above-stick-meta":"","header-main-stick-meta":"","header-below-stick-meta":"","astra-migrate-meta-layouts":"set","ast-page-background-enabled":"default","ast-page-background-meta":{"desktop":{"background-color":"var(--ast-global-color-4)","background-image":"","background-repeat":"repeat","background-position":"center center","background-size":"auto","background-attachment":"scroll","background-type":"","background-media":"","overlay-type":"","overlay-color":"","overlay-opacity":"","overlay-gradient":""},"tablet":{"background-color":"","background-image":"","background-repeat":"repeat","background-position":"center center","background-size":"auto","background-attachment":"scroll","background-type":"","background-media":"","overlay-type":"","overlay-color":"","overlay-opacity":"","overlay-gradient":""},"mobile":{"background-color":"","background-image":"","background-repeat":"repeat","background-position":"center center","background-size":"auto","background-attachment":"scroll","background-type":"","background-media":"","overlay-type":"","overlay-color":"","overlay-opacity":"","overlay-gradient":""}},"ast-content-background-meta":{"desktop":{"background-color":"var(--ast-global-color-5)","background-image":"","background-repeat":"repeat","background-position":"center center","background-size":"auto","background-attachment":"scroll","background-type":"","background-media":"","overlay-type":"","overlay-color":"","overlay-opacity":"","overlay-gradient":""},"tablet":{"background-color":"var(--ast-global-color-5)","background-image":"","background-repeat":"repeat","background-position":"center center","background-size":"auto","background-attachment":"scroll","background-type":"","background-media":"","overlay-type":"","overlay-color":"","overlay-opacity":"","overlay-gradient":""},"mobile":{"background-color":"var(--ast-global-color-5)","background-image":"","background-repeat":"repeat","background-position":"center center","background-size":"auto","background-attachment":"scroll","background-type":"","background-media":"","overlay-type":"","overlay-color":"","overlay-opacity":"","overlay-gradient":""}}},"product_brand":[],"product_cat":[69],"product_tag":[],"class_list":{"0":"post-3857","1":"product","2":"type-product","3":"status-publish","4":"has-post-thumbnail","6":"product_cat-accessories","7":"desktop-align-left","8":"tablet-align-left","9":"mobile-align-left","11":"first","12":"instock","13":"taxable","14":"shipping-taxable","15":"purchasable","16":"product-type-simple"},"_links":{"self":[{"href":"https:\/\/ballvalves.tw\/fr\/wp-json\/wp\/v2\/product\/3857","targetHints":{"allow":["GET"]}}],"collection":[{"href":"https:\/\/ballvalves.tw\/fr\/wp-json\/wp\/v2\/product"}],"about":[{"href":"https:\/\/ballvalves.tw\/fr\/wp-json\/wp\/v2\/types\/product"}],"wp:featuredmedia":[{"embeddable":true,"href":"https:\/\/ballvalves.tw\/fr\/wp-json\/wp\/v2\/media\/3804"}],"wp:attachment":[{"href":"https:\/\/ballvalves.tw\/fr\/wp-json\/wp\/v2\/media?parent=3857"}],"wp:term":[{"taxonomy":"product_brand","embeddable":true,"href":"https:\/\/ballvalves.tw\/fr\/wp-json\/wp\/v2\/product_brand?post=3857"},{"taxonomy":"product_cat","embeddable":true,"href":"https:\/\/ballvalves.tw\/fr\/wp-json\/wp\/v2\/product_cat?post=3857"},{"taxonomy":"product_tag","embeddable":true,"href":"https:\/\/ballvalves.tw\/fr\/wp-json\/wp\/v2\/product_tag?post=3857"}],"curies":[{"name":"wp","href":"https:\/\/api.w.org\/{rel}","templated":true}]}}