{"id":3856,"date":"2025-10-17T09:28:54","date_gmt":"2025-10-17T01:28:54","guid":{"rendered":"https:\/\/ballvalves.tw\/?post_type=product&#038;p=3856"},"modified":"2025-12-11T13:26:44","modified_gmt":"2025-12-11T05:26:44","slug":"butterfly-handle","status":"publish","type":"product","link":"https:\/\/ballvalves.tw\/fr\/produit\/butterfly-handle\/","title":{"rendered":"Poign\u00e9e papillon"},"content":{"rendered":"<h2 data-path-to-node=\"112\">Description du produit<\/h2>\n<p data-path-to-node=\"113\">Les poign\u00e9es \u00e0 levier standard n\u00e9cessitent un grand espace libre pour pivoter \u00e0 90 degr\u00e9s. La poign\u00e9e papillon s'adapte de mani\u00e8re compacte sur la tige de la vanne. Les op\u00e9rateurs saisissent les \u201c ailes \u201d pour tourner la vanne. Elle est g\u00e9n\u00e9ralement utilis\u00e9e sur les vannes plus petites (1\/4\u2033 \u00e0 1\u2033) qui ne n\u00e9cessitent pas un couple \u00e9lev\u00e9.<\/p>\n<h2 data-path-to-node=\"114\">Caract\u00e9ristiques techniques principales<\/h2>\n<ul data-path-to-node=\"115\">\n<li>\n<p data-path-to-node=\"115,0,0\"><b>Mat\u00e9riau :<\/b> Acier inoxydable ASTM 304<\/p>\n<\/li>\n<li>\n<p data-path-to-node=\"115,1,0\"><b>Compatibilit\u00e9 :<\/b> Convient \u00e0 diff\u00e9rentes tailles de tiges de robinets \u00e0 boisseau sph\u00e9rique.<\/p>\n<\/li>\n<li>\n<p data-path-to-node=\"115,2,0\"><b>Forme :<\/b> Forme en T \/ Forme en aile<\/p>\n<\/li>\n<\/ul>\n<h2 data-path-to-node=\"116\">Avantages et b\u00e9n\u00e9fices<\/h2>\n<ul data-path-to-node=\"117\">\n<li>\n<p data-path-to-node=\"117,0,0\"><b>Efficacit\u00e9 spatiale :<\/b> Aucune interf\u00e9rence due au rayon de braquage.<\/p>\n<\/li>\n<li>\n<p data-path-to-node=\"117,1,0\"><b>Pr\u00e9vention des accrocs :<\/b> Moins susceptible de s'accrocher aux v\u00eatements ou aux \u00e9quipements qui passent.<\/p>\n<\/li>\n<li>\n<p data-path-to-node=\"117,2,0\"><b>Esth\u00e9tique :<\/b> Aspect \u00e9pur\u00e9 et compact pour les tableaux de bord.<\/p>\n<\/li>\n<\/ul>\n<h2 data-path-to-node=\"118\">Domaines d'application et emplacements<\/h2>\n<ul data-path-to-node=\"119\">\n<li>\n<p data-path-to-node=\"119,0,0\"><b>Panneaux d'instruments :<\/b> Vannes \u00e9troitement serr\u00e9es.<\/p>\n<\/li>\n<li>\n<p data-path-to-node=\"119,1,0\"><b>Assemblages d'armoires :<\/b> Vannes \u00e0 l'int\u00e9rieur des enceintes des machines.<\/p>\n<\/li>\n<li>\n<p data-path-to-node=\"119,2,0\"><b>Conduites \u00e9troites :<\/b> Tuyaux parall\u00e8les avec un \u00e9cart minimal.<\/p>\n<\/li>\n<\/ul>","protected":false},"excerpt":{"rendered":"<p data-path-to-node=\"110\"><b>Fonctionnement compact pour les espaces restreints.<\/b><\/p>\n<p data-path-to-node=\"111\">Le <b>Poign\u00e9e papillon<\/b> est une alternative peu encombrante \u00e0 la poign\u00e9e \u00e0 levier standard. Fabriqu\u00e9e \u00e0 partir de <b>Acier inoxydable 304<\/b>, Sa conception en forme de T permet une utilisation facile sans le long rayon de pivotement d'un levier, ce qui le rend parfait pour les vannes install\u00e9es dans des espaces confin\u00e9s ou des collecteurs tr\u00e8s rapproch\u00e9s.<\/p>","protected":false},"featured_media":3807,"template":"","meta":{"site-sidebar-layout":"default","site-content-layout":"","ast-site-content-layout":"default","site-content-style":"default","site-sidebar-style":"default","ast-global-header-display":"","ast-banner-title-visibility":"","ast-main-header-display":"","ast-hfb-above-header-display":"","ast-hfb-below-header-display":"","ast-hfb-mobile-header-display":"","site-post-title":"","ast-breadcrumbs-content":"","ast-featured-img":"","footer-sml-layout":"","ast-disable-related-posts":"","theme-transparent-header-meta":"default","adv-header-id-meta":"","stick-header-meta":"","header-above-stick-meta":"","header-main-stick-meta":"","header-below-stick-meta":"","astra-migrate-meta-layouts":"set","ast-page-background-enabled":"default","ast-page-background-meta":{"desktop":{"background-color":"var(--ast-global-color-4)","background-image":"","background-repeat":"repeat","background-position":"center center","background-size":"auto","background-attachment":"scroll","background-type":"","background-media":"","overlay-type":"","overlay-color":"","overlay-opacity":"","overlay-gradient":""},"tablet":{"background-color":"","background-image":"","background-repeat":"repeat","background-position":"center center","background-size":"auto","background-attachment":"scroll","background-type":"","background-media":"","overlay-type":"","overlay-color":"","overlay-opacity":"","overlay-gradient":""},"mobile":{"background-color":"","background-image":"","background-repeat":"repeat","background-position":"center center","background-size":"auto","background-attachment":"scroll","background-type":"","background-media":"","overlay-type":"","overlay-color":"","overlay-opacity":"","overlay-gradient":""}},"ast-content-background-meta":{"desktop":{"background-color":"var(--ast-global-color-5)","background-image":"","background-repeat":"repeat","background-position":"center center","background-size":"auto","background-attachment":"scroll","background-type":"","background-media":"","overlay-type":"","overlay-color":"","overlay-opacity":"","overlay-gradient":""},"tablet":{"background-color":"var(--ast-global-color-5)","background-image":"","background-repeat":"repeat","background-position":"center center","background-size":"auto","background-attachment":"scroll","background-type":"","background-media":"","overlay-type":"","overlay-color":"","overlay-opacity":"","overlay-gradient":""},"mobile":{"background-color":"var(--ast-global-color-5)","background-image":"","background-repeat":"repeat","background-position":"center center","background-size":"auto","background-attachment":"scroll","background-type":"","background-media":"","overlay-type":"","overlay-color":"","overlay-opacity":"","overlay-gradient":""}}},"product_brand":[],"product_cat":[69],"product_tag":[],"class_list":{"0":"post-3856","1":"product","2":"type-product","3":"status-publish","4":"has-post-thumbnail","6":"product_cat-accessories","7":"desktop-align-left","8":"tablet-align-left","9":"mobile-align-left","11":"first","12":"instock","13":"taxable","14":"shipping-taxable","15":"purchasable","16":"product-type-simple"},"_links":{"self":[{"href":"https:\/\/ballvalves.tw\/fr\/wp-json\/wp\/v2\/product\/3856","targetHints":{"allow":["GET"]}}],"collection":[{"href":"https:\/\/ballvalves.tw\/fr\/wp-json\/wp\/v2\/product"}],"about":[{"href":"https:\/\/ballvalves.tw\/fr\/wp-json\/wp\/v2\/types\/product"}],"wp:featuredmedia":[{"embeddable":true,"href":"https:\/\/ballvalves.tw\/fr\/wp-json\/wp\/v2\/media\/3807"}],"wp:attachment":[{"href":"https:\/\/ballvalves.tw\/fr\/wp-json\/wp\/v2\/media?parent=3856"}],"wp:term":[{"taxonomy":"product_brand","embeddable":true,"href":"https:\/\/ballvalves.tw\/fr\/wp-json\/wp\/v2\/product_brand?post=3856"},{"taxonomy":"product_cat","embeddable":true,"href":"https:\/\/ballvalves.tw\/fr\/wp-json\/wp\/v2\/product_cat?post=3856"},{"taxonomy":"product_tag","embeddable":true,"href":"https:\/\/ballvalves.tw\/fr\/wp-json\/wp\/v2\/product_tag?post=3856"}],"curies":[{"name":"wp","href":"https:\/\/api.w.org\/{rel}","templated":true}]}}