{"id":3855,"date":"2025-10-17T09:28:09","date_gmt":"2025-10-17T01:28:09","guid":{"rendered":"https:\/\/ballvalves.tw\/?post_type=product&#038;p=3855"},"modified":"2025-12-11T13:26:06","modified_gmt":"2025-12-11T05:26:06","slug":"bracket-linkage","status":"publish","type":"product","link":"https:\/\/ballvalves.tw\/fr\/produit\/bracket-linkage\/","title":{"rendered":"Support et tringlerie"},"content":{"rendered":"<h2 data-path-to-node=\"98\">Description du produit<\/h2>\n<p data-path-to-node=\"99\">Ce kit se compose d'un support de montage (pont) et d'un coupleur de tige (connecteur). Il a deux fonctions principales :<\/p>\n<ol start=\"1\" data-path-to-node=\"100\">\n<li>\n<p data-path-to-node=\"100,0,0\"><b>Adaptation :<\/b> Raccordement d'actionneurs conformes \u00e0 la norme ISO \u00e0 des vannes non ISO.<\/p>\n<\/li>\n<li>\n<p data-path-to-node=\"100,1,0\"><b>Isolation thermique :<\/b> Cr\u00e9ation d'une distance physique entre une vanne chaude (par exemple, sur une conduite de vapeur) et l'actionneur afin d'\u00e9viter les dommages aux joints ou les d\u00e9faillances \u00e9lectroniques.<\/p>\n<\/li>\n<\/ol>\n<h2 data-path-to-node=\"101\">Caract\u00e9ristiques techniques principales<\/h2>\n<ul data-path-to-node=\"102\">\n<li>\n<p data-path-to-node=\"102,0,0\"><b>Mat\u00e9riau :<\/b> Acier inoxydable (304)<\/p>\n<\/li>\n<li>\n<p data-path-to-node=\"102,1,0\"><b>Compatibilit\u00e9 :<\/b> Personnalis\u00e9 pour s'adapter \u00e0 des combinaisons sp\u00e9cifiques de vannes et d'actionneurs.<\/p>\n<\/li>\n<li>\n<p data-path-to-node=\"102,2,0\"><b>Fonction :<\/b> Transmission du couple et s\u00e9paration thermique.<\/p>\n<\/li>\n<\/ul>\n<h2 data-path-to-node=\"103\">Avantages et b\u00e9n\u00e9fices<\/h2>\n<ul data-path-to-node=\"104\">\n<li>\n<p data-path-to-node=\"104,0,0\"><b>Protection :<\/b> Prot\u00e8ge les actionneurs des fluides \u00e0 haute temp\u00e9rature.<\/p>\n<\/li>\n<li>\n<p data-path-to-node=\"104,1,0\"><b>Flexibilit\u00e9 :<\/b> Permet l'automatisation de pratiquement toutes les vannes manuelles.<\/p>\n<\/li>\n<li>\n<p data-path-to-node=\"104,2,0\"><b>Durabilit\u00e9 :<\/b> Construction r\u00e9sistante \u00e0 la corrosion.<\/p>\n<\/li>\n<\/ul>\n<h2 data-path-to-node=\"105\">Domaines d'application et emplacements<\/h2>\n<ul data-path-to-node=\"106\">\n<li>\n<p data-path-to-node=\"106,0,0\"><b>Lignes de vapeur :<\/b> Automatisation \u00e0 haute temp\u00e9rature.<\/p>\n<\/li>\n<li>\n<p data-path-to-node=\"106,1,0\"><b>R\u00e9novations :<\/b> Automatisation des anciennes vannes manuelles.<\/p>\n<\/li>\n<\/ul>","protected":false},"excerpt":{"rendered":"<p data-path-to-node=\"96\"><b>Le pont pour l'automatisation des vannes sur mesure.<\/b><\/p>\n<p data-path-to-node=\"97\">Lorsqu'une vanne ne peut pas \u00eatre mont\u00e9e directement sur un actionneur (par exemple, en raison de la chaleur, d'une inad\u00e9quation de taille ou d'une conception non ISO), l'actionneur de la <b>Kit de support et de tringlerie<\/b> fournit la solution. La pr\u00e9sente <b>Acier inoxydable<\/b> relie solidement la tige du robinet \u00e0 l'entra\u00eenement de l'actionneur, assurant ainsi une transmission efficace du couple.<\/p>","protected":false},"featured_media":3808,"template":"","meta":{"site-sidebar-layout":"default","site-content-layout":"","ast-site-content-layout":"default","site-content-style":"default","site-sidebar-style":"default","ast-global-header-display":"","ast-banner-title-visibility":"","ast-main-header-display":"","ast-hfb-above-header-display":"","ast-hfb-below-header-display":"","ast-hfb-mobile-header-display":"","site-post-title":"","ast-breadcrumbs-content":"","ast-featured-img":"","footer-sml-layout":"","ast-disable-related-posts":"","theme-transparent-header-meta":"default","adv-header-id-meta":"","stick-header-meta":"","header-above-stick-meta":"","header-main-stick-meta":"","header-below-stick-meta":"","astra-migrate-meta-layouts":"set","ast-page-background-enabled":"default","ast-page-background-meta":{"desktop":{"background-color":"var(--ast-global-color-4)","background-image":"","background-repeat":"repeat","background-position":"center center","background-size":"auto","background-attachment":"scroll","background-type":"","background-media":"","overlay-type":"","overlay-color":"","overlay-opacity":"","overlay-gradient":""},"tablet":{"background-color":"","background-image":"","background-repeat":"repeat","background-position":"center center","background-size":"auto","background-attachment":"scroll","background-type":"","background-media":"","overlay-type":"","overlay-color":"","overlay-opacity":"","overlay-gradient":""},"mobile":{"background-color":"","background-image":"","background-repeat":"repeat","background-position":"center center","background-size":"auto","background-attachment":"scroll","background-type":"","background-media":"","overlay-type":"","overlay-color":"","overlay-opacity":"","overlay-gradient":""}},"ast-content-background-meta":{"desktop":{"background-color":"var(--ast-global-color-5)","background-image":"","background-repeat":"repeat","background-position":"center center","background-size":"auto","background-attachment":"scroll","background-type":"","background-media":"","overlay-type":"","overlay-color":"","overlay-opacity":"","overlay-gradient":""},"tablet":{"background-color":"var(--ast-global-color-5)","background-image":"","background-repeat":"repeat","background-position":"center center","background-size":"auto","background-attachment":"scroll","background-type":"","background-media":"","overlay-type":"","overlay-color":"","overlay-opacity":"","overlay-gradient":""},"mobile":{"background-color":"var(--ast-global-color-5)","background-image":"","background-repeat":"repeat","background-position":"center center","background-size":"auto","background-attachment":"scroll","background-type":"","background-media":"","overlay-type":"","overlay-color":"","overlay-opacity":"","overlay-gradient":""}}},"product_brand":[],"product_cat":[69],"product_tag":[],"class_list":{"0":"post-3855","1":"product","2":"type-product","3":"status-publish","4":"has-post-thumbnail","6":"product_cat-accessories","7":"desktop-align-left","8":"tablet-align-left","9":"mobile-align-left","11":"first","12":"instock","13":"taxable","14":"shipping-taxable","15":"purchasable","16":"product-type-simple"},"_links":{"self":[{"href":"https:\/\/ballvalves.tw\/fr\/wp-json\/wp\/v2\/product\/3855","targetHints":{"allow":["GET"]}}],"collection":[{"href":"https:\/\/ballvalves.tw\/fr\/wp-json\/wp\/v2\/product"}],"about":[{"href":"https:\/\/ballvalves.tw\/fr\/wp-json\/wp\/v2\/types\/product"}],"wp:featuredmedia":[{"embeddable":true,"href":"https:\/\/ballvalves.tw\/fr\/wp-json\/wp\/v2\/media\/3808"}],"wp:attachment":[{"href":"https:\/\/ballvalves.tw\/fr\/wp-json\/wp\/v2\/media?parent=3855"}],"wp:term":[{"taxonomy":"product_brand","embeddable":true,"href":"https:\/\/ballvalves.tw\/fr\/wp-json\/wp\/v2\/product_brand?post=3855"},{"taxonomy":"product_cat","embeddable":true,"href":"https:\/\/ballvalves.tw\/fr\/wp-json\/wp\/v2\/product_cat?post=3855"},{"taxonomy":"product_tag","embeddable":true,"href":"https:\/\/ballvalves.tw\/fr\/wp-json\/wp\/v2\/product_tag?post=3855"}],"curies":[{"name":"wp","href":"https:\/\/api.w.org\/{rel}","templated":true}]}}