{"id":3854,"date":"2025-10-17T09:27:47","date_gmt":"2025-10-17T01:27:47","guid":{"rendered":"https:\/\/ballvalves.tw\/?post_type=product&#038;p=3854"},"modified":"2025-12-11T13:25:43","modified_gmt":"2025-12-11T05:25:43","slug":"micro-switch","status":"publish","type":"product","link":"https:\/\/ballvalves.tw\/fr\/produit\/micro-switch\/","title":{"rendered":"Micro-interrupteur"},"content":{"rendered":"<h2 data-path-to-node=\"85\">Description du produit<\/h2>\n<p data-path-to-node=\"86\">L'automatisation n\u00e9cessite une v\u00e9rification. Cet accessoire est dot\u00e9 d'un indicateur tr\u00e8s visible pour l'inspection locale et de micro-interrupteurs internes pour la signalisation \u00e0 distance. Si une vanne ne s'ouvre ou ne se ferme pas, le bo\u00eetier de commutation n'enverra pas le signal, ce qui d\u00e9clenchera une alarme dans votre syst\u00e8me de contr\u00f4le. Il s'agit d'un composant essentiel pour la s\u00e9curit\u00e9 des installations automatis\u00e9es.<\/p>\n<h2 data-path-to-node=\"87\">Caract\u00e9ristiques techniques principales<\/h2>\n<ul data-path-to-node=\"88\">\n<li>\n<p data-path-to-node=\"88,0,0\"><b>Type d'interrupteur :<\/b> Capteurs m\u00e9caniques (SPDT) ou de proximit\u00e9<\/p>\n<\/li>\n<li>\n<p data-path-to-node=\"88,1,0\"><b>La cl\u00f4ture :<\/b> R\u00e9sistant aux intemp\u00e9ries (IP67)<\/p>\n<\/li>\n<li>\n<p data-path-to-node=\"88,2,0\"><b>Indicateur :<\/b> D\u00f4me haute visibilit\u00e9 (rouge\/vert ou jaune\/noir)<\/p>\n<\/li>\n<li>\n<p data-path-to-node=\"88,3,0\"><b>Montage :<\/b> NAMUR Standard (haut de l'actionneur)<\/p>\n<\/li>\n<\/ul>\n<h2 data-path-to-node=\"89\">Avantages et b\u00e9n\u00e9fices<\/h2>\n<ul data-path-to-node=\"90\">\n<li>\n<p data-path-to-node=\"90,0,0\"><b>S\u00e9curit\u00e9 des processus :<\/b> Emp\u00eache les pompes de d\u00e9marrer si les vannes ne sont pas dans la bonne position.<\/p>\n<\/li>\n<li>\n<p data-path-to-node=\"90,1,0\"><b>Confirmation visuelle :<\/b> Permet aux op\u00e9rateurs de voir l'\u00e9tat des vannes \u00e0 distance.<\/p>\n<\/li>\n<li>\n<p data-path-to-node=\"90,2,0\"><b>D\u00e9pannage :<\/b> Permet d'identifier rapidement les vannes bloqu\u00e9es ou fonctionnant mal.<\/p>\n<\/li>\n<\/ul>\n<h2 data-path-to-node=\"91\">Domaines d'application et emplacements<\/h2>\n<ul data-path-to-node=\"92\">\n<li>\n<p data-path-to-node=\"92,0,0\"><b>Salles de contr\u00f4le :<\/b> Surveillance \u00e0 distance de l'\u00e9tat des vannes de l'installation.<\/p>\n<\/li>\n<li>\n<p data-path-to-node=\"92,1,0\"><b>Verrouillages de s\u00e9curit\u00e9 :<\/b> S'assurer que les vannes sont ferm\u00e9es avant le d\u00e9but de la maintenance.<\/p>\n<\/li>\n<\/ul>","protected":false},"excerpt":{"rendered":"<p data-path-to-node=\"83\"><b>Retour d'information sur la position : Connaissez instantan\u00e9ment l'\u00e9tat de votre vanne.<\/b><\/p>\n<p data-path-to-node=\"84\">Le <b>Bo\u00eetier de micro-interrupteur<\/b> (bo\u00eetier d'interrupteur de fin de course) fournit un retour d'information visuel et \u00e9lectrique sur la position de la vanne. Mont\u00e9 sur le dessus de l'actionneur pneumatique, il envoie un signal \u00e0 votre salle de contr\u00f4le confirmant si la vanne est en cours de fonctionnement. <b>OUVERTURE<\/b> ou <b>FERM\u00c9<\/b>, Les services d'inspection et de contr\u00f4le sont charg\u00e9s de veiller \u00e0 la s\u00e9curit\u00e9 et \u00e0 l'exactitude des processus.<\/p>","protected":false},"featured_media":3805,"template":"","meta":{"site-sidebar-layout":"default","site-content-layout":"","ast-site-content-layout":"default","site-content-style":"default","site-sidebar-style":"default","ast-global-header-display":"","ast-banner-title-visibility":"","ast-main-header-display":"","ast-hfb-above-header-display":"","ast-hfb-below-header-display":"","ast-hfb-mobile-header-display":"","site-post-title":"","ast-breadcrumbs-content":"","ast-featured-img":"","footer-sml-layout":"","ast-disable-related-posts":"","theme-transparent-header-meta":"default","adv-header-id-meta":"","stick-header-meta":"","header-above-stick-meta":"","header-main-stick-meta":"","header-below-stick-meta":"","astra-migrate-meta-layouts":"set","ast-page-background-enabled":"default","ast-page-background-meta":{"desktop":{"background-color":"var(--ast-global-color-4)","background-image":"","background-repeat":"repeat","background-position":"center center","background-size":"auto","background-attachment":"scroll","background-type":"","background-media":"","overlay-type":"","overlay-color":"","overlay-opacity":"","overlay-gradient":""},"tablet":{"background-color":"","background-image":"","background-repeat":"repeat","background-position":"center center","background-size":"auto","background-attachment":"scroll","background-type":"","background-media":"","overlay-type":"","overlay-color":"","overlay-opacity":"","overlay-gradient":""},"mobile":{"background-color":"","background-image":"","background-repeat":"repeat","background-position":"center center","background-size":"auto","background-attachment":"scroll","background-type":"","background-media":"","overlay-type":"","overlay-color":"","overlay-opacity":"","overlay-gradient":""}},"ast-content-background-meta":{"desktop":{"background-color":"var(--ast-global-color-5)","background-image":"","background-repeat":"repeat","background-position":"center center","background-size":"auto","background-attachment":"scroll","background-type":"","background-media":"","overlay-type":"","overlay-color":"","overlay-opacity":"","overlay-gradient":""},"tablet":{"background-color":"var(--ast-global-color-5)","background-image":"","background-repeat":"repeat","background-position":"center center","background-size":"auto","background-attachment":"scroll","background-type":"","background-media":"","overlay-type":"","overlay-color":"","overlay-opacity":"","overlay-gradient":""},"mobile":{"background-color":"var(--ast-global-color-5)","background-image":"","background-repeat":"repeat","background-position":"center center","background-size":"auto","background-attachment":"scroll","background-type":"","background-media":"","overlay-type":"","overlay-color":"","overlay-opacity":"","overlay-gradient":""}}},"product_brand":[],"product_cat":[69],"product_tag":[],"class_list":{"0":"post-3854","1":"product","2":"type-product","3":"status-publish","4":"has-post-thumbnail","6":"product_cat-accessories","7":"desktop-align-left","8":"tablet-align-left","9":"mobile-align-left","11":"first","12":"instock","13":"taxable","14":"shipping-taxable","15":"purchasable","16":"product-type-simple"},"_links":{"self":[{"href":"https:\/\/ballvalves.tw\/fr\/wp-json\/wp\/v2\/product\/3854","targetHints":{"allow":["GET"]}}],"collection":[{"href":"https:\/\/ballvalves.tw\/fr\/wp-json\/wp\/v2\/product"}],"about":[{"href":"https:\/\/ballvalves.tw\/fr\/wp-json\/wp\/v2\/types\/product"}],"wp:featuredmedia":[{"embeddable":true,"href":"https:\/\/ballvalves.tw\/fr\/wp-json\/wp\/v2\/media\/3805"}],"wp:attachment":[{"href":"https:\/\/ballvalves.tw\/fr\/wp-json\/wp\/v2\/media?parent=3854"}],"wp:term":[{"taxonomy":"product_brand","embeddable":true,"href":"https:\/\/ballvalves.tw\/fr\/wp-json\/wp\/v2\/product_brand?post=3854"},{"taxonomy":"product_cat","embeddable":true,"href":"https:\/\/ballvalves.tw\/fr\/wp-json\/wp\/v2\/product_cat?post=3854"},{"taxonomy":"product_tag","embeddable":true,"href":"https:\/\/ballvalves.tw\/fr\/wp-json\/wp\/v2\/product_tag?post=3854"}],"curies":[{"name":"wp","href":"https:\/\/api.w.org\/{rel}","templated":true}]}}