{"id":3853,"date":"2025-10-17T09:26:54","date_gmt":"2025-10-17T01:26:54","guid":{"rendered":"https:\/\/ballvalves.tw\/?post_type=product&#038;p=3853"},"modified":"2025-12-11T13:24:57","modified_gmt":"2025-12-11T05:24:57","slug":"solenoid-valve","status":"publish","type":"product","link":"https:\/\/ballvalves.tw\/fr\/produit\/solenoid-valve\/","title":{"rendered":"\u00c9lectrovanne"},"content":{"rendered":"<h2 data-path-to-node=\"72\">Description du produit<\/h2>\n<p data-path-to-node=\"73\">Cette vanne \u00e9lectrom\u00e9canique se monte directement sur l'actionneur pneumatique. Lorsqu'elle est aliment\u00e9e, elle permet \u00e0 l'air d'entrer dans le cylindre de l'actionneur (ouverture de la vanne) ; lorsqu'elle est hors tension, elle \u00e9vacue l'air (fermeture de la vanne, ou vice versa). Disponible en diff\u00e9rentes tensions (24VDC, 110VAC, 220VAC) et configurations (5\/2 voies pour double effet, 3\/2 voies pour retour par ressort).<\/p>\n<h2 data-path-to-node=\"74\">Caract\u00e9ristiques techniques principales<\/h2>\n<ul data-path-to-node=\"75\">\n<li>\n<p data-path-to-node=\"75,0,0\"><b>Type :<\/b> 5\/2 ou 3\/2<\/p>\n<\/li>\n<li>\n<p data-path-to-node=\"75,1,0\"><b>Montage :<\/b> NAMUR Standard (montage direct) ou \u00e0 distance<\/p>\n<\/li>\n<li>\n<p data-path-to-node=\"75,2,0\"><b>Tension de la bobine :<\/b> 24V DC \/ 110V AC \/ 220V AC<\/p>\n<\/li>\n<li>\n<p data-path-to-node=\"75,3,0\"><b>Protection :<\/b> IP65 \/ IP67 (r\u00e9sistant aux intemp\u00e9ries)<\/p>\n<\/li>\n<\/ul>\n<h2 data-path-to-node=\"76\">Avantages et b\u00e9n\u00e9fices<\/h2>\n<ul data-path-to-node=\"77\">\n<li>\n<p data-path-to-node=\"77,0,0\"><b>R\u00e9ponse rapide :<\/b> Temps de r\u00e9action de l'ordre de la milliseconde pour un contr\u00f4le pr\u00e9cis des vannes.<\/p>\n<\/li>\n<li>\n<p data-path-to-node=\"77,1,0\"><b>Int\u00e9gration facile :<\/b> L'interface standard s'adapte parfaitement \u00e0 nos ensembles pneumatiques.<\/p>\n<\/li>\n<li>\n<p data-path-to-node=\"77,2,0\"><b>Fiabilit\u00e9 :<\/b> Longue dur\u00e9e de vie de la bobine et conception durable de la bobine.<\/p>\n<\/li>\n<\/ul>\n<h2 data-path-to-node=\"78\">Domaines d'application et emplacements<\/h2>\n<ul data-path-to-node=\"79\">\n<li>\n<p data-path-to-node=\"79,0,0\"><b>Toutes les vannes automatis\u00e9es :<\/b> Indispensable pour tout syst\u00e8me \u00e0 commande pneumatique.<\/p>\n<\/li>\n<\/ul>","protected":false},"excerpt":{"rendered":"<p data-path-to-node=\"70\"><b>Le cerveau \u00e9lectronique des actionneurs pneumatiques.<\/b><\/p>\n<p data-path-to-node=\"71\">Le <b>\u00c9lectrovanne<\/b> est le composant pilote critique qui contr\u00f4le nos actionneurs pneumatiques. En convertissant un signal \u00e9lectrique (provenant de votre automate ou de votre contr\u00f4leur) en un flux d'air pneumatique, il d\u00e9clenche l'ouverture ou la fermeture de la vanne \u00e0 boisseau sph\u00e9rique. Nous proposons des <b>Interface NAMUR<\/b> pour une fixation directe \u00e0 l'actionneur.<\/p>","protected":false},"featured_media":3806,"template":"","meta":{"site-sidebar-layout":"default","site-content-layout":"","ast-site-content-layout":"default","site-content-style":"default","site-sidebar-style":"default","ast-global-header-display":"","ast-banner-title-visibility":"","ast-main-header-display":"","ast-hfb-above-header-display":"","ast-hfb-below-header-display":"","ast-hfb-mobile-header-display":"","site-post-title":"","ast-breadcrumbs-content":"","ast-featured-img":"","footer-sml-layout":"","ast-disable-related-posts":"","theme-transparent-header-meta":"default","adv-header-id-meta":"","stick-header-meta":"","header-above-stick-meta":"","header-main-stick-meta":"","header-below-stick-meta":"","astra-migrate-meta-layouts":"set","ast-page-background-enabled":"default","ast-page-background-meta":{"desktop":{"background-color":"var(--ast-global-color-4)","background-image":"","background-repeat":"repeat","background-position":"center center","background-size":"auto","background-attachment":"scroll","background-type":"","background-media":"","overlay-type":"","overlay-color":"","overlay-opacity":"","overlay-gradient":""},"tablet":{"background-color":"","background-image":"","background-repeat":"repeat","background-position":"center center","background-size":"auto","background-attachment":"scroll","background-type":"","background-media":"","overlay-type":"","overlay-color":"","overlay-opacity":"","overlay-gradient":""},"mobile":{"background-color":"","background-image":"","background-repeat":"repeat","background-position":"center center","background-size":"auto","background-attachment":"scroll","background-type":"","background-media":"","overlay-type":"","overlay-color":"","overlay-opacity":"","overlay-gradient":""}},"ast-content-background-meta":{"desktop":{"background-color":"var(--ast-global-color-5)","background-image":"","background-repeat":"repeat","background-position":"center center","background-size":"auto","background-attachment":"scroll","background-type":"","background-media":"","overlay-type":"","overlay-color":"","overlay-opacity":"","overlay-gradient":""},"tablet":{"background-color":"var(--ast-global-color-5)","background-image":"","background-repeat":"repeat","background-position":"center center","background-size":"auto","background-attachment":"scroll","background-type":"","background-media":"","overlay-type":"","overlay-color":"","overlay-opacity":"","overlay-gradient":""},"mobile":{"background-color":"var(--ast-global-color-5)","background-image":"","background-repeat":"repeat","background-position":"center center","background-size":"auto","background-attachment":"scroll","background-type":"","background-media":"","overlay-type":"","overlay-color":"","overlay-opacity":"","overlay-gradient":""}}},"product_brand":[],"product_cat":[69],"product_tag":[],"class_list":{"0":"post-3853","1":"product","2":"type-product","3":"status-publish","4":"has-post-thumbnail","6":"product_cat-accessories","7":"desktop-align-left","8":"tablet-align-left","9":"mobile-align-left","11":"first","12":"instock","13":"taxable","14":"shipping-taxable","15":"purchasable","16":"product-type-simple"},"_links":{"self":[{"href":"https:\/\/ballvalves.tw\/fr\/wp-json\/wp\/v2\/product\/3853","targetHints":{"allow":["GET"]}}],"collection":[{"href":"https:\/\/ballvalves.tw\/fr\/wp-json\/wp\/v2\/product"}],"about":[{"href":"https:\/\/ballvalves.tw\/fr\/wp-json\/wp\/v2\/types\/product"}],"wp:featuredmedia":[{"embeddable":true,"href":"https:\/\/ballvalves.tw\/fr\/wp-json\/wp\/v2\/media\/3806"}],"wp:attachment":[{"href":"https:\/\/ballvalves.tw\/fr\/wp-json\/wp\/v2\/media?parent=3853"}],"wp:term":[{"taxonomy":"product_brand","embeddable":true,"href":"https:\/\/ballvalves.tw\/fr\/wp-json\/wp\/v2\/product_brand?post=3853"},{"taxonomy":"product_cat","embeddable":true,"href":"https:\/\/ballvalves.tw\/fr\/wp-json\/wp\/v2\/product_cat?post=3853"},{"taxonomy":"product_tag","embeddable":true,"href":"https:\/\/ballvalves.tw\/fr\/wp-json\/wp\/v2\/product_tag?post=3853"}],"curies":[{"name":"wp","href":"https:\/\/api.w.org\/{rel}","templated":true}]}}