{"id":3850,"date":"2025-10-17T09:24:34","date_gmt":"2025-10-17T01:24:34","guid":{"rendered":"https:\/\/ballvalves.tw\/?post_type=product&#038;p=3850"},"modified":"2025-12-11T12:40:54","modified_gmt":"2025-12-11T04:40:54","slug":"pneumatic-vacuum-valve","status":"publish","type":"product","link":"https:\/\/ballvalves.tw\/fr\/produit\/pneumatic-vacuum-valve\/","title":{"rendered":"Soupape pneumatique \u00e0 vide"},"content":{"rendered":"<h2 data-path-to-node=\"32\">Description du produit<\/h2>\n<p data-path-to-node=\"33\">Cette vanne automatis\u00e9e remplace le fonctionnement manuel dans les processus \u00e0 vide \u00e0 cycle rapide. L'actionneur pneumatique ouvre et ferme rapidement la vanne, isolant les pompes \u00e0 vide ou connectant les chambres \u00e0 la conduite \u00e0 vide. Elle est construite avec <b>Acier inoxydable 316<\/b> pour garantir la propret\u00e9 et la compatibilit\u00e9 avec divers gaz de proc\u00e9d\u00e9 souvent pr\u00e9sents dans les flux sous vide.<\/p>\n<h2 data-path-to-node=\"34\">Caract\u00e9ristiques techniques principales<\/h2>\n<ul data-path-to-node=\"35\">\n<li>\n<p data-path-to-node=\"35,0,0\"><b>Mat\u00e9riau du corps :<\/b> Acier inoxydable ASTM 316<\/p>\n<\/li>\n<li>\n<p data-path-to-node=\"35,1,0\"><b>Actionneur :<\/b> Cylindre en alliage d'aluminium<\/p>\n<\/li>\n<li>\n<p data-path-to-node=\"35,2,0\"><b>Gamme de tailles :<\/b> 1\/2 po ~ 2-1\/2 po<\/p>\n<\/li>\n<li>\n<p data-path-to-node=\"35,3,0\"><b>Application :<\/b> Contr\u00f4le automatique du vide<\/p>\n<\/li>\n<li>\n<p data-path-to-node=\"35,4,0\"><b>Type de joint :<\/b> Joints d'\u00e9tanch\u00e9it\u00e9 \u00e0 haute r\u00e9sistance<\/p>\n<\/li>\n<\/ul>\n<h2 data-path-to-node=\"36\">Avantages et b\u00e9n\u00e9fices<\/h2>\n<ul data-path-to-node=\"37\">\n<li>\n<p data-path-to-node=\"37,0,0\"><b>Efficacit\u00e9 du cycle :<\/b> Acc\u00e9l\u00e8re les cycles de traitement sous vide (par exemple, dans le moulage ou le rev\u00eatement).<\/p>\n<\/li>\n<li>\n<p data-path-to-node=\"37,1,0\"><b>S\u00e9curit\u00e9 \u00e0 distance :<\/b> Permet de contr\u00f4ler les conduites \u00e0 vide dans les zones difficiles d'acc\u00e8s ou dangereuses.<\/p>\n<\/li>\n<li>\n<p data-path-to-node=\"37,2,0\"><b>Pr\u00e9vention des fuites :<\/b> Assure une fermeture positive pour maintenir les niveaux de vide du syst\u00e8me lorsque la pompe est \u00e0 l'arr\u00eat.<\/p>\n<\/li>\n<li>\n<p data-path-to-node=\"37,3,0\"><b>Int\u00e9gration syst\u00e8me :<\/b> S'int\u00e8gre facilement aux vacuom\u00e8tres et aux contr\u00f4leurs de pompe.<\/p>\n<\/li>\n<\/ul>\n<h2 data-path-to-node=\"38\">Domaines d'application et emplacements<\/h2>\n<ul data-path-to-node=\"39\">\n<li>\n<p data-path-to-node=\"39,0,0\"><b>Rev\u00eatement sous vide :<\/b> Lignes d'\u00e9bauche PVD\/CVD.<\/p>\n<\/li>\n<li>\n<p data-path-to-node=\"39,1,0\"><b>Thermoformage :<\/b> Application automatis\u00e9e du vide pour le moulage plastique.<\/p>\n<\/li>\n<li>\n<p data-path-to-node=\"39,2,0\"><b>Transformation alimentaire :<\/b> Refroidissement sous vide automatis\u00e9 ou lyophilisation.<\/p>\n<\/li>\n<\/ul>","protected":false},"excerpt":{"rendered":"<p data-path-to-node=\"30\"><b>Isolation automatis\u00e9e pour syst\u00e8mes \u00e0 vide.<\/b><\/p>\n<p data-path-to-node=\"31\">Le <b>Soupape pneumatique \u00e0 vide<\/b> permet le s\u00e9quen\u00e7age \u00e0 distance des conduites \u00e0 vide. Associant notre corps de vanne \u00e0 vide haute int\u00e9grit\u00e9 \u00e0 un actionneur pneumatique, cet appareil est indispensable pour les cycles \u00e0 vide automatis\u00e9s, tels que les s\u00e9quences de pompage ou la ventilation de la chambre, tous contr\u00f4l\u00e9s via un PLC central.<\/p>","protected":false},"featured_media":3801,"template":"","meta":{"site-sidebar-layout":"default","site-content-layout":"","ast-site-content-layout":"default","site-content-style":"default","site-sidebar-style":"default","ast-global-header-display":"","ast-banner-title-visibility":"","ast-main-header-display":"","ast-hfb-above-header-display":"","ast-hfb-below-header-display":"","ast-hfb-mobile-header-display":"","site-post-title":"","ast-breadcrumbs-content":"","ast-featured-img":"","footer-sml-layout":"","ast-disable-related-posts":"","theme-transparent-header-meta":"default","adv-header-id-meta":"","stick-header-meta":"","header-above-stick-meta":"","header-main-stick-meta":"","header-below-stick-meta":"","astra-migrate-meta-layouts":"set","ast-page-background-enabled":"default","ast-page-background-meta":{"desktop":{"background-color":"var(--ast-global-color-4)","background-image":"","background-repeat":"repeat","background-position":"center center","background-size":"auto","background-attachment":"scroll","background-type":"","background-media":"","overlay-type":"","overlay-color":"","overlay-opacity":"","overlay-gradient":""},"tablet":{"background-color":"","background-image":"","background-repeat":"repeat","background-position":"center center","background-size":"auto","background-attachment":"scroll","background-type":"","background-media":"","overlay-type":"","overlay-color":"","overlay-opacity":"","overlay-gradient":""},"mobile":{"background-color":"","background-image":"","background-repeat":"repeat","background-position":"center center","background-size":"auto","background-attachment":"scroll","background-type":"","background-media":"","overlay-type":"","overlay-color":"","overlay-opacity":"","overlay-gradient":""}},"ast-content-background-meta":{"desktop":{"background-color":"var(--ast-global-color-5)","background-image":"","background-repeat":"repeat","background-position":"center center","background-size":"auto","background-attachment":"scroll","background-type":"","background-media":"","overlay-type":"","overlay-color":"","overlay-opacity":"","overlay-gradient":""},"tablet":{"background-color":"var(--ast-global-color-5)","background-image":"","background-repeat":"repeat","background-position":"center center","background-size":"auto","background-attachment":"scroll","background-type":"","background-media":"","overlay-type":"","overlay-color":"","overlay-opacity":"","overlay-gradient":""},"mobile":{"background-color":"var(--ast-global-color-5)","background-image":"","background-repeat":"repeat","background-position":"center center","background-size":"auto","background-attachment":"scroll","background-type":"","background-media":"","overlay-type":"","overlay-color":"","overlay-opacity":"","overlay-gradient":""}}},"product_brand":[],"product_cat":[68],"product_tag":[],"class_list":{"0":"post-3850","1":"product","2":"type-product","3":"status-publish","4":"has-post-thumbnail","6":"product_cat-vacuum-valve","7":"desktop-align-left","8":"tablet-align-left","9":"mobile-align-left","11":"first","12":"instock","13":"taxable","14":"shipping-taxable","15":"purchasable","16":"product-type-simple"},"_links":{"self":[{"href":"https:\/\/ballvalves.tw\/fr\/wp-json\/wp\/v2\/product\/3850","targetHints":{"allow":["GET"]}}],"collection":[{"href":"https:\/\/ballvalves.tw\/fr\/wp-json\/wp\/v2\/product"}],"about":[{"href":"https:\/\/ballvalves.tw\/fr\/wp-json\/wp\/v2\/types\/product"}],"wp:featuredmedia":[{"embeddable":true,"href":"https:\/\/ballvalves.tw\/fr\/wp-json\/wp\/v2\/media\/3801"}],"wp:attachment":[{"href":"https:\/\/ballvalves.tw\/fr\/wp-json\/wp\/v2\/media?parent=3850"}],"wp:term":[{"taxonomy":"product_brand","embeddable":true,"href":"https:\/\/ballvalves.tw\/fr\/wp-json\/wp\/v2\/product_brand?post=3850"},{"taxonomy":"product_cat","embeddable":true,"href":"https:\/\/ballvalves.tw\/fr\/wp-json\/wp\/v2\/product_cat?post=3850"},{"taxonomy":"product_tag","embeddable":true,"href":"https:\/\/ballvalves.tw\/fr\/wp-json\/wp\/v2\/product_tag?post=3850"}],"curies":[{"name":"wp","href":"https:\/\/api.w.org\/{rel}","templated":true}]}}