{"id":3836,"date":"2025-10-17T09:08:15","date_gmt":"2025-10-17T01:08:15","guid":{"rendered":"https:\/\/ballvalves.tw\/?post_type=product&#038;p=3836"},"modified":"2025-12-11T13:07:31","modified_gmt":"2025-12-11T05:07:31","slug":"sanitary-pneumatic-ball-valve","status":"publish","type":"product","link":"https:\/\/ballvalves.tw\/fr\/produit\/sanitary-pneumatic-ball-valve\/","title":{"rendered":"Vanne \u00e0 bille pneumatique sanitaire (support de montage ISO), type \u00e0 bride \/ soudure L3 ; encapsulation totale \/ semi-encapsulation"},"content":{"rendered":"<h2 data-path-to-node=\"60\">Description du produit<\/h2>\n<p data-path-to-node=\"61\">Cette vanne int\u00e8gre la conception sans cavit\u00e9 de nos vannes manuelles sanitaires avec l'efficacit\u00e9 de l'automatisation pneumatique. Les <b>Tampon de montage ISO (plate-forme haute)<\/b> Il s\u00e9pare l'actionneur du corps de la vanne, emp\u00eachant le transfert de chaleur et permettant un lavage facile de l'ext\u00e9rieur de la vanne sans endommager l'actionneur. Il est con\u00e7u pour des cycles CIP\/SIP enti\u00e8rement automatis\u00e9s.<\/p>\n<h2 data-path-to-node=\"62\">Caract\u00e9ristiques techniques principales<\/h2>\n<ul data-path-to-node=\"63\">\n<li>\n<p data-path-to-node=\"63,0,0\"><b>Mat\u00e9riau du corps :<\/b> Acier inoxydable ASTM 316 (polissage sanitaire)<\/p>\n<\/li>\n<li>\n<p data-path-to-node=\"63,1,0\"><b>Actionneur :<\/b> Cylindre en alliage d'aluminium (ou actionneur en acier inoxydable en option)<\/p>\n<\/li>\n<li>\n<p data-path-to-node=\"63,2,0\"><b>Montage :<\/b> Tampon \u00e0 montage direct ISO 5211<\/p>\n<\/li>\n<li>\n<p data-path-to-node=\"63,3,0\"><b>Gamme de tailles :<\/b> 1\/2\u2033 ~ 4\u2033<\/p>\n<\/li>\n<li>\n<p data-path-to-node=\"63,4,0\"><b>Connexion :<\/b> Clamp \/ L3 Weld<\/p>\n<\/li>\n<li>\n<p data-path-to-node=\"63,5,0\"><b>Si\u00e8ge :<\/b> Encapsulation compl\u00e8te\/semi-encapsulation<\/p>\n<\/li>\n<\/ul>\n<h2 data-path-to-node=\"64\">Avantages et b\u00e9n\u00e9fices<\/h2>\n<ul data-path-to-node=\"65\">\n<li>\n<p data-path-to-node=\"65,0,0\"><b>Montage direct de l'actionneur :<\/b> Le tampon ISO permet un assemblage plus stable, plus compact et un alignement plus parfait que les vannes mont\u00e9es sur support.<\/p>\n<\/li>\n<li>\n<p data-path-to-node=\"65,1,0\"><b>CIP\/SIP automatis\u00e9 :<\/b> Permet des cycles de nettoyage enti\u00e8rement \u00e0 distance, r\u00e9duisant l'erreur humaine et le risque de contamination.<\/p>\n<\/li>\n<li>\n<p data-path-to-node=\"65,2,0\"><b>Conformit\u00e9 hygi\u00e9nique :<\/b> Con\u00e7us pour r\u00e9pondre \u00e0 des exigences sanitaires strictes pour les parties en contact avec le produit.<\/p>\n<\/li>\n<li>\n<p data-path-to-node=\"65,3,0\"><b>Haut d\u00e9bit :<\/b> La conception \u00e0 passage int\u00e9gral assure un d\u00e9bit maximal pour les produits alimentaires visqueux tels que les sauces ou les sirops.<\/p>\n<\/li>\n<\/ul>\n<h2 data-path-to-node=\"66\">Domaines d'application et emplacements<\/h2>\n<ul data-path-to-node=\"67\">\n<li>\n<p data-path-to-node=\"67,0,0\"><b>Lignes d'embouteillage automatis\u00e9es :<\/b> Contr\u00f4le du flux vers les buses de remplissage.<\/p>\n<\/li>\n<li>\n<p data-path-to-node=\"67,1,0\"><b>Automatisation des brasseries :<\/b> R\u00e9gulation de la temp\u00e9rature et lignes de transfert des r\u00e9servoirs.<\/p>\n<\/li>\n<li>\n<p data-path-to-node=\"67,2,0\"><b>Les d\u00e9rapages pharmaceutiques :<\/b> Distribution automatis\u00e9e d'eau purifi\u00e9e.<\/p>\n<\/li>\n<li>\n<p data-path-to-node=\"67,3,0\"><b>Transformation des produits laitiers :<\/b> Syst\u00e8mes de transfert de lait et de yaourt.<\/p>\n<\/li>\n<\/ul>","protected":false},"excerpt":{"rendered":"<p data-path-to-node=\"58\"><b>Hygi\u00e8ne automatis\u00e9e : La norme pour les lignes de traitement st\u00e9rile.<\/b><\/p>\n<p data-path-to-node=\"59\">Le <b>Robinet \u00e0 boisseau sph\u00e9rique pneumatique sanitaire<\/b> apporte l'automatisation dans les salles blanches. Construit sur un <b>Acier inoxydable 316<\/b> Avec son corps \u201cHigh Platform\u201d conforme \u00e0 la norme ISO, il permet le montage direct d'un actionneur pneumatique sans support, ce qui garantit un assemblage compact et rigide. Combin\u00e9 avec <b>Clamp ou L3 Weld<\/b> et des si\u00e8ges encapsul\u00e9s, il est le moteur de la production hygi\u00e9nique moderne.<\/p>","protected":false},"featured_media":3782,"template":"","meta":{"site-sidebar-layout":"default","site-content-layout":"","ast-site-content-layout":"default","site-content-style":"default","site-sidebar-style":"default","ast-global-header-display":"","ast-banner-title-visibility":"","ast-main-header-display":"","ast-hfb-above-header-display":"","ast-hfb-below-header-display":"","ast-hfb-mobile-header-display":"","site-post-title":"","ast-breadcrumbs-content":"","ast-featured-img":"","footer-sml-layout":"","ast-disable-related-posts":"","theme-transparent-header-meta":"default","adv-header-id-meta":"","stick-header-meta":"","header-above-stick-meta":"","header-main-stick-meta":"","header-below-stick-meta":"","astra-migrate-meta-layouts":"set","ast-page-background-enabled":"default","ast-page-background-meta":{"desktop":{"background-color":"var(--ast-global-color-4)","background-image":"","background-repeat":"repeat","background-position":"center center","background-size":"auto","background-attachment":"scroll","background-type":"","background-media":"","overlay-type":"","overlay-color":"","overlay-opacity":"","overlay-gradient":""},"tablet":{"background-color":"","background-image":"","background-repeat":"repeat","background-position":"center center","background-size":"auto","background-attachment":"scroll","background-type":"","background-media":"","overlay-type":"","overlay-color":"","overlay-opacity":"","overlay-gradient":""},"mobile":{"background-color":"","background-image":"","background-repeat":"repeat","background-position":"center center","background-size":"auto","background-attachment":"scroll","background-type":"","background-media":"","overlay-type":"","overlay-color":"","overlay-opacity":"","overlay-gradient":""}},"ast-content-background-meta":{"desktop":{"background-color":"var(--ast-global-color-5)","background-image":"","background-repeat":"repeat","background-position":"center center","background-size":"auto","background-attachment":"scroll","background-type":"","background-media":"","overlay-type":"","overlay-color":"","overlay-opacity":"","overlay-gradient":""},"tablet":{"background-color":"var(--ast-global-color-5)","background-image":"","background-repeat":"repeat","background-position":"center center","background-size":"auto","background-attachment":"scroll","background-type":"","background-media":"","overlay-type":"","overlay-color":"","overlay-opacity":"","overlay-gradient":""},"mobile":{"background-color":"var(--ast-global-color-5)","background-image":"","background-repeat":"repeat","background-position":"center center","background-size":"auto","background-attachment":"scroll","background-type":"","background-media":"","overlay-type":"","overlay-color":"","overlay-opacity":"","overlay-gradient":""}}},"product_brand":[],"product_cat":[63],"product_tag":[],"class_list":{"0":"post-3836","1":"product","2":"type-product","3":"status-publish","4":"has-post-thumbnail","6":"product_cat-sanitary-clamp-type","7":"desktop-align-left","8":"tablet-align-left","9":"mobile-align-left","11":"first","12":"instock","13":"taxable","14":"shipping-taxable","15":"purchasable","16":"product-type-simple"},"_links":{"self":[{"href":"https:\/\/ballvalves.tw\/fr\/wp-json\/wp\/v2\/product\/3836","targetHints":{"allow":["GET"]}}],"collection":[{"href":"https:\/\/ballvalves.tw\/fr\/wp-json\/wp\/v2\/product"}],"about":[{"href":"https:\/\/ballvalves.tw\/fr\/wp-json\/wp\/v2\/types\/product"}],"wp:featuredmedia":[{"embeddable":true,"href":"https:\/\/ballvalves.tw\/fr\/wp-json\/wp\/v2\/media\/3782"}],"wp:attachment":[{"href":"https:\/\/ballvalves.tw\/fr\/wp-json\/wp\/v2\/media?parent=3836"}],"wp:term":[{"taxonomy":"product_brand","embeddable":true,"href":"https:\/\/ballvalves.tw\/fr\/wp-json\/wp\/v2\/product_brand?post=3836"},{"taxonomy":"product_cat","embeddable":true,"href":"https:\/\/ballvalves.tw\/fr\/wp-json\/wp\/v2\/product_cat?post=3836"},{"taxonomy":"product_tag","embeddable":true,"href":"https:\/\/ballvalves.tw\/fr\/wp-json\/wp\/v2\/product_tag?post=3836"}],"curies":[{"name":"wp","href":"https:\/\/api.w.org\/{rel}","templated":true}]}}