{"id":3835,"date":"2025-10-17T09:06:17","date_gmt":"2025-10-17T01:06:17","guid":{"rendered":"https:\/\/ballvalves.tw\/?post_type=product&#038;p=3835"},"modified":"2025-12-11T13:06:55","modified_gmt":"2025-12-11T05:06:55","slug":"sanitary-manual-ball-valve","status":"publish","type":"product","link":"https:\/\/ballvalves.tw\/fr\/produit\/sanitary-manual-ball-valve\/","title":{"rendered":"Vanne \u00e0 bille manuelle sanitaire, type \u00e0 bride \/ soudure L3 ; encapsulation totale \/ semi-encapsulation"},"content":{"rendered":"<h2 data-path-to-node=\"47\">Description du produit<\/h2>\n<p data-path-to-node=\"48\">Les vannes industrielles standard ont des \u201ccavit\u00e9s\u201d autour de la bille o\u00f9 le fluide peut \u00eatre pi\u00e9g\u00e9 et s'ab\u00eemer. Notre s\u00e9rie sanitaire utilise <b>Si\u00e8ges remplis de cavit\u00e9s (encapsul\u00e9s)<\/b> qui remplissent ces vides, cr\u00e9ant ainsi une surface interne sans soudure. Cela permet des proc\u00e9dures efficaces de nettoyage en place (CIP) et de st\u00e9rilisation en place (SIP). La vanne peut \u00eatre facilement d\u00e9connect\u00e9e (type Clamp) pour l'inspection ou soud\u00e9e en permanence (type L3 Weld) pour les boucles st\u00e9riles.<\/p>\n<h2 data-path-to-node=\"49\">Caract\u00e9ristiques techniques principales<\/h2>\n<ul data-path-to-node=\"50\">\n<li>\n<p data-path-to-node=\"50,0,0\"><b>Mat\u00e9riau du corps :<\/b> Acier inoxydable ASTM 316 (finition polie)<\/p>\n<\/li>\n<li>\n<p data-path-to-node=\"50,1,0\"><b>Gamme de tailles :<\/b> 1\/2\u2033 ~ 4\u2033<\/p>\n<\/li>\n<li>\n<p data-path-to-node=\"50,2,0\"><b>Connexion :<\/b> Clamp sanitaire (ferrule) ou soudure bout \u00e0 bout prolong\u00e9e (L3)<\/p>\n<\/li>\n<li>\n<p data-path-to-node=\"50,3,0\"><b>Conception du si\u00e8ge :<\/b> Encapsulation compl\u00e8te (cavit\u00e9 remplie) ou semi-encapsulation<\/p>\n<\/li>\n<li>\n<p data-path-to-node=\"50,4,0\"><b>Normes :<\/b> Conforme aux normes alimentaires et hygi\u00e9niques.<\/p>\n<\/li>\n<\/ul>\n<h2 data-path-to-node=\"51\">Avantages et b\u00e9n\u00e9fices<\/h2>\n<ul data-path-to-node=\"52\">\n<li>\n<p data-path-to-node=\"52,0,0\"><b>Pr\u00e9vention des bact\u00e9ries :<\/b> Les si\u00e8ges remplis de cavit\u00e9s emp\u00eachent la stagnation des fluides et la prolif\u00e9ration des bact\u00e9ries.<\/p>\n<\/li>\n<li>\n<p data-path-to-node=\"52,1,0\"><b>Nettoyage facile :<\/b> La surface tr\u00e8s polie et la conception sans interstices permettent une st\u00e9rilisation compl\u00e8te.<\/p>\n<\/li>\n<li>\n<p data-path-to-node=\"52,2,0\"><b>D\u00e9montage rapide :<\/b> Les raccords clamp permettent aux op\u00e9rateurs de retirer la vanne pour un nettoyage manuel en quelques secondes et sans outils.<\/p>\n<\/li>\n<li>\n<p data-path-to-node=\"52,3,0\"><b>Puret\u00e9 du mat\u00e9riau :<\/b> Fabriqu\u00e9 en acier inoxydable 316 de haute qualit\u00e9 pour \u00e9viter toute contamination des produits alimentaires ou pharmaceutiques sensibles.<\/p>\n<\/li>\n<\/ul>\n<h2 data-path-to-node=\"53\">Domaines d'application et emplacements<\/h2>\n<ul data-path-to-node=\"54\">\n<li>\n<p data-path-to-node=\"54,0,0\"><b>Alimentation et boissons :<\/b> Lignes de traitement des produits laitiers, des brasseries et des jus de fruits.<\/p>\n<\/li>\n<li>\n<p data-path-to-node=\"54,1,0\"><b>Produits pharmaceutiques :<\/b> Eau purifi\u00e9e (WFI) et distribution d'ingr\u00e9dients.<\/p>\n<\/li>\n<li>\n<p data-path-to-node=\"54,2,0\"><b>Biotechnologie :<\/b> Cuves de fermentation et orifices d'\u00e9chantillonnage.<\/p>\n<\/li>\n<li>\n<p data-path-to-node=\"54,3,0\"><b>Cosm\u00e9tiques :<\/b> Lignes de m\u00e9lange et de remplissage pour les lotions et les cr\u00e8mes.<\/p>\n<\/li>\n<\/ul>","protected":false},"excerpt":{"rendered":"<p data-path-to-node=\"45\"><b>Conception hygi\u00e9nique pour la s\u00e9curit\u00e9 des aliments, des boissons et des produits biopharmaceutiques.<\/b><\/p>\n<p data-path-to-node=\"46\">Le <b>Robinet \u00e0 boisseau sph\u00e9rique manuel sanitaire<\/b> est strictement fabriqu\u00e9 pour r\u00e9pondre \u00e0 des normes de puret\u00e9 \u00e9lev\u00e9es. Avec <b>Pince (Tri-Clamp)<\/b> ou <b>L3 Weld<\/b> et d'un vernis de haute qualit\u00e9 <b>Acier inoxydable 316<\/b> Cette valve garantit qu'aucune bact\u00e9rie ne peut s'y cacher. Disponible avec <b>Encapsulation compl\u00e8te<\/b> ou <b>Semi-Encapsulation<\/b> il \u00e9limine les espaces morts o\u00f9 le produit pourrait stagner.<\/p>","protected":false},"featured_media":3781,"template":"","meta":{"site-sidebar-layout":"default","site-content-layout":"","ast-site-content-layout":"default","site-content-style":"default","site-sidebar-style":"default","ast-global-header-display":"","ast-banner-title-visibility":"","ast-main-header-display":"","ast-hfb-above-header-display":"","ast-hfb-below-header-display":"","ast-hfb-mobile-header-display":"","site-post-title":"","ast-breadcrumbs-content":"","ast-featured-img":"","footer-sml-layout":"","ast-disable-related-posts":"","theme-transparent-header-meta":"default","adv-header-id-meta":"","stick-header-meta":"","header-above-stick-meta":"","header-main-stick-meta":"","header-below-stick-meta":"","astra-migrate-meta-layouts":"set","ast-page-background-enabled":"default","ast-page-background-meta":{"desktop":{"background-color":"var(--ast-global-color-4)","background-image":"","background-repeat":"repeat","background-position":"center center","background-size":"auto","background-attachment":"scroll","background-type":"","background-media":"","overlay-type":"","overlay-color":"","overlay-opacity":"","overlay-gradient":""},"tablet":{"background-color":"","background-image":"","background-repeat":"repeat","background-position":"center center","background-size":"auto","background-attachment":"scroll","background-type":"","background-media":"","overlay-type":"","overlay-color":"","overlay-opacity":"","overlay-gradient":""},"mobile":{"background-color":"","background-image":"","background-repeat":"repeat","background-position":"center center","background-size":"auto","background-attachment":"scroll","background-type":"","background-media":"","overlay-type":"","overlay-color":"","overlay-opacity":"","overlay-gradient":""}},"ast-content-background-meta":{"desktop":{"background-color":"var(--ast-global-color-5)","background-image":"","background-repeat":"repeat","background-position":"center center","background-size":"auto","background-attachment":"scroll","background-type":"","background-media":"","overlay-type":"","overlay-color":"","overlay-opacity":"","overlay-gradient":""},"tablet":{"background-color":"var(--ast-global-color-5)","background-image":"","background-repeat":"repeat","background-position":"center center","background-size":"auto","background-attachment":"scroll","background-type":"","background-media":"","overlay-type":"","overlay-color":"","overlay-opacity":"","overlay-gradient":""},"mobile":{"background-color":"var(--ast-global-color-5)","background-image":"","background-repeat":"repeat","background-position":"center center","background-size":"auto","background-attachment":"scroll","background-type":"","background-media":"","overlay-type":"","overlay-color":"","overlay-opacity":"","overlay-gradient":""}}},"product_brand":[],"product_cat":[63],"product_tag":[],"class_list":{"0":"post-3835","1":"product","2":"type-product","3":"status-publish","4":"has-post-thumbnail","6":"product_cat-sanitary-clamp-type","7":"desktop-align-left","8":"tablet-align-left","9":"mobile-align-left","11":"first","12":"instock","13":"taxable","14":"shipping-taxable","15":"purchasable","16":"product-type-simple"},"_links":{"self":[{"href":"https:\/\/ballvalves.tw\/fr\/wp-json\/wp\/v2\/product\/3835","targetHints":{"allow":["GET"]}}],"collection":[{"href":"https:\/\/ballvalves.tw\/fr\/wp-json\/wp\/v2\/product"}],"about":[{"href":"https:\/\/ballvalves.tw\/fr\/wp-json\/wp\/v2\/types\/product"}],"wp:featuredmedia":[{"embeddable":true,"href":"https:\/\/ballvalves.tw\/fr\/wp-json\/wp\/v2\/media\/3781"}],"wp:attachment":[{"href":"https:\/\/ballvalves.tw\/fr\/wp-json\/wp\/v2\/media?parent=3835"}],"wp:term":[{"taxonomy":"product_brand","embeddable":true,"href":"https:\/\/ballvalves.tw\/fr\/wp-json\/wp\/v2\/product_brand?post=3835"},{"taxonomy":"product_cat","embeddable":true,"href":"https:\/\/ballvalves.tw\/fr\/wp-json\/wp\/v2\/product_cat?post=3835"},{"taxonomy":"product_tag","embeddable":true,"href":"https:\/\/ballvalves.tw\/fr\/wp-json\/wp\/v2\/product_tag?post=3835"}],"curies":[{"name":"wp","href":"https:\/\/api.w.org\/{rel}","templated":true}]}}