{"id":3832,"date":"2025-10-17T09:03:29","date_gmt":"2025-10-17T01:03:29","guid":{"rendered":"https:\/\/ballvalves.tw\/?post_type=product&#038;p=3832"},"modified":"2025-12-11T13:01:53","modified_gmt":"2025-12-11T05:01:53","slug":"3pcs-pneumatic-ball-valve","status":"publish","type":"product","link":"https:\/\/ballvalves.tw\/fr\/produit\/3pcs-pneumatic-ball-valve\/","title":{"rendered":"Vanne \u00e0 bille pneumatique en trois parties"},"content":{"rendered":"<h2 data-path-to-node=\"58\">Description du produit<\/h2>\n<p data-path-to-node=\"59\">Cette vanne automatis\u00e9e haut de gamme r\u00e9sout le probl\u00e8me de l'entretien des lignes automatis\u00e9es soud\u00e9es ou filet\u00e9es. En retirant les boulons du corps, la section centrale de la vanne (avec l'actionneur fix\u00e9) peut \u00eatre retir\u00e9e ou bascul\u00e9e pour \u00eatre inspect\u00e9e. Ceci est essentiel dans les industries o\u00f9 les joints s'usent en raison des taux de cycles \u00e9lev\u00e9s ou lorsque le nettoyage sanitaire est n\u00e9cessaire.<\/p>\n<h2 data-path-to-node=\"60\">Caract\u00e9ristiques techniques principales<\/h2>\n<ul>\n<li data-path-to-node=\"61,0,0\"><b>Corps de soupape :<\/b> Conception en trois parties, acier inoxydable ASTM 316<\/li>\n<li data-path-to-node=\"61,1,0\"><b>Actionneur :<\/b> Cylindre en alliage d'aluminium<\/li>\n<li data-path-to-node=\"61,2,0\"><b>Gamme de tailles :<\/b> 3\/8\u2033 ~ 4\u2033<\/li>\n<li data-path-to-node=\"61,3,0\"><b>Connexions d'extr\u00e9mit\u00e9 :<\/b> Taraud\u00e9, \u00e0 souder bout \u00e0 bout ou \u00e0 souder par embo\u00eetement<\/li>\n<li data-path-to-node=\"61,4,0\"><b>Entretien :<\/b> Conception du corps pivotant<\/li>\n<\/ul>\n<h2 data-path-to-node=\"62\">Avantages et b\u00e9n\u00e9fices<\/h2>\n<ul>\n<li data-path-to-node=\"63,0,0\"><b>Co\u00fbt de maintenance le plus bas :<\/b> Les joints peuvent \u00eatre remplac\u00e9s sans avoir \u00e0 d\u00e9monter l'ensemble de l'automatisme de la canalisation.<\/li>\n<li data-path-to-node=\"63,1,0\"><b>Durabilit\u00e9 \u00e0 cycle \u00e9lev\u00e9 :<\/b> Construit pour r\u00e9sister aux rigueurs d'une ouverture et d'une fermeture fr\u00e9quentes.<\/li>\n<li data-path-to-node=\"63,2,0\"><b>Protection de l'\u00e9lectronique :<\/b> La conception permet de souder le corps du robinet dans la conduite (si l'on utilise des embouts \u00e0 souder) avant de monter l'actionneur, ce qui prot\u00e8ge les composants pneumatiques sensibles de la chaleur.<\/li>\n<li data-path-to-node=\"63,3,0\"><b>Polyvalence :<\/b> Convient aux lignes de process critiques n\u00e9cessitant des connexions soud\u00e9es s\u00fbres.<\/li>\n<\/ul>\n<h2 data-path-to-node=\"64\">Domaines d'application et emplacements<\/h2>\n<ul>\n<li data-path-to-node=\"65,0,0\"><b>Semi-conducteurs et \u00e9lectronique :<\/b> Conduites d'eau ultra-pure et de produits chimiques.<\/li>\n<li data-path-to-node=\"65,1,0\"><b>Alimentation et boissons :<\/b> Les conduites de vapeur et d'\u00e9lectricit\u00e9 n\u00e9cessitent des contr\u00f4les fr\u00e9quents.<\/li>\n<li data-path-to-node=\"65,2,0\"><b>P\u00e9trochimie :<\/b> Lignes d'arr\u00eat automatiques critiques.<\/li>\n<li data-path-to-node=\"65,3,0\"><b>Pharmaceutique :<\/b> Syst\u00e8mes d'utilit\u00e9 publique.<\/li>\n<\/ul>","protected":false},"excerpt":{"rendered":"<p data-path-to-node=\"56\"><b>La solution ultime pour une automatisation maintenable.<\/b><\/p>\n<p data-path-to-node=\"57\">Le <b>Vanne \u00e0 bille pneumatique en trois parties<\/b> offre le plus haut niveau de flexibilit\u00e9 et de facilit\u00e9 d'entretien dans le domaine des vannes automatis\u00e9es. Associant le corps \u201cpivotant\u201d de la s\u00e9rie V-3A \u00e0 un actionneur pneumatique, cette unit\u00e9 permet de remplacer facilement les joints et de nettoyer le syst\u00e8me sans d\u00e9monter l'actionneur ou les raccords de tuyauterie.<\/p>","protected":false},"featured_media":3779,"template":"","meta":{"site-sidebar-layout":"default","site-content-layout":"","ast-site-content-layout":"default","site-content-style":"default","site-sidebar-style":"default","ast-global-header-display":"","ast-banner-title-visibility":"","ast-main-header-display":"","ast-hfb-above-header-display":"","ast-hfb-below-header-display":"","ast-hfb-mobile-header-display":"","site-post-title":"","ast-breadcrumbs-content":"","ast-featured-img":"","footer-sml-layout":"","ast-disable-related-posts":"","theme-transparent-header-meta":"default","adv-header-id-meta":"","stick-header-meta":"","header-above-stick-meta":"","header-main-stick-meta":"","header-below-stick-meta":"","astra-migrate-meta-layouts":"set","ast-page-background-enabled":"default","ast-page-background-meta":{"desktop":{"background-color":"var(--ast-global-color-4)","background-image":"","background-repeat":"repeat","background-position":"center center","background-size":"auto","background-attachment":"scroll","background-type":"","background-media":"","overlay-type":"","overlay-color":"","overlay-opacity":"","overlay-gradient":""},"tablet":{"background-color":"","background-image":"","background-repeat":"repeat","background-position":"center center","background-size":"auto","background-attachment":"scroll","background-type":"","background-media":"","overlay-type":"","overlay-color":"","overlay-opacity":"","overlay-gradient":""},"mobile":{"background-color":"","background-image":"","background-repeat":"repeat","background-position":"center center","background-size":"auto","background-attachment":"scroll","background-type":"","background-media":"","overlay-type":"","overlay-color":"","overlay-opacity":"","overlay-gradient":""}},"ast-content-background-meta":{"desktop":{"background-color":"var(--ast-global-color-5)","background-image":"","background-repeat":"repeat","background-position":"center center","background-size":"auto","background-attachment":"scroll","background-type":"","background-media":"","overlay-type":"","overlay-color":"","overlay-opacity":"","overlay-gradient":""},"tablet":{"background-color":"var(--ast-global-color-5)","background-image":"","background-repeat":"repeat","background-position":"center center","background-size":"auto","background-attachment":"scroll","background-type":"","background-media":"","overlay-type":"","overlay-color":"","overlay-opacity":"","overlay-gradient":""},"mobile":{"background-color":"var(--ast-global-color-5)","background-image":"","background-repeat":"repeat","background-position":"center center","background-size":"auto","background-attachment":"scroll","background-type":"","background-media":"","overlay-type":"","overlay-color":"","overlay-opacity":"","overlay-gradient":""}}},"product_brand":[],"product_cat":[61],"product_tag":[],"class_list":{"0":"post-3832","1":"product","2":"type-product","3":"status-publish","4":"has-post-thumbnail","6":"product_cat-pneumatic-ball-valve","7":"desktop-align-left","8":"tablet-align-left","9":"mobile-align-left","11":"first","12":"instock","13":"taxable","14":"shipping-taxable","15":"purchasable","16":"product-type-simple"},"_links":{"self":[{"href":"https:\/\/ballvalves.tw\/fr\/wp-json\/wp\/v2\/product\/3832","targetHints":{"allow":["GET"]}}],"collection":[{"href":"https:\/\/ballvalves.tw\/fr\/wp-json\/wp\/v2\/product"}],"about":[{"href":"https:\/\/ballvalves.tw\/fr\/wp-json\/wp\/v2\/types\/product"}],"wp:featuredmedia":[{"embeddable":true,"href":"https:\/\/ballvalves.tw\/fr\/wp-json\/wp\/v2\/media\/3779"}],"wp:attachment":[{"href":"https:\/\/ballvalves.tw\/fr\/wp-json\/wp\/v2\/media?parent=3832"}],"wp:term":[{"taxonomy":"product_brand","embeddable":true,"href":"https:\/\/ballvalves.tw\/fr\/wp-json\/wp\/v2\/product_brand?post=3832"},{"taxonomy":"product_cat","embeddable":true,"href":"https:\/\/ballvalves.tw\/fr\/wp-json\/wp\/v2\/product_cat?post=3832"},{"taxonomy":"product_tag","embeddable":true,"href":"https:\/\/ballvalves.tw\/fr\/wp-json\/wp\/v2\/product_tag?post=3832"}],"curies":[{"name":"wp","href":"https:\/\/api.w.org\/{rel}","templated":true}]}}