{"id":3830,"date":"2025-10-17T09:01:45","date_gmt":"2025-10-17T01:01:45","guid":{"rendered":"https:\/\/ballvalves.tw\/?post_type=product&#038;p=3830"},"modified":"2025-12-11T13:00:26","modified_gmt":"2025-12-11T05:00:26","slug":"one-piece-pneumatic-ball-valve","status":"publish","type":"product","link":"https:\/\/ballvalves.tw\/fr\/produit\/one-piece-pneumatic-ball-valve\/","title":{"rendered":"Vanne \u00e0 bille pneumatique monobloc"},"content":{"rendered":"<h2 data-path-to-node=\"32\">Description du produit<\/h2>\n<p data-path-to-node=\"33\">Cet appareil automatise la vanne \u00e0 bille monobloc standard \u00e0 l'aide d'un actionneur pneumatique \u00e0 cr\u00e9maill\u00e8re et pignon. La conception monobloc du corps offre la protection la plus robuste contre les fuites (aucun joint dans le corps), tandis que l'actionneur permet l'int\u00e9gration dans des syst\u00e8mes contr\u00f4l\u00e9s par PLC. Il s'agit d'une solution \u00e9conomique pour les lignes automatis\u00e9es qui ne n\u00e9cessitent pas d'entretien fr\u00e9quent des vannes.<\/p>\n<h2 data-path-to-node=\"34\">Caract\u00e9ristiques techniques principales<\/h2>\n<ul>\n<li data-path-to-node=\"35,0,0\"><b>Corps de soupape :<\/b> Conception monobloc, acier inoxydable ASTM 316<\/li>\n<li data-path-to-node=\"35,1,0\"><b>Actionneur :<\/b> Cylindre en alliage d'aluminium (anodis\u00e9 dur)<\/li>\n<li data-path-to-node=\"35,2,0\"><b>Gamme de tailles :<\/b> 1\/4 po ~ 3 po<\/li>\n<li data-path-to-node=\"35,3,0\"><b>Type de commande :<\/b> Double effet (air pour ouvrir\/fermer) ou retour par ressort (s\u00e9curit\u00e9 int\u00e9gr\u00e9e)<\/li>\n<li data-path-to-node=\"35,4,0\"><b>M\u00e9dias :<\/b> P\u00e9trole, eau, gaz<\/li>\n<\/ul>\n<h2 data-path-to-node=\"36\">Avantages et b\u00e9n\u00e9fices<\/h2>\n<ul>\n<li data-path-to-node=\"37,0,0\"><b>Pr\u00eat pour l'automatisation :<\/b> Permet le fonctionnement \u00e0 distance et l'int\u00e9gration avec les syst\u00e8mes d'automatisation industrielle.<\/li>\n<li data-path-to-node=\"37,1,0\"><b>S\u00e9curit\u00e9 :<\/b> \u00c9loigner l'op\u00e9rateur des zones dangereuses gr\u00e2ce \u00e0 la commande \u00e0 distance.<\/li>\n<li data-path-to-node=\"37,2,0\"><b>Compact et l\u00e9ger :<\/b> Le corps monobloc combin\u00e9 \u00e0 un actionneur en aluminium minimise les contraintes sur les supports de tuyauterie.<\/li>\n<li data-path-to-node=\"37,3,0\"><b>Rentable :<\/b> Une solution \u00e9conomique pour d\u00e9couvrir les vannes automatis\u00e9es en acier inoxydable.<\/li>\n<\/ul>\n<h2 data-path-to-node=\"38\">Domaines d'application et emplacements<\/h2>\n<ul>\n<li data-path-to-node=\"39,0,0\"><b>Machines OEM :<\/b> Machines de remplissage automatiques et \u00e9quipements d'emballage.<\/li>\n<li data-path-to-node=\"39,1,0\"><b>Teinture textile :<\/b> Distribution automatis\u00e9e des fluides.<\/li>\n<li data-path-to-node=\"39,2,0\"><b>Syst\u00e8mes antid\u00e9rapants :<\/b> Skids compacts automatis\u00e9s pour processus.<\/li>\n<\/ul>","protected":false},"excerpt":{"rendered":"<p data-path-to-node=\"30\"><b>Contr\u00f4le de d\u00e9bit automatis\u00e9 compact pour les espaces restreints.<\/b><\/p>\n<p data-path-to-node=\"31\">Le <b>Vanne \u00e0 bille pneumatique monobloc<\/b> int\u00e8gre le design compact de notre s\u00e9rie R-1B \u00e0 un actionneur pneumatique puissant. Id\u00e9ale pour les lignes industrielles automatis\u00e9es o\u00f9 l'espace est restreint, cette vanne offre une commande marche\/arr\u00eat \u00e0 distance fiable \u00e0 l'aide d'un <b>Acier inoxydable 316<\/b> corps et un poids l\u00e9ger <b>Cylindre en alliage d'aluminium<\/b> actionneur.<\/p>","protected":false},"featured_media":3774,"template":"","meta":{"site-sidebar-layout":"default","site-content-layout":"","ast-site-content-layout":"default","site-content-style":"default","site-sidebar-style":"default","ast-global-header-display":"","ast-banner-title-visibility":"","ast-main-header-display":"","ast-hfb-above-header-display":"","ast-hfb-below-header-display":"","ast-hfb-mobile-header-display":"","site-post-title":"","ast-breadcrumbs-content":"","ast-featured-img":"","footer-sml-layout":"","ast-disable-related-posts":"","theme-transparent-header-meta":"default","adv-header-id-meta":"","stick-header-meta":"","header-above-stick-meta":"","header-main-stick-meta":"","header-below-stick-meta":"","astra-migrate-meta-layouts":"set","ast-page-background-enabled":"default","ast-page-background-meta":{"desktop":{"background-color":"var(--ast-global-color-4)","background-image":"","background-repeat":"repeat","background-position":"center center","background-size":"auto","background-attachment":"scroll","background-type":"","background-media":"","overlay-type":"","overlay-color":"","overlay-opacity":"","overlay-gradient":""},"tablet":{"background-color":"","background-image":"","background-repeat":"repeat","background-position":"center center","background-size":"auto","background-attachment":"scroll","background-type":"","background-media":"","overlay-type":"","overlay-color":"","overlay-opacity":"","overlay-gradient":""},"mobile":{"background-color":"","background-image":"","background-repeat":"repeat","background-position":"center center","background-size":"auto","background-attachment":"scroll","background-type":"","background-media":"","overlay-type":"","overlay-color":"","overlay-opacity":"","overlay-gradient":""}},"ast-content-background-meta":{"desktop":{"background-color":"var(--ast-global-color-5)","background-image":"","background-repeat":"repeat","background-position":"center center","background-size":"auto","background-attachment":"scroll","background-type":"","background-media":"","overlay-type":"","overlay-color":"","overlay-opacity":"","overlay-gradient":""},"tablet":{"background-color":"var(--ast-global-color-5)","background-image":"","background-repeat":"repeat","background-position":"center center","background-size":"auto","background-attachment":"scroll","background-type":"","background-media":"","overlay-type":"","overlay-color":"","overlay-opacity":"","overlay-gradient":""},"mobile":{"background-color":"var(--ast-global-color-5)","background-image":"","background-repeat":"repeat","background-position":"center center","background-size":"auto","background-attachment":"scroll","background-type":"","background-media":"","overlay-type":"","overlay-color":"","overlay-opacity":"","overlay-gradient":""}}},"product_brand":[],"product_cat":[61],"product_tag":[],"class_list":{"0":"post-3830","1":"product","2":"type-product","3":"status-publish","4":"has-post-thumbnail","6":"product_cat-pneumatic-ball-valve","7":"desktop-align-left","8":"tablet-align-left","9":"mobile-align-left","11":"first","12":"instock","13":"taxable","14":"shipping-taxable","15":"purchasable","16":"product-type-simple"},"_links":{"self":[{"href":"https:\/\/ballvalves.tw\/fr\/wp-json\/wp\/v2\/product\/3830","targetHints":{"allow":["GET"]}}],"collection":[{"href":"https:\/\/ballvalves.tw\/fr\/wp-json\/wp\/v2\/product"}],"about":[{"href":"https:\/\/ballvalves.tw\/fr\/wp-json\/wp\/v2\/types\/product"}],"wp:featuredmedia":[{"embeddable":true,"href":"https:\/\/ballvalves.tw\/fr\/wp-json\/wp\/v2\/media\/3774"}],"wp:attachment":[{"href":"https:\/\/ballvalves.tw\/fr\/wp-json\/wp\/v2\/media?parent=3830"}],"wp:term":[{"taxonomy":"product_brand","embeddable":true,"href":"https:\/\/ballvalves.tw\/fr\/wp-json\/wp\/v2\/product_brand?post=3830"},{"taxonomy":"product_cat","embeddable":true,"href":"https:\/\/ballvalves.tw\/fr\/wp-json\/wp\/v2\/product_cat?post=3830"},{"taxonomy":"product_tag","embeddable":true,"href":"https:\/\/ballvalves.tw\/fr\/wp-json\/wp\/v2\/product_tag?post=3830"}],"curies":[{"name":"wp","href":"https:\/\/api.w.org\/{rel}","templated":true}]}}