{"id":3829,"date":"2025-10-17T09:00:57","date_gmt":"2025-10-17T01:00:57","guid":{"rendered":"https:\/\/ballvalves.tw\/?post_type=product&#038;p=3829"},"modified":"2025-12-11T12:59:16","modified_gmt":"2025-12-11T04:59:16","slug":"y-type-blowdown-valve-800wog","status":"publish","type":"product","link":"https:\/\/ballvalves.tw\/fr\/produit\/y-type-blowdown-valve-800wog\/","title":{"rendered":"Vanne de purge de type Y (maillage 20\/60\/100), 800 WOG"},"content":{"rendered":"<h2 data-path-to-node=\"19\">Description du produit<\/h2>\n<p data-path-to-node=\"20\">Ce produit fonctionne principalement comme un filtre, mais il est con\u00e7u pour les op\u00e9rations de \u201c purge \u201d. G\u00e9n\u00e9ralement utilis\u00e9 dans les applications \u00e0 vapeur ou \u00e0 fluides sales, il permet d'\u00e9vacuer les boues ou les d\u00e9bris accumul\u00e9s par un orifice de d\u00e9charge (souvent \u00e9quip\u00e9 d'une vanne secondaire) tandis que le syst\u00e8me reste sous pression. Cela r\u00e9duit consid\u00e9rablement les temps d'arr\u00eat pour maintenance par rapport aux filtres standard qui doivent \u00eatre d\u00e9mont\u00e9s pour \u00eatre nettoy\u00e9s.<\/p>\n<h2 data-path-to-node=\"21\">Caract\u00e9ristiques techniques principales<\/h2>\n<ul>\n<li data-path-to-node=\"22,0,0\"><b>Mat\u00e9riau du corps :<\/b> Acier inoxydable ASTM 316<\/li>\n<li data-path-to-node=\"22,1,0\"><b>Pression nominale :<\/b> 800 WOG<\/li>\n<li data-path-to-node=\"22,2,0\"><b>Gamme de tailles :<\/b> 1\/4 po ~ 3 po<\/li>\n<li data-path-to-node=\"22,3,0\"><b>Filtration :<\/b> Tamis \u00e0 mailles 20 \/ 60 \/ 100<\/li>\n<li data-path-to-node=\"22,4,0\"><b>Fonction :<\/b> Filtration + Purge des boues\/s\u00e9diments<\/li>\n<\/ul>\n<h2 data-path-to-node=\"23\">Avantages et b\u00e9n\u00e9fices<\/h2>\n<ul>\n<li data-path-to-node=\"24,0,0\"><b>R\u00e9duit les temps d'arr\u00eat :<\/b> Permet le nettoyage (\u201c purge \u201d) du tamis filtrant pendant que le syst\u00e8me est en service.<\/li>\n<li data-path-to-node=\"24,1,0\"><b>\u00c9limination efficace des boues :<\/b> Particuli\u00e8rement efficace dans les chaudi\u00e8res \u00e0 vapeur et les conduites pr\u00e9sentant d'importants d\u00e9p\u00f4ts s\u00e9dimentaires.<\/li>\n<li data-path-to-node=\"24,2,0\"><b>Haute durabilit\u00e9 :<\/b> La construction en acier inoxydable 316 garantit une r\u00e9sistance \u00e0 la chaleur et \u00e0 la corrosion.<\/li>\n<li data-path-to-node=\"24,3,0\"><b>R\u00e9duction de la main-d'\u0153uvre :<\/b> \u00c9limine le besoin de d\u00e9visser manuellement les bouchons \u00e0 chaque cycle de nettoyage.<\/li>\n<\/ul>\n<h2 data-path-to-node=\"25\">Domaines d'application et emplacements<\/h2>\n<ul>\n<li data-path-to-node=\"26,0,0\"><b>Syst\u00e8mes de chaudi\u00e8res :<\/b> Purge par le fond pour \u00e9liminer les boues et les s\u00e9diments.<\/li>\n<li data-path-to-node=\"26,1,0\"><b>Eau de refroidissement industrielle :<\/b> \u00c9limination des solides d\u00e9pos\u00e9s dans les tours de refroidissement.<\/li>\n<li data-path-to-node=\"26,2,0\"><b>Lignes de production :<\/b> Conduites transportant des fluides \u00e0 forte teneur en particules n\u00e9cessitant des rin\u00e7ages fr\u00e9quents.<\/li>\n<\/ul>","protected":false},"excerpt":{"rendered":"<p data-path-to-node=\"17\"><b>Filtration avec capacit\u00e9 de nettoyage rapide.<\/b><\/p>\n<p data-path-to-node=\"18\">Le <b>Vanne de purge de type Y<\/b> combine la capacit\u00e9 de filtration d'un filtre en Y standard avec la fonctionnalit\u00e9 d'un m\u00e9canisme de purge. Con\u00e7u pour <b>800 WOG<\/b> et construit \u00e0 partir de <b>Acier inoxydable 316<\/b>, cet appareil est con\u00e7u pour les syst\u00e8mes qui n\u00e9cessitent un nettoyage fr\u00e9quent du tamis filtrant sans interruption du flux global du syst\u00e8me.<\/p>","protected":false},"featured_media":3773,"template":"","meta":{"site-sidebar-layout":"default","site-content-layout":"","ast-site-content-layout":"default","site-content-style":"default","site-sidebar-style":"default","ast-global-header-display":"","ast-banner-title-visibility":"","ast-main-header-display":"","ast-hfb-above-header-display":"","ast-hfb-below-header-display":"","ast-hfb-mobile-header-display":"","site-post-title":"","ast-breadcrumbs-content":"","ast-featured-img":"","footer-sml-layout":"","ast-disable-related-posts":"","theme-transparent-header-meta":"default","adv-header-id-meta":"","stick-header-meta":"","header-above-stick-meta":"","header-main-stick-meta":"","header-below-stick-meta":"","astra-migrate-meta-layouts":"set","ast-page-background-enabled":"default","ast-page-background-meta":{"desktop":{"background-color":"var(--ast-global-color-4)","background-image":"","background-repeat":"repeat","background-position":"center center","background-size":"auto","background-attachment":"scroll","background-type":"","background-media":"","overlay-type":"","overlay-color":"","overlay-opacity":"","overlay-gradient":""},"tablet":{"background-color":"","background-image":"","background-repeat":"repeat","background-position":"center center","background-size":"auto","background-attachment":"scroll","background-type":"","background-media":"","overlay-type":"","overlay-color":"","overlay-opacity":"","overlay-gradient":""},"mobile":{"background-color":"","background-image":"","background-repeat":"repeat","background-position":"center center","background-size":"auto","background-attachment":"scroll","background-type":"","background-media":"","overlay-type":"","overlay-color":"","overlay-opacity":"","overlay-gradient":""}},"ast-content-background-meta":{"desktop":{"background-color":"var(--ast-global-color-5)","background-image":"","background-repeat":"repeat","background-position":"center center","background-size":"auto","background-attachment":"scroll","background-type":"","background-media":"","overlay-type":"","overlay-color":"","overlay-opacity":"","overlay-gradient":""},"tablet":{"background-color":"var(--ast-global-color-5)","background-image":"","background-repeat":"repeat","background-position":"center center","background-size":"auto","background-attachment":"scroll","background-type":"","background-media":"","overlay-type":"","overlay-color":"","overlay-opacity":"","overlay-gradient":""},"mobile":{"background-color":"var(--ast-global-color-5)","background-image":"","background-repeat":"repeat","background-position":"center center","background-size":"auto","background-attachment":"scroll","background-type":"","background-media":"","overlay-type":"","overlay-color":"","overlay-opacity":"","overlay-gradient":""}}},"product_brand":[],"product_cat":[60],"product_tag":[],"class_list":{"0":"post-3829","1":"product","2":"type-product","3":"status-publish","4":"has-post-thumbnail","6":"product_cat-y-type-blowdown-valve","7":"desktop-align-left","8":"tablet-align-left","9":"mobile-align-left","11":"first","12":"instock","13":"taxable","14":"shipping-taxable","15":"purchasable","16":"product-type-simple"},"_links":{"self":[{"href":"https:\/\/ballvalves.tw\/fr\/wp-json\/wp\/v2\/product\/3829","targetHints":{"allow":["GET"]}}],"collection":[{"href":"https:\/\/ballvalves.tw\/fr\/wp-json\/wp\/v2\/product"}],"about":[{"href":"https:\/\/ballvalves.tw\/fr\/wp-json\/wp\/v2\/types\/product"}],"wp:featuredmedia":[{"embeddable":true,"href":"https:\/\/ballvalves.tw\/fr\/wp-json\/wp\/v2\/media\/3773"}],"wp:attachment":[{"href":"https:\/\/ballvalves.tw\/fr\/wp-json\/wp\/v2\/media?parent=3829"}],"wp:term":[{"taxonomy":"product_brand","embeddable":true,"href":"https:\/\/ballvalves.tw\/fr\/wp-json\/wp\/v2\/product_brand?post=3829"},{"taxonomy":"product_cat","embeddable":true,"href":"https:\/\/ballvalves.tw\/fr\/wp-json\/wp\/v2\/product_cat?post=3829"},{"taxonomy":"product_tag","embeddable":true,"href":"https:\/\/ballvalves.tw\/fr\/wp-json\/wp\/v2\/product_tag?post=3829"}],"curies":[{"name":"wp","href":"https:\/\/api.w.org\/{rel}","templated":true}]}}