{"id":3828,"date":"2025-10-17T08:57:40","date_gmt":"2025-10-17T00:57:40","guid":{"rendered":"https:\/\/ballvalves.tw\/?post_type=product&#038;p=3828"},"modified":"2025-12-11T12:58:15","modified_gmt":"2025-12-11T04:58:15","slug":"y-type-strainer-800-wog","status":"publish","type":"product","link":"https:\/\/ballvalves.tw\/fr\/produit\/y-type-strainer-800-wog\/","title":{"rendered":"Filtre de type Y (maillage 20\/60\/100), 800 WOG"},"content":{"rendered":"<h2 data-path-to-node=\"6\">Description du produit<\/h2>\n<p data-path-to-node=\"7\">Con\u00e7u en forme de \u201cY\u201d pour minimiser la r\u00e9sistance du fluide, ce filtre permet un \u00e9coulement fluide tout en retenant efficacement les particules. Il est \u00e9quip\u00e9 d'un bouchon filet\u00e9 qui permet d'acc\u00e9der \u00e0 l'\u00e9cran du filtre pour le nettoyer sans avoir \u00e0 retirer le corps du filtre de la conduite. Il est \u00e9quip\u00e9 d'options de tamis standard (<b>20, 60 ou 100 mailles<\/b>) pour r\u00e9pondre aux diff\u00e9rentes exigences en mati\u00e8re de finesse de filtration, des d\u00e9bris grossiers aux s\u00e9diments fins.<\/p>\n<h2 data-path-to-node=\"8\">Caract\u00e9ristiques techniques principales<\/h2>\n<ul>\n<li data-path-to-node=\"9,0,0\"><b>Mat\u00e9riau du corps :<\/b> Acier inoxydable ASTM 316<\/li>\n<li data-path-to-node=\"9,1,0\"><b>Pression nominale :<\/b> 800 WOG (PSI)<\/li>\n<li data-path-to-node=\"9,2,0\"><b>Gamme de tailles :<\/b> 1\/4 po ~ 3 po<\/li>\n<li data-path-to-node=\"9,3,0\"><b>Options d'\u00e9cran :<\/b> 20 mailles (grossi\u00e8res), 60 mailles (moyennes), 100 mailles (fines)<\/li>\n<li data-path-to-node=\"9,4,0\"><b>Compatibilit\u00e9 des supports :<\/b> P\u00e9trole, eau, gaz<\/li>\n<li data-path-to-node=\"9,5,0\"><b>Installation :<\/b> Horizontal ou vertical (avec \u00e9coulement vers le bas)<\/li>\n<\/ul>\n<h2 data-path-to-node=\"10\">Avantages et b\u00e9n\u00e9fices<\/h2>\n<ul>\n<li data-path-to-node=\"11,0,0\"><b>Long\u00e9vit\u00e9 de l'\u00e9quipement :<\/b> Pr\u00e9vient les dommages co\u00fbteux aux \u00e9quipements en aval en capturant les particules abrasives.<\/li>\n<li data-path-to-node=\"11,1,0\"><b>Filtration polyvalente :<\/b> Les tamis interchangeables permettent aux utilisateurs d'adapter le niveau de filtration aux besoins sp\u00e9cifiques du processus.<\/li>\n<li data-path-to-node=\"11,2,0\"><b>Construction durable :<\/b> L'acier inoxydable 316 offre une excellente r\u00e9sistance \u00e0 la corrosion par rapport aux filtres en laiton ou en fonte.<\/li>\n<li data-path-to-node=\"11,3,0\"><b>Entretien facile :<\/b> Le bouchon de nettoyage permet d'\u00e9liminer rapidement les d\u00e9bris accumul\u00e9s.<\/li>\n<\/ul>\n<h2 data-path-to-node=\"12\">Domaines d'application et emplacements<\/h2>\n<ul>\n<li data-path-to-node=\"13,0,0\"><b>Protection de la pompe :<\/b> Install\u00e9 sur le c\u00f4t\u00e9 aspiration des pompes pour \u00e9viter d'endommager la roue.<\/li>\n<li data-path-to-node=\"13,1,0\"><b>Syst\u00e8mes \u00e0 vapeur :<\/b> Prot\u00e9ger les purgeurs de vapeur et les vannes de r\u00e9gulation contre l'entartrage.<\/li>\n<li data-path-to-node=\"13,2,0\"><b>Traitement de l'eau :<\/b> Pr\u00e9filtration pour les syst\u00e8mes d'\u00e9puration plus fins.<\/li>\n<li data-path-to-node=\"13,3,0\"><b>Traitement chimique :<\/b> \u00c9limination des solides dans les fluides de traitement.<\/li>\n<\/ul>","protected":false},"excerpt":{"rendered":"<p data-path-to-node=\"4\"><b>Protection essentielle de la filtration pour les syst\u00e8mes de tuyauterie industriels.<\/b><\/p>\n<p data-path-to-node=\"5\">Le <b>Cr\u00e9pine en Y<\/b> est la premi\u00e8re ligne de d\u00e9fense pour votre pr\u00e9cieux \u00e9quipement de pipeline. Class\u00e9 pour <b>800 WOG<\/b>, ce <b>Acier inoxydable 316<\/b> Le filtre \u00e0 tamis \u00e9limine m\u00e9caniquement les solides des liquides ou des gaz en circulation au moyen d'un \u00e9l\u00e9ment perfor\u00e9 ou d'un treillis m\u00e9tallique. Il est indispensable pour prot\u00e9ger les pompes, les compteurs, les vannes de contr\u00f4le et les purgeurs de vapeur des dommages caus\u00e9s par les d\u00e9bris de canalisation, le tartre et la rouille.<\/p>","protected":false},"featured_media":3772,"template":"","meta":{"site-sidebar-layout":"default","site-content-layout":"","ast-site-content-layout":"default","site-content-style":"default","site-sidebar-style":"default","ast-global-header-display":"","ast-banner-title-visibility":"","ast-main-header-display":"","ast-hfb-above-header-display":"","ast-hfb-below-header-display":"","ast-hfb-mobile-header-display":"","site-post-title":"","ast-breadcrumbs-content":"","ast-featured-img":"","footer-sml-layout":"","ast-disable-related-posts":"","theme-transparent-header-meta":"default","adv-header-id-meta":"","stick-header-meta":"","header-above-stick-meta":"","header-main-stick-meta":"","header-below-stick-meta":"","astra-migrate-meta-layouts":"set","ast-page-background-enabled":"default","ast-page-background-meta":{"desktop":{"background-color":"var(--ast-global-color-4)","background-image":"","background-repeat":"repeat","background-position":"center center","background-size":"auto","background-attachment":"scroll","background-type":"","background-media":"","overlay-type":"","overlay-color":"","overlay-opacity":"","overlay-gradient":""},"tablet":{"background-color":"","background-image":"","background-repeat":"repeat","background-position":"center center","background-size":"auto","background-attachment":"scroll","background-type":"","background-media":"","overlay-type":"","overlay-color":"","overlay-opacity":"","overlay-gradient":""},"mobile":{"background-color":"","background-image":"","background-repeat":"repeat","background-position":"center center","background-size":"auto","background-attachment":"scroll","background-type":"","background-media":"","overlay-type":"","overlay-color":"","overlay-opacity":"","overlay-gradient":""}},"ast-content-background-meta":{"desktop":{"background-color":"var(--ast-global-color-5)","background-image":"","background-repeat":"repeat","background-position":"center center","background-size":"auto","background-attachment":"scroll","background-type":"","background-media":"","overlay-type":"","overlay-color":"","overlay-opacity":"","overlay-gradient":""},"tablet":{"background-color":"var(--ast-global-color-5)","background-image":"","background-repeat":"repeat","background-position":"center center","background-size":"auto","background-attachment":"scroll","background-type":"","background-media":"","overlay-type":"","overlay-color":"","overlay-opacity":"","overlay-gradient":""},"mobile":{"background-color":"var(--ast-global-color-5)","background-image":"","background-repeat":"repeat","background-position":"center center","background-size":"auto","background-attachment":"scroll","background-type":"","background-media":"","overlay-type":"","overlay-color":"","overlay-opacity":"","overlay-gradient":""}}},"product_brand":[],"product_cat":[59],"product_tag":[],"class_list":{"0":"post-3828","1":"product","2":"type-product","3":"status-publish","4":"has-post-thumbnail","6":"product_cat-y-type-strainer","7":"desktop-align-left","8":"tablet-align-left","9":"mobile-align-left","11":"first","12":"instock","13":"taxable","14":"shipping-taxable","15":"purchasable","16":"product-type-simple"},"_links":{"self":[{"href":"https:\/\/ballvalves.tw\/fr\/wp-json\/wp\/v2\/product\/3828","targetHints":{"allow":["GET"]}}],"collection":[{"href":"https:\/\/ballvalves.tw\/fr\/wp-json\/wp\/v2\/product"}],"about":[{"href":"https:\/\/ballvalves.tw\/fr\/wp-json\/wp\/v2\/types\/product"}],"wp:featuredmedia":[{"embeddable":true,"href":"https:\/\/ballvalves.tw\/fr\/wp-json\/wp\/v2\/media\/3772"}],"wp:attachment":[{"href":"https:\/\/ballvalves.tw\/fr\/wp-json\/wp\/v2\/media?parent=3828"}],"wp:term":[{"taxonomy":"product_brand","embeddable":true,"href":"https:\/\/ballvalves.tw\/fr\/wp-json\/wp\/v2\/product_brand?post=3828"},{"taxonomy":"product_cat","embeddable":true,"href":"https:\/\/ballvalves.tw\/fr\/wp-json\/wp\/v2\/product_cat?post=3828"},{"taxonomy":"product_tag","embeddable":true,"href":"https:\/\/ballvalves.tw\/fr\/wp-json\/wp\/v2\/product_tag?post=3828"}],"curies":[{"name":"wp","href":"https:\/\/api.w.org\/{rel}","templated":true}]}}