{"id":3827,"date":"2025-10-17T08:56:56","date_gmt":"2025-10-17T00:56:56","guid":{"rendered":"https:\/\/ballvalves.tw\/?post_type=product&#038;p=3827"},"modified":"2026-02-02T12:46:34","modified_gmt":"2026-02-02T04:46:34","slug":"two-piece-elbow-type-ball-valve-1000-wog","status":"publish","type":"product","link":"https:\/\/ballvalves.tw\/fr\/produit\/two-piece-elbow-type-ball-valve-1000-wog\/","title":{"rendered":"Robinet \u00e0 boisseau sph\u00e9rique \u00e0 coude en deux parties, 1000 WOG"},"content":{"rendered":"<h4 data-path-to-node=\"6\">Description du produit<\/h4>\n<p data-path-to-node=\"7\">Ce robinet est con\u00e7u pour r\u00e9soudre un probl\u00e8me courant : les robinets qui fuient dans les environnements industriels. En combinant un robinet \u00e0 bille avec un coude \u00e0 90 degr\u00e9s, il agit comme un \u201crobinet industriel\u201d robuste qui dirige le flux vers le bas, ce qui le rend id\u00e9al pour distribuer des fluides dans des r\u00e9cipients plus petits.<\/p>\n<p data-path-to-node=\"8\">Contrairement aux robinets standard en laiton ou en plastique qui s'usent et gouttent au fil du temps, ce robinet est dot\u00e9 d'une membrane en acier inoxydable. <b data-path-to-node=\"8\" data-index-in-node=\"94\">1000 WOG (eau, p\u00e9trole, gaz)<\/b> et une construction durable en acier inoxydable. Il fournit un joint \u00e9tanche aux bulles, garantissant que les huiles, les solvants ou les r\u00e9serves d'eau co\u00fbteux restent confin\u00e9s. Il est largement utilis\u00e9 pour \u00e9quiper les f\u00fbts et les r\u00e9servoirs d'huile o\u00f9 la pr\u00e9vention des d\u00e9versements et des fuites au sol est une priorit\u00e9.<\/p>\n<h4 data-path-to-node=\"9\">Caract\u00e9ristiques techniques principales<\/h4>\n<ul data-path-to-node=\"10\">\n<li>\n<p data-path-to-node=\"10,0,0\"><b data-path-to-node=\"10,0,0\" data-index-in-node=\"0\">Mat\u00e9riau du corps :<\/b> Acier inoxydable (ASTM A351 CF8M\/316) ou acier au carbone (WCB)<\/p>\n<\/li>\n<li>\n<p data-path-to-node=\"10,1,0\"><b data-path-to-node=\"10,1,0\" data-index-in-node=\"0\">Conception :<\/b> Corps en 2 parties, type coud\u00e9 \u00e0 90\u00b0 (angle)<\/p>\n<\/li>\n<li>\n<p data-path-to-node=\"10,2,0\"><b data-path-to-node=\"10,2,0\" data-index-in-node=\"0\">Pression nominale :<\/b> 1000 PSI (PN63)<\/p>\n<\/li>\n<li>\n<p data-path-to-node=\"10,3,0\"><b data-path-to-node=\"10,3,0\" data-index-in-node=\"0\">Connexion :<\/b> Filet\u00e9 (NPT \/ BSPP \/ BSPT \/ DIN)<\/p>\n<\/li>\n<li>\n<p data-path-to-node=\"10,4,0\"><b data-path-to-node=\"10,4,0\" data-index-in-node=\"0\">Gamme de tailles :<\/b> 1\/4\u2033 ~ 2\u2033 (DN8 ~ DN50)<\/p>\n<\/li>\n<li>\n<p data-path-to-node=\"10,5,0\"><b data-path-to-node=\"10,5,0\" data-index-in-node=\"0\">Scellage :<\/b> Si\u00e8ges PTFE \/ R-PTFE<\/p>\n<\/li>\n<li>\n<p data-path-to-node=\"10,6,0\"><b data-path-to-node=\"10,6,0\" data-index-in-node=\"0\">Fonctionnement :<\/b> B\u00e9quille manuelle (dispositif de verrouillage en option)<\/p>\n<\/li>\n<\/ul>\n<h4 data-path-to-node=\"11\">Avantages et b\u00e9n\u00e9fices<\/h4>\n<ul data-path-to-node=\"12\">\n<li>\n<p data-path-to-node=\"12,0,0\"><b data-path-to-node=\"12,0,0\" data-index-in-node=\"0\">Performance z\u00e9ro fuite :<\/b> L'\u00e9tanch\u00e9it\u00e9 de qualit\u00e9 industrielle \u00e9vite le syndrome du \u201crobinet qui goutte\u201d, fr\u00e9quent avec les robinets de moindre qualit\u00e9, ce qui permet de garder les sols propres et s\u00fbrs.<\/p>\n<\/li>\n<li>\n<p data-path-to-node=\"12,1,0\"><b data-path-to-node=\"12,1,0\" data-index-in-node=\"0\">G\u00e9om\u00e9trie \u00e0 faible encombrement :<\/b> Le virage \u00e0 90 degr\u00e9s int\u00e9gr\u00e9 \u00e9limine la n\u00e9cessit\u00e9 d'un raccord coud\u00e9 suppl\u00e9mentaire, ce qui r\u00e9duit les points de fuite et \u00e9conomise l'espace d'installation.<\/p>\n<\/li>\n<li>\n<p data-path-to-node=\"12,2,0\"><b data-path-to-node=\"12,2,0\" data-index-in-node=\"0\">Id\u00e9al pour la distribution :<\/b> La sortie orient\u00e9e vers le bas permet un remplissage pr\u00e9cis et sans \u00e9claboussures de seaux ou de bouteilles directement \u00e0 partir de r\u00e9servoirs ou de f\u00fbts.<\/p>\n<\/li>\n<li>\n<p data-path-to-node=\"12,3,0\"><b data-path-to-node=\"12,3,0\" data-index-in-node=\"0\">Haute durabilit\u00e9 :<\/b> Con\u00e7us pour r\u00e9sister \u00e0 la haute pression et aux milieux corrosifs, ils offrent une dur\u00e9e de vie beaucoup plus longue que les robinets standard de type r\u00e9sidentiel.<\/p>\n<\/li>\n<\/ul>\n<h4 data-path-to-node=\"13\">Domaines d'application et emplacements<\/h4>\n<ul data-path-to-node=\"14\">\n<li>\n<p data-path-to-node=\"14,0,0\"><b data-path-to-node=\"14,0,0\" data-index-in-node=\"0\">F\u00fbts de p\u00e9trole et de produits chimiques :<\/b> Utilis\u00e9 comme robinet de distribution haute performance pour les lubrifiants, les fluides de coupe et les solvants.<\/p>\n<\/li>\n<li>\n<p data-path-to-node=\"14,1,0\"><b data-path-to-node=\"14,1,0\" data-index-in-node=\"0\">R\u00e9servoirs de stockage :<\/b> Vannes de vidange de fond pour les ch\u00e2teaux d'eau ou les r\u00e9servoirs de produits chimiques.<\/p>\n<\/li>\n<li>\n<p data-path-to-node=\"14,2,0\"><b data-path-to-node=\"14,2,0\" data-index-in-node=\"0\">Tuyauterie de machinerie :<\/b> Angles serr\u00e9s dans les \u00e9quipements o\u00f9 les vannes lin\u00e9aires ne peuvent pas s'adapter.<\/p>\n<\/li>\n<li>\n<p data-path-to-node=\"14,3,0\"><b data-path-to-node=\"14,3,0\" data-index-in-node=\"0\">Entretien g\u00e9n\u00e9ral des installations :<\/b> Remplace les robinets d'eau standard dans les zones de lavage industriel \u00e0 usage intensif.<\/p>\n<\/li>\n<\/ul>","protected":false},"excerpt":{"rendered":"<p><b data-path-to-node=\"4\" data-index-in-node=\"0\">Le robinet industriel \u00e9tanche par excellence.<\/b> Le <b data-path-to-node=\"4\" data-index-in-node=\"47\">Robinet \u00e0 tournant sph\u00e9rique coud\u00e9 en deux parties (1000 WOG)<\/b> fonctionne comme un robinet de distribution \u00e0 usage intensif. Dot\u00e9 d'un corps unique coud\u00e9 \u00e0 90\u00b0 et d'une \u00e9tanch\u00e9it\u00e9 haute pression, il constitue la parfaite am\u00e9lioration par rapport aux robinets standard, \u00e9vitant efficacement les gouttes dangereuses ou salissantes dans les f\u00fbts d'huile, les r\u00e9servoirs de stockage et les coins de tuyauterie.<\/p>","protected":false},"featured_media":3771,"template":"","meta":{"site-sidebar-layout":"default","site-content-layout":"","ast-site-content-layout":"default","site-content-style":"default","site-sidebar-style":"default","ast-global-header-display":"","ast-banner-title-visibility":"","ast-main-header-display":"","ast-hfb-above-header-display":"","ast-hfb-below-header-display":"","ast-hfb-mobile-header-display":"","site-post-title":"","ast-breadcrumbs-content":"","ast-featured-img":"","footer-sml-layout":"","ast-disable-related-posts":"","theme-transparent-header-meta":"default","adv-header-id-meta":"","stick-header-meta":"","header-above-stick-meta":"","header-main-stick-meta":"","header-below-stick-meta":"","astra-migrate-meta-layouts":"set","ast-page-background-enabled":"default","ast-page-background-meta":{"desktop":{"background-color":"var(--ast-global-color-4)","background-image":"","background-repeat":"repeat","background-position":"center center","background-size":"auto","background-attachment":"scroll","background-type":"","background-media":"","overlay-type":"","overlay-color":"","overlay-opacity":"","overlay-gradient":""},"tablet":{"background-color":"","background-image":"","background-repeat":"repeat","background-position":"center center","background-size":"auto","background-attachment":"scroll","background-type":"","background-media":"","overlay-type":"","overlay-color":"","overlay-opacity":"","overlay-gradient":""},"mobile":{"background-color":"","background-image":"","background-repeat":"repeat","background-position":"center center","background-size":"auto","background-attachment":"scroll","background-type":"","background-media":"","overlay-type":"","overlay-color":"","overlay-opacity":"","overlay-gradient":""}},"ast-content-background-meta":{"desktop":{"background-color":"var(--ast-global-color-5)","background-image":"","background-repeat":"repeat","background-position":"center center","background-size":"auto","background-attachment":"scroll","background-type":"","background-media":"","overlay-type":"","overlay-color":"","overlay-opacity":"","overlay-gradient":""},"tablet":{"background-color":"var(--ast-global-color-5)","background-image":"","background-repeat":"repeat","background-position":"center center","background-size":"auto","background-attachment":"scroll","background-type":"","background-media":"","overlay-type":"","overlay-color":"","overlay-opacity":"","overlay-gradient":""},"mobile":{"background-color":"var(--ast-global-color-5)","background-image":"","background-repeat":"repeat","background-position":"center center","background-size":"auto","background-attachment":"scroll","background-type":"","background-media":"","overlay-type":"","overlay-color":"","overlay-opacity":"","overlay-gradient":""}}},"product_brand":[],"product_cat":[58],"product_tag":[],"class_list":{"0":"post-3827","1":"product","2":"type-product","3":"status-publish","4":"has-post-thumbnail","6":"product_cat-manual-ball-valve","7":"desktop-align-left","8":"tablet-align-left","9":"mobile-align-left","11":"first","12":"instock","13":"taxable","14":"shipping-taxable","15":"purchasable","16":"product-type-simple"},"_links":{"self":[{"href":"https:\/\/ballvalves.tw\/fr\/wp-json\/wp\/v2\/product\/3827","targetHints":{"allow":["GET"]}}],"collection":[{"href":"https:\/\/ballvalves.tw\/fr\/wp-json\/wp\/v2\/product"}],"about":[{"href":"https:\/\/ballvalves.tw\/fr\/wp-json\/wp\/v2\/types\/product"}],"wp:featuredmedia":[{"embeddable":true,"href":"https:\/\/ballvalves.tw\/fr\/wp-json\/wp\/v2\/media\/3771"}],"wp:attachment":[{"href":"https:\/\/ballvalves.tw\/fr\/wp-json\/wp\/v2\/media?parent=3827"}],"wp:term":[{"taxonomy":"product_brand","embeddable":true,"href":"https:\/\/ballvalves.tw\/fr\/wp-json\/wp\/v2\/product_brand?post=3827"},{"taxonomy":"product_cat","embeddable":true,"href":"https:\/\/ballvalves.tw\/fr\/wp-json\/wp\/v2\/product_cat?post=3827"},{"taxonomy":"product_tag","embeddable":true,"href":"https:\/\/ballvalves.tw\/fr\/wp-json\/wp\/v2\/product_tag?post=3827"}],"curies":[{"name":"wp","href":"https:\/\/api.w.org\/{rel}","templated":true}]}}