{"id":3825,"date":"2025-10-17T08:53:58","date_gmt":"2025-10-17T00:53:58","guid":{"rendered":"https:\/\/ballvalves.tw\/?post_type=product&#038;p=3825"},"modified":"2025-12-11T12:57:06","modified_gmt":"2025-12-11T04:57:06","slug":"2-pcs-high-pressure-ball-valve","status":"publish","type":"product","link":"https:\/\/ballvalves.tw\/fr\/produit\/2-pcs-high-pressure-ball-valve\/","title":{"rendered":"Vanne \u00e0 bille haute pression en deux parties, 2000 WOG"},"content":{"rendered":"<h2 data-path-to-node=\"61\">Description du produit<\/h2>\n<p data-path-to-node=\"62\">Bien qu'il ressemble \u00e0 un robinet \u00e0 boisseau sph\u00e9rique standard, le robinet \u00e0 boisseau sph\u00e9rique de la <b>V-2N<\/b> est con\u00e7u avec des parois plus \u00e9paisses, des joints renforc\u00e9s et des tiges robustes pour r\u00e9sister \u00e0 une pression deux fois sup\u00e9rieure \u00e0 celle des vannes industrielles standard. Elle offre la m\u00eame rapidit\u00e9 d'actionnement par quart de tour, mais garantit la s\u00e9curit\u00e9 et l'int\u00e9grit\u00e9 \u00e0 des pressions allant jusqu'\u00e0 2000 PSI.<\/p>\n<h2 data-path-to-node=\"63\"><b>Caract\u00e9ristiques techniques principales :<\/b><\/h2>\n<ul>\n<li data-path-to-node=\"64,0,0\"><b>Mod\u00e8le :<\/b> V-2N<\/li>\n<li data-path-to-node=\"64,1,0\"><b>Mat\u00e9riau du corps :<\/b> Acier inoxydable ASTM 316<\/li>\n<li data-path-to-node=\"64,2,0\"><b>Pression nominale :<\/b> 2000 WOG (haute pression)<\/li>\n<li data-path-to-node=\"64,3,0\"><b>Gamme de tailles :<\/b> 1\/4\u2033 ~ 2\u2033<\/li>\n<li data-path-to-node=\"64,4,0\"><b>Application :<\/b> Huile, eau, gaz \u00e0 haute pression<\/li>\n<li data-path-to-node=\"64,5,0\"><b>Scellage :<\/b> Si\u00e8ges renforc\u00e9s pour une fermeture \u00e0 haute pression.<\/li>\n<\/ul>\n<h2 data-path-to-node=\"65\">Avantages et b\u00e9n\u00e9fices<\/h2>\n<ul>\n<li data-path-to-node=\"66,0,0\"><b>Manipulation sous pression extr\u00eame :<\/b> Fonctionne en toute s\u00e9curit\u00e9 \u00e0 2000 PSI, ce qui le rend adapt\u00e9 aux conduites hydrauliques et aux syst\u00e8mes de lavage \u00e0 haute pression.<\/li>\n<li data-path-to-node=\"66,1,0\"><b>Construction robuste :<\/b> Un poids corporel plus important et des parois plus \u00e9paisses offrent des marges de s\u00e9curit\u00e9 suppl\u00e9mentaires contre l'\u00e9clatement ou la d\u00e9formation.<\/li>\n<li data-path-to-node=\"66,2,0\"><b>Long\u00e9vit\u00e9 :<\/b> La conception renforc\u00e9e s'use moins vite dans des conditions normales, offrant une dur\u00e9e de vie plus longue que les vannes standard.<\/li>\n<li data-path-to-node=\"66,3,0\"><b>S\u00e9curit\u00e9 :<\/b> Con\u00e7u pour \u00e9viter l'\u00e9clatement en cas de surpression.<\/li>\n<\/ul>\n<h2 data-path-to-node=\"67\">Domaines d'application et emplacements<\/h2>\n<ul>\n<li data-path-to-node=\"68,0,0\"><b>Syst\u00e8mes hydrauliques :<\/b> Contr\u00f4le et isolation de la puissance des fluides.<\/li>\n<li data-path-to-node=\"68,1,0\"><b>Nettoyage \u00e0 haute pression :<\/b> Lavages de voitures et unit\u00e9s industrielles de lavage sous pression.<\/li>\n<li data-path-to-node=\"68,2,0\"><b>P\u00e9trole et gaz :<\/b> Lignes d'\u00e9chantillonnage \u00e0 haute pression et bancs d'essai.<\/li>\n<li data-path-to-node=\"68,3,0\"><b>Exploitation mini\u00e8re et \u00e9quipement lourd :<\/b> Lignes de lubrification et de contr\u00f4le sur les machines lourdes.<\/li>\n<\/ul>","protected":false},"excerpt":{"rendered":"<p data-path-to-node=\"59\"><b>Des performances de haut niveau pour les environnements exigeants \u00e0 haute pression.<\/b><\/p>\n<p data-path-to-node=\"60\">Le <b>S\u00e9rie V-2N<\/b> est le plus lourd de la gamme des vannes manuelles. A <b>Robinet \u00e0 boisseau sph\u00e9rique haute pression en deux parties<\/b> pour un nombre massif de <b>2000 WOG<\/b>, Il est construit \u00e0 partir de mat\u00e9riaux renforc\u00e9s. <b>Acier inoxydable 316<\/b>. Cette vanne est sp\u00e9cialement con\u00e7ue pour les applications hydrauliques et les syst\u00e8mes fonctionnant dans des conditions de pression extr\u00eames.<\/p>","protected":false},"featured_media":3768,"template":"","meta":{"site-sidebar-layout":"default","site-content-layout":"","ast-site-content-layout":"default","site-content-style":"default","site-sidebar-style":"default","ast-global-header-display":"","ast-banner-title-visibility":"","ast-main-header-display":"","ast-hfb-above-header-display":"","ast-hfb-below-header-display":"","ast-hfb-mobile-header-display":"","site-post-title":"","ast-breadcrumbs-content":"","ast-featured-img":"","footer-sml-layout":"","ast-disable-related-posts":"","theme-transparent-header-meta":"default","adv-header-id-meta":"","stick-header-meta":"","header-above-stick-meta":"","header-main-stick-meta":"","header-below-stick-meta":"","astra-migrate-meta-layouts":"set","ast-page-background-enabled":"default","ast-page-background-meta":{"desktop":{"background-color":"var(--ast-global-color-4)","background-image":"","background-repeat":"repeat","background-position":"center center","background-size":"auto","background-attachment":"scroll","background-type":"","background-media":"","overlay-type":"","overlay-color":"","overlay-opacity":"","overlay-gradient":""},"tablet":{"background-color":"","background-image":"","background-repeat":"repeat","background-position":"center center","background-size":"auto","background-attachment":"scroll","background-type":"","background-media":"","overlay-type":"","overlay-color":"","overlay-opacity":"","overlay-gradient":""},"mobile":{"background-color":"","background-image":"","background-repeat":"repeat","background-position":"center center","background-size":"auto","background-attachment":"scroll","background-type":"","background-media":"","overlay-type":"","overlay-color":"","overlay-opacity":"","overlay-gradient":""}},"ast-content-background-meta":{"desktop":{"background-color":"var(--ast-global-color-5)","background-image":"","background-repeat":"repeat","background-position":"center center","background-size":"auto","background-attachment":"scroll","background-type":"","background-media":"","overlay-type":"","overlay-color":"","overlay-opacity":"","overlay-gradient":""},"tablet":{"background-color":"var(--ast-global-color-5)","background-image":"","background-repeat":"repeat","background-position":"center center","background-size":"auto","background-attachment":"scroll","background-type":"","background-media":"","overlay-type":"","overlay-color":"","overlay-opacity":"","overlay-gradient":""},"mobile":{"background-color":"var(--ast-global-color-5)","background-image":"","background-repeat":"repeat","background-position":"center center","background-size":"auto","background-attachment":"scroll","background-type":"","background-media":"","overlay-type":"","overlay-color":"","overlay-opacity":"","overlay-gradient":""}}},"product_brand":[],"product_cat":[58],"product_tag":[],"class_list":{"0":"post-3825","1":"product","2":"type-product","3":"status-publish","4":"has-post-thumbnail","6":"product_cat-manual-ball-valve","7":"desktop-align-left","8":"tablet-align-left","9":"mobile-align-left","11":"first","12":"instock","13":"taxable","14":"shipping-taxable","15":"purchasable","16":"product-type-simple"},"_links":{"self":[{"href":"https:\/\/ballvalves.tw\/fr\/wp-json\/wp\/v2\/product\/3825","targetHints":{"allow":["GET"]}}],"collection":[{"href":"https:\/\/ballvalves.tw\/fr\/wp-json\/wp\/v2\/product"}],"about":[{"href":"https:\/\/ballvalves.tw\/fr\/wp-json\/wp\/v2\/types\/product"}],"wp:featuredmedia":[{"embeddable":true,"href":"https:\/\/ballvalves.tw\/fr\/wp-json\/wp\/v2\/media\/3768"}],"wp:attachment":[{"href":"https:\/\/ballvalves.tw\/fr\/wp-json\/wp\/v2\/media?parent=3825"}],"wp:term":[{"taxonomy":"product_brand","embeddable":true,"href":"https:\/\/ballvalves.tw\/fr\/wp-json\/wp\/v2\/product_brand?post=3825"},{"taxonomy":"product_cat","embeddable":true,"href":"https:\/\/ballvalves.tw\/fr\/wp-json\/wp\/v2\/product_cat?post=3825"},{"taxonomy":"product_tag","embeddable":true,"href":"https:\/\/ballvalves.tw\/fr\/wp-json\/wp\/v2\/product_tag?post=3825"}],"curies":[{"name":"wp","href":"https:\/\/api.w.org\/{rel}","templated":true}]}}