{"id":3824,"date":"2025-10-17T08:53:13","date_gmt":"2025-10-17T00:53:13","guid":{"rendered":"https:\/\/ballvalves.tw\/?post_type=product&#038;p=3824"},"modified":"2025-12-11T12:55:13","modified_gmt":"2025-12-11T04:55:13","slug":"manual-3way-ball-valve","status":"publish","type":"product","link":"https:\/\/ballvalves.tw\/fr\/produit\/manual-3way-ball-valve\/","title":{"rendered":"Vanne \u00e0 bille manuelle \u00e0 3 voies, port T\/L, 1000 WOG"},"content":{"rendered":"<h2 data-path-to-node=\"47\">Description du produit<\/h2>\n<p data-path-to-node=\"48\">Cette vanne est dot\u00e9e de trois orifices et d'une configuration de bille sp\u00e9cialis\u00e9e.<\/p>\n<ul>\n<li data-path-to-node=\"49,0,0\"><b>L-Port (Diverter) :<\/b> Con\u00e7u pour diriger le flux de l'orifice inf\u00e9rieur vers l'orifice gauche ou droit (ou OFF). Id\u00e9al pour passer d'un r\u00e9servoir ou d'une ligne \u00e0 l'autre.<\/li>\n<li data-path-to-node=\"49,1,0\"><b>Port en T (m\u00e9langeur\/diffuseur) :<\/b> Possibilit\u00e9 de connecter les trois orifices simultan\u00e9ment (m\u00e9lange) ou de diriger le flux en ligne droite ou \u00e0 90 degr\u00e9s.<\/li>\n<\/ul>\n<h2 data-path-to-node=\"50\"><b>Caract\u00e9ristiques techniques principales :<\/b><\/h2>\n<ul>\n<li data-path-to-node=\"51,0,0\"><b>Mod\u00e8le :<\/b> 3T (T-Port) \/ 3L (L-Port)<\/li>\n<li data-path-to-node=\"51,1,0\"><b>Mat\u00e9riau du corps :<\/b> Acier inoxydable ASTM 316<\/li>\n<li data-path-to-node=\"51,2,0\"><b>Pression nominale :<\/b> 1000 WOG<\/li>\n<li data-path-to-node=\"51,3,0\"><b>Gamme de tailles :<\/b> 1\/4\u2033 ~ 2\u2033<\/li>\n<li data-path-to-node=\"51,4,0\"><b>Fonctionnement :<\/b> Poign\u00e9e manuelle (capacit\u00e9 de rotation \u00e0 360 degr\u00e9s en fonction de la position de la but\u00e9e)<\/li>\n<\/ul>\n<h2 data-path-to-node=\"52\">Avantages et b\u00e9n\u00e9fices<\/h2>\n<ul>\n<li data-path-to-node=\"53,0,0\"><b>Simplification du syst\u00e8me :<\/b> Remplace les multiples vannes \u00e0 2 voies et les raccords en T, r\u00e9duisant ainsi les co\u00fbts d'installation et l'encombrement.<\/li>\n<li data-path-to-node=\"53,1,0\"><b>Gestion polyvalente des flux :<\/b> Capable de m\u00e9langer, de d\u00e9vier ou d'isoler le flux en fonction de la configuration de l'orifice choisi.<\/li>\n<li data-path-to-node=\"53,2,0\"><b>Haute durabilit\u00e9 :<\/b> Sa capacit\u00e9 de 1000 WOG lui permet de supporter ais\u00e9ment les pressions industrielles.<\/li>\n<li data-path-to-node=\"53,3,0\"><b>R\u00e9sistance \u00e0 la corrosion :<\/b> La construction en acier inoxydable 316 garantit la long\u00e9vit\u00e9 dans les environnements chimiques et ext\u00e9rieurs.<\/li>\n<\/ul>\n<h2 data-path-to-node=\"54\">Domaines d'application et emplacements<\/h2>\n<ul>\n<li data-path-to-node=\"55,0,0\"><b>Syst\u00e8mes CVC :<\/b> Conduites de d\u00e9rivation et boucles de m\u00e9lange de temp\u00e9rature.<\/li>\n<li data-path-to-node=\"55,1,0\"><b>Traitement chimique :<\/b> Passage d'une source de mati\u00e8res premi\u00e8res \u00e0 une autre.<\/li>\n<li data-path-to-node=\"55,2,0\"><b>Syst\u00e8mes d'alimentation en carburant :<\/b> Changement de r\u00e9servoir d'alimentation en carburant pour les g\u00e9n\u00e9rateurs ou les moteurs.<\/li>\n<li data-path-to-node=\"55,3,0\"><b>Traitement de l'eau :<\/b> D\u00e9tournement de l'eau entre les lignes de filtration et de d\u00e9rivation.<\/li>\n<\/ul>","protected":false},"excerpt":{"rendered":"<p data-path-to-node=\"45\"><b>Contr\u00f4le de d\u00e9bit multidirectionnel : D\u00e9tourner ou m\u00e9langer avec une seule vanne.<\/b><\/p>\n<p data-path-to-node=\"46\">Le <b>S\u00e9rie 3T \/ 3L<\/b> \u00e9limine le besoin de manifolds de tuyauterie complexes. Ce syst\u00e8me <b>Robinet \u00e0 boisseau sph\u00e9rique \u00e0 3 voies<\/b> (disponible en <b>T-Port<\/b> ou <b>L-Port<\/b> ) permet aux op\u00e9rateurs de d\u00e9vier le flux ou de m\u00e9langer les fluides \u00e0 l'aide d'un seul syst\u00e8me de contr\u00f4le. <b>Acier inoxydable 316<\/b> composant. Class\u00e9 pour <b>1000 WOG<\/b>, Il s'agit d'un outil polyvalent de r\u00e9solution de probl\u00e8mes pour les cha\u00eenes de traitement complexes.<\/p>","protected":false},"featured_media":3762,"template":"","meta":{"site-sidebar-layout":"default","site-content-layout":"","ast-site-content-layout":"default","site-content-style":"default","site-sidebar-style":"default","ast-global-header-display":"","ast-banner-title-visibility":"","ast-main-header-display":"","ast-hfb-above-header-display":"","ast-hfb-below-header-display":"","ast-hfb-mobile-header-display":"","site-post-title":"","ast-breadcrumbs-content":"","ast-featured-img":"","footer-sml-layout":"","ast-disable-related-posts":"","theme-transparent-header-meta":"default","adv-header-id-meta":"","stick-header-meta":"","header-above-stick-meta":"","header-main-stick-meta":"","header-below-stick-meta":"","astra-migrate-meta-layouts":"set","ast-page-background-enabled":"default","ast-page-background-meta":{"desktop":{"background-color":"var(--ast-global-color-4)","background-image":"","background-repeat":"repeat","background-position":"center center","background-size":"auto","background-attachment":"scroll","background-type":"","background-media":"","overlay-type":"","overlay-color":"","overlay-opacity":"","overlay-gradient":""},"tablet":{"background-color":"","background-image":"","background-repeat":"repeat","background-position":"center center","background-size":"auto","background-attachment":"scroll","background-type":"","background-media":"","overlay-type":"","overlay-color":"","overlay-opacity":"","overlay-gradient":""},"mobile":{"background-color":"","background-image":"","background-repeat":"repeat","background-position":"center center","background-size":"auto","background-attachment":"scroll","background-type":"","background-media":"","overlay-type":"","overlay-color":"","overlay-opacity":"","overlay-gradient":""}},"ast-content-background-meta":{"desktop":{"background-color":"var(--ast-global-color-5)","background-image":"","background-repeat":"repeat","background-position":"center center","background-size":"auto","background-attachment":"scroll","background-type":"","background-media":"","overlay-type":"","overlay-color":"","overlay-opacity":"","overlay-gradient":""},"tablet":{"background-color":"var(--ast-global-color-5)","background-image":"","background-repeat":"repeat","background-position":"center center","background-size":"auto","background-attachment":"scroll","background-type":"","background-media":"","overlay-type":"","overlay-color":"","overlay-opacity":"","overlay-gradient":""},"mobile":{"background-color":"var(--ast-global-color-5)","background-image":"","background-repeat":"repeat","background-position":"center center","background-size":"auto","background-attachment":"scroll","background-type":"","background-media":"","overlay-type":"","overlay-color":"","overlay-opacity":"","overlay-gradient":""}}},"product_brand":[],"product_cat":[58],"product_tag":[],"class_list":{"0":"post-3824","1":"product","2":"type-product","3":"status-publish","4":"has-post-thumbnail","6":"product_cat-manual-ball-valve","7":"desktop-align-left","8":"tablet-align-left","9":"mobile-align-left","11":"first","12":"instock","13":"taxable","14":"shipping-taxable","15":"purchasable","16":"product-type-simple"},"_links":{"self":[{"href":"https:\/\/ballvalves.tw\/fr\/wp-json\/wp\/v2\/product\/3824","targetHints":{"allow":["GET"]}}],"collection":[{"href":"https:\/\/ballvalves.tw\/fr\/wp-json\/wp\/v2\/product"}],"about":[{"href":"https:\/\/ballvalves.tw\/fr\/wp-json\/wp\/v2\/types\/product"}],"wp:featuredmedia":[{"embeddable":true,"href":"https:\/\/ballvalves.tw\/fr\/wp-json\/wp\/v2\/media\/3762"}],"wp:attachment":[{"href":"https:\/\/ballvalves.tw\/fr\/wp-json\/wp\/v2\/media?parent=3824"}],"wp:term":[{"taxonomy":"product_brand","embeddable":true,"href":"https:\/\/ballvalves.tw\/fr\/wp-json\/wp\/v2\/product_brand?post=3824"},{"taxonomy":"product_cat","embeddable":true,"href":"https:\/\/ballvalves.tw\/fr\/wp-json\/wp\/v2\/product_cat?post=3824"},{"taxonomy":"product_tag","embeddable":true,"href":"https:\/\/ballvalves.tw\/fr\/wp-json\/wp\/v2\/product_tag?post=3824"}],"curies":[{"name":"wp","href":"https:\/\/api.w.org\/{rel}","templated":true}]}}