{"id":3823,"date":"2025-10-17T08:51:09","date_gmt":"2025-10-17T00:51:09","guid":{"rendered":"https:\/\/ballvalves.tw\/?post_type=product&#038;p=3823"},"modified":"2025-12-11T12:53:09","modified_gmt":"2025-12-11T04:53:09","slug":"manual-threaded-gate-valve","status":"publish","type":"product","link":"https:\/\/ballvalves.tw\/fr\/produit\/manual-threaded-gate-valve\/","title":{"rendered":"Vanne \u00e0 guillotine manuelle filet\u00e9e, 200 WOG"},"content":{"rendered":"<h2 data-path-to-node=\"33\">Description du produit<\/h2>\n<p data-path-to-node=\"34\">Contrairement aux robinets \u00e0 tournant sph\u00e9rique qui se ferment en un quart de tour, les robinets \u00e0 tournant sph\u00e9rique se ferment en un quart de tour. <b>Vanne \u00e0 guillotine<\/b> fonctionne en soulevant une porte rectangulaire hors de la trajectoire du fluide par l'interm\u00e9diaire d'un volant \u00e0 plusieurs tours. Lorsqu'elle est compl\u00e8tement ouverte, la porte lib\u00e8re compl\u00e8tement le passage, ne laissant aucune obstruction \u00e0 l'\u00e9coulement.<\/p>\n<h2 data-path-to-node=\"35\"><b>Caract\u00e9ristiques techniques principales :<\/b><\/h2>\n<ul>\n<li data-path-to-node=\"36,0,0\"><b>Mod\u00e8le :<\/b> GT<\/li>\n<li data-path-to-node=\"36,1,0\"><b>Mat\u00e9riau du corps :<\/b> Acier inoxydable ASTM 316<\/li>\n<li data-path-to-node=\"36,2,0\"><b>Pression nominale :<\/b> 200 WOG<\/li>\n<li data-path-to-node=\"36,3,0\"><b>Gamme de tailles :<\/b> 1\/2\u2033 ~ 2\u2033<\/li>\n<li data-path-to-node=\"36,4,0\"><b>Fonctionnement :<\/b> Volant (multi-tour)<\/li>\n<\/ul>\n<p data-path-to-node=\"37\">Cette conception est particuli\u00e8rement utile dans les applications o\u00f9 le \u201ccoup de b\u00e9lier\u201d (ondes de choc provoqu\u00e9es par la fermeture soudaine de la vanne) est un probl\u00e8me, car le m\u00e9canisme de fermeture lente amortit naturellement les pics de pression.<\/p>\n<h2 data-path-to-node=\"38\">Avantages et b\u00e9n\u00e9fices<\/h2>\n<ul>\n<li data-path-to-node=\"39,0,0\"><b>Pr\u00e9vient les coups de b\u00e9lier :<\/b> Le fonctionnement multi-tour assure une r\u00e9duction progressive du d\u00e9bit, prot\u00e9geant les tuyaux et les pompes des chocs hydrauliques.<\/li>\n<li data-path-to-node=\"39,1,0\"><b>Perte de charge minimale :<\/b> Lorsqu'elle est compl\u00e8tement ouverte, la vanne permet un \u00e9coulement direct avec une r\u00e9sistance presque nulle.<\/li>\n<li data-path-to-node=\"39,2,0\"><b>Contr\u00f4le pr\u00e9cis :<\/b> Bien qu'il s'agisse principalement d'une vanne d'isolement, la tige filet\u00e9e permet un r\u00e9glage plus fin du d\u00e9bit qu'une vanne \u00e0 bille.<\/li>\n<li data-path-to-node=\"39,3,0\"><b>Compact Face-to-Face :<\/b> G\u00e9n\u00e9ralement plus \u00e9troits que les robinets \u00e0 soupape, ils s'adaptent \u00e0 des espaces lin\u00e9aires plus \u00e9troits.<\/li>\n<\/ul>\n<h2 data-path-to-node=\"40\">Domaines d'application et emplacements<\/h2>\n<ul>\n<li data-path-to-node=\"41,0,0\"><b>Plomberie g\u00e9n\u00e9rale :<\/b> Vannes d'arr\u00eat d'eau principales pour les b\u00e2timents.<\/li>\n<li data-path-to-node=\"41,1,0\"><b>Fluides visqueux :<\/b> Convient aux huiles plus lourdes pour lesquelles la r\u00e9sistance \u00e0 l'\u00e9coulement doit \u00eatre minimis\u00e9e.<\/li>\n<li data-path-to-node=\"41,2,0\"><b>Alimentation en vapeur (basse pression) :<\/b> Isolation de base de la vapeur.<\/li>\n<li data-path-to-node=\"41,3,0\"><b>Syst\u00e8mes d'irrigation :<\/b> Pr\u00e9venir les dommages caus\u00e9s aux canalisations par les coups de b\u00e9lier.<\/li>\n<\/ul>","protected":false},"excerpt":{"rendered":"<p data-path-to-node=\"31\"><b>R\u00e9gulation pr\u00e9cise du d\u00e9bit pour les syst\u00e8mes \u00e0 basse pression.<\/b><\/p>\n<p data-path-to-node=\"32\">Le <b>Vanne manuelle filet\u00e9e s\u00e9rie GT<\/b> est une solution classique pour la commande marche\/arr\u00eat lorsqu'un d\u00e9bit total avec une perte de charge minimale est n\u00e9cessaire. Construit en <b>Acier inoxydable 316<\/b> et class\u00e9 pour <b>200 WOG<\/b>, Cette vanne est con\u00e7ue pour les syst\u00e8mes o\u00f9 la pr\u00e9vention des coups de b\u00e9lier est prioritaire par rapport \u00e0 une fermeture rapide.<\/p>","protected":false},"featured_media":3763,"template":"","meta":{"site-sidebar-layout":"default","site-content-layout":"","ast-site-content-layout":"default","site-content-style":"default","site-sidebar-style":"default","ast-global-header-display":"","ast-banner-title-visibility":"","ast-main-header-display":"","ast-hfb-above-header-display":"","ast-hfb-below-header-display":"","ast-hfb-mobile-header-display":"","site-post-title":"","ast-breadcrumbs-content":"","ast-featured-img":"","footer-sml-layout":"","ast-disable-related-posts":"","theme-transparent-header-meta":"default","adv-header-id-meta":"","stick-header-meta":"","header-above-stick-meta":"","header-main-stick-meta":"","header-below-stick-meta":"","astra-migrate-meta-layouts":"set","ast-page-background-enabled":"default","ast-page-background-meta":{"desktop":{"background-color":"var(--ast-global-color-4)","background-image":"","background-repeat":"repeat","background-position":"center center","background-size":"auto","background-attachment":"scroll","background-type":"","background-media":"","overlay-type":"","overlay-color":"","overlay-opacity":"","overlay-gradient":""},"tablet":{"background-color":"","background-image":"","background-repeat":"repeat","background-position":"center center","background-size":"auto","background-attachment":"scroll","background-type":"","background-media":"","overlay-type":"","overlay-color":"","overlay-opacity":"","overlay-gradient":""},"mobile":{"background-color":"","background-image":"","background-repeat":"repeat","background-position":"center center","background-size":"auto","background-attachment":"scroll","background-type":"","background-media":"","overlay-type":"","overlay-color":"","overlay-opacity":"","overlay-gradient":""}},"ast-content-background-meta":{"desktop":{"background-color":"var(--ast-global-color-5)","background-image":"","background-repeat":"repeat","background-position":"center center","background-size":"auto","background-attachment":"scroll","background-type":"","background-media":"","overlay-type":"","overlay-color":"","overlay-opacity":"","overlay-gradient":""},"tablet":{"background-color":"var(--ast-global-color-5)","background-image":"","background-repeat":"repeat","background-position":"center center","background-size":"auto","background-attachment":"scroll","background-type":"","background-media":"","overlay-type":"","overlay-color":"","overlay-opacity":"","overlay-gradient":""},"mobile":{"background-color":"var(--ast-global-color-5)","background-image":"","background-repeat":"repeat","background-position":"center center","background-size":"auto","background-attachment":"scroll","background-type":"","background-media":"","overlay-type":"","overlay-color":"","overlay-opacity":"","overlay-gradient":""}}},"product_brand":[],"product_cat":[58],"product_tag":[],"class_list":{"0":"post-3823","1":"product","2":"type-product","3":"status-publish","4":"has-post-thumbnail","6":"product_cat-manual-ball-valve","7":"desktop-align-left","8":"tablet-align-left","9":"mobile-align-left","11":"first","12":"instock","13":"taxable","14":"shipping-taxable","15":"purchasable","16":"product-type-simple"},"_links":{"self":[{"href":"https:\/\/ballvalves.tw\/fr\/wp-json\/wp\/v2\/product\/3823","targetHints":{"allow":["GET"]}}],"collection":[{"href":"https:\/\/ballvalves.tw\/fr\/wp-json\/wp\/v2\/product"}],"about":[{"href":"https:\/\/ballvalves.tw\/fr\/wp-json\/wp\/v2\/types\/product"}],"wp:featuredmedia":[{"embeddable":true,"href":"https:\/\/ballvalves.tw\/fr\/wp-json\/wp\/v2\/media\/3763"}],"wp:attachment":[{"href":"https:\/\/ballvalves.tw\/fr\/wp-json\/wp\/v2\/media?parent=3823"}],"wp:term":[{"taxonomy":"product_brand","embeddable":true,"href":"https:\/\/ballvalves.tw\/fr\/wp-json\/wp\/v2\/product_brand?post=3823"},{"taxonomy":"product_cat","embeddable":true,"href":"https:\/\/ballvalves.tw\/fr\/wp-json\/wp\/v2\/product_cat?post=3823"},{"taxonomy":"product_tag","embeddable":true,"href":"https:\/\/ballvalves.tw\/fr\/wp-json\/wp\/v2\/product_tag?post=3823"}],"curies":[{"name":"wp","href":"https:\/\/api.w.org\/{rel}","templated":true}]}}