{"id":3822,"date":"2025-10-17T08:49:32","date_gmt":"2025-10-17T00:49:32","guid":{"rendered":"https:\/\/ballvalves.tw\/?post_type=product&#038;p=3822"},"modified":"2025-12-11T12:52:00","modified_gmt":"2025-12-11T04:52:00","slug":"three-pcs-ball-valve-pt-bw-sw","status":"publish","type":"product","link":"https:\/\/ballvalves.tw\/fr\/produit\/three-pcs-ball-valve-pt-bw-sw\/","title":{"rendered":"Vanne \u00e0 bille en trois parties PT \/ soud\u00e9e bout \u00e0 bout (BW) \/ soud\u00e9e par embo\u00eetement (SW), 1000 WOG"},"content":{"rendered":"<h2 data-path-to-node=\"20\">Description du produit<\/h2>\n<p data-path-to-node=\"21\">Le <b>Conception en trois parties<\/b> est la r\u00e9f\u00e9rence haut de gamme pour la maintenance industrielle. Contrairement aux vannes \u00e0 une ou deux pi\u00e8ces, le corps de la V-3A peut \u00eatre s\u00e9par\u00e9 des raccords de tuyaux (embouts) en retirant quelques boulons. Cela permet au corps principal de \u201c pivoter \u201d pour le nettoyage, le remplacement des joints ou l'inspection sans avoir \u00e0 couper ou d\u00e9visser la vanne de la canalisation.<\/p>\n<h2 data-path-to-node=\"22\"><b>Caract\u00e9ristiques techniques principales :<\/b><\/h2>\n<ul>\n<li data-path-to-node=\"23,0,0\"><b>Mod\u00e8le :<\/b> V-3A<\/li>\n<li data-path-to-node=\"23,1,0\"><b>Mat\u00e9riau du corps :<\/b> Acier inoxydable ASTM 316<\/li>\n<li data-path-to-node=\"23,2,0\"><b>Pression nominale :<\/b> 1000 WOG<\/li>\n<li data-path-to-node=\"23,3,0\"><b>Gamme de tailles :<\/b> 1\/4 po ~ 4 po<\/li>\n<li data-path-to-node=\"23,4,0\"><b>Options de connexion :<\/b> Filet\u00e9 (PT), soud\u00e9 bout \u00e0 bout (BW), soud\u00e9 par embo\u00eetement (SW)<\/li>\n<li data-path-to-node=\"23,5,0\"><b>Caract\u00e9ristique :<\/b> Conception \u00e0 corps pivotant pour maintenance en ligne<\/li>\n<\/ul>\n<h2 data-path-to-node=\"24\">Avantages et b\u00e9n\u00e9fices<\/h2>\n<ul>\n<li data-path-to-node=\"25,0,0\"><b>Entretien facile en ligne :<\/b> La partie centrale peut \u00eatre retir\u00e9e pour l'entretien tandis que les embouts restent fix\u00e9s au tuyau, ce qui r\u00e9duit consid\u00e9rablement les temps d'arr\u00eat et les co\u00fbts de main-d'\u0153uvre.<\/li>\n<li data-path-to-node=\"25,1,0\"><b>Facile \u00e0 souder :<\/b> La conception en trois parties permet de retirer la partie centrale (contenant les joints thermosensibles) pendant le soudage, ce qui \u00e9vite d'endommager les joints par transfert de chaleur.<\/li>\n<li data-path-to-node=\"25,2,0\"><b>Connexions polyvalentes :<\/b> Que votre syst\u00e8me n\u00e9cessite des raccords filet\u00e9s ou soud\u00e9s pour une s\u00e9curit\u00e9 accrue, cette s\u00e9rie unique r\u00e9pond \u00e0 toutes les exigences.<\/li>\n<li data-path-to-node=\"25,3,0\"><b>Potentiel de haute puret\u00e9 :<\/b> Sa facilit\u00e9 de nettoyage le rend adapt\u00e9 aux industries exigeant une hygi\u00e8ne plus stricte ou un nettoyage r\u00e9gulier des lignes.<\/li>\n<\/ul>\n<h2 data-path-to-node=\"26\">Domaines d'application et emplacements<\/h2>\n<ul>\n<li data-path-to-node=\"27,0,0\"><b>Usines p\u00e9trochimiques et chimiques :<\/b> Lignes n\u00e9cessitant des raccords soud\u00e9s s\u00e9curis\u00e9s.<\/li>\n<li data-path-to-node=\"27,1,0\"><b>Conduites d'alimentation en aliments et boissons :<\/b> Conduites de vapeur et d'eau n\u00e9cessitant un entretien fr\u00e9quent.<\/li>\n<li data-path-to-node=\"27,2,0\"><b>Fabrication automobile :<\/b> Lignes de peinture et de solvants.<\/li>\n<li data-path-to-node=\"27,3,0\"><b>Semi-conducteur :<\/b> Syst\u00e8mes d'assistance n\u00e9cessitant des vannes fiables et faciles \u00e0 entretenir.<\/li>\n<\/ul>","protected":false},"excerpt":{"rendered":"<p data-path-to-node=\"18\"><b>Le choix facile d'entretien pour les tuyauteries haute performance.<\/b><\/p>\n<p data-path-to-node=\"19\">Le <b>Vanne \u00e0 bille trois pi\u00e8ces s\u00e9rie V-3A<\/b> est con\u00e7u pour les applications critiques n\u00e9cessitant un entretien ou un nettoyage r\u00e9gulier. Dot\u00e9 d'une conception \u201c pivotante \u201d et disponible en <b>Filet\u00e9 (PT)<\/b>, <b>Soudure bout \u00e0 bout (BW)<\/b>et <b>Soudure par embo\u00eetement (SW)<\/b> connexions, ceci <b>Acier inoxydable 316<\/b> La vanne offre une flexibilit\u00e9 et une long\u00e9vit\u00e9 in\u00e9gal\u00e9es pour le contr\u00f4le des fluides industriels.<\/p>","protected":false},"featured_media":3759,"template":"","meta":{"site-sidebar-layout":"default","site-content-layout":"","ast-site-content-layout":"default","site-content-style":"default","site-sidebar-style":"default","ast-global-header-display":"","ast-banner-title-visibility":"","ast-main-header-display":"","ast-hfb-above-header-display":"","ast-hfb-below-header-display":"","ast-hfb-mobile-header-display":"","site-post-title":"","ast-breadcrumbs-content":"","ast-featured-img":"","footer-sml-layout":"","ast-disable-related-posts":"","theme-transparent-header-meta":"default","adv-header-id-meta":"","stick-header-meta":"","header-above-stick-meta":"","header-main-stick-meta":"","header-below-stick-meta":"","astra-migrate-meta-layouts":"set","ast-page-background-enabled":"default","ast-page-background-meta":{"desktop":{"background-color":"var(--ast-global-color-4)","background-image":"","background-repeat":"repeat","background-position":"center center","background-size":"auto","background-attachment":"scroll","background-type":"","background-media":"","overlay-type":"","overlay-color":"","overlay-opacity":"","overlay-gradient":""},"tablet":{"background-color":"","background-image":"","background-repeat":"repeat","background-position":"center center","background-size":"auto","background-attachment":"scroll","background-type":"","background-media":"","overlay-type":"","overlay-color":"","overlay-opacity":"","overlay-gradient":""},"mobile":{"background-color":"","background-image":"","background-repeat":"repeat","background-position":"center center","background-size":"auto","background-attachment":"scroll","background-type":"","background-media":"","overlay-type":"","overlay-color":"","overlay-opacity":"","overlay-gradient":""}},"ast-content-background-meta":{"desktop":{"background-color":"var(--ast-global-color-5)","background-image":"","background-repeat":"repeat","background-position":"center center","background-size":"auto","background-attachment":"scroll","background-type":"","background-media":"","overlay-type":"","overlay-color":"","overlay-opacity":"","overlay-gradient":""},"tablet":{"background-color":"var(--ast-global-color-5)","background-image":"","background-repeat":"repeat","background-position":"center center","background-size":"auto","background-attachment":"scroll","background-type":"","background-media":"","overlay-type":"","overlay-color":"","overlay-opacity":"","overlay-gradient":""},"mobile":{"background-color":"var(--ast-global-color-5)","background-image":"","background-repeat":"repeat","background-position":"center center","background-size":"auto","background-attachment":"scroll","background-type":"","background-media":"","overlay-type":"","overlay-color":"","overlay-opacity":"","overlay-gradient":""}}},"product_brand":[],"product_cat":[58],"product_tag":[],"class_list":{"0":"post-3822","1":"product","2":"type-product","3":"status-publish","4":"has-post-thumbnail","6":"product_cat-manual-ball-valve","7":"desktop-align-left","8":"tablet-align-left","9":"mobile-align-left","11":"first","12":"instock","13":"taxable","14":"shipping-taxable","15":"purchasable","16":"product-type-simple"},"_links":{"self":[{"href":"https:\/\/ballvalves.tw\/fr\/wp-json\/wp\/v2\/product\/3822","targetHints":{"allow":["GET"]}}],"collection":[{"href":"https:\/\/ballvalves.tw\/fr\/wp-json\/wp\/v2\/product"}],"about":[{"href":"https:\/\/ballvalves.tw\/fr\/wp-json\/wp\/v2\/types\/product"}],"wp:featuredmedia":[{"embeddable":true,"href":"https:\/\/ballvalves.tw\/fr\/wp-json\/wp\/v2\/media\/3759"}],"wp:attachment":[{"href":"https:\/\/ballvalves.tw\/fr\/wp-json\/wp\/v2\/media?parent=3822"}],"wp:term":[{"taxonomy":"product_brand","embeddable":true,"href":"https:\/\/ballvalves.tw\/fr\/wp-json\/wp\/v2\/product_brand?post=3822"},{"taxonomy":"product_cat","embeddable":true,"href":"https:\/\/ballvalves.tw\/fr\/wp-json\/wp\/v2\/product_cat?post=3822"},{"taxonomy":"product_tag","embeddable":true,"href":"https:\/\/ballvalves.tw\/fr\/wp-json\/wp\/v2\/product_tag?post=3822"}],"curies":[{"name":"wp","href":"https:\/\/api.w.org\/{rel}","templated":true}]}}