{"id":3811,"date":"2025-10-17T08:41:36","date_gmt":"2025-10-17T00:41:36","guid":{"rendered":"https:\/\/ballvalves.tw\/?post_type=product&#038;p=3811"},"modified":"2025-12-11T12:49:07","modified_gmt":"2025-12-11T04:49:07","slug":"two-piece-ball-valve-patented-economy-type-1000-wog","status":"publish","type":"product","link":"https:\/\/ballvalves.tw\/fr\/produit\/two-piece-ball-valve-patented-economy-type-1000-wog\/","title":{"rendered":"Vanne \u00e0 bille en deux parties (brevet\u00e9e \/ type \u00e9conomique), 1000 WOG"},"content":{"rendered":"<h2 data-path-to-node=\"7\">Description du produit<\/h2>\n<p data-path-to-node=\"8\">Le Yzng Trong <b>Robinet \u00e0 boisseau sph\u00e9rique en deux parties<\/b> est con\u00e7u pour optimiser l'efficacit\u00e9 du traitement des fluides. Contrairement aux vannes monoblocs, la construction du corps en deux parties permet une plus grande ouverture du boisseau, ce qui se traduit g\u00e9n\u00e9ralement par des coefficients de d\u00e9bit plus \u00e9lev\u00e9s et une r\u00e9duction de la perte de charge dans la vanne.<\/p>\n<p data-path-to-node=\"9\"><b>Caract\u00e9ristiques techniques principales :<\/b><\/p>\n<ul>\n<li data-path-to-node=\"10,0,0\"><b>Mod\u00e8le :<\/b> V-2B (type brevet\u00e9) \/ V-2C (type \u00e9conomique)<\/li>\n<li data-path-to-node=\"10,1,0\"><b>Mat\u00e9riau du corps :<\/b> Acier inoxydable ASTM 304 ou 316<\/li>\n<li data-path-to-node=\"10,2,0\"><b>Pression nominale :<\/b> 1000 WOG (PSI)<\/li>\n<li data-path-to-node=\"10,3,0\"><b>Gamme de tailles :<\/b> 1\/4 po ~ 4 po<\/li>\n<li data-path-to-node=\"10,4,0\"><b>Compatibilit\u00e9 des supports :<\/b> P\u00e9trole, eau, gaz<\/li>\n<li data-path-to-node=\"10,5,0\"><b>Fonctionnement :<\/b> Poign\u00e9e manuelle avec action quart de tour<\/li>\n<\/ul>\n<p data-path-to-node=\"11\">La vanne fonctionne par rotation d'une bille centrale avec un passage for\u00e9. Une simple rotation de 90 degr\u00e9s de la poign\u00e9e permet d'ouvrir ou de couper instantan\u00e9ment le d\u00e9bit. La conception privil\u00e9gie la facilit\u00e9 d'utilisation, la rapidit\u00e9 d'actionnement et une excellente \u00e9tanch\u00e9it\u00e9 pour \u00e9viter les fuites, m\u00eame sous haute pression.<\/p>\n<h2 data-path-to-node=\"12\">Avantages et b\u00e9n\u00e9fices<\/h2>\n<ol>\n<li data-path-to-node=\"13,0,0\"><b>Efficacit\u00e9 optimis\u00e9e du d\u00e9bit :<\/b> La construction en deux parties permet g\u00e9n\u00e9ralement un al\u00e9sage interne plus important, ce qui minimise la r\u00e9sistance \u00e0 l'\u00e9coulement et la perte de pression dans votre canalisation.<\/li>\n<li data-path-to-node=\"13,1,0\"><b>Flexibilit\u00e9 des mat\u00e9riaux :<\/b> Disponible dans les deux <b>Acier inoxydable 304<\/b> (pour une r\u00e9sistance \u00e0 la corrosion standard et des \u00e9conomies) et <b>Acier inoxydable 316<\/b> (pour une r\u00e9sistance sup\u00e9rieure dans des environnements chimiques plus s\u00e9v\u00e8res).<\/li>\n<li data-path-to-node=\"13,2,0\"><b>Double option (brevet\u00e9e ou \u00e9conomique) :<\/b>\n<ul>\n<li data-path-to-node=\"13,2,1,0,0\"><b>Type brevet\u00e9 :<\/b> Il est dot\u00e9 d'\u00e9l\u00e9ments de conception avanc\u00e9s pour une durabilit\u00e9 et une \u00e9tanch\u00e9it\u00e9 accrues.<\/li>\n<li data-path-to-node=\"13,2,1,1,0\"><b>Type d'\u00e9conomie :<\/b> Fournit une solution de haute qualit\u00e9 et rentable pour les applications standard.<\/li>\n<\/ul>\n<\/li>\n<li data-path-to-node=\"13,3,0\"><b>Disponibilit\u00e9 d'une grande taille :<\/b> Couvrant les tailles jusqu'\u00e0 <b>4 pouces<\/b>, Ce qui le rend adapt\u00e9 aux grandes lignes industrielles o\u00f9 les vannes plus petites ne peuvent pas rivaliser.<\/li>\n<li data-path-to-node=\"13,4,0\"><b>\u00c9tanch\u00e9it\u00e9 fiable :<\/b> Con\u00e7u pour une fermeture \u00e9tanche afin de garantir la s\u00e9curit\u00e9 et l'int\u00e9grit\u00e9 du syst\u00e8me.<\/li>\n<\/ol>\n<h2 data-path-to-node=\"14\">Domaines d'application et emplacements<\/h2>\n<p data-path-to-node=\"15\">Cette s\u00e9rie de vannes polyvalentes est largement adopt\u00e9e dans de nombreux secteurs en raison de son \u00e9quilibre entre performance et prix :<\/p>\n<ul>\n<li data-path-to-node=\"16,0,0\"><b>Traitement de l'eau :<\/b> Syst\u00e8mes de filtration, unit\u00e9s d'osmose inverse et conduites d'eau municipales.<\/li>\n<li data-path-to-node=\"16,1,0\"><b>Fabrication industrielle :<\/b> Conduites de refroidissement, syst\u00e8mes de compresseurs d'air et plomberie g\u00e9n\u00e9rale de l'usine.<\/li>\n<li data-path-to-node=\"16,2,0\"><b>Chimie et p\u00e9trochimie :<\/b> Manipulation de fluides de processus et de conduites de gaz naturel (mod\u00e8les en acier inoxydable 316).<\/li>\n<li data-path-to-node=\"16,3,0\"><b>Construction et CVC :<\/b> Approvisionnement en eau pour le chauffage, le refroidissement et la protection contre les incendies.<\/li>\n<li data-path-to-node=\"16,4,0\"><b>Alimentation et boissons :<\/b> Conduites de service (vapeur, eau de lavage) dans les usines de transformation.<\/li>\n<\/ul>","protected":false},"excerpt":{"rendered":"<p data-path-to-node=\"4\"><b>Contr\u00f4le polyvalent \u00e0 haut d\u00e9bit avec des options de conception brevet\u00e9es.<\/b><\/p>\n<p data-path-to-node=\"5\">Le <b>S\u00e9rie V-2B \/ V-2C<\/b> offre une solide <b>Robinet \u00e0 boisseau sph\u00e9rique en deux parties<\/b> disponible dans les deux langues officielles de l'Union europ\u00e9enne. <b>Brevet\u00e9e<\/b> et <b>L'\u00e9conomie<\/b> variations pour r\u00e9pondre aux diff\u00e9rentes exigences en mati\u00e8re de budget et de performances. Class\u00e9 pour <b>1000 WOG<\/b>, Ces vannes sont fabriqu\u00e9es \u00e0 partir de mat\u00e9riaux de haute qualit\u00e9 <b>Acier inoxydable 304 ou 316<\/b>, Le syst\u00e8me de gestion de l'information de l'Union europ\u00e9enne (UE) permet de trouver un \u00e9quilibre parfait entre la durabilit\u00e9 et la rentabilit\u00e9.<\/p>\n<p data-path-to-node=\"6\">Avec une large gamme de tailles allant de <b>1\/4\u2033 \u00e0 4\u2033<\/b>, Cette s\u00e9rie est la norme industrielle pour un contr\u00f4le fiable du d\u00e9bit, offrant des d\u00e9bits sup\u00e9rieurs \u00e0 ceux des conceptions monoblocs. C'est le choix par excellence pour les tuyauteries industrielles g\u00e9n\u00e9rales, les installations de traitement de l'eau et les int\u00e9grateurs de syst\u00e8mes OEM.<\/p>","protected":false},"featured_media":3769,"template":"","meta":{"site-sidebar-layout":"default","site-content-layout":"","ast-site-content-layout":"default","site-content-style":"default","site-sidebar-style":"default","ast-global-header-display":"","ast-banner-title-visibility":"","ast-main-header-display":"","ast-hfb-above-header-display":"","ast-hfb-below-header-display":"","ast-hfb-mobile-header-display":"","site-post-title":"","ast-breadcrumbs-content":"","ast-featured-img":"","footer-sml-layout":"","ast-disable-related-posts":"","theme-transparent-header-meta":"default","adv-header-id-meta":"","stick-header-meta":"","header-above-stick-meta":"","header-main-stick-meta":"","header-below-stick-meta":"","astra-migrate-meta-layouts":"set","ast-page-background-enabled":"default","ast-page-background-meta":{"desktop":{"background-color":"var(--ast-global-color-4)","background-image":"","background-repeat":"repeat","background-position":"center center","background-size":"auto","background-attachment":"scroll","background-type":"","background-media":"","overlay-type":"","overlay-color":"","overlay-opacity":"","overlay-gradient":""},"tablet":{"background-color":"","background-image":"","background-repeat":"repeat","background-position":"center center","background-size":"auto","background-attachment":"scroll","background-type":"","background-media":"","overlay-type":"","overlay-color":"","overlay-opacity":"","overlay-gradient":""},"mobile":{"background-color":"","background-image":"","background-repeat":"repeat","background-position":"center center","background-size":"auto","background-attachment":"scroll","background-type":"","background-media":"","overlay-type":"","overlay-color":"","overlay-opacity":"","overlay-gradient":""}},"ast-content-background-meta":{"desktop":{"background-color":"var(--ast-global-color-5)","background-image":"","background-repeat":"repeat","background-position":"center center","background-size":"auto","background-attachment":"scroll","background-type":"","background-media":"","overlay-type":"","overlay-color":"","overlay-opacity":"","overlay-gradient":""},"tablet":{"background-color":"var(--ast-global-color-5)","background-image":"","background-repeat":"repeat","background-position":"center center","background-size":"auto","background-attachment":"scroll","background-type":"","background-media":"","overlay-type":"","overlay-color":"","overlay-opacity":"","overlay-gradient":""},"mobile":{"background-color":"var(--ast-global-color-5)","background-image":"","background-repeat":"repeat","background-position":"center center","background-size":"auto","background-attachment":"scroll","background-type":"","background-media":"","overlay-type":"","overlay-color":"","overlay-opacity":"","overlay-gradient":""}}},"product_brand":[],"product_cat":[58],"product_tag":[],"class_list":{"0":"post-3811","1":"product","2":"type-product","3":"status-publish","4":"has-post-thumbnail","6":"product_cat-manual-ball-valve","7":"desktop-align-left","8":"tablet-align-left","9":"mobile-align-left","11":"first","12":"instock","13":"taxable","14":"shipping-taxable","15":"purchasable","16":"product-type-simple"},"_links":{"self":[{"href":"https:\/\/ballvalves.tw\/fr\/wp-json\/wp\/v2\/product\/3811","targetHints":{"allow":["GET"]}}],"collection":[{"href":"https:\/\/ballvalves.tw\/fr\/wp-json\/wp\/v2\/product"}],"about":[{"href":"https:\/\/ballvalves.tw\/fr\/wp-json\/wp\/v2\/types\/product"}],"wp:featuredmedia":[{"embeddable":true,"href":"https:\/\/ballvalves.tw\/fr\/wp-json\/wp\/v2\/media\/3769"}],"wp:attachment":[{"href":"https:\/\/ballvalves.tw\/fr\/wp-json\/wp\/v2\/media?parent=3811"}],"wp:term":[{"taxonomy":"product_brand","embeddable":true,"href":"https:\/\/ballvalves.tw\/fr\/wp-json\/wp\/v2\/product_brand?post=3811"},{"taxonomy":"product_cat","embeddable":true,"href":"https:\/\/ballvalves.tw\/fr\/wp-json\/wp\/v2\/product_cat?post=3811"},{"taxonomy":"product_tag","embeddable":true,"href":"https:\/\/ballvalves.tw\/fr\/wp-json\/wp\/v2\/product_tag?post=3811"}],"curies":[{"name":"wp","href":"https:\/\/api.w.org\/{rel}","templated":true}]}}