{"id":3809,"date":"2025-10-17T08:37:53","date_gmt":"2025-10-17T00:37:53","guid":{"rendered":"https:\/\/ballvalves.tw\/?post_type=product&#038;p=3809"},"modified":"2025-12-11T12:48:00","modified_gmt":"2025-12-11T04:48:00","slug":"one-piece-ball-valve-1000-wog","status":"publish","type":"product","link":"https:\/\/ballvalves.tw\/fr\/produit\/one-piece-ball-valve-1000-wog\/","title":{"rendered":"Vanne \u00e0 bille monobloc (F\u00d7F \/ F\u00d7M), 1000 WOG"},"content":{"rendered":"<h2 data-path-to-node=\"9\"><strong>Description du produit<\/strong><\/h2>\n<p data-path-to-node=\"9\">Le Yzng Trong <b>Robinet \u00e0 boisseau sph\u00e9rique monobloc<\/b> repr\u00e9sente la norme en mati\u00e8re d'efficacit\u00e9 dans le domaine du contr\u00f4le manuel des flux. La conception \u201c monobloc \u201d du corps signifie que le corps de la vanne est moul\u00e9 en une seule pi\u00e8ce solide. Cette construction int\u00e9grale r\u00e9duit consid\u00e9rablement les risques de fuites par rapport aux vannes en plusieurs pi\u00e8ces, offrant ainsi une marge de s\u00e9curit\u00e9 plus \u00e9lev\u00e9e pour vos op\u00e9rations.<\/p>\n<h2 data-path-to-node=\"10\"><b>Caract\u00e9ristiques techniques principales :<\/b><\/h2>\n<ul>\n<li data-path-to-node=\"11,0,0\"><b>Mod\u00e8le :<\/b> R-1B (F\u00d7F) \/ R1BN (F\u00d7M)<\/li>\n<li data-path-to-node=\"11,1,0\"><b>Mat\u00e9riau du corps :<\/b> Acier inoxydable ASTM 316 (moulage \u00e0 la cire perdue)<\/li>\n<li data-path-to-node=\"11,2,0\"><b>Pression nominale :<\/b> 1000 WOG (PSI)<\/li>\n<li data-path-to-node=\"11,3,0\"><b>Gamme de tailles :<\/b> 1\/4 po \u00e0 3 po<\/li>\n<li data-path-to-node=\"11,4,0\"><b>Types de connexion :<\/b> Filet\u00e9 (NPT \/ BSPT \/ BSP \/ DIN) \u2013 Disponible en double filetage interne ou filetage interne\/externe.<\/li>\n<li data-path-to-node=\"11,5,0\"><b>Fonctionnement :<\/b> Poign\u00e9e manuelle (quart de tour)<\/li>\n<\/ul>\n<p data-path-to-node=\"12\">La vanne fonctionne \u00e0 l'aide d'une bille creuse pivotante. Une simple rotation de 90 degr\u00e9s de la poign\u00e9e fait tourner la bille pour l'aligner compl\u00e8tement avec le flux (ouvert) ou le bloquer compl\u00e8tement (ferm\u00e9). Ce m\u00e9canisme quart de tour garantit un fonctionnement rapide et fournit une indication visuelle de l'\u00e9tat de la vanne.<\/p>\n<h2 data-path-to-node=\"13\"><strong>Principaux avantages et b\u00e9n\u00e9fices<\/strong><\/h2>\n<p data-path-to-node=\"14\">Pourquoi choisir le robinet \u00e0 boisseau sph\u00e9rique monobloc R-1B \/ R1BN ?<\/p>\n<ul>\n<li data-path-to-node=\"15,0,0\"><b>Protection sup\u00e9rieure contre les fuites :<\/b> La construction monocoque \u00e9limine les joints du corps, supprimant ainsi le point de fuite le plus courant que l'on trouve dans d'autres mod\u00e8les de vannes.<\/li>\n<li data-path-to-node=\"15,1,0\"><b>Haute r\u00e9sistance \u00e0 la corrosion :<\/b> Fabriqu\u00e9 \u00e0 partir de mat\u00e9riaux de haute qualit\u00e9 <b>Acier inoxydable 316<\/b>, Cette vanne r\u00e9siste mieux aux environnements difficiles, aux produits chimiques et aux fluides corrosifs que les alternatives standard en acier inoxydable 304 ou en laiton.<\/li>\n<li data-path-to-node=\"15,2,0\"><b>R\u00e9sistance \u00e0 haute pression :<\/b> \u00c9valu\u00e9 \u00e0 <b>1000 WOG<\/b>, il convient parfaitement aux applications industrielles \u00e0 haute pression impliquant de l'eau, de l'huile et des gaz inertes.<\/li>\n<li data-path-to-node=\"15,3,0\"><b>Conception rentable :<\/b> La conception monobloc est g\u00e9n\u00e9ralement plus \u00e9conomique que les options en deux ou trois pi\u00e8ces, ce qui en fait le choix id\u00e9al pour les applications standard ne n\u00e9cessitant pas d'entretien (d\u00e9montage) de la vanne.<\/li>\n<li data-path-to-node=\"15,4,0\"><b>Installation flexible :<\/b> Disponible en configurations \u00e0 double filetage femelle et femelle\/m\u00e2le, permettant une connexion directe \u00e0 l'\u00e9quipement sans raccords ni raccords suppl\u00e9mentaires.<\/li>\n<\/ul>\n<h2 data-path-to-node=\"16\"><strong>Domaines d'application et emplacements<\/strong><\/h2>\n<p data-path-to-node=\"17\">Gr\u00e2ce \u00e0 sa taille compacte et \u00e0 sa grande r\u00e9sistance \u00e0 la pression et \u00e0 la corrosion, cette vanne est largement utilis\u00e9e dans divers secteurs :<\/p>\n<ul>\n<li data-path-to-node=\"18,0,0\"><b>Utilit\u00e9 industrielle g\u00e9n\u00e9rale :<\/b> Conduites de transport d'eau, de p\u00e9trole et de gaz dans les usines.<\/li>\n<li data-path-to-node=\"18,1,0\"><b>Traitement chimique :<\/b> Manipulation de fluides et solvants l\u00e9g\u00e8rement corrosifs.<\/li>\n<li data-path-to-node=\"18,2,0\"><b>CVC et plomberie :<\/b> Syst\u00e8mes commerciaux de distribution d'eau et de chauffage.<\/li>\n<li data-path-to-node=\"18,3,0\"><b>\u00c9quipement OEM :<\/b> Id\u00e9al pour les machines mont\u00e9es sur skid et les assemblages de tuyauterie dans des espaces restreints.<\/li>\n<li data-path-to-node=\"18,4,0\"><b>Agriculture :<\/b> Syst\u00e8mes de contr\u00f4le de l'irrigation et de m\u00e9lange d'engrais.<\/li>\n<\/ul>","protected":false},"excerpt":{"rendered":"<p data-path-to-node=\"5\"><b>Contr\u00f4le du d\u00e9bit compact, durable et r\u00e9sistant aux fuites.<\/b><\/p>\n<p data-path-to-node=\"6\">Le <b>S\u00e9rie R-1B \/ R1BN<\/b> est un produit hautement performant <b>Robinet \u00e0 boisseau sph\u00e9rique monobloc<\/b> Con\u00e7u pour les applications industrielles et utilitaires g\u00e9n\u00e9rales o\u00f9 l'espace est limit\u00e9 et o\u00f9 la fiabilit\u00e9 est primordiale. Fabriqu\u00e9 \u00e0 partir d'un mat\u00e9riau r\u00e9sistant \u00e0 la corrosion. <b>Acier inoxydable 316<\/b>, cette vanne est con\u00e7ue pour <b>1000 WOG<\/b> (eau, huile, gaz), ce qui en fait un choix id\u00e9al pour les environnements \u00e0 haute pression.<\/p>\n<p data-path-to-node=\"7\">Avec des options pour les deux <b>Femme x Femme (F\u00d7F)<\/b> et <b>Femelle x M\u00e2le (F\u00d7M)<\/b> Gr\u00e2ce \u00e0 ses raccords filet\u00e9s, cette vanne offre une polyvalence sup\u00e9rieure pour les syst\u00e8mes de tuyauterie. Elle convient parfaitement aux gestionnaires d'installations, aux constructeurs de machines OEM et aux ing\u00e9nieurs industriels \u00e0 la recherche d'une solution \u00e9conomique mais robuste pour contr\u00f4ler la dynamique des fluides.<\/p>","protected":false},"featured_media":3758,"template":"","meta":{"site-sidebar-layout":"default","site-content-layout":"","ast-site-content-layout":"default","site-content-style":"default","site-sidebar-style":"default","ast-global-header-display":"","ast-banner-title-visibility":"","ast-main-header-display":"","ast-hfb-above-header-display":"","ast-hfb-below-header-display":"","ast-hfb-mobile-header-display":"","site-post-title":"","ast-breadcrumbs-content":"","ast-featured-img":"","footer-sml-layout":"","ast-disable-related-posts":"","theme-transparent-header-meta":"default","adv-header-id-meta":"","stick-header-meta":"","header-above-stick-meta":"","header-main-stick-meta":"","header-below-stick-meta":"","astra-migrate-meta-layouts":"set","ast-page-background-enabled":"default","ast-page-background-meta":{"desktop":{"background-color":"var(--ast-global-color-4)","background-image":"","background-repeat":"repeat","background-position":"center center","background-size":"auto","background-attachment":"scroll","background-type":"","background-media":"","overlay-type":"","overlay-color":"","overlay-opacity":"","overlay-gradient":""},"tablet":{"background-color":"","background-image":"","background-repeat":"repeat","background-position":"center center","background-size":"auto","background-attachment":"scroll","background-type":"","background-media":"","overlay-type":"","overlay-color":"","overlay-opacity":"","overlay-gradient":""},"mobile":{"background-color":"","background-image":"","background-repeat":"repeat","background-position":"center center","background-size":"auto","background-attachment":"scroll","background-type":"","background-media":"","overlay-type":"","overlay-color":"","overlay-opacity":"","overlay-gradient":""}},"ast-content-background-meta":{"desktop":{"background-color":"var(--ast-global-color-5)","background-image":"","background-repeat":"repeat","background-position":"center center","background-size":"auto","background-attachment":"scroll","background-type":"","background-media":"","overlay-type":"","overlay-color":"","overlay-opacity":"","overlay-gradient":""},"tablet":{"background-color":"var(--ast-global-color-5)","background-image":"","background-repeat":"repeat","background-position":"center center","background-size":"auto","background-attachment":"scroll","background-type":"","background-media":"","overlay-type":"","overlay-color":"","overlay-opacity":"","overlay-gradient":""},"mobile":{"background-color":"var(--ast-global-color-5)","background-image":"","background-repeat":"repeat","background-position":"center center","background-size":"auto","background-attachment":"scroll","background-type":"","background-media":"","overlay-type":"","overlay-color":"","overlay-opacity":"","overlay-gradient":""}}},"product_brand":[],"product_cat":[58],"product_tag":[],"class_list":{"0":"post-3809","1":"product","2":"type-product","3":"status-publish","4":"has-post-thumbnail","6":"product_cat-manual-ball-valve","7":"desktop-align-left","8":"tablet-align-left","9":"mobile-align-left","11":"first","12":"instock","13":"taxable","14":"shipping-taxable","15":"purchasable","16":"product-type-simple"},"_links":{"self":[{"href":"https:\/\/ballvalves.tw\/fr\/wp-json\/wp\/v2\/product\/3809","targetHints":{"allow":["GET"]}}],"collection":[{"href":"https:\/\/ballvalves.tw\/fr\/wp-json\/wp\/v2\/product"}],"about":[{"href":"https:\/\/ballvalves.tw\/fr\/wp-json\/wp\/v2\/types\/product"}],"wp:featuredmedia":[{"embeddable":true,"href":"https:\/\/ballvalves.tw\/fr\/wp-json\/wp\/v2\/media\/3758"}],"wp:attachment":[{"href":"https:\/\/ballvalves.tw\/fr\/wp-json\/wp\/v2\/media?parent=3809"}],"wp:term":[{"taxonomy":"product_brand","embeddable":true,"href":"https:\/\/ballvalves.tw\/fr\/wp-json\/wp\/v2\/product_brand?post=3809"},{"taxonomy":"product_cat","embeddable":true,"href":"https:\/\/ballvalves.tw\/fr\/wp-json\/wp\/v2\/product_cat?post=3809"},{"taxonomy":"product_tag","embeddable":true,"href":"https:\/\/ballvalves.tw\/fr\/wp-json\/wp\/v2\/product_tag?post=3809"}],"curies":[{"name":"wp","href":"https:\/\/api.w.org\/{rel}","templated":true}]}}