{"id":990,"date":"2024-12-30T10:49:42","date_gmt":"2024-12-30T02:49:42","guid":{"rendered":"https:\/\/ballvalves.tw\/about-us\/"},"modified":"2026-02-02T12:52:14","modified_gmt":"2026-02-02T04:52:14","slug":"about-us","status":"publish","type":"page","link":"https:\/\/ballvalves.tw\/fr\/about-us\/","title":{"rendered":"\u00c0 propos de nous"},"content":{"rendered":"<div data-elementor-type=\"wp-page\" data-elementor-id=\"990\" class=\"elementor elementor-990\" data-elementor-post-type=\"page\">\n\t\t\t\t<div data-particle_enable=\"false\" data-particle-mobile-disabled=\"false\" class=\"elementor-element elementor-element-57fe2ac e-flex e-con-boxed e-con e-parent\" data-id=\"57fe2ac\" data-element_type=\"container\" data-e-type=\"container\" data-settings=\"{&quot;background_background&quot;:&quot;classic&quot;}\">\n\t\t\t\t\t<div class=\"e-con-inner\">\n\t\t\t\t<div class=\"elementor-element elementor-element-e8b5bba elementor-widget elementor-widget-heading\" data-id=\"e8b5bba\" data-element_type=\"widget\" data-e-type=\"widget\" data-widget_type=\"heading.default\">\n\t\t\t\t<div class=\"elementor-widget-container\">\n\t\t\t\t\t<h1 class=\"elementor-heading-title elementor-size-default\">\u00c0 propos des \u00c9tats-Unis<\/h1>\t\t\t\t<\/div>\n\t\t\t\t<\/div>\n\t\t\t\t\t<\/div>\n\t\t\t\t<\/div>\n\t\t<div data-particle_enable=\"false\" data-particle-mobile-disabled=\"false\" class=\"elementor-element elementor-element-cff27c2 e-flex e-con-boxed e-con e-parent\" data-id=\"cff27c2\" data-element_type=\"container\" data-e-type=\"container\">\n\t\t\t\t\t<div class=\"e-con-inner\">\n\t\t\t\t<div class=\"elementor-element elementor-element-3e62024 elementor-widget elementor-widget-eael-breadcrumbs\" data-id=\"3e62024\" data-element_type=\"widget\" data-e-type=\"widget\" data-widget_type=\"eael-breadcrumbs.default\">\n\t\t\t\t<div class=\"elementor-widget-container\">\n\t\t\t\t\t\t\t<div class=\"eael-breadcrumbs\">\n\t\t\t<div class=\"eael-breadcrumbs__content\"><a href=\"https:\/\/ballvalves.tw\/fr\">Accueil<\/a> <span class=\"eael-breadcrumb-separator\">\/<\/span> <span class = \"eael-current\">Page<\/span><\/div>\t\t<\/div>\n\t\t\t\t\t\t<\/div>\n\t\t\t\t<\/div>\n\t\t\t\t\t<\/div>\n\t\t\t\t<\/div>\n\t\t<div data-particle_enable=\"false\" data-particle-mobile-disabled=\"false\" class=\"elementor-element elementor-element-fa749a2 e-flex e-con-boxed e-con e-parent\" data-id=\"fa749a2\" data-element_type=\"container\" data-e-type=\"container\">\n\t\t\t\t\t<div class=\"e-con-inner\">\n\t\t<div data-particle_enable=\"false\" data-particle-mobile-disabled=\"false\" class=\"elementor-element elementor-element-acf44bd e-con-full e-flex e-con e-child\" data-id=\"acf44bd\" data-element_type=\"container\" data-e-type=\"container\">\n\t\t\t\t<div class=\"elementor-element elementor-element-62a5c53 elementor-widget elementor-widget-heading\" data-id=\"62a5c53\" data-element_type=\"widget\" data-e-type=\"widget\" data-widget_type=\"heading.default\">\n\t\t\t\t<div class=\"elementor-widget-container\">\n\t\t\t\t\t<h2 class=\"elementor-heading-title elementor-size-default\">\u00c0 propos de Yzng Trong International Co.<\/h2>\t\t\t\t<\/div>\n\t\t\t\t<\/div>\n\t\t\t\t<div class=\"elementor-element elementor-element-cf3bde2 elementor-widget elementor-widget-text-editor\" data-id=\"cf3bde2\" data-element_type=\"widget\" data-e-type=\"widget\" data-widget_type=\"text-editor.default\">\n\t\t\t\t<div class=\"elementor-widget-container\">\n\t\t\t\t\t\t\t\t\t<p class=\"\" data-start=\"759\" data-end=\"899\">Fond\u00e9e en 1999, la soci\u00e9t\u00e9 Yzng Trong International Co. est un fabricant professionnel de vannes et de mat\u00e9riel bas\u00e9 \u00e0 Ta\u00efwan. Nous sommes sp\u00e9cialis\u00e9s dans les domaines suivants<\/p><ul><li data-start=\"903\" data-end=\"944\">Vannes industrielles et raccords sanitaires<\/li><li>D\u00e9veloppement de produits sur mesure (OEM\/ODM)<\/li><\/ul><p class=\"\" data-start=\"1064\" data-end=\"1271\">Avec plus de 35 ans d'exp\u00e9rience dans l'industrie des vannes et de la quincaillerie, nous nous sommes engag\u00e9s \u00e0 aider nos clients \u00e0 r\u00e9pondre aux demandes du march\u00e9 gr\u00e2ce \u00e0 une production flexible, une conception innovante et un service de classe mondiale.<\/p><blockquote data-start=\"1273\" data-end=\"1359\"><p class=\"\" data-start=\"1275\" data-end=\"1359\">Nous ne nous contentons pas de fournir des produits, nous proposons des solutions qui vous permettent de gagner en comp\u00e9titivit\u00e9.<\/p><\/blockquote>\t\t\t\t\t\t\t\t<\/div>\n\t\t\t\t<\/div>\n\t\t\t\t<\/div>\n\t\t<div data-particle_enable=\"false\" data-particle-mobile-disabled=\"false\" class=\"elementor-element elementor-element-ac6a51f e-con-full e-flex e-con e-child\" data-id=\"ac6a51f\" data-element_type=\"container\" data-e-type=\"container\" data-settings=\"{&quot;background_background&quot;:&quot;classic&quot;}\">\n\t\t\t\t<\/div>\n\t\t\t\t\t<\/div>\n\t\t\t\t<\/div>\n\t\t<div data-particle_enable=\"false\" data-particle-mobile-disabled=\"false\" class=\"elementor-element elementor-element-78ef676 e-flex e-con-boxed e-con e-parent\" data-id=\"78ef676\" data-element_type=\"container\" data-e-type=\"container\">\n\t\t\t\t\t<div class=\"e-con-inner\">\n\t\t<div data-particle_enable=\"false\" data-particle-mobile-disabled=\"false\" class=\"elementor-element elementor-element-67fb848 e-con-full e-flex e-con e-child\" data-id=\"67fb848\" data-element_type=\"container\" data-e-type=\"container\">\n\t\t\t\t<div class=\"elementor-element elementor-element-a94506b elementor-widget elementor-widget-image\" data-id=\"a94506b\" data-element_type=\"widget\" data-e-type=\"widget\" data-widget_type=\"image.default\">\n\t\t\t\t<div class=\"elementor-widget-container\">\n\t\t\t\t\t\t\t\t\t\t\t\t\t\t\t<img fetchpriority=\"high\" decoding=\"async\" width=\"600\" height=\"300\" src=\"https:\/\/ballvalves.tw\/wp-content\/uploads\/2025\/05\/Jimmao-007.webp\" class=\"attachment-large size-large wp-image-2276\" alt=\"\" srcset=\"https:\/\/ballvalves.tw\/wp-content\/uploads\/2025\/05\/Jimmao-007.webp 600w, https:\/\/ballvalves.tw\/wp-content\/uploads\/2025\/05\/Jimmao-007-300x150.webp 300w\" sizes=\"(max-width: 600px) 100vw, 600px\" \/>\t\t\t\t\t\t\t\t\t\t\t\t\t\t\t<\/div>\n\t\t\t\t<\/div>\n\t\t\t\t<\/div>\n\t\t<div data-particle_enable=\"false\" data-particle-mobile-disabled=\"false\" class=\"elementor-element elementor-element-4c32192 e-con-full e-flex e-con e-child\" data-id=\"4c32192\" data-element_type=\"container\" data-e-type=\"container\">\n\t\t\t\t<div class=\"elementor-element elementor-element-ac168a2 elementor-widget elementor-widget-heading\" data-id=\"ac168a2\" data-element_type=\"widget\" data-e-type=\"widget\" data-widget_type=\"heading.default\">\n\t\t\t\t<div class=\"elementor-widget-container\">\n\t\t\t\t\t<h3 class=\"elementor-heading-title elementor-size-default\">Notre mission, notre vision et nos valeurs<\/h3>\t\t\t\t<\/div>\n\t\t\t\t<\/div>\n\t\t\t\t<div class=\"elementor-element elementor-element-2207c6f elementor-widget elementor-widget-text-editor\" data-id=\"2207c6f\" data-element_type=\"widget\" data-e-type=\"widget\" data-widget_type=\"text-editor.default\">\n\t\t\t\t<div class=\"elementor-widget-container\">\n\t\t\t\t\t\t\t\t\t<ul><li><strong data-start=\"2579\" data-end=\"2591\">La mission :<\/strong> Am\u00e9liorer l'exp\u00e9rience d'achat en proposant non seulement des produits de qualit\u00e9, mais aussi des solutions de conception sur mesure.<\/li><li data-start=\"2701\" data-end=\"2798\"><strong data-start=\"2701\" data-end=\"2712\">Vision :<\/strong> \u00catre le fournisseur mondial de confiance pour les solutions int\u00e9gr\u00e9es de contr\u00f4le de flux et de mat\u00e9riel.<\/li><li data-start=\"2801\" data-end=\"2868\"><strong data-start=\"2801\" data-end=\"2817\">Valeurs fondamentales :<\/strong> Int\u00e9grit\u00e9, innovation, flexibilit\u00e9, succ\u00e8s mutuel<\/li><\/ul>\t\t\t\t\t\t\t\t<\/div>\n\t\t\t\t<\/div>\n\t\t\t\t<\/div>\n\t\t\t\t\t<\/div>\n\t\t\t\t<\/div>\n\t\t<div data-particle_enable=\"false\" data-particle-mobile-disabled=\"false\" class=\"elementor-element elementor-element-13ae043 e-flex e-con-boxed e-con e-parent\" data-id=\"13ae043\" data-element_type=\"container\" data-e-type=\"container\">\n\t\t\t\t\t<div class=\"e-con-inner\">\n\t\t\t\t<div class=\"elementor-element elementor-element-c99eac7 elementor-widget elementor-widget-heading\" data-id=\"c99eac7\" data-element_type=\"widget\" data-e-type=\"widget\" data-widget_type=\"heading.default\">\n\t\t\t\t<div class=\"elementor-widget-container\">\n\t\t\t\t\t<h2 class=\"elementor-heading-title elementor-size-default\">Engagement en faveur du d\u00e9veloppement durable<\/h2>\t\t\t\t<\/div>\n\t\t\t\t<\/div>\n\t\t<div data-particle_enable=\"false\" data-particle-mobile-disabled=\"false\" class=\"elementor-element elementor-element-4830dd2 e-grid e-con-full e-con e-child\" data-id=\"4830dd2\" data-element_type=\"container\" data-e-type=\"container\">\n\t\t<div data-particle_enable=\"false\" data-particle-mobile-disabled=\"false\" class=\"elementor-element elementor-element-8e83a61 e-con-full e-flex e-con e-child\" data-id=\"8e83a61\" data-element_type=\"container\" data-e-type=\"container\">\n\t\t\t\t<div class=\"elementor-element elementor-element-699d335 elementor-widget elementor-widget-image\" data-id=\"699d335\" data-element_type=\"widget\" data-e-type=\"widget\" data-widget_type=\"image.default\">\n\t\t\t\t<div class=\"elementor-widget-container\">\n\t\t\t\t\t\t\t\t\t\t\t\t\t\t\t<img decoding=\"async\" width=\"600\" height=\"400\" src=\"https:\/\/ballvalves.tw\/wp-content\/uploads\/2025\/05\/Jimmao-010.webp\" class=\"attachment-large size-large wp-image-2281\" alt=\"\" srcset=\"https:\/\/ballvalves.tw\/wp-content\/uploads\/2025\/05\/Jimmao-010.webp 600w, https:\/\/ballvalves.tw\/wp-content\/uploads\/2025\/05\/Jimmao-010-300x200.webp 300w\" sizes=\"(max-width: 600px) 100vw, 600px\" \/>\t\t\t\t\t\t\t\t\t\t\t\t\t\t\t<\/div>\n\t\t\t\t<\/div>\n\t\t\t\t<div class=\"elementor-element elementor-element-5385896 elementor-widget elementor-widget-heading\" data-id=\"5385896\" data-element_type=\"widget\" data-e-type=\"widget\" data-widget_type=\"heading.default\">\n\t\t\t\t<div class=\"elementor-widget-container\">\n\t\t\t\t\t<h3 class=\"elementor-heading-title elementor-size-default\">Responsabilit\u00e9 environnementale<\/h3>\t\t\t\t<\/div>\n\t\t\t\t<\/div>\n\t\t\t\t<div class=\"elementor-element elementor-element-916f595 elementor-widget elementor-widget-text-editor\" data-id=\"916f595\" data-element_type=\"widget\" data-e-type=\"widget\" data-widget_type=\"text-editor.default\">\n\t\t\t\t<div class=\"elementor-widget-container\">\n\t\t\t\t\t\t\t\t\t<p>La protection de l'environnement est au c\u0153ur de nos activit\u00e9s, de l'efficacit\u00e9 de la production \u00e0 la s\u00e9lection des \u00e9quipements. Nous investissons continuellement dans des pratiques et des technologies plus \u00e9cologiques.<\/p>\t\t\t\t\t\t\t\t<\/div>\n\t\t\t\t<\/div>\n\t\t\t\t<\/div>\n\t\t<div data-particle_enable=\"false\" data-particle-mobile-disabled=\"false\" class=\"elementor-element elementor-element-d928103 e-con-full e-flex e-con e-child\" data-id=\"d928103\" data-element_type=\"container\" data-e-type=\"container\">\n\t\t\t\t<div class=\"elementor-element elementor-element-f3806d7 elementor-widget elementor-widget-image\" data-id=\"f3806d7\" data-element_type=\"widget\" data-e-type=\"widget\" data-widget_type=\"image.default\">\n\t\t\t\t<div class=\"elementor-widget-container\">\n\t\t\t\t\t\t\t\t\t\t\t\t\t\t\t<img decoding=\"async\" width=\"600\" height=\"400\" src=\"https:\/\/ballvalves.tw\/wp-content\/uploads\/2025\/05\/Jimmao-013.webp\" class=\"attachment-large size-large wp-image-2352\" alt=\"\" srcset=\"https:\/\/ballvalves.tw\/wp-content\/uploads\/2025\/05\/Jimmao-013.webp 600w, https:\/\/ballvalves.tw\/wp-content\/uploads\/2025\/05\/Jimmao-013-300x200.webp 300w\" sizes=\"(max-width: 600px) 100vw, 600px\" \/>\t\t\t\t\t\t\t\t\t\t\t\t\t\t\t<\/div>\n\t\t\t\t<\/div>\n\t\t\t\t<div class=\"elementor-element elementor-element-5f750ee elementor-widget elementor-widget-heading\" data-id=\"5f750ee\" data-element_type=\"widget\" data-e-type=\"widget\" data-widget_type=\"heading.default\">\n\t\t\t\t<div class=\"elementor-widget-container\">\n\t\t\t\t\t<h3 class=\"elementor-heading-title elementor-size-default\">Impact social<\/h3>\t\t\t\t<\/div>\n\t\t\t\t<\/div>\n\t\t\t\t<div class=\"elementor-element elementor-element-f4a70eb elementor-widget elementor-widget-text-editor\" data-id=\"f4a70eb\" data-element_type=\"widget\" data-e-type=\"widget\" data-widget_type=\"text-editor.default\">\n\t\t\t\t<div class=\"elementor-widget-container\">\n\t\t\t\t\t\t\t\t\t<p>Nous allouons un pourcentage fixe de notre chiffre d'affaires annuel au soutien d'organisations \u00e0 but non lucratif \u00e0 Ta\u00efwan et \u00e0 l'\u00e9tranger, afin de rendre service aux communaut\u00e9s que nous servons.<\/p>\t\t\t\t\t\t\t\t<\/div>\n\t\t\t\t<\/div>\n\t\t\t\t<\/div>\n\t\t<div data-particle_enable=\"false\" data-particle-mobile-disabled=\"false\" class=\"elementor-element elementor-element-a5b84a1 e-con-full e-flex e-con e-child\" data-id=\"a5b84a1\" data-element_type=\"container\" data-e-type=\"container\">\n\t\t\t\t<div class=\"elementor-element elementor-element-c982833 elementor-widget elementor-widget-image\" data-id=\"c982833\" data-element_type=\"widget\" data-e-type=\"widget\" data-widget_type=\"image.default\">\n\t\t\t\t<div class=\"elementor-widget-container\">\n\t\t\t\t\t\t\t\t\t\t\t\t\t\t\t<img loading=\"lazy\" decoding=\"async\" width=\"600\" height=\"400\" src=\"https:\/\/ballvalves.tw\/wp-content\/uploads\/2025\/05\/Jimmao-008.webp\" class=\"attachment-large size-large wp-image-2283\" alt=\"\" srcset=\"https:\/\/ballvalves.tw\/wp-content\/uploads\/2025\/05\/Jimmao-008.webp 600w, https:\/\/ballvalves.tw\/wp-content\/uploads\/2025\/05\/Jimmao-008-300x200.webp 300w\" sizes=\"(max-width: 600px) 100vw, 600px\" \/>\t\t\t\t\t\t\t\t\t\t\t\t\t\t\t<\/div>\n\t\t\t\t<\/div>\n\t\t\t\t<div class=\"elementor-element elementor-element-d4641f7 elementor-widget elementor-widget-heading\" data-id=\"d4641f7\" data-element_type=\"widget\" data-e-type=\"widget\" data-widget_type=\"heading.default\">\n\t\t\t\t<div class=\"elementor-widget-container\">\n\t\t\t\t\t<h3 class=\"elementor-heading-title elementor-size-default\">Bien-\u00eatre des salari\u00e9s<\/h3>\t\t\t\t<\/div>\n\t\t\t\t<\/div>\n\t\t\t\t<div class=\"elementor-element elementor-element-f7227fd elementor-widget elementor-widget-text-editor\" data-id=\"f7227fd\" data-element_type=\"widget\" data-e-type=\"widget\" data-widget_type=\"text-editor.default\">\n\t\t\t\t<div class=\"elementor-widget-container\">\n\t\t\t\t\t\t\t\t\t<p>Nous fournissons un financement annuel pour la formation et maintenons un syst\u00e8me de travail bas\u00e9 sur la responsabilit\u00e9 afin de promouvoir l'\u00e9quilibre entre la vie professionnelle et la vie priv\u00e9e et le d\u00e9veloppement professionnel.<\/p>\t\t\t\t\t\t\t\t<\/div>\n\t\t\t\t<\/div>\n\t\t\t\t<\/div>\n\t\t\t\t<\/div>\n\t\t\t\t\t<\/div>\n\t\t\t\t<\/div>\n\t\t<div data-particle_enable=\"false\" data-particle-mobile-disabled=\"false\" class=\"elementor-element elementor-element-262446b elementor-hidden-mobile e-flex e-con-boxed e-con e-parent\" data-id=\"262446b\" data-element_type=\"container\" data-e-type=\"container\">\n\t\t\t\t\t<div class=\"e-con-inner\">\n\t\t\t\t<div class=\"elementor-element elementor-element-1119503 elementor-widget-divider--view-line elementor-widget elementor-widget-divider\" data-id=\"1119503\" data-element_type=\"widget\" data-e-type=\"widget\" data-widget_type=\"divider.default\">\n\t\t\t\t<div class=\"elementor-widget-container\">\n\t\t\t\t\t\t\t<div class=\"elementor-divider\">\n\t\t\t<span class=\"elementor-divider-separator\">\n\t\t\t\t\t\t<\/span>\n\t\t<\/div>\n\t\t\t\t\t\t<\/div>\n\t\t\t\t<\/div>\n\t\t\t\t\t<\/div>\n\t\t\t\t<\/div>\n\t\t<div data-particle_enable=\"false\" data-particle-mobile-disabled=\"false\" class=\"elementor-element elementor-element-8b3e5af e-flex e-con-boxed e-con e-parent\" data-id=\"8b3e5af\" data-element_type=\"container\" data-e-type=\"container\">\n\t\t\t\t\t<div class=\"e-con-inner\">\n\t\t<div data-particle_enable=\"false\" data-particle-mobile-disabled=\"false\" class=\"elementor-element elementor-element-aa49581 e-con-full e-flex e-con e-child\" data-id=\"aa49581\" data-element_type=\"container\" data-e-type=\"container\" data-settings=\"{&quot;background_background&quot;:&quot;classic&quot;}\">\n\t\t\t\t<div class=\"elementor-element elementor-element-3b761d2 elementor-widget elementor-widget-image\" data-id=\"3b761d2\" data-element_type=\"widget\" data-e-type=\"widget\" data-widget_type=\"image.default\">\n\t\t\t\t<div class=\"elementor-widget-container\">\n\t\t\t\t\t\t\t\t\t\t\t\t\t\t\t<img loading=\"lazy\" decoding=\"async\" width=\"600\" height=\"467\" src=\"https:\/\/ballvalves.tw\/wp-content\/uploads\/2025\/06\/freepik__an-asian-male-business-man-visits-a-south-american__98004.webp\" class=\"attachment-large size-large wp-image-3454\" alt=\"\" srcset=\"https:\/\/ballvalves.tw\/wp-content\/uploads\/2025\/06\/freepik__an-asian-male-business-man-visits-a-south-american__98004.webp 600w, https:\/\/ballvalves.tw\/wp-content\/uploads\/2025\/06\/freepik__an-asian-male-business-man-visits-a-south-american__98004-300x234.webp 300w\" sizes=\"(max-width: 600px) 100vw, 600px\" \/>\t\t\t\t\t\t\t\t\t\t\t\t\t\t\t<\/div>\n\t\t\t\t<\/div>\n\t\t\t\t<\/div>\n\t\t<div data-particle_enable=\"false\" data-particle-mobile-disabled=\"false\" class=\"elementor-element elementor-element-9e22f95 e-con-full e-flex e-con e-child\" data-id=\"9e22f95\" data-element_type=\"container\" data-e-type=\"container\">\n\t\t\t\t<div class=\"elementor-element elementor-element-a565656 elementor-widget elementor-widget-heading\" data-id=\"a565656\" data-element_type=\"widget\" data-e-type=\"widget\" data-widget_type=\"heading.default\">\n\t\t\t\t<div class=\"elementor-widget-container\">\n\t\t\t\t\t<h2 class=\"elementor-heading-title elementor-size-default\">Possibilit\u00e9s de partenariat mondial<\/h2>\t\t\t\t<\/div>\n\t\t\t\t<\/div>\n\t\t\t\t<div class=\"elementor-element elementor-element-02144c7 elementor-widget elementor-widget-text-editor\" data-id=\"02144c7\" data-element_type=\"widget\" data-e-type=\"widget\" data-widget_type=\"text-editor.default\">\n\t\t\t\t<div class=\"elementor-widget-container\">\n\t\t\t\t\t\t\t\t\t<p class=\"\" data-start=\"4235\" data-end=\"4265\">Nous sommes fiers de servir des clients de :<\/p><ul><li data-start=\"4269\" data-end=\"4284\">Am\u00e9rique du Nord<\/li><li data-start=\"4287\" data-end=\"4295\">L'Europe<\/li><li data-start=\"4298\" data-end=\"4314\">Asie du Sud-Est<\/li><li data-start=\"4317\" data-end=\"4339\">Moyen-Orient et au-del\u00e0<\/li><\/ul><p class=\"\" data-start=\"4341\" data-end=\"4378\">Yzng Trong est votre partenaire B2B id\u00e9al pour :<\/p><ol><li data-start=\"4380\" data-end=\"4567\">Fabrication flexible de faibles volumes et de m\u00e9langes importants<\/li><li data-start=\"4380\" data-end=\"4567\">D\u00e9lais rapides et logistique mondiale<\/li><li data-start=\"4380\" data-end=\"4567\">Ing\u00e9nierie personnalis\u00e9e pour les solutions de vannes et de mat\u00e9riel<\/li><li data-start=\"4380\" data-end=\"4567\">Confidentialit\u00e9 totale pour les projets OEM\/ODM<\/li><\/ol><blockquote data-start=\"4569\" data-end=\"4745\"><p class=\"\" data-start=\"4571\" data-end=\"4745\"><strong data-start=\"4574\" data-end=\"4636\">Pr\u00eat \u00e0 d\u00e9velopper votre gamme de produits avec un fournisseur fiable ?<\/strong><br data-start=\"4636\" data-end=\"4639\" \/><a class=\"\" href=\"\/fr\/contact\/\" target=\"_new\" rel=\"noopener\" data-start=\"4639\" data-end=\"4682\"><strong data-start=\"4640\" data-end=\"4654\">Nous contacter<\/strong><\/a> d\u00e8s aujourd'hui et d\u00e9couvrez comment Yzng Trong peut faire progresser votre entreprise.<\/p><\/blockquote>\t\t\t\t\t\t\t\t<\/div>\n\t\t\t\t<\/div>\n\t\t\t\t<\/div>\n\t\t\t\t\t<\/div>\n\t\t\t\t<\/div>\n\t\t<div data-particle_enable=\"false\" data-particle-mobile-disabled=\"false\" class=\"elementor-element elementor-element-607e396 e-con-full e-flex e-con e-parent\" data-id=\"607e396\" data-element_type=\"container\" data-e-type=\"container\">\n\t\t\t\t<div class=\"elementor-element elementor-element-724c557 elementor-widget elementor-widget-shortcode\" data-id=\"724c557\" data-element_type=\"widget\" data-e-type=\"widget\" data-widget_type=\"shortcode.default\">\n\t\t\t\t<div class=\"elementor-widget-container\">\n\t\t\t\t\t\t\t<div class=\"elementor-shortcode\">\t\t<div data-elementor-type=\"container\" data-elementor-id=\"2787\" class=\"elementor elementor-2787\" data-elementor-post-type=\"elementor_library\">\n\t\t\t\t<div data-particle_enable=\"false\" data-particle-mobile-disabled=\"false\" class=\"elementor-element elementor-element-7e87f544 e-flex e-con-boxed e-con e-parent\" data-id=\"7e87f544\" data-element_type=\"container\" data-e-type=\"container\" data-settings=\"{&quot;background_background&quot;:&quot;classic&quot;}\">\n\t\t\t\t\t<div class=\"e-con-inner\">\n\t\t<div data-particle_enable=\"false\" data-particle-mobile-disabled=\"false\" class=\"elementor-element elementor-element-75e22753 e-con-full e-flex e-con e-child\" data-id=\"75e22753\" data-element_type=\"container\" data-e-type=\"container\">\n\t\t\t\t<div class=\"elementor-element elementor-element-621cc102 elementor-widget elementor-widget-image-box\" data-id=\"621cc102\" data-element_type=\"widget\" data-e-type=\"widget\" data-widget_type=\"image-box.default\">\n\t\t\t\t<div class=\"elementor-widget-container\">\n\t\t\t\t\t<div class=\"elementor-image-box-wrapper\"><div class=\"elementor-image-box-content\"><h2 class=\"elementor-image-box-title\">Vous voulez en savoir plus ?<\/h2><p class=\"elementor-image-box-description\">Si vous \u00eates int\u00e9ress\u00e9 par l'un de nos produits ou services, il vous suffit de remplir le formulaire ci-dessous.\nNotre \u00e9quipe prendra contact avec vous dans les plus brefs d\u00e9lais pour vous fournir les informations dont vous avez besoin.<\/p><\/div><\/div>\t\t\t\t<\/div>\n\t\t\t\t<\/div>\n\t\t\t\t<div class=\"elementor-element elementor-element-232ef4d0 elementor-mobile-align-center elementor-align-center elementor-widget elementor-widget-button\" data-id=\"232ef4d0\" data-element_type=\"widget\" data-e-type=\"widget\" data-widget_type=\"button.default\">\n\t\t\t\t<div class=\"elementor-widget-container\">\n\t\t\t\t\t\t\t\t\t<div class=\"elementor-button-wrapper\">\n\t\t\t\t\t<a class=\"elementor-button elementor-button-link elementor-size-sm\" href=\"https:\/\/ballvalves.tw\/fr\/contact\/\">\n\t\t\t\t\t\t<span class=\"elementor-button-content-wrapper\">\n\t\t\t\t\t\t\t\t\t<span class=\"elementor-button-text\">Demande de devis<\/span>\n\t\t\t\t\t<\/span>\n\t\t\t\t\t<\/a>\n\t\t\t\t<\/div>\n\t\t\t\t\t\t\t\t<\/div>\n\t\t\t\t<\/div>\n\t\t\t\t<\/div>\n\t\t\t\t\t<\/div>\n\t\t\t\t<\/div>\n\t\t\t\t<\/div>\n\t\t<\/div>\n\t\t\t\t\t\t<\/div>\n\t\t\t\t<\/div>\n\t\t\t\t<\/div>\n\t\t\t\t<\/div>","protected":false},"excerpt":{"rendered":"<p>About US Home \/ Page About Yzng Trong International Co., LTD. Founded in 1999, Yzng Trong International Co., LTD. is a professional valve and hardware manufacturer based in Taiwan. We specialize in: Industrial valves and sanitary fittings Custom product development (OEM\/ODM) With over 35 years of experience in the valve and hardware industry, we have [&hellip;]<\/p>\n","protected":false},"author":1,"featured_media":0,"parent":0,"menu_order":0,"comment_status":"closed","ping_status":"closed","template":"","meta":{"site-sidebar-layout":"no-sidebar","site-content-layout":"page-builder","ast-site-content-layout":"full-width-container","site-content-style":"default","site-sidebar-style":"default","ast-global-header-display":"","ast-banner-title-visibility":"disabled","ast-main-header-display":"","ast-hfb-above-header-display":"","ast-hfb-below-header-display":"","ast-hfb-mobile-header-display":"","site-post-title":"disabled","ast-breadcrumbs-content":"","ast-featured-img":"disabled","footer-sml-layout":"","ast-disable-related-posts":"","theme-transparent-header-meta":"","adv-header-id-meta":"","stick-header-meta":"","header-above-stick-meta":"","header-main-stick-meta":"","header-below-stick-meta":"","astra-migrate-meta-layouts":"set","ast-page-background-enabled":"default","ast-page-background-meta":{"desktop":{"background-color":"var(--ast-global-color-4)","background-image":"","background-repeat":"repeat","background-position":"center center","background-size":"auto","background-attachment":"scroll","background-type":"","background-media":"","overlay-type":"","overlay-color":"","overlay-opacity":"","overlay-gradient":""},"tablet":{"background-color":"","background-image":"","background-repeat":"repeat","background-position":"center center","background-size":"auto","background-attachment":"scroll","background-type":"","background-media":"","overlay-type":"","overlay-color":"","overlay-opacity":"","overlay-gradient":""},"mobile":{"background-color":"","background-image":"","background-repeat":"repeat","background-position":"center center","background-size":"auto","background-attachment":"scroll","background-type":"","background-media":"","overlay-type":"","overlay-color":"","overlay-opacity":"","overlay-gradient":""}},"ast-content-background-meta":{"desktop":{"background-color":"var(--ast-global-color-5)","background-image":"","background-repeat":"repeat","background-position":"center center","background-size":"auto","background-attachment":"scroll","background-type":"","background-media":"","overlay-type":"","overlay-color":"","overlay-opacity":"","overlay-gradient":""},"tablet":{"background-color":"var(--ast-global-color-5)","background-image":"","background-repeat":"repeat","background-position":"center center","background-size":"auto","background-attachment":"scroll","background-type":"","background-media":"","overlay-type":"","overlay-color":"","overlay-opacity":"","overlay-gradient":""},"mobile":{"background-color":"var(--ast-global-color-5)","background-image":"","background-repeat":"repeat","background-position":"center center","background-size":"auto","background-attachment":"scroll","background-type":"","background-media":"","overlay-type":"","overlay-color":"","overlay-opacity":"","overlay-gradient":""}},"footnotes":""},"class_list":["post-990","page","type-page","status-publish","hentry"],"_links":{"self":[{"href":"https:\/\/ballvalves.tw\/fr\/wp-json\/wp\/v2\/pages\/990","targetHints":{"allow":["GET"]}}],"collection":[{"href":"https:\/\/ballvalves.tw\/fr\/wp-json\/wp\/v2\/pages"}],"about":[{"href":"https:\/\/ballvalves.tw\/fr\/wp-json\/wp\/v2\/types\/page"}],"author":[{"embeddable":true,"href":"https:\/\/ballvalves.tw\/fr\/wp-json\/wp\/v2\/users\/1"}],"replies":[{"embeddable":true,"href":"https:\/\/ballvalves.tw\/fr\/wp-json\/wp\/v2\/comments?post=990"}],"version-history":[{"count":172,"href":"https:\/\/ballvalves.tw\/fr\/wp-json\/wp\/v2\/pages\/990\/revisions"}],"predecessor-version":[{"id":3914,"href":"https:\/\/ballvalves.tw\/fr\/wp-json\/wp\/v2\/pages\/990\/revisions\/3914"}],"wp:attachment":[{"href":"https:\/\/ballvalves.tw\/fr\/wp-json\/wp\/v2\/media?parent=990"}],"curies":[{"name":"wp","href":"https:\/\/api.w.org\/{rel}","templated":true}]}}