{"id":3857,"date":"2025-10-17T09:29:25","date_gmt":"2025-10-17T01:29:25","guid":{"rendered":"https:\/\/ballvalves.tw\/?post_type=product&#038;p=3857"},"modified":"2025-12-11T13:27:22","modified_gmt":"2025-12-11T05:27:22","slug":"lockable-handle","status":"publish","type":"product","link":"https:\/\/ballvalves.tw\/es\/producto\/lockable-handle\/","title":{"rendered":"Asa con cerradura"},"content":{"rendered":"<h2 data-path-to-node=\"125\">Descripci\u00f3n del producto<\/h2>\n<p data-path-to-node=\"126\">Esta empu\u00f1adura est\u00e1 dise\u00f1ada para soportar <b>Bloqueo y etiquetado (LOTO)<\/b> procedimientos de seguridad. Tanto si necesita bloquear una v\u00e1lvula cerrada para mantenimiento como bloquearla abierta para un sistema de extinci\u00f3n de incendios, este dispositivo garantiza que la v\u00e1lvula permanezca donde usted la puso. Sustituye a la manilla est\u00e1ndar de las v\u00e1lvulas existentes.<\/p>\n<h2 data-path-to-node=\"127\">Especificaciones t\u00e9cnicas clave<\/h2>\n<ul data-path-to-node=\"128\">\n<li>\n<p data-path-to-node=\"128,0,0\"><b>Material:<\/b> Acero inoxidable ASTM 304<\/p>\n<\/li>\n<li>\n<p data-path-to-node=\"128,1,0\"><b>Caracter\u00edstica:<\/b> Orificio para candado para cumplimiento de LOTO.<\/p>\n<\/li>\n<li>\n<p data-path-to-node=\"128,2,0\"><b>Puestos:<\/b> Bloqueo en posici\u00f3n abierta y cerrada.<\/p>\n<\/li>\n<\/ul>\n<h2 data-path-to-node=\"129\">Ventajas y beneficios<\/h2>\n<ul data-path-to-node=\"130\">\n<li>\n<p data-path-to-node=\"130,0,0\"><b>Cumplimiento de las normas de seguridad:<\/b> Cumple las normas de seguridad industrial en materia de aislamiento energ\u00e9tico.<\/p>\n<\/li>\n<li>\n<p data-path-to-node=\"130,1,0\"><b>A prueba de manipulaciones:<\/b> Evita la manipulaci\u00f3n en zonas p\u00fablicas o no seguras.<\/p>\n<\/li>\n<li>\n<p data-path-to-node=\"130,2,0\"><b>Tranquilidad:<\/b> Garantiza que las l\u00edneas cr\u00edticas permanezcan en el estado previsto.<\/p>\n<\/li>\n<\/ul>\n<h2 data-path-to-node=\"131\">Campos de aplicaci\u00f3n y ubicaciones<\/h2>\n<ul data-path-to-node=\"132\">\n<li>\n<p data-path-to-node=\"132,0,0\"><b>Zonas de mantenimiento:<\/b> Bloqueo de las fuentes de energ\u00eda durante la reparaci\u00f3n.<\/p>\n<\/li>\n<li>\n<p data-path-to-node=\"132,1,0\"><b>Suministro cr\u00edtico:<\/b> Bloqueo abierto de los conductos de agua de refrigeraci\u00f3n o de combustible.<\/p>\n<\/li>\n<li>\n<p data-path-to-node=\"132,2,0\"><b>Zonas p\u00fablicas:<\/b> Asegurar los grifos de agua de uso p\u00fablico.<\/p>\n<\/li>\n<\/ul>","protected":false},"excerpt":{"rendered":"<p data-path-to-node=\"123\"><b>La seguridad ante todo: Evite el uso no autorizado.<\/b><\/p>\n<p data-path-to-node=\"124\">El <b>Asa con cerradura<\/b> es una mejora de seguridad esencial para cualquier v\u00e1lvula de bola manual. Fabricada en <b>Acero inoxidable 304<\/b>, cuenta con un mecanismo de cierre especializado que permite insertar un candado, asegurando la v\u00e1lvula en cualquiera de las dos posiciones. <b>Abrir<\/b> o <b>Cerrado<\/b> para evitar conmutaciones accidentales o no autorizadas.<\/p>","protected":false},"featured_media":3804,"template":"","meta":{"site-sidebar-layout":"default","site-content-layout":"","ast-site-content-layout":"default","site-content-style":"default","site-sidebar-style":"default","ast-global-header-display":"","ast-banner-title-visibility":"","ast-main-header-display":"","ast-hfb-above-header-display":"","ast-hfb-below-header-display":"","ast-hfb-mobile-header-display":"","site-post-title":"","ast-breadcrumbs-content":"","ast-featured-img":"","footer-sml-layout":"","ast-disable-related-posts":"","theme-transparent-header-meta":"default","adv-header-id-meta":"","stick-header-meta":"","header-above-stick-meta":"","header-main-stick-meta":"","header-below-stick-meta":"","astra-migrate-meta-layouts":"set","ast-page-background-enabled":"default","ast-page-background-meta":{"desktop":{"background-color":"var(--ast-global-color-4)","background-image":"","background-repeat":"repeat","background-position":"center center","background-size":"auto","background-attachment":"scroll","background-type":"","background-media":"","overlay-type":"","overlay-color":"","overlay-opacity":"","overlay-gradient":""},"tablet":{"background-color":"","background-image":"","background-repeat":"repeat","background-position":"center center","background-size":"auto","background-attachment":"scroll","background-type":"","background-media":"","overlay-type":"","overlay-color":"","overlay-opacity":"","overlay-gradient":""},"mobile":{"background-color":"","background-image":"","background-repeat":"repeat","background-position":"center center","background-size":"auto","background-attachment":"scroll","background-type":"","background-media":"","overlay-type":"","overlay-color":"","overlay-opacity":"","overlay-gradient":""}},"ast-content-background-meta":{"desktop":{"background-color":"var(--ast-global-color-5)","background-image":"","background-repeat":"repeat","background-position":"center center","background-size":"auto","background-attachment":"scroll","background-type":"","background-media":"","overlay-type":"","overlay-color":"","overlay-opacity":"","overlay-gradient":""},"tablet":{"background-color":"var(--ast-global-color-5)","background-image":"","background-repeat":"repeat","background-position":"center center","background-size":"auto","background-attachment":"scroll","background-type":"","background-media":"","overlay-type":"","overlay-color":"","overlay-opacity":"","overlay-gradient":""},"mobile":{"background-color":"var(--ast-global-color-5)","background-image":"","background-repeat":"repeat","background-position":"center center","background-size":"auto","background-attachment":"scroll","background-type":"","background-media":"","overlay-type":"","overlay-color":"","overlay-opacity":"","overlay-gradient":""}}},"product_brand":[],"product_cat":[69],"product_tag":[],"class_list":{"0":"post-3857","1":"product","2":"type-product","3":"status-publish","4":"has-post-thumbnail","6":"product_cat-accessories","7":"desktop-align-left","8":"tablet-align-left","9":"mobile-align-left","11":"first","12":"instock","13":"taxable","14":"shipping-taxable","15":"purchasable","16":"product-type-simple"},"_links":{"self":[{"href":"https:\/\/ballvalves.tw\/es\/wp-json\/wp\/v2\/product\/3857","targetHints":{"allow":["GET"]}}],"collection":[{"href":"https:\/\/ballvalves.tw\/es\/wp-json\/wp\/v2\/product"}],"about":[{"href":"https:\/\/ballvalves.tw\/es\/wp-json\/wp\/v2\/types\/product"}],"wp:featuredmedia":[{"embeddable":true,"href":"https:\/\/ballvalves.tw\/es\/wp-json\/wp\/v2\/media\/3804"}],"wp:attachment":[{"href":"https:\/\/ballvalves.tw\/es\/wp-json\/wp\/v2\/media?parent=3857"}],"wp:term":[{"taxonomy":"product_brand","embeddable":true,"href":"https:\/\/ballvalves.tw\/es\/wp-json\/wp\/v2\/product_brand?post=3857"},{"taxonomy":"product_cat","embeddable":true,"href":"https:\/\/ballvalves.tw\/es\/wp-json\/wp\/v2\/product_cat?post=3857"},{"taxonomy":"product_tag","embeddable":true,"href":"https:\/\/ballvalves.tw\/es\/wp-json\/wp\/v2\/product_tag?post=3857"}],"curies":[{"name":"wp","href":"https:\/\/api.w.org\/{rel}","templated":true}]}}