{"id":3854,"date":"2025-10-17T09:27:47","date_gmt":"2025-10-17T01:27:47","guid":{"rendered":"https:\/\/ballvalves.tw\/?post_type=product&#038;p=3854"},"modified":"2025-12-11T13:25:43","modified_gmt":"2025-12-11T05:25:43","slug":"micro-switch","status":"publish","type":"product","link":"https:\/\/ballvalves.tw\/es\/producto\/micro-switch\/","title":{"rendered":"Microinterruptor"},"content":{"rendered":"<h2 data-path-to-node=\"85\">Descripci\u00f3n del producto<\/h2>\n<p data-path-to-node=\"86\">La automatizaci\u00f3n requiere verificaci\u00f3n. Este accesorio cuenta con un indicador de baliza muy visible para inspecci\u00f3n local y microinterruptores internos para se\u00f1alizaci\u00f3n remota. Si una v\u00e1lvula no se abre o cierra, la caja de interruptores no enviar\u00e1 la se\u00f1al, activando una alarma en su sistema de control. Es un componente cr\u00edtico de seguridad para plantas automatizadas.<\/p>\n<h2 data-path-to-node=\"87\">Especificaciones t\u00e9cnicas clave<\/h2>\n<ul data-path-to-node=\"88\">\n<li>\n<p data-path-to-node=\"88,0,0\"><b>Tipo de interruptor:<\/b> Sensores mec\u00e1nicos (SPDT) o de proximidad<\/p>\n<\/li>\n<li>\n<p data-path-to-node=\"88,1,0\"><b>Recinto:<\/b> Resistente a la intemperie (IP67)<\/p>\n<\/li>\n<li>\n<p data-path-to-node=\"88,2,0\"><b>Indicador:<\/b> C\u00fapula de alta visibilidad (rojo\/verde o amarillo\/negro)<\/p>\n<\/li>\n<li>\n<p data-path-to-node=\"88,3,0\"><b>Montaje:<\/b> Norma NAMUR (parte superior del actuador)<\/p>\n<\/li>\n<\/ul>\n<h2 data-path-to-node=\"89\">Ventajas y beneficios<\/h2>\n<ul data-path-to-node=\"90\">\n<li>\n<p data-path-to-node=\"90,0,0\"><b>Seguridad de los procesos:<\/b> Impide que las bombas arranquen si las v\u00e1lvulas no est\u00e1n en la posici\u00f3n correcta.<\/p>\n<\/li>\n<li>\n<p data-path-to-node=\"90,1,0\"><b>Confirmaci\u00f3n visual:<\/b> Permite a los operarios ver el estado de las v\u00e1lvulas a distancia.<\/p>\n<\/li>\n<li>\n<p data-path-to-node=\"90,2,0\"><b>Soluci\u00f3n de problemas:<\/b> Ayuda a identificar r\u00e1pidamente v\u00e1lvulas atascadas o que funcionan mal.<\/p>\n<\/li>\n<\/ul>\n<h2 data-path-to-node=\"91\">Campos de aplicaci\u00f3n y ubicaciones<\/h2>\n<ul data-path-to-node=\"92\">\n<li>\n<p data-path-to-node=\"92,0,0\"><b>Salas de control:<\/b> Control remoto del estado de las v\u00e1lvulas de la planta.<\/p>\n<\/li>\n<li>\n<p data-path-to-node=\"92,1,0\"><b>Enclavamientos de seguridad:<\/b> Asegurarse de que las v\u00e1lvulas est\u00e1n cerradas antes de iniciar el mantenimiento.<\/p>\n<\/li>\n<\/ul>","protected":false},"excerpt":{"rendered":"<p data-path-to-node=\"83\"><b>Informaci\u00f3n de posici\u00f3n: Conozca el estado de su v\u00e1lvula al instante.<\/b><\/p>\n<p data-path-to-node=\"84\">El <b>Caja de microinterruptores<\/b> (caja de interruptores de fin de carrera) proporciona informaci\u00f3n visual y el\u00e9ctrica de la posici\u00f3n de la v\u00e1lvula. Montada en la parte superior del actuador neum\u00e1tico, env\u00eda una se\u00f1al a su sala de control confirmando si la v\u00e1lvula est\u00e1 actualmente <b>ABIERTO<\/b> o <b>CERRADO<\/b>, garantizando la seguridad y la precisi\u00f3n del proceso.<\/p>","protected":false},"featured_media":3805,"template":"","meta":{"site-sidebar-layout":"default","site-content-layout":"","ast-site-content-layout":"default","site-content-style":"default","site-sidebar-style":"default","ast-global-header-display":"","ast-banner-title-visibility":"","ast-main-header-display":"","ast-hfb-above-header-display":"","ast-hfb-below-header-display":"","ast-hfb-mobile-header-display":"","site-post-title":"","ast-breadcrumbs-content":"","ast-featured-img":"","footer-sml-layout":"","ast-disable-related-posts":"","theme-transparent-header-meta":"default","adv-header-id-meta":"","stick-header-meta":"","header-above-stick-meta":"","header-main-stick-meta":"","header-below-stick-meta":"","astra-migrate-meta-layouts":"set","ast-page-background-enabled":"default","ast-page-background-meta":{"desktop":{"background-color":"var(--ast-global-color-4)","background-image":"","background-repeat":"repeat","background-position":"center center","background-size":"auto","background-attachment":"scroll","background-type":"","background-media":"","overlay-type":"","overlay-color":"","overlay-opacity":"","overlay-gradient":""},"tablet":{"background-color":"","background-image":"","background-repeat":"repeat","background-position":"center center","background-size":"auto","background-attachment":"scroll","background-type":"","background-media":"","overlay-type":"","overlay-color":"","overlay-opacity":"","overlay-gradient":""},"mobile":{"background-color":"","background-image":"","background-repeat":"repeat","background-position":"center center","background-size":"auto","background-attachment":"scroll","background-type":"","background-media":"","overlay-type":"","overlay-color":"","overlay-opacity":"","overlay-gradient":""}},"ast-content-background-meta":{"desktop":{"background-color":"var(--ast-global-color-5)","background-image":"","background-repeat":"repeat","background-position":"center center","background-size":"auto","background-attachment":"scroll","background-type":"","background-media":"","overlay-type":"","overlay-color":"","overlay-opacity":"","overlay-gradient":""},"tablet":{"background-color":"var(--ast-global-color-5)","background-image":"","background-repeat":"repeat","background-position":"center center","background-size":"auto","background-attachment":"scroll","background-type":"","background-media":"","overlay-type":"","overlay-color":"","overlay-opacity":"","overlay-gradient":""},"mobile":{"background-color":"var(--ast-global-color-5)","background-image":"","background-repeat":"repeat","background-position":"center center","background-size":"auto","background-attachment":"scroll","background-type":"","background-media":"","overlay-type":"","overlay-color":"","overlay-opacity":"","overlay-gradient":""}}},"product_brand":[],"product_cat":[69],"product_tag":[],"class_list":{"0":"post-3854","1":"product","2":"type-product","3":"status-publish","4":"has-post-thumbnail","6":"product_cat-accessories","7":"desktop-align-left","8":"tablet-align-left","9":"mobile-align-left","11":"first","12":"instock","13":"taxable","14":"shipping-taxable","15":"purchasable","16":"product-type-simple"},"_links":{"self":[{"href":"https:\/\/ballvalves.tw\/es\/wp-json\/wp\/v2\/product\/3854","targetHints":{"allow":["GET"]}}],"collection":[{"href":"https:\/\/ballvalves.tw\/es\/wp-json\/wp\/v2\/product"}],"about":[{"href":"https:\/\/ballvalves.tw\/es\/wp-json\/wp\/v2\/types\/product"}],"wp:featuredmedia":[{"embeddable":true,"href":"https:\/\/ballvalves.tw\/es\/wp-json\/wp\/v2\/media\/3805"}],"wp:attachment":[{"href":"https:\/\/ballvalves.tw\/es\/wp-json\/wp\/v2\/media?parent=3854"}],"wp:term":[{"taxonomy":"product_brand","embeddable":true,"href":"https:\/\/ballvalves.tw\/es\/wp-json\/wp\/v2\/product_brand?post=3854"},{"taxonomy":"product_cat","embeddable":true,"href":"https:\/\/ballvalves.tw\/es\/wp-json\/wp\/v2\/product_cat?post=3854"},{"taxonomy":"product_tag","embeddable":true,"href":"https:\/\/ballvalves.tw\/es\/wp-json\/wp\/v2\/product_tag?post=3854"}],"curies":[{"name":"wp","href":"https:\/\/api.w.org\/{rel}","templated":true}]}}