{"id":3852,"date":"2025-10-17T09:26:15","date_gmt":"2025-10-17T01:26:15","guid":{"rendered":"https:\/\/ballvalves.tw\/?post_type=product&#038;p=3852"},"modified":"2025-12-11T13:24:33","modified_gmt":"2025-12-11T05:24:33","slug":"3-way-vacuum-ball-valve","status":"publish","type":"product","link":"https:\/\/ballvalves.tw\/es\/producto\/3-way-vacuum-ball-valve\/","title":{"rendered":"V\u00e1lvula de bola neum\u00e1tica de vac\u00edo de 3 v\u00edas"},"content":{"rendered":"<h2 data-path-to-node=\"59\">Descripci\u00f3n del producto<\/h2>\n<p data-path-to-node=\"60\">Esta v\u00e1lvula es el \u201ccontrolador de tr\u00e1fico\u201d de su sistema de vac\u00edo. Accionada por un cilindro neum\u00e1tico, puede desviar instant\u00e1neamente el flujo de vac\u00edo. Por ejemplo, en un sistema de bloqueo de carga de doble c\u00e1mara, esta v\u00e1lvula puede cambiar autom\u00e1ticamente la bomba de vac\u00edo de la c\u00e1mara de carga a la c\u00e1mara de procesamiento. Garantiza una sincronizaci\u00f3n precisa y mantiene la integridad del vac\u00edo durante el cambio.<\/p>\n<h2 data-path-to-node=\"61\">Especificaciones t\u00e9cnicas clave<\/h2>\n<ul data-path-to-node=\"62\">\n<li>\n<p data-path-to-node=\"62,0,0\"><b>Material del cuerpo:<\/b> Acero inoxidable ASTM 316<\/p>\n<\/li>\n<li>\n<p data-path-to-node=\"62,1,0\"><b>Actuador:<\/b> Cilindro de aleaci\u00f3n de aluminio<\/p>\n<\/li>\n<li>\n<p data-path-to-node=\"62,2,0\"><b>Tipo:<\/b> 3 v\u00edas (puerto L \/ puerto T)<\/p>\n<\/li>\n<li>\n<p data-path-to-node=\"62,3,0\"><b>Control:<\/b> Funcionamiento neum\u00e1tico a distancia<\/p>\n<\/li>\n<\/ul>\n<h2 data-path-to-node=\"63\">Ventajas y beneficios<\/h2>\n<ul data-path-to-node=\"64\">\n<li>\n<p data-path-to-node=\"64,0,0\"><b>Automatizaci\u00f3n:<\/b> Permite un procesamiento en vac\u00edo totalmente desatendido las 24 horas del d\u00eda, los 7 d\u00edas de la semana.<\/p>\n<\/li>\n<li>\n<p data-path-to-node=\"64,1,0\"><b>Precisi\u00f3n:<\/b> Sincroniza la conmutaci\u00f3n de vac\u00edo con otros pasos del proceso (calentamiento, recubrimiento).<\/p>\n<\/li>\n<li>\n<p data-path-to-node=\"64,2,0\"><b>Eficiencia:<\/b> Maximiza la utilizaci\u00f3n de la bomba conmut\u00e1ndola entre estaciones activas.<\/p>\n<\/li>\n<\/ul>\n<h2 data-path-to-node=\"65\">Campos de aplicaci\u00f3n y ubicaciones<\/h2>\n<ul data-path-to-node=\"66\">\n<li>\n<p data-path-to-node=\"66,0,0\"><b>Fabricaci\u00f3n de semiconductores<\/b> Evacuaci\u00f3n de la esclusa de carga.<\/p>\n<\/li>\n<li>\n<p data-path-to-node=\"66,1,0\"><b>Embalaje automatizado:<\/b> Cambio de vac\u00edo a diferentes cabezales de recogida.<\/p>\n<\/li>\n<li>\n<p data-path-to-node=\"66,2,0\"><b>Destilaci\u00f3n qu\u00edmica:<\/b> Enrutamiento del vac\u00edo a diferentes fracciones.<\/p>\n<\/li>\n<\/ul>","protected":false},"excerpt":{"rendered":"<p data-path-to-node=\"57\"><b>Enrutamiento de vac\u00edo automatizado para procesos complejos.<\/b><\/p>\n<p data-path-to-node=\"58\">El <b>V\u00e1lvula de bola neum\u00e1tica de vac\u00edo de 3 v\u00edas<\/b> es la soluci\u00f3n avanzada para sistemas de vac\u00edo multietapa. Automatiza la conmutaci\u00f3n de las v\u00edas de vac\u00edo, lo que permite a un sistema de control dirigir la aspiraci\u00f3n a diferentes c\u00e1maras o procesos sin intervenci\u00f3n humana. Ideal para entornos de fabricaci\u00f3n de alto rendimiento.<\/p>","protected":false},"featured_media":3798,"template":"","meta":{"site-sidebar-layout":"default","site-content-layout":"","ast-site-content-layout":"default","site-content-style":"default","site-sidebar-style":"default","ast-global-header-display":"","ast-banner-title-visibility":"","ast-main-header-display":"","ast-hfb-above-header-display":"","ast-hfb-below-header-display":"","ast-hfb-mobile-header-display":"","site-post-title":"","ast-breadcrumbs-content":"","ast-featured-img":"","footer-sml-layout":"","ast-disable-related-posts":"","theme-transparent-header-meta":"default","adv-header-id-meta":"","stick-header-meta":"","header-above-stick-meta":"","header-main-stick-meta":"","header-below-stick-meta":"","astra-migrate-meta-layouts":"set","ast-page-background-enabled":"default","ast-page-background-meta":{"desktop":{"background-color":"var(--ast-global-color-4)","background-image":"","background-repeat":"repeat","background-position":"center center","background-size":"auto","background-attachment":"scroll","background-type":"","background-media":"","overlay-type":"","overlay-color":"","overlay-opacity":"","overlay-gradient":""},"tablet":{"background-color":"","background-image":"","background-repeat":"repeat","background-position":"center center","background-size":"auto","background-attachment":"scroll","background-type":"","background-media":"","overlay-type":"","overlay-color":"","overlay-opacity":"","overlay-gradient":""},"mobile":{"background-color":"","background-image":"","background-repeat":"repeat","background-position":"center center","background-size":"auto","background-attachment":"scroll","background-type":"","background-media":"","overlay-type":"","overlay-color":"","overlay-opacity":"","overlay-gradient":""}},"ast-content-background-meta":{"desktop":{"background-color":"var(--ast-global-color-5)","background-image":"","background-repeat":"repeat","background-position":"center center","background-size":"auto","background-attachment":"scroll","background-type":"","background-media":"","overlay-type":"","overlay-color":"","overlay-opacity":"","overlay-gradient":""},"tablet":{"background-color":"var(--ast-global-color-5)","background-image":"","background-repeat":"repeat","background-position":"center center","background-size":"auto","background-attachment":"scroll","background-type":"","background-media":"","overlay-type":"","overlay-color":"","overlay-opacity":"","overlay-gradient":""},"mobile":{"background-color":"var(--ast-global-color-5)","background-image":"","background-repeat":"repeat","background-position":"center center","background-size":"auto","background-attachment":"scroll","background-type":"","background-media":"","overlay-type":"","overlay-color":"","overlay-opacity":"","overlay-gradient":""}}},"product_brand":[],"product_cat":[68],"product_tag":[],"class_list":{"0":"post-3852","1":"product","2":"type-product","3":"status-publish","4":"has-post-thumbnail","6":"product_cat-vacuum-valve","7":"desktop-align-left","8":"tablet-align-left","9":"mobile-align-left","11":"first","12":"instock","13":"taxable","14":"shipping-taxable","15":"purchasable","16":"product-type-simple"},"_links":{"self":[{"href":"https:\/\/ballvalves.tw\/es\/wp-json\/wp\/v2\/product\/3852","targetHints":{"allow":["GET"]}}],"collection":[{"href":"https:\/\/ballvalves.tw\/es\/wp-json\/wp\/v2\/product"}],"about":[{"href":"https:\/\/ballvalves.tw\/es\/wp-json\/wp\/v2\/types\/product"}],"wp:featuredmedia":[{"embeddable":true,"href":"https:\/\/ballvalves.tw\/es\/wp-json\/wp\/v2\/media\/3798"}],"wp:attachment":[{"href":"https:\/\/ballvalves.tw\/es\/wp-json\/wp\/v2\/media?parent=3852"}],"wp:term":[{"taxonomy":"product_brand","embeddable":true,"href":"https:\/\/ballvalves.tw\/es\/wp-json\/wp\/v2\/product_brand?post=3852"},{"taxonomy":"product_cat","embeddable":true,"href":"https:\/\/ballvalves.tw\/es\/wp-json\/wp\/v2\/product_cat?post=3852"},{"taxonomy":"product_tag","embeddable":true,"href":"https:\/\/ballvalves.tw\/es\/wp-json\/wp\/v2\/product_tag?post=3852"}],"curies":[{"name":"wp","href":"https:\/\/api.w.org\/{rel}","templated":true}]}}