{"id":3850,"date":"2025-10-17T09:24:34","date_gmt":"2025-10-17T01:24:34","guid":{"rendered":"https:\/\/ballvalves.tw\/?post_type=product&#038;p=3850"},"modified":"2025-12-11T12:40:54","modified_gmt":"2025-12-11T04:40:54","slug":"pneumatic-vacuum-valve","status":"publish","type":"product","link":"https:\/\/ballvalves.tw\/es\/producto\/pneumatic-vacuum-valve\/","title":{"rendered":"V\u00e1lvula neum\u00e1tica de vac\u00edo"},"content":{"rendered":"<h2 data-path-to-node=\"32\">Descripci\u00f3n del producto<\/h2>\n<p data-path-to-node=\"33\">Esta v\u00e1lvula automatizada sustituye la operaci\u00f3n manual en procesos de vac\u00edo de ciclo r\u00e1pido. El actuador neum\u00e1tico abre y cierra la v\u00e1lvula r\u00e1pidamente, aislando las bombas de vac\u00edo o conectando las c\u00e1maras a la l\u00ednea de vac\u00edo. Est\u00e1 fabricada con <b>Acero inoxidable 316<\/b> para garantizar la limpieza y la compatibilidad con diversos gases de proceso que suelen encontrarse en las corrientes de vac\u00edo.<\/p>\n<h2 data-path-to-node=\"34\">Especificaciones t\u00e9cnicas clave<\/h2>\n<ul data-path-to-node=\"35\">\n<li>\n<p data-path-to-node=\"35,0,0\"><b>Material del cuerpo:<\/b> Acero inoxidable ASTM 316<\/p>\n<\/li>\n<li>\n<p data-path-to-node=\"35,1,0\"><b>Actuador:<\/b> Cilindro de aleaci\u00f3n de aluminio<\/p>\n<\/li>\n<li>\n<p data-path-to-node=\"35,2,0\"><b>Rango de tama\u00f1os:<\/b> 1\/2\u2033 ~ 2-1\/2\u2033<\/p>\n<\/li>\n<li>\n<p data-path-to-node=\"35,3,0\"><b>Aplicaci\u00f3n:<\/b> Control autom\u00e1tico del vac\u00edo<\/p>\n<\/li>\n<li>\n<p data-path-to-node=\"35,4,0\"><b>Tipo de sello:<\/b> Sellos al vac\u00edo de alta estanqueidad<\/p>\n<\/li>\n<\/ul>\n<h2 data-path-to-node=\"36\">Ventajas y beneficios<\/h2>\n<ul data-path-to-node=\"37\">\n<li>\n<p data-path-to-node=\"37,0,0\"><b>Eficiencia del ciclo:<\/b> Acelera los ciclos de procesamiento al vac\u00edo (por ejemplo, en el moldeo o el recubrimiento).<\/p>\n<\/li>\n<li>\n<p data-path-to-node=\"37,1,0\"><b>Seguridad remota:<\/b> Permite controlar las l\u00edneas de vac\u00edo en zonas de dif\u00edcil acceso o peligrosas.<\/p>\n<\/li>\n<li>\n<p data-path-to-node=\"37,2,0\"><b>Prevenci\u00f3n de fugas:<\/b> Garantiza un cierre positivo para mantener los niveles de vac\u00edo del sistema cuando la bomba est\u00e1 apagada.<\/p>\n<\/li>\n<li>\n<p data-path-to-node=\"37,3,0\"><b>Integraci\u00f3n de sistemas:<\/b> Se integra f\u00e1cilmente con medidores de vac\u00edo y controladores de bombas.<\/p>\n<\/li>\n<\/ul>\n<h2 data-path-to-node=\"38\">Campos de aplicaci\u00f3n y ubicaciones<\/h2>\n<ul data-path-to-node=\"39\">\n<li>\n<p data-path-to-node=\"39,0,0\"><b>Recubrimiento al vac\u00edo:<\/b> L\u00edneas de desbaste PVD\/CVD.<\/p>\n<\/li>\n<li>\n<p data-path-to-node=\"39,1,0\"><b>Termoformado:<\/b> Aplicaci\u00f3n automatizada de vac\u00edo para el moldeo de pl\u00e1stico.<\/p>\n<\/li>\n<li>\n<p data-path-to-node=\"39,2,0\"><b>Procesamiento de alimentos:<\/b> Enfriamiento al vac\u00edo automatizado o liofilizaci\u00f3n.<\/p>\n<\/li>\n<\/ul>","protected":false},"excerpt":{"rendered":"<p data-path-to-node=\"30\"><b>Aislamiento automatizado para sistemas de vac\u00edo.<\/b><\/p>\n<p data-path-to-node=\"31\">El <b>V\u00e1lvula neum\u00e1tica de vac\u00edo<\/b> Permite la secuenciaci\u00f3n remota de l\u00edneas de vac\u00edo. Al combinar nuestro cuerpo de v\u00e1lvula de vac\u00edo de alta integridad con un actuador neum\u00e1tico, esta unidad es esencial para ciclos de vac\u00edo automatizados, como secuencias de bombeo o ventilaci\u00f3n de c\u00e1maras, todo ello controlado a trav\u00e9s de un PLC central.<\/p>","protected":false},"featured_media":3801,"template":"","meta":{"site-sidebar-layout":"default","site-content-layout":"","ast-site-content-layout":"default","site-content-style":"default","site-sidebar-style":"default","ast-global-header-display":"","ast-banner-title-visibility":"","ast-main-header-display":"","ast-hfb-above-header-display":"","ast-hfb-below-header-display":"","ast-hfb-mobile-header-display":"","site-post-title":"","ast-breadcrumbs-content":"","ast-featured-img":"","footer-sml-layout":"","ast-disable-related-posts":"","theme-transparent-header-meta":"default","adv-header-id-meta":"","stick-header-meta":"","header-above-stick-meta":"","header-main-stick-meta":"","header-below-stick-meta":"","astra-migrate-meta-layouts":"set","ast-page-background-enabled":"default","ast-page-background-meta":{"desktop":{"background-color":"var(--ast-global-color-4)","background-image":"","background-repeat":"repeat","background-position":"center center","background-size":"auto","background-attachment":"scroll","background-type":"","background-media":"","overlay-type":"","overlay-color":"","overlay-opacity":"","overlay-gradient":""},"tablet":{"background-color":"","background-image":"","background-repeat":"repeat","background-position":"center center","background-size":"auto","background-attachment":"scroll","background-type":"","background-media":"","overlay-type":"","overlay-color":"","overlay-opacity":"","overlay-gradient":""},"mobile":{"background-color":"","background-image":"","background-repeat":"repeat","background-position":"center center","background-size":"auto","background-attachment":"scroll","background-type":"","background-media":"","overlay-type":"","overlay-color":"","overlay-opacity":"","overlay-gradient":""}},"ast-content-background-meta":{"desktop":{"background-color":"var(--ast-global-color-5)","background-image":"","background-repeat":"repeat","background-position":"center center","background-size":"auto","background-attachment":"scroll","background-type":"","background-media":"","overlay-type":"","overlay-color":"","overlay-opacity":"","overlay-gradient":""},"tablet":{"background-color":"var(--ast-global-color-5)","background-image":"","background-repeat":"repeat","background-position":"center center","background-size":"auto","background-attachment":"scroll","background-type":"","background-media":"","overlay-type":"","overlay-color":"","overlay-opacity":"","overlay-gradient":""},"mobile":{"background-color":"var(--ast-global-color-5)","background-image":"","background-repeat":"repeat","background-position":"center center","background-size":"auto","background-attachment":"scroll","background-type":"","background-media":"","overlay-type":"","overlay-color":"","overlay-opacity":"","overlay-gradient":""}}},"product_brand":[],"product_cat":[68],"product_tag":[],"class_list":{"0":"post-3850","1":"product","2":"type-product","3":"status-publish","4":"has-post-thumbnail","6":"product_cat-vacuum-valve","7":"desktop-align-left","8":"tablet-align-left","9":"mobile-align-left","11":"first","12":"instock","13":"taxable","14":"shipping-taxable","15":"purchasable","16":"product-type-simple"},"_links":{"self":[{"href":"https:\/\/ballvalves.tw\/es\/wp-json\/wp\/v2\/product\/3850","targetHints":{"allow":["GET"]}}],"collection":[{"href":"https:\/\/ballvalves.tw\/es\/wp-json\/wp\/v2\/product"}],"about":[{"href":"https:\/\/ballvalves.tw\/es\/wp-json\/wp\/v2\/types\/product"}],"wp:featuredmedia":[{"embeddable":true,"href":"https:\/\/ballvalves.tw\/es\/wp-json\/wp\/v2\/media\/3801"}],"wp:attachment":[{"href":"https:\/\/ballvalves.tw\/es\/wp-json\/wp\/v2\/media?parent=3850"}],"wp:term":[{"taxonomy":"product_brand","embeddable":true,"href":"https:\/\/ballvalves.tw\/es\/wp-json\/wp\/v2\/product_brand?post=3850"},{"taxonomy":"product_cat","embeddable":true,"href":"https:\/\/ballvalves.tw\/es\/wp-json\/wp\/v2\/product_cat?post=3850"},{"taxonomy":"product_tag","embeddable":true,"href":"https:\/\/ballvalves.tw\/es\/wp-json\/wp\/v2\/product_tag?post=3850"}],"curies":[{"name":"wp","href":"https:\/\/api.w.org\/{rel}","templated":true}]}}