{"id":3848,"date":"2025-10-17T09:20:09","date_gmt":"2025-10-17T01:20:09","guid":{"rendered":"https:\/\/ballvalves.tw\/?post_type=product&#038;p=3848"},"modified":"2025-12-11T13:22:15","modified_gmt":"2025-12-11T05:22:15","slug":"pneumatic-union-ball-valve","status":"publish","type":"product","link":"https:\/\/ballvalves.tw\/es\/producto\/pneumatic-union-ball-valve\/","title":{"rendered":"V\u00e1lvula de bola de uni\u00f3n neum\u00e1tica UPVC"},"content":{"rendered":"<h2 data-path-to-node=\"6\">Descripci\u00f3n del producto<\/h2>\n<p data-path-to-node=\"7\">Esta v\u00e1lvula est\u00e1 dise\u00f1ada espec\u00edficamente para entornos corrosivos. El material UPVC ofrece una resistencia qu\u00edmica superior en comparaci\u00f3n con las v\u00e1lvulas met\u00e1licas. La caracter\u00edstica \u201cDouble Union\u201d es una de las favoritas entre los equipos de mantenimiento, ya que permite desenroscar el cuerpo de la v\u00e1lvula y retirarlo de la tuber\u00eda para su limpieza o sustituci\u00f3n sin necesidad de cortar la tuber\u00eda. El actuador neum\u00e1tico proporciona un control de encendido\/apagado remoto, lo que mantiene a los operadores a salvo de las zonas qu\u00edmicas peligrosas.<\/p>\n<h2 data-path-to-node=\"8\">Especificaciones t\u00e9cnicas clave<\/h2>\n<ul data-path-to-node=\"9\">\n<li>\n<p data-path-to-node=\"9,0,0\"><b>Material del cuerpo:<\/b> UPVC (cloruro de polivinilo no plastificado)<\/p>\n<\/li>\n<li>\n<p data-path-to-node=\"9,1,0\"><b>Actuador:<\/b> Cilindro de aleaci\u00f3n de aluminio<\/p>\n<\/li>\n<li>\n<p data-path-to-node=\"9,2,0\"><b>Rango de tama\u00f1os:<\/b> 1\/2&#8243; ~ 2&#8243;<\/p>\n<\/li>\n<li>\n<p data-path-to-node=\"9,3,0\"><b>Conexi\u00f3n:<\/b> Uni\u00f3n doble (enchufe\/rosca)<\/p>\n<\/li>\n<li>\n<p data-path-to-node=\"9,4,0\"><b>Normas:<\/b> Dimensiones ANSI 150# \/ JIS 10K<\/p>\n<\/li>\n<li>\n<p data-path-to-node=\"9,5,0\"><b>Medios de comunicaci\u00f3n:<\/b> \u00c1cidos, \u00e1lcalis, agua de mar, soluciones qu\u00edmicas<\/p>\n<\/li>\n<\/ul>\n<h2 data-path-to-node=\"10\">Ventajas y beneficios<\/h2>\n<ul data-path-to-node=\"11\">\n<li>\n<p data-path-to-node=\"11,0,0\"><b>Inmunidad qu\u00edmica:<\/b> Excelente resistencia a una amplia gama de productos qu\u00edmicos corrosivos, \u00e1cidos y bases.<\/p>\n<\/li>\n<li>\n<p data-path-to-node=\"11,1,0\"><b>F\u00e1cil mantenimiento:<\/b> Los extremos de uni\u00f3n permiten retirar el cuerpo de la v\u00e1lvula sin necesidad de herramientas.<\/p>\n<\/li>\n<li>\n<p data-path-to-node=\"11,2,0\"><b>Ligero:<\/b> Mucho m\u00e1s ligeras que las v\u00e1lvulas met\u00e1licas, lo que reduce la tensi\u00f3n en los sistemas de tuber\u00edas de pl\u00e1stico.<\/p>\n<\/li>\n<li>\n<p data-path-to-node=\"11,3,0\"><b>Rentable:<\/b> Una alternativa m\u00e1s econ\u00f3mica a las aleaciones ex\u00f3ticas (como Hastelloy) para la manipulaci\u00f3n de productos qu\u00edmicos.<\/p>\n<\/li>\n<\/ul>\n<h2 data-path-to-node=\"12\">Campos de aplicaci\u00f3n y ubicaciones<\/h2>\n<ul data-path-to-node=\"13\">\n<li>\n<p data-path-to-node=\"13,0,0\"><b>Plantas de galvanoplastia:<\/b> Ba\u00f1os \u00e1cidos y distribuci\u00f3n de productos qu\u00edmicos.<\/p>\n<\/li>\n<li>\n<p data-path-to-node=\"13,1,0\"><b>Semiconductor:<\/b> L\u00edneas de residuos de grabado qu\u00edmico.<\/p>\n<\/li>\n<li>\n<p data-path-to-node=\"13,2,0\"><b>Acuicultura:<\/b> Gesti\u00f3n del agua salada.<\/p>\n<\/li>\n<li>\n<p data-path-to-node=\"13,3,0\"><b>Tratamiento del agua:<\/b> Dosificaci\u00f3n qu\u00edmica (cloro, alumbre).<\/p>\n<\/li>\n<\/ul>","protected":false},"excerpt":{"rendered":"<p data-path-to-node=\"4\"><b class=\"\">Automatizaci\u00f3n resistente a la corrosi\u00f3n para l\u00edneas qu\u00edmicas agresivas.<\/b><\/p>\n<p data-path-to-node=\"5\"><span class=\"\">El <\/span><b class=\"\">V\u00e1lvula de bola de uni\u00f3n neum\u00e1tica UPVC<\/b><span class=\"\"> es la soluci\u00f3n ideal para manejar sustancias \u00e1cidas,<\/span><span class=\"\"> alcalino,<\/span><span class=\"\"> o l\u00edquidos salinos que corroer\u00edan el acero inoxidable.<\/span><span class=\"\"> Combinando un dise\u00f1o ligero,<\/span><span class=\"\"> duradero <\/span><b class=\"\">Cuerpo de UPVC<\/b><span class=\"\"> con un <\/span><b class=\"\">Uni\u00f3n doble<\/b><span class=\"\"> dise\u00f1o y un <\/span><b class=\"\">Actuador de aleaci\u00f3n de aluminio<\/b><\/p>","protected":false},"featured_media":3797,"template":"","meta":{"site-sidebar-layout":"default","site-content-layout":"","ast-site-content-layout":"default","site-content-style":"default","site-sidebar-style":"default","ast-global-header-display":"","ast-banner-title-visibility":"","ast-main-header-display":"","ast-hfb-above-header-display":"","ast-hfb-below-header-display":"","ast-hfb-mobile-header-display":"","site-post-title":"","ast-breadcrumbs-content":"","ast-featured-img":"","footer-sml-layout":"","ast-disable-related-posts":"","theme-transparent-header-meta":"default","adv-header-id-meta":"","stick-header-meta":"","header-above-stick-meta":"","header-main-stick-meta":"","header-below-stick-meta":"","astra-migrate-meta-layouts":"set","ast-page-background-enabled":"default","ast-page-background-meta":{"desktop":{"background-color":"var(--ast-global-color-4)","background-image":"","background-repeat":"repeat","background-position":"center center","background-size":"auto","background-attachment":"scroll","background-type":"","background-media":"","overlay-type":"","overlay-color":"","overlay-opacity":"","overlay-gradient":""},"tablet":{"background-color":"","background-image":"","background-repeat":"repeat","background-position":"center center","background-size":"auto","background-attachment":"scroll","background-type":"","background-media":"","overlay-type":"","overlay-color":"","overlay-opacity":"","overlay-gradient":""},"mobile":{"background-color":"","background-image":"","background-repeat":"repeat","background-position":"center center","background-size":"auto","background-attachment":"scroll","background-type":"","background-media":"","overlay-type":"","overlay-color":"","overlay-opacity":"","overlay-gradient":""}},"ast-content-background-meta":{"desktop":{"background-color":"var(--ast-global-color-5)","background-image":"","background-repeat":"repeat","background-position":"center center","background-size":"auto","background-attachment":"scroll","background-type":"","background-media":"","overlay-type":"","overlay-color":"","overlay-opacity":"","overlay-gradient":""},"tablet":{"background-color":"var(--ast-global-color-5)","background-image":"","background-repeat":"repeat","background-position":"center center","background-size":"auto","background-attachment":"scroll","background-type":"","background-media":"","overlay-type":"","overlay-color":"","overlay-opacity":"","overlay-gradient":""},"mobile":{"background-color":"var(--ast-global-color-5)","background-image":"","background-repeat":"repeat","background-position":"center center","background-size":"auto","background-attachment":"scroll","background-type":"","background-media":"","overlay-type":"","overlay-color":"","overlay-opacity":"","overlay-gradient":""}}},"product_brand":[],"product_cat":[67],"product_tag":[],"class_list":{"0":"post-3848","1":"product","2":"type-product","3":"status-publish","4":"has-post-thumbnail","6":"product_cat-upvc-union-ball-valve","7":"desktop-align-left","8":"tablet-align-left","9":"mobile-align-left","11":"first","12":"instock","13":"taxable","14":"shipping-taxable","15":"purchasable","16":"product-type-simple"},"_links":{"self":[{"href":"https:\/\/ballvalves.tw\/es\/wp-json\/wp\/v2\/product\/3848","targetHints":{"allow":["GET"]}}],"collection":[{"href":"https:\/\/ballvalves.tw\/es\/wp-json\/wp\/v2\/product"}],"about":[{"href":"https:\/\/ballvalves.tw\/es\/wp-json\/wp\/v2\/types\/product"}],"wp:featuredmedia":[{"embeddable":true,"href":"https:\/\/ballvalves.tw\/es\/wp-json\/wp\/v2\/media\/3797"}],"wp:attachment":[{"href":"https:\/\/ballvalves.tw\/es\/wp-json\/wp\/v2\/media?parent=3848"}],"wp:term":[{"taxonomy":"product_brand","embeddable":true,"href":"https:\/\/ballvalves.tw\/es\/wp-json\/wp\/v2\/product_brand?post=3848"},{"taxonomy":"product_cat","embeddable":true,"href":"https:\/\/ballvalves.tw\/es\/wp-json\/wp\/v2\/product_cat?post=3848"},{"taxonomy":"product_tag","embeddable":true,"href":"https:\/\/ballvalves.tw\/es\/wp-json\/wp\/v2\/product_tag?post=3848"}],"curies":[{"name":"wp","href":"https:\/\/api.w.org\/{rel}","templated":true}]}}