{"id":3840,"date":"2025-10-17T09:13:17","date_gmt":"2025-10-17T01:13:17","guid":{"rendered":"https:\/\/ballvalves.tw\/?post_type=product&#038;p=3840"},"modified":"2026-02-02T12:51:06","modified_gmt":"2026-02-02T04:51:06","slug":"3pcs-butt-weld-ball-valve","status":"publish","type":"product","link":"https:\/\/ballvalves.tw\/es\/producto\/3pcs-butt-weld-ball-valve\/","title":{"rendered":"Manual de v\u00e1lvula de bola con soldadura a tope extendida de 3 piezas"},"content":{"rendered":"<h2 data-path-to-node=\"45\">Descripci\u00f3n del producto<\/h2>\n<p data-path-to-node=\"46\">Las v\u00e1lvulas con extremos soldados est\u00e1ndar suelen requerir el desmontaje antes de la soldadura para proteger los asientos blandos del interior. Esta versi\u00f3n \u201cExtendida\u201d a\u00f1ade longitud a las tapas, alejando el punto de soldadura del centro de la v\u00e1lvula. Esto disipa el calor eficazmente, permitiendo a menudo la instalaci\u00f3n \u201csoldada in situ\u201d (dependiendo del procedimiento), ahorrando un tiempo de trabajo significativo. El dise\u00f1o de 3 piezas sigue permitiendo el mantenimiento futuro.<\/p>\n<h2 data-path-to-node=\"47\">Especificaciones t\u00e9cnicas clave<\/h2>\n<ul data-path-to-node=\"48\">\n<li>\n<p data-path-to-node=\"48,0,0\"><b>Material del cuerpo:<\/b> Acero inoxidable ASTM 316<\/p>\n<\/li>\n<li>\n<p data-path-to-node=\"48,1,0\"><b>Conexi\u00f3n:<\/b> Soldadura a tope extendida (extremos largos)<\/p>\n<\/li>\n<li>\n<p data-path-to-node=\"48,2,0\"><b>Rango de tama\u00f1os:<\/b> 3\/8\u2033 ~ 4\u2033<\/p>\n<\/li>\n<li>\n<p data-path-to-node=\"48,3,0\"><b>Presi\u00f3n nominal:<\/b> 1000 WOG (normalmente)<\/p>\n<\/li>\n<li>\n<p data-path-to-node=\"48,4,0\"><b>Caracter\u00edstica:<\/b> Dise\u00f1o de disipaci\u00f3n t\u00e9rmica<\/p>\n<\/li>\n<\/ul>\n<h2 data-path-to-node=\"49\">Ventajas y beneficios<\/h2>\n<ul data-path-to-node=\"50\">\n<li>\n<p data-path-to-node=\"50,0,0\"><b>Soldadura segura:<\/b> Reduce el riesgo de comprometer las juntas de las v\u00e1lvulas durante la soldadura inicial de la instalaci\u00f3n.<\/p>\n<\/li>\n<li>\n<p data-path-to-node=\"50,1,0\"><b>Ahorro de tiempo:<\/b> Puede eliminar la necesidad de desmontar la v\u00e1lvula antes de soldar.<\/p>\n<\/li>\n<li>\n<p data-path-to-node=\"50,2,0\"><b>Compatible con soldadura orbital:<\/b> La longitud tangencial ampliada es ideal para cabezales de soldadura orbital automatizados.<\/p>\n<\/li>\n<li>\n<p data-path-to-node=\"50,3,0\"><b>Potencial de alta pureza:<\/b> Las conexiones soldadas a tope eliminan las hendiduras de la rosca, por lo que son adecuadas para l\u00edneas de servicios p\u00fablicos de gran pureza.<\/p>\n<\/li>\n<\/ul>\n<h2 data-path-to-node=\"51\">Campos de aplicaci\u00f3n y ubicaciones<\/h2>\n<ul data-path-to-node=\"52\">\n<li>\n<p data-path-to-node=\"52,0,0\"><b>Plantas de semiconductores:<\/b> L\u00edneas de gas y productos qu\u00edmicos de gran pureza.<\/p>\n<\/li>\n<li>\n<p data-path-to-node=\"52,1,0\"><b>Utilidades limpias:<\/b> Limpiar los sistemas de vapor y agua.<\/p>\n<\/li>\n<li>\n<p data-path-to-node=\"52,2,0\"><b>Petroqu\u00edmica:<\/b> L\u00edneas cr\u00edticas donde deben eliminarse los puntos de fuga (roscas).<\/p>\n<\/li>\n<\/ul>","protected":false},"excerpt":{"rendered":"<p data-path-to-node=\"43\"><b>Soldadura f\u00e1cil: proteja sus juntas durante la instalaci\u00f3n.<\/b><\/p>\n<p data-path-to-node=\"44\">El <b>V\u00e1lvula de bola manual de tres piezas para soldar a tope ampliada<\/b> resuelve un problema industrial habitual: los da\u00f1os causados por el calor durante la instalaci\u00f3n. Al contar con extensiones de tubo extralargas (Extended BW), esta <b>Acero inoxidable 316<\/b> permite la soldadura directa en la tuber\u00eda sin riesgo de que el calor de la soldadura funda las juntas internas de PTFE.<\/p>","protected":false},"featured_media":3911,"template":"","meta":{"site-sidebar-layout":"default","site-content-layout":"","ast-site-content-layout":"default","site-content-style":"default","site-sidebar-style":"default","ast-global-header-display":"","ast-banner-title-visibility":"","ast-main-header-display":"","ast-hfb-above-header-display":"","ast-hfb-below-header-display":"","ast-hfb-mobile-header-display":"","site-post-title":"","ast-breadcrumbs-content":"","ast-featured-img":"","footer-sml-layout":"","ast-disable-related-posts":"","theme-transparent-header-meta":"default","adv-header-id-meta":"","stick-header-meta":"","header-above-stick-meta":"","header-main-stick-meta":"","header-below-stick-meta":"","astra-migrate-meta-layouts":"set","ast-page-background-enabled":"default","ast-page-background-meta":{"desktop":{"background-color":"var(--ast-global-color-4)","background-image":"","background-repeat":"repeat","background-position":"center center","background-size":"auto","background-attachment":"scroll","background-type":"","background-media":"","overlay-type":"","overlay-color":"","overlay-opacity":"","overlay-gradient":""},"tablet":{"background-color":"","background-image":"","background-repeat":"repeat","background-position":"center center","background-size":"auto","background-attachment":"scroll","background-type":"","background-media":"","overlay-type":"","overlay-color":"","overlay-opacity":"","overlay-gradient":""},"mobile":{"background-color":"","background-image":"","background-repeat":"repeat","background-position":"center center","background-size":"auto","background-attachment":"scroll","background-type":"","background-media":"","overlay-type":"","overlay-color":"","overlay-opacity":"","overlay-gradient":""}},"ast-content-background-meta":{"desktop":{"background-color":"var(--ast-global-color-5)","background-image":"","background-repeat":"repeat","background-position":"center center","background-size":"auto","background-attachment":"scroll","background-type":"","background-media":"","overlay-type":"","overlay-color":"","overlay-opacity":"","overlay-gradient":""},"tablet":{"background-color":"var(--ast-global-color-5)","background-image":"","background-repeat":"repeat","background-position":"center center","background-size":"auto","background-attachment":"scroll","background-type":"","background-media":"","overlay-type":"","overlay-color":"","overlay-opacity":"","overlay-gradient":""},"mobile":{"background-color":"var(--ast-global-color-5)","background-image":"","background-repeat":"repeat","background-position":"center center","background-size":"auto","background-attachment":"scroll","background-type":"","background-media":"","overlay-type":"","overlay-color":"","overlay-opacity":"","overlay-gradient":""}}},"product_brand":[],"product_cat":[64],"product_tag":[],"class_list":{"0":"post-3840","1":"product","2":"type-product","3":"status-publish","4":"has-post-thumbnail","6":"product_cat-3-piece-extended-butt-weld-type","7":"desktop-align-left","8":"tablet-align-left","9":"mobile-align-left","11":"first","12":"instock","13":"taxable","14":"shipping-taxable","15":"purchasable","16":"product-type-simple"},"_links":{"self":[{"href":"https:\/\/ballvalves.tw\/es\/wp-json\/wp\/v2\/product\/3840","targetHints":{"allow":["GET"]}}],"collection":[{"href":"https:\/\/ballvalves.tw\/es\/wp-json\/wp\/v2\/product"}],"about":[{"href":"https:\/\/ballvalves.tw\/es\/wp-json\/wp\/v2\/types\/product"}],"wp:featuredmedia":[{"embeddable":true,"href":"https:\/\/ballvalves.tw\/es\/wp-json\/wp\/v2\/media\/3911"}],"wp:attachment":[{"href":"https:\/\/ballvalves.tw\/es\/wp-json\/wp\/v2\/media?parent=3840"}],"wp:term":[{"taxonomy":"product_brand","embeddable":true,"href":"https:\/\/ballvalves.tw\/es\/wp-json\/wp\/v2\/product_brand?post=3840"},{"taxonomy":"product_cat","embeddable":true,"href":"https:\/\/ballvalves.tw\/es\/wp-json\/wp\/v2\/product_cat?post=3840"},{"taxonomy":"product_tag","embeddable":true,"href":"https:\/\/ballvalves.tw\/es\/wp-json\/wp\/v2\/product_tag?post=3840"}],"curies":[{"name":"wp","href":"https:\/\/api.w.org\/{rel}","templated":true}]}}