{"id":3838,"date":"2025-10-17T09:11:55","date_gmt":"2025-10-17T01:11:55","guid":{"rendered":"https:\/\/ballvalves.tw\/?post_type=product&#038;p=3838"},"modified":"2025-12-11T13:09:25","modified_gmt":"2025-12-11T05:09:25","slug":"sanitary-pneumatic-3-way-ball-valve","status":"publish","type":"product","link":"https:\/\/ballvalves.tw\/es\/producto\/sanitary-pneumatic-3-way-ball-valve\/","title":{"rendered":"V\u00e1lvula de bola de 3 v\u00edas neum\u00e1tica sanitaria"},"content":{"rendered":"<h2 data-path-to-node=\"19\">Descripci\u00f3n del producto<\/h2>\n<p data-path-to-node=\"20\">Este conjunto automatizado integra una v\u00e1lvula sanitaria de 3 v\u00edas con un actuador neum\u00e1tico. Est\u00e1 dise\u00f1ado para dirigir fluidos autom\u00e1ticamente bas\u00e1ndose en la l\u00f3gica del sistema (por ejemplo, se\u00f1ales de PLC). Tanto si necesita desviar un producto acabado a un dep\u00f3sito de retenci\u00f3n como mezclar ingredientes, esta v\u00e1lvula se encarga de la tarea con la velocidad de la neum\u00e1tica, al tiempo que mantiene estrictas normas sanitarias gracias a sus superficies pulidas y asientos encapsulados.<\/p>\n<h2 data-path-to-node=\"21\">Especificaciones t\u00e9cnicas clave<\/h2>\n<ul data-path-to-node=\"22\">\n<li>\n<p data-path-to-node=\"22,0,0\"><b>Material del cuerpo:<\/b> Acero inoxidable ASTM 316 (acabado sanitario)<\/p>\n<\/li>\n<li>\n<p data-path-to-node=\"22,1,0\"><b>Actuador:<\/b> Cilindro de aleaci\u00f3n de aluminio (cremallera y pi\u00f1\u00f3n)<\/p>\n<\/li>\n<li>\n<p data-path-to-node=\"22,2,0\"><b>Puerto:<\/b> Puerto L \/ Puerto T<\/p>\n<\/li>\n<li>\n<p data-path-to-node=\"22,3,0\"><b>Montaje:<\/b> Montaje directo ISO (normalmente)<\/p>\n<\/li>\n<li>\n<p data-path-to-node=\"22,4,0\"><b>Sellado:<\/b> Materiales conformes con la FDA<\/p>\n<\/li>\n<\/ul>\n<h2 data-path-to-node=\"23\">Ventajas y beneficios<\/h2>\n<ul data-path-to-node=\"24\">\n<li>\n<p data-path-to-node=\"24,0,0\"><b>Automatizaci\u00f3n a distancia:<\/b> Elimina la necesidad de ajustar manualmente las v\u00e1lvulas en zonas est\u00e9riles.<\/p>\n<\/li>\n<li>\n<p data-path-to-node=\"24,1,0\"><b>Coherencia del proceso:<\/b> Garantiza una sincronizaci\u00f3n precisa de la conmutaci\u00f3n de flujo, fundamental para la consistencia de los lotes.<\/p>\n<\/li>\n<li>\n<p data-path-to-node=\"24,2,0\"><b>Limpiabilidad:<\/b> Dise\u00f1ado para ciclos automatizados de limpieza in situ (CIP).<\/p>\n<\/li>\n<li>\n<p data-path-to-node=\"24,3,0\"><b>Versatilidad:<\/b> Maneja fluidos viscosos y l\u00edquidos con facilidad.<\/p>\n<\/li>\n<\/ul>\n<h2 data-path-to-node=\"25\">Campos de aplicaci\u00f3n y ubicaciones<\/h2>\n<ul data-path-to-node=\"26\">\n<li>\n<p data-path-to-node=\"26,0,0\"><b>Plantas lecheras:<\/b> Encaminamiento automatizado de la leche.<\/p>\n<\/li>\n<li>\n<p data-path-to-node=\"26,1,0\"><b>F\u00e1brica de cerveza:<\/b> Cambiar el mosto o la cerveza de un tanque a otro.<\/p>\n<\/li>\n<li>\n<p data-path-to-node=\"26,2,0\"><b>Productos farmac\u00e9uticos:<\/b> Procesamiento automatizado por lotes.<\/p>\n<\/li>\n<\/ul>","protected":false},"excerpt":{"rendered":"<p data-path-to-node=\"17\"><b>Enrutamiento automatizado de fluidos de proceso est\u00e9riles.<\/b><\/p>\n<p data-path-to-node=\"18\">El <b>V\u00e1lvula de bola de 3 v\u00edas neum\u00e1tica sanitaria<\/b> combina un dise\u00f1o higi\u00e9nico con la eficacia de la automatizaci\u00f3n. Con un <b>Acero inoxidable 316<\/b> cuerpo y un <b>Cilindro de aleaci\u00f3n de aluminio<\/b>, esta unidad permite controlar a distancia el desv\u00edo del flujo y la mezcla en salas blancas y plantas de procesamiento de alimentos, garantizando operaciones repetibles y libres de contaminaci\u00f3n.<\/p>","protected":false},"featured_media":3785,"template":"","meta":{"site-sidebar-layout":"default","site-content-layout":"","ast-site-content-layout":"default","site-content-style":"default","site-sidebar-style":"default","ast-global-header-display":"","ast-banner-title-visibility":"","ast-main-header-display":"","ast-hfb-above-header-display":"","ast-hfb-below-header-display":"","ast-hfb-mobile-header-display":"","site-post-title":"","ast-breadcrumbs-content":"","ast-featured-img":"","footer-sml-layout":"","ast-disable-related-posts":"","theme-transparent-header-meta":"default","adv-header-id-meta":"","stick-header-meta":"","header-above-stick-meta":"","header-main-stick-meta":"","header-below-stick-meta":"","astra-migrate-meta-layouts":"set","ast-page-background-enabled":"default","ast-page-background-meta":{"desktop":{"background-color":"var(--ast-global-color-4)","background-image":"","background-repeat":"repeat","background-position":"center center","background-size":"auto","background-attachment":"scroll","background-type":"","background-media":"","overlay-type":"","overlay-color":"","overlay-opacity":"","overlay-gradient":""},"tablet":{"background-color":"","background-image":"","background-repeat":"repeat","background-position":"center center","background-size":"auto","background-attachment":"scroll","background-type":"","background-media":"","overlay-type":"","overlay-color":"","overlay-opacity":"","overlay-gradient":""},"mobile":{"background-color":"","background-image":"","background-repeat":"repeat","background-position":"center center","background-size":"auto","background-attachment":"scroll","background-type":"","background-media":"","overlay-type":"","overlay-color":"","overlay-opacity":"","overlay-gradient":""}},"ast-content-background-meta":{"desktop":{"background-color":"var(--ast-global-color-5)","background-image":"","background-repeat":"repeat","background-position":"center center","background-size":"auto","background-attachment":"scroll","background-type":"","background-media":"","overlay-type":"","overlay-color":"","overlay-opacity":"","overlay-gradient":""},"tablet":{"background-color":"var(--ast-global-color-5)","background-image":"","background-repeat":"repeat","background-position":"center center","background-size":"auto","background-attachment":"scroll","background-type":"","background-media":"","overlay-type":"","overlay-color":"","overlay-opacity":"","overlay-gradient":""},"mobile":{"background-color":"var(--ast-global-color-5)","background-image":"","background-repeat":"repeat","background-position":"center center","background-size":"auto","background-attachment":"scroll","background-type":"","background-media":"","overlay-type":"","overlay-color":"","overlay-opacity":"","overlay-gradient":""}}},"product_brand":[],"product_cat":[63],"product_tag":[],"class_list":{"0":"post-3838","1":"product","2":"type-product","3":"status-publish","4":"has-post-thumbnail","6":"product_cat-sanitary-clamp-type","7":"desktop-align-left","8":"tablet-align-left","9":"mobile-align-left","11":"first","12":"instock","13":"taxable","14":"shipping-taxable","15":"purchasable","16":"product-type-simple"},"_links":{"self":[{"href":"https:\/\/ballvalves.tw\/es\/wp-json\/wp\/v2\/product\/3838","targetHints":{"allow":["GET"]}}],"collection":[{"href":"https:\/\/ballvalves.tw\/es\/wp-json\/wp\/v2\/product"}],"about":[{"href":"https:\/\/ballvalves.tw\/es\/wp-json\/wp\/v2\/types\/product"}],"wp:featuredmedia":[{"embeddable":true,"href":"https:\/\/ballvalves.tw\/es\/wp-json\/wp\/v2\/media\/3785"}],"wp:attachment":[{"href":"https:\/\/ballvalves.tw\/es\/wp-json\/wp\/v2\/media?parent=3838"}],"wp:term":[{"taxonomy":"product_brand","embeddable":true,"href":"https:\/\/ballvalves.tw\/es\/wp-json\/wp\/v2\/product_brand?post=3838"},{"taxonomy":"product_cat","embeddable":true,"href":"https:\/\/ballvalves.tw\/es\/wp-json\/wp\/v2\/product_cat?post=3838"},{"taxonomy":"product_tag","embeddable":true,"href":"https:\/\/ballvalves.tw\/es\/wp-json\/wp\/v2\/product_tag?post=3838"}],"curies":[{"name":"wp","href":"https:\/\/api.w.org\/{rel}","templated":true}]}}