{"id":3835,"date":"2025-10-17T09:06:17","date_gmt":"2025-10-17T01:06:17","guid":{"rendered":"https:\/\/ballvalves.tw\/?post_type=product&#038;p=3835"},"modified":"2025-12-11T13:06:55","modified_gmt":"2025-12-11T05:06:55","slug":"sanitary-manual-ball-valve","status":"publish","type":"product","link":"https:\/\/ballvalves.tw\/es\/producto\/sanitary-manual-ball-valve\/","title":{"rendered":"V\u00e1lvula de bola manual sanitaria, tipo abrazadera \/ soldadura L3; encapsulado completo \/ semiencapsulado"},"content":{"rendered":"<h2 data-path-to-node=\"47\">Descripci\u00f3n del producto<\/h2>\n<p data-path-to-node=\"48\">Las v\u00e1lvulas industriales est\u00e1ndar tienen \u201ccavidades\u201d alrededor de la bola donde el fluido puede quedar atrapado y deteriorarse. Nuestra serie Sanitaria utiliza <b>Asientos rellenos de cavidades (encapsulados)<\/b> que rellenan estos huecos, creando una superficie interna sin fisuras. Esto permite realizar procedimientos eficaces de limpieza in situ (CIP) y esterilizaci\u00f3n in situ (SIP). La v\u00e1lvula se puede desconectar f\u00e1cilmente (tipo abrazadera) para su inspecci\u00f3n o soldar de forma permanente (tipo soldadura L3) para bucles est\u00e9riles.<\/p>\n<h2 data-path-to-node=\"49\">Especificaciones t\u00e9cnicas clave<\/h2>\n<ul data-path-to-node=\"50\">\n<li>\n<p data-path-to-node=\"50,0,0\"><b>Material del cuerpo:<\/b> Acero inoxidable ASTM 316 (acabado pulido brillante)<\/p>\n<\/li>\n<li>\n<p data-path-to-node=\"50,1,0\"><b>Rango de tama\u00f1os:<\/b> 1\/2\u2033 ~ 4\u2033<\/p>\n<\/li>\n<li>\n<p data-path-to-node=\"50,2,0\"><b>Conexi\u00f3n:<\/b> Abrazadera sanitaria (casquillo) o soldadura a tope extendida (L3)<\/p>\n<\/li>\n<li>\n<p data-path-to-node=\"50,3,0\"><b>Dise\u00f1o del asiento:<\/b> Encapsulaci\u00f3n completa (cavidad rellena) o semi-encapsulaci\u00f3n<\/p>\n<\/li>\n<li>\n<p data-path-to-node=\"50,4,0\"><b>Normas:<\/b> Cumple con los est\u00e1ndares de calidad alimentaria e higiene.<\/p>\n<\/li>\n<\/ul>\n<h2 data-path-to-node=\"51\">Ventajas y beneficios<\/h2>\n<ul data-path-to-node=\"52\">\n<li>\n<p data-path-to-node=\"52,0,0\"><b>Prevenci\u00f3n de bacterias:<\/b> Los asientos con cavidades evitan el estancamiento de l\u00edquidos y el crecimiento bacteriano.<\/p>\n<\/li>\n<li>\n<p data-path-to-node=\"52,1,0\"><b>F\u00e1cil limpieza:<\/b> La superficie altamente pulida y el dise\u00f1o sin huecos permiten una esterilizaci\u00f3n completa.<\/p>\n<\/li>\n<li>\n<p data-path-to-node=\"52,2,0\"><b>Desmontaje r\u00e1pido:<\/b> Las conexiones con abrazaderas permiten a los operadores retirar la v\u00e1lvula para limpiarla manualmente en cuesti\u00f3n de segundos sin necesidad de herramientas.<\/p>\n<\/li>\n<li>\n<p data-path-to-node=\"52,3,0\"><b>Pureza del material:<\/b> Fabricado en acero inoxidable 316 de alta calidad para garantizar que no se contaminen los alimentos o medicamentos sensibles.<\/p>\n<\/li>\n<\/ul>\n<h2 data-path-to-node=\"53\">Campos de aplicaci\u00f3n y ubicaciones<\/h2>\n<ul data-path-to-node=\"54\">\n<li>\n<p data-path-to-node=\"54,0,0\"><b>Alimentos y bebidas:<\/b> L\u00edneas de procesamiento de productos l\u00e1cteos, cerveza y zumos.<\/p>\n<\/li>\n<li>\n<p data-path-to-node=\"54,1,0\"><b>Productos farmac\u00e9uticos:<\/b> Agua purificada (WFI) y suministro de ingredientes.<\/p>\n<\/li>\n<li>\n<p data-path-to-node=\"54,2,0\"><b>Biotecnolog\u00eda:<\/b> Tanques de fermentaci\u00f3n y puertos de muestreo.<\/p>\n<\/li>\n<li>\n<p data-path-to-node=\"54,3,0\"><b>Cosm\u00e9ticos:<\/b> L\u00edneas de mezcla y llenado para lociones y cremas.<\/p>\n<\/li>\n<\/ul>","protected":false},"excerpt":{"rendered":"<p data-path-to-node=\"45\"><b>Dise\u00f1o higi\u00e9nico para la seguridad de alimentos, bebidas y productos biofarmac\u00e9uticos.<\/b><\/p>\n<p data-path-to-node=\"46\">El <b>V\u00e1lvula de bola manual sanitaria<\/b> Se fabrica estrictamente para cumplir con altos est\u00e1ndares de pureza. Con <b>Abrazadera (Tri-Clamp)<\/b> o <b>L3 Soldadura<\/b> conexiones y un alto pulido <b>Acero inoxidable 316<\/b> superficie, esta v\u00e1lvula garantiza que no se puedan esconder bacterias. Disponible con <b>Encapsulaci\u00f3n completa<\/b> o <b>Semi-encapsulaci\u00f3n<\/b> asientos, elimina los espacios muertos donde el fluido del producto podr\u00eda estancarse.<\/p>","protected":false},"featured_media":3781,"template":"","meta":{"site-sidebar-layout":"default","site-content-layout":"","ast-site-content-layout":"default","site-content-style":"default","site-sidebar-style":"default","ast-global-header-display":"","ast-banner-title-visibility":"","ast-main-header-display":"","ast-hfb-above-header-display":"","ast-hfb-below-header-display":"","ast-hfb-mobile-header-display":"","site-post-title":"","ast-breadcrumbs-content":"","ast-featured-img":"","footer-sml-layout":"","ast-disable-related-posts":"","theme-transparent-header-meta":"default","adv-header-id-meta":"","stick-header-meta":"","header-above-stick-meta":"","header-main-stick-meta":"","header-below-stick-meta":"","astra-migrate-meta-layouts":"set","ast-page-background-enabled":"default","ast-page-background-meta":{"desktop":{"background-color":"var(--ast-global-color-4)","background-image":"","background-repeat":"repeat","background-position":"center center","background-size":"auto","background-attachment":"scroll","background-type":"","background-media":"","overlay-type":"","overlay-color":"","overlay-opacity":"","overlay-gradient":""},"tablet":{"background-color":"","background-image":"","background-repeat":"repeat","background-position":"center center","background-size":"auto","background-attachment":"scroll","background-type":"","background-media":"","overlay-type":"","overlay-color":"","overlay-opacity":"","overlay-gradient":""},"mobile":{"background-color":"","background-image":"","background-repeat":"repeat","background-position":"center center","background-size":"auto","background-attachment":"scroll","background-type":"","background-media":"","overlay-type":"","overlay-color":"","overlay-opacity":"","overlay-gradient":""}},"ast-content-background-meta":{"desktop":{"background-color":"var(--ast-global-color-5)","background-image":"","background-repeat":"repeat","background-position":"center center","background-size":"auto","background-attachment":"scroll","background-type":"","background-media":"","overlay-type":"","overlay-color":"","overlay-opacity":"","overlay-gradient":""},"tablet":{"background-color":"var(--ast-global-color-5)","background-image":"","background-repeat":"repeat","background-position":"center center","background-size":"auto","background-attachment":"scroll","background-type":"","background-media":"","overlay-type":"","overlay-color":"","overlay-opacity":"","overlay-gradient":""},"mobile":{"background-color":"var(--ast-global-color-5)","background-image":"","background-repeat":"repeat","background-position":"center center","background-size":"auto","background-attachment":"scroll","background-type":"","background-media":"","overlay-type":"","overlay-color":"","overlay-opacity":"","overlay-gradient":""}}},"product_brand":[],"product_cat":[63],"product_tag":[],"class_list":{"0":"post-3835","1":"product","2":"type-product","3":"status-publish","4":"has-post-thumbnail","6":"product_cat-sanitary-clamp-type","7":"desktop-align-left","8":"tablet-align-left","9":"mobile-align-left","11":"first","12":"instock","13":"taxable","14":"shipping-taxable","15":"purchasable","16":"product-type-simple"},"_links":{"self":[{"href":"https:\/\/ballvalves.tw\/es\/wp-json\/wp\/v2\/product\/3835","targetHints":{"allow":["GET"]}}],"collection":[{"href":"https:\/\/ballvalves.tw\/es\/wp-json\/wp\/v2\/product"}],"about":[{"href":"https:\/\/ballvalves.tw\/es\/wp-json\/wp\/v2\/types\/product"}],"wp:featuredmedia":[{"embeddable":true,"href":"https:\/\/ballvalves.tw\/es\/wp-json\/wp\/v2\/media\/3781"}],"wp:attachment":[{"href":"https:\/\/ballvalves.tw\/es\/wp-json\/wp\/v2\/media?parent=3835"}],"wp:term":[{"taxonomy":"product_brand","embeddable":true,"href":"https:\/\/ballvalves.tw\/es\/wp-json\/wp\/v2\/product_brand?post=3835"},{"taxonomy":"product_cat","embeddable":true,"href":"https:\/\/ballvalves.tw\/es\/wp-json\/wp\/v2\/product_cat?post=3835"},{"taxonomy":"product_tag","embeddable":true,"href":"https:\/\/ballvalves.tw\/es\/wp-json\/wp\/v2\/product_tag?post=3835"}],"curies":[{"name":"wp","href":"https:\/\/api.w.org\/{rel}","templated":true}]}}