{"id":3832,"date":"2025-10-17T09:03:29","date_gmt":"2025-10-17T01:03:29","guid":{"rendered":"https:\/\/ballvalves.tw\/?post_type=product&#038;p=3832"},"modified":"2025-12-11T13:01:53","modified_gmt":"2025-12-11T05:01:53","slug":"3pcs-pneumatic-ball-valve","status":"publish","type":"product","link":"https:\/\/ballvalves.tw\/es\/producto\/3pcs-pneumatic-ball-valve\/","title":{"rendered":"V\u00e1lvula de bola neum\u00e1tica de tres piezas"},"content":{"rendered":"<h2 data-path-to-node=\"58\">Descripci\u00f3n del producto<\/h2>\n<p data-path-to-node=\"59\">Esta v\u00e1lvula automatizada de primera calidad resuelve el quebradero de cabeza que supone el mantenimiento de l\u00edneas automatizadas soldadas o roscadas. Al retirar los pernos del cuerpo, la secci\u00f3n central de la v\u00e1lvula (con el actuador acoplado) puede extraerse o bascularse para su inspecci\u00f3n. Esto es fundamental en industrias en las que las juntas se desgastan debido a los altos \u00edndices de ciclos o en las que se requiere una limpieza sanitaria.<\/p>\n<h2 data-path-to-node=\"60\">Especificaciones t\u00e9cnicas clave<\/h2>\n<ul>\n<li data-path-to-node=\"61,0,0\"><b>Cuerpo de v\u00e1lvula:<\/b> Dise\u00f1o de tres piezas, acero inoxidable ASTM 316<\/li>\n<li data-path-to-node=\"61,1,0\"><b>Actuador:<\/b> Cilindro de aleaci\u00f3n de aluminio<\/li>\n<li data-path-to-node=\"61,2,0\"><b>Rango de tama\u00f1os:<\/b> 3\/8\u2033 ~ 4\u2033<\/li>\n<li data-path-to-node=\"61,3,0\"><b>Conexiones finales:<\/b> Roscado, soldadura a tope o soldadura por encastre<\/li>\n<li data-path-to-node=\"61,4,0\"><b>Mantenimiento:<\/b> Dise\u00f1o de cuerpo abatible<\/li>\n<\/ul>\n<h2 data-path-to-node=\"62\">Ventajas y beneficios<\/h2>\n<ul>\n<li data-path-to-node=\"63,0,0\"><b>El menor coste de mantenimiento:<\/b> Las juntas pueden sustituirse sin desmontar todo el conjunto automatizado de la tuber\u00eda.<\/li>\n<li data-path-to-node=\"63,1,0\"><b>Durabilidad de alto ciclo:<\/b> Construido para soportar los rigores de la apertura y cierre frecuentes.<\/li>\n<li data-path-to-node=\"63,2,0\"><b>Protecci\u00f3n de la electr\u00f3nica:<\/b> El dise\u00f1o permite soldar el cuerpo de la v\u00e1lvula a la l\u00ednea (si se utilizan extremos soldados) antes de montar el actuador, protegiendo del calor los componentes neum\u00e1ticos sensibles.<\/li>\n<li data-path-to-node=\"63,3,0\"><b>Versatilidad:<\/b> Adecuado para l\u00edneas de proceso cr\u00edticas que requieren conexiones soldadas seguras.<\/li>\n<\/ul>\n<h2 data-path-to-node=\"64\">Campos de aplicaci\u00f3n y ubicaciones<\/h2>\n<ul>\n<li data-path-to-node=\"65,0,0\"><b>Semiconductores y electr\u00f3nica:<\/b> L\u00edneas de agua ultrapura y productos qu\u00edmicos.<\/li>\n<li data-path-to-node=\"65,1,0\"><b>Alimentos y bebidas:<\/b> L\u00edneas de vapor y servicios p\u00fablicos que requieren comprobaciones frecuentes.<\/li>\n<li data-path-to-node=\"65,2,0\"><b>Petroqu\u00edmica:<\/b> L\u00edneas de cierre autom\u00e1ticas cr\u00edticas.<\/li>\n<li data-path-to-node=\"65,3,0\"><b>Farmac\u00e9utica:<\/b> Sistemas de servicios p\u00fablicos.<\/li>\n<\/ul>","protected":false},"excerpt":{"rendered":"<p data-path-to-node=\"56\"><b>La soluci\u00f3n definitiva para una automatizaci\u00f3n sostenible.<\/b><\/p>\n<p data-path-to-node=\"57\">El <b>V\u00e1lvula de bola neum\u00e1tica de tres piezas<\/b> ofrece el m\u00e1ximo nivel de flexibilidad y facilidad de mantenimiento en v\u00e1lvulas automatizadas. Combinando el cuerpo \u201cbasculante\u201d de la serie V-3A con un actuador neum\u00e1tico, esta unidad permite sustituir f\u00e1cilmente las juntas y limpiar el sistema sin desmontar el actuador ni las conexiones de las tuber\u00edas.<\/p>","protected":false},"featured_media":3779,"template":"","meta":{"site-sidebar-layout":"default","site-content-layout":"","ast-site-content-layout":"default","site-content-style":"default","site-sidebar-style":"default","ast-global-header-display":"","ast-banner-title-visibility":"","ast-main-header-display":"","ast-hfb-above-header-display":"","ast-hfb-below-header-display":"","ast-hfb-mobile-header-display":"","site-post-title":"","ast-breadcrumbs-content":"","ast-featured-img":"","footer-sml-layout":"","ast-disable-related-posts":"","theme-transparent-header-meta":"default","adv-header-id-meta":"","stick-header-meta":"","header-above-stick-meta":"","header-main-stick-meta":"","header-below-stick-meta":"","astra-migrate-meta-layouts":"set","ast-page-background-enabled":"default","ast-page-background-meta":{"desktop":{"background-color":"var(--ast-global-color-4)","background-image":"","background-repeat":"repeat","background-position":"center center","background-size":"auto","background-attachment":"scroll","background-type":"","background-media":"","overlay-type":"","overlay-color":"","overlay-opacity":"","overlay-gradient":""},"tablet":{"background-color":"","background-image":"","background-repeat":"repeat","background-position":"center center","background-size":"auto","background-attachment":"scroll","background-type":"","background-media":"","overlay-type":"","overlay-color":"","overlay-opacity":"","overlay-gradient":""},"mobile":{"background-color":"","background-image":"","background-repeat":"repeat","background-position":"center center","background-size":"auto","background-attachment":"scroll","background-type":"","background-media":"","overlay-type":"","overlay-color":"","overlay-opacity":"","overlay-gradient":""}},"ast-content-background-meta":{"desktop":{"background-color":"var(--ast-global-color-5)","background-image":"","background-repeat":"repeat","background-position":"center center","background-size":"auto","background-attachment":"scroll","background-type":"","background-media":"","overlay-type":"","overlay-color":"","overlay-opacity":"","overlay-gradient":""},"tablet":{"background-color":"var(--ast-global-color-5)","background-image":"","background-repeat":"repeat","background-position":"center center","background-size":"auto","background-attachment":"scroll","background-type":"","background-media":"","overlay-type":"","overlay-color":"","overlay-opacity":"","overlay-gradient":""},"mobile":{"background-color":"var(--ast-global-color-5)","background-image":"","background-repeat":"repeat","background-position":"center center","background-size":"auto","background-attachment":"scroll","background-type":"","background-media":"","overlay-type":"","overlay-color":"","overlay-opacity":"","overlay-gradient":""}}},"product_brand":[],"product_cat":[61],"product_tag":[],"class_list":{"0":"post-3832","1":"product","2":"type-product","3":"status-publish","4":"has-post-thumbnail","6":"product_cat-pneumatic-ball-valve","7":"desktop-align-left","8":"tablet-align-left","9":"mobile-align-left","11":"first","12":"instock","13":"taxable","14":"shipping-taxable","15":"purchasable","16":"product-type-simple"},"_links":{"self":[{"href":"https:\/\/ballvalves.tw\/es\/wp-json\/wp\/v2\/product\/3832","targetHints":{"allow":["GET"]}}],"collection":[{"href":"https:\/\/ballvalves.tw\/es\/wp-json\/wp\/v2\/product"}],"about":[{"href":"https:\/\/ballvalves.tw\/es\/wp-json\/wp\/v2\/types\/product"}],"wp:featuredmedia":[{"embeddable":true,"href":"https:\/\/ballvalves.tw\/es\/wp-json\/wp\/v2\/media\/3779"}],"wp:attachment":[{"href":"https:\/\/ballvalves.tw\/es\/wp-json\/wp\/v2\/media?parent=3832"}],"wp:term":[{"taxonomy":"product_brand","embeddable":true,"href":"https:\/\/ballvalves.tw\/es\/wp-json\/wp\/v2\/product_brand?post=3832"},{"taxonomy":"product_cat","embeddable":true,"href":"https:\/\/ballvalves.tw\/es\/wp-json\/wp\/v2\/product_cat?post=3832"},{"taxonomy":"product_tag","embeddable":true,"href":"https:\/\/ballvalves.tw\/es\/wp-json\/wp\/v2\/product_tag?post=3832"}],"curies":[{"name":"wp","href":"https:\/\/api.w.org\/{rel}","templated":true}]}}