{"id":3831,"date":"2025-10-17T09:02:55","date_gmt":"2025-10-17T01:02:55","guid":{"rendered":"https:\/\/ballvalves.tw\/?post_type=product&#038;p=3831"},"modified":"2025-12-11T13:00:52","modified_gmt":"2025-12-11T05:00:52","slug":"two-piece-pneumatic-ball-valve","status":"publish","type":"product","link":"https:\/\/ballvalves.tw\/es\/producto\/two-piece-pneumatic-ball-valve\/","title":{"rendered":"V\u00e1lvula de bola neum\u00e1tica de dos piezas"},"content":{"rendered":"<h2 data-path-to-node=\"45\">Descripci\u00f3n del producto<\/h2>\n<p data-path-to-node=\"46\">A diferencia de la versi\u00f3n de una pieza, el dise\u00f1o del cuerpo de dos piezas permite una mayor apertura interna de la bola, reduciendo la ca\u00edda de presi\u00f3n a trav\u00e9s de la v\u00e1lvula. El actuador neum\u00e1tico proporciona un r\u00e1pido accionamiento de un cuarto de vuelta (apertura\/cierre en menos de un segundo). Esta v\u00e1lvula es el caballo de batalla para la mayor\u00eda de las aplicaciones automatizadas de agua, aire y productos qu\u00edmicos ligeros.<\/p>\n<h2 data-path-to-node=\"47\">Especificaciones t\u00e9cnicas clave<\/h2>\n<ul>\n<li data-path-to-node=\"48,0,0\"><b>Cuerpo de v\u00e1lvula:<\/b> Dise\u00f1o de dos piezas, acero inoxidable ASTM 316<\/li>\n<li data-path-to-node=\"48,1,0\"><b>Actuador:<\/b> Cilindro de aleaci\u00f3n de aluminio (cremallera y pi\u00f1\u00f3n)<\/li>\n<li data-path-to-node=\"48,2,0\"><b>Rango de tama\u00f1os:<\/b> 3\/8\u2033 ~ 4\u2033<\/li>\n<li data-path-to-node=\"48,3,0\"><b>Tipo de agujero:<\/b> Est\u00e1ndar \/ Paso total (seg\u00fan tama\u00f1o)<\/li>\n<li data-path-to-node=\"48,4,0\"><b>Accesorios:<\/b> Compatible con electrov\u00e1lvulas y finales de carrera<\/li>\n<\/ul>\n<h2 data-path-to-node=\"49\">Ventajas y beneficios<\/h2>\n<ul>\n<li data-path-to-node=\"50,0,0\"><b>Gran capacidad de caudal:<\/b> Minimiza la restricci\u00f3n de caudal, por lo que es ideal para l\u00edneas de gran volumen.<\/li>\n<li data-path-to-node=\"50,1,0\"><b>Ciclo de vida fiable:<\/b> Dise\u00f1ado para ciclos de alta frecuencia en procesos automatizados.<\/li>\n<li data-path-to-node=\"50,2,0\"><b>Tallas vers\u00e1tiles:<\/b> Disponible hasta 4 pulgadas, cubriendo la mayor\u00eda de las l\u00edneas de servicios de planta.<\/li>\n<li data-path-to-node=\"50,3,0\"><b>Control escalable:<\/b> Puede equiparse con posicionadores para el control modulante (estrangulaci\u00f3n) si es necesario.<\/li>\n<\/ul>\n<h2 data-path-to-node=\"51\">Campos de aplicaci\u00f3n y ubicaciones<\/h2>\n<ul>\n<li data-path-to-node=\"52,0,0\"><b>Plantas de tratamiento de aguas:<\/b> Filtraci\u00f3n automatizada y secuenciaci\u00f3n de retrolavado.<\/li>\n<li data-path-to-node=\"52,1,0\"><b>CALEFACCI\u00d3N, VENTILACI\u00d3N Y AIRE ACONDICIONADO:<\/b> Control del agua de las torres de refrigeraci\u00f3n.<\/li>\n<li data-path-to-node=\"52,2,0\"><b>Dosificaci\u00f3n qu\u00edmica:<\/b> Dosificaci\u00f3n autom\u00e1tica de ingredientes.<\/li>\n<li data-path-to-node=\"52,3,0\"><b>Automatizaci\u00f3n general de f\u00e1bricas:<\/b> L\u00edneas de suministro de aire y agua.<\/li>\n<\/ul>","protected":false},"excerpt":{"rendered":"<p data-path-to-node=\"43\"><b>Automatizaci\u00f3n de alto caudal para la industria general.<\/b><\/p>\n<p data-path-to-node=\"44\">El <b>V\u00e1lvula de bola neum\u00e1tica de dos piezas<\/b> es el est\u00e1ndar industrial para el control automatizado de fluidos. Con un dise\u00f1o de paso total* para una m\u00e1xima eficiencia de caudal, este conjunto combina un robusto <b>Acero inoxidable 316<\/b> v\u00e1lvula de dos piezas con <b>Aleaci\u00f3n de aluminio<\/b> actuador neum\u00e1tico. Ofrece el equilibrio perfecto entre rendimiento de caudal y capacidad de automatizaci\u00f3n.<\/p>","protected":false},"featured_media":3777,"template":"","meta":{"site-sidebar-layout":"default","site-content-layout":"","ast-site-content-layout":"default","site-content-style":"default","site-sidebar-style":"default","ast-global-header-display":"","ast-banner-title-visibility":"","ast-main-header-display":"","ast-hfb-above-header-display":"","ast-hfb-below-header-display":"","ast-hfb-mobile-header-display":"","site-post-title":"","ast-breadcrumbs-content":"","ast-featured-img":"","footer-sml-layout":"","ast-disable-related-posts":"","theme-transparent-header-meta":"default","adv-header-id-meta":"","stick-header-meta":"","header-above-stick-meta":"","header-main-stick-meta":"","header-below-stick-meta":"","astra-migrate-meta-layouts":"set","ast-page-background-enabled":"default","ast-page-background-meta":{"desktop":{"background-color":"var(--ast-global-color-4)","background-image":"","background-repeat":"repeat","background-position":"center center","background-size":"auto","background-attachment":"scroll","background-type":"","background-media":"","overlay-type":"","overlay-color":"","overlay-opacity":"","overlay-gradient":""},"tablet":{"background-color":"","background-image":"","background-repeat":"repeat","background-position":"center center","background-size":"auto","background-attachment":"scroll","background-type":"","background-media":"","overlay-type":"","overlay-color":"","overlay-opacity":"","overlay-gradient":""},"mobile":{"background-color":"","background-image":"","background-repeat":"repeat","background-position":"center center","background-size":"auto","background-attachment":"scroll","background-type":"","background-media":"","overlay-type":"","overlay-color":"","overlay-opacity":"","overlay-gradient":""}},"ast-content-background-meta":{"desktop":{"background-color":"var(--ast-global-color-5)","background-image":"","background-repeat":"repeat","background-position":"center center","background-size":"auto","background-attachment":"scroll","background-type":"","background-media":"","overlay-type":"","overlay-color":"","overlay-opacity":"","overlay-gradient":""},"tablet":{"background-color":"var(--ast-global-color-5)","background-image":"","background-repeat":"repeat","background-position":"center center","background-size":"auto","background-attachment":"scroll","background-type":"","background-media":"","overlay-type":"","overlay-color":"","overlay-opacity":"","overlay-gradient":""},"mobile":{"background-color":"var(--ast-global-color-5)","background-image":"","background-repeat":"repeat","background-position":"center center","background-size":"auto","background-attachment":"scroll","background-type":"","background-media":"","overlay-type":"","overlay-color":"","overlay-opacity":"","overlay-gradient":""}}},"product_brand":[],"product_cat":[61],"product_tag":[],"class_list":{"0":"post-3831","1":"product","2":"type-product","3":"status-publish","4":"has-post-thumbnail","6":"product_cat-pneumatic-ball-valve","7":"desktop-align-left","8":"tablet-align-left","9":"mobile-align-left","11":"first","12":"instock","13":"taxable","14":"shipping-taxable","15":"purchasable","16":"product-type-simple"},"_links":{"self":[{"href":"https:\/\/ballvalves.tw\/es\/wp-json\/wp\/v2\/product\/3831","targetHints":{"allow":["GET"]}}],"collection":[{"href":"https:\/\/ballvalves.tw\/es\/wp-json\/wp\/v2\/product"}],"about":[{"href":"https:\/\/ballvalves.tw\/es\/wp-json\/wp\/v2\/types\/product"}],"wp:featuredmedia":[{"embeddable":true,"href":"https:\/\/ballvalves.tw\/es\/wp-json\/wp\/v2\/media\/3777"}],"wp:attachment":[{"href":"https:\/\/ballvalves.tw\/es\/wp-json\/wp\/v2\/media?parent=3831"}],"wp:term":[{"taxonomy":"product_brand","embeddable":true,"href":"https:\/\/ballvalves.tw\/es\/wp-json\/wp\/v2\/product_brand?post=3831"},{"taxonomy":"product_cat","embeddable":true,"href":"https:\/\/ballvalves.tw\/es\/wp-json\/wp\/v2\/product_cat?post=3831"},{"taxonomy":"product_tag","embeddable":true,"href":"https:\/\/ballvalves.tw\/es\/wp-json\/wp\/v2\/product_tag?post=3831"}],"curies":[{"name":"wp","href":"https:\/\/api.w.org\/{rel}","templated":true}]}}