{"id":3825,"date":"2025-10-17T08:53:58","date_gmt":"2025-10-17T00:53:58","guid":{"rendered":"https:\/\/ballvalves.tw\/?post_type=product&#038;p=3825"},"modified":"2025-12-11T12:57:06","modified_gmt":"2025-12-11T04:57:06","slug":"2-pcs-high-pressure-ball-valve","status":"publish","type":"product","link":"https:\/\/ballvalves.tw\/es\/producto\/2-pcs-high-pressure-ball-valve\/","title":{"rendered":"V\u00e1lvula de bola de alta presi\u00f3n de dos piezas, 2000 WOG"},"content":{"rendered":"<h2 data-path-to-node=\"61\">Descripci\u00f3n del producto<\/h2>\n<p data-path-to-node=\"62\">Aunque su aspecto es similar al de las v\u00e1lvulas de bola est\u00e1ndar, la <b>V-2N<\/b> est\u00e1 dise\u00f1ada con estructuras de pared m\u00e1s gruesas, juntas reforzadas y v\u00e1stagos de alta resistencia para soportar el doble de presi\u00f3n que las v\u00e1lvulas industriales est\u00e1ndar. Ofrece el mismo funcionamiento r\u00e1pido de un cuarto de vuelta, pero garantiza la seguridad y la integridad a presiones de hasta 2000 PSI.<\/p>\n<h2 data-path-to-node=\"63\"><b>Especificaciones t\u00e9cnicas clave:<\/b><\/h2>\n<ul>\n<li data-path-to-node=\"64,0,0\"><b>Modelo:<\/b> V-2N<\/li>\n<li data-path-to-node=\"64,1,0\"><b>Material del cuerpo:<\/b> Acero inoxidable ASTM 316<\/li>\n<li data-path-to-node=\"64,2,0\"><b>Presi\u00f3n nominal:<\/b> 2000 WOG (alta presi\u00f3n)<\/li>\n<li data-path-to-node=\"64,3,0\"><b>Rango de tama\u00f1os:<\/b> 1\/4\u2033 ~ 2\u2033<\/li>\n<li data-path-to-node=\"64,4,0\"><b>Aplicaci\u00f3n:<\/b> Aceite, agua y gas a alta presi\u00f3n<\/li>\n<li data-path-to-node=\"64,5,0\"><b>Sellado:<\/b> Asientos reforzados para cierre a alta presi\u00f3n.<\/li>\n<\/ul>\n<h2 data-path-to-node=\"65\">Ventajas y beneficios<\/h2>\n<ul>\n<li data-path-to-node=\"66,0,0\"><b>Manejo de presiones extremas:<\/b> Funciona con seguridad a 2000 PSI, por lo que es adecuado para l\u00edneas hidr\u00e1ulicas y sistemas de lavado de alta presi\u00f3n.<\/li>\n<li data-path-to-node=\"66,1,0\"><b>Construcci\u00f3n robusta:<\/b> Su mayor peso y sus paredes m\u00e1s gruesas proporcionan m\u00e1rgenes de seguridad adicionales contra el estallido o la deformaci\u00f3n.<\/li>\n<li data-path-to-node=\"66,2,0\"><b>Longevidad:<\/b> El dise\u00f1o reforzado se desgasta m\u00e1s lentamente en condiciones normales, ofreciendo una vida \u00fatil m\u00e1s larga que las v\u00e1lvulas est\u00e1ndar.<\/li>\n<li data-path-to-node=\"66,3,0\"><b>Seguridad:<\/b> Dise\u00f1ado para evitar el revent\u00f3n en caso de picos de alta presi\u00f3n.<\/li>\n<\/ul>\n<h2 data-path-to-node=\"67\">Campos de aplicaci\u00f3n y ubicaciones<\/h2>\n<ul>\n<li data-path-to-node=\"68,0,0\"><b>Sistemas hidr\u00e1ulicos:<\/b> Control y aislamiento de la transmisi\u00f3n hidr\u00e1ulica.<\/li>\n<li data-path-to-node=\"68,1,0\"><b>Limpieza a alta presi\u00f3n:<\/b> Lavaderos de coches y equipos industriales de lavado a presi\u00f3n.<\/li>\n<li data-path-to-node=\"68,2,0\"><b>Petr\u00f3leo y gas:<\/b> L\u00edneas de muestreo de alta presi\u00f3n y bancos de pruebas.<\/li>\n<li data-path-to-node=\"68,3,0\"><b>Miner\u00eda y maquinaria pesada:<\/b> L\u00edneas de lubricaci\u00f3n y control en maquinaria pesada.<\/li>\n<\/ul>","protected":false},"excerpt":{"rendered":"<p data-path-to-node=\"59\"><b>Rendimiento de alta resistencia para entornos exigentes de alta presi\u00f3n.<\/b><\/p>\n<p data-path-to-node=\"60\">El <b>Serie V-2N<\/b> es el levantador pesado de la gama de v\u00e1lvulas manuales. A <b>V\u00e1lvula de bola de alta presi\u00f3n de dos piezas<\/b> clasificado para un enorme <b>2000 WOG<\/b>, est\u00e1 construido con <b>Acero inoxidable 316<\/b>. Esta v\u00e1lvula est\u00e1 dise\u00f1ada espec\u00edficamente para aplicaciones hidr\u00e1ulicas y sistemas que operan en condiciones de presi\u00f3n extrema.<\/p>","protected":false},"featured_media":3768,"template":"","meta":{"site-sidebar-layout":"default","site-content-layout":"","ast-site-content-layout":"default","site-content-style":"default","site-sidebar-style":"default","ast-global-header-display":"","ast-banner-title-visibility":"","ast-main-header-display":"","ast-hfb-above-header-display":"","ast-hfb-below-header-display":"","ast-hfb-mobile-header-display":"","site-post-title":"","ast-breadcrumbs-content":"","ast-featured-img":"","footer-sml-layout":"","ast-disable-related-posts":"","theme-transparent-header-meta":"default","adv-header-id-meta":"","stick-header-meta":"","header-above-stick-meta":"","header-main-stick-meta":"","header-below-stick-meta":"","astra-migrate-meta-layouts":"set","ast-page-background-enabled":"default","ast-page-background-meta":{"desktop":{"background-color":"var(--ast-global-color-4)","background-image":"","background-repeat":"repeat","background-position":"center center","background-size":"auto","background-attachment":"scroll","background-type":"","background-media":"","overlay-type":"","overlay-color":"","overlay-opacity":"","overlay-gradient":""},"tablet":{"background-color":"","background-image":"","background-repeat":"repeat","background-position":"center center","background-size":"auto","background-attachment":"scroll","background-type":"","background-media":"","overlay-type":"","overlay-color":"","overlay-opacity":"","overlay-gradient":""},"mobile":{"background-color":"","background-image":"","background-repeat":"repeat","background-position":"center center","background-size":"auto","background-attachment":"scroll","background-type":"","background-media":"","overlay-type":"","overlay-color":"","overlay-opacity":"","overlay-gradient":""}},"ast-content-background-meta":{"desktop":{"background-color":"var(--ast-global-color-5)","background-image":"","background-repeat":"repeat","background-position":"center center","background-size":"auto","background-attachment":"scroll","background-type":"","background-media":"","overlay-type":"","overlay-color":"","overlay-opacity":"","overlay-gradient":""},"tablet":{"background-color":"var(--ast-global-color-5)","background-image":"","background-repeat":"repeat","background-position":"center center","background-size":"auto","background-attachment":"scroll","background-type":"","background-media":"","overlay-type":"","overlay-color":"","overlay-opacity":"","overlay-gradient":""},"mobile":{"background-color":"var(--ast-global-color-5)","background-image":"","background-repeat":"repeat","background-position":"center center","background-size":"auto","background-attachment":"scroll","background-type":"","background-media":"","overlay-type":"","overlay-color":"","overlay-opacity":"","overlay-gradient":""}}},"product_brand":[],"product_cat":[58],"product_tag":[],"class_list":{"0":"post-3825","1":"product","2":"type-product","3":"status-publish","4":"has-post-thumbnail","6":"product_cat-manual-ball-valve","7":"desktop-align-left","8":"tablet-align-left","9":"mobile-align-left","11":"first","12":"instock","13":"taxable","14":"shipping-taxable","15":"purchasable","16":"product-type-simple"},"_links":{"self":[{"href":"https:\/\/ballvalves.tw\/es\/wp-json\/wp\/v2\/product\/3825","targetHints":{"allow":["GET"]}}],"collection":[{"href":"https:\/\/ballvalves.tw\/es\/wp-json\/wp\/v2\/product"}],"about":[{"href":"https:\/\/ballvalves.tw\/es\/wp-json\/wp\/v2\/types\/product"}],"wp:featuredmedia":[{"embeddable":true,"href":"https:\/\/ballvalves.tw\/es\/wp-json\/wp\/v2\/media\/3768"}],"wp:attachment":[{"href":"https:\/\/ballvalves.tw\/es\/wp-json\/wp\/v2\/media?parent=3825"}],"wp:term":[{"taxonomy":"product_brand","embeddable":true,"href":"https:\/\/ballvalves.tw\/es\/wp-json\/wp\/v2\/product_brand?post=3825"},{"taxonomy":"product_cat","embeddable":true,"href":"https:\/\/ballvalves.tw\/es\/wp-json\/wp\/v2\/product_cat?post=3825"},{"taxonomy":"product_tag","embeddable":true,"href":"https:\/\/ballvalves.tw\/es\/wp-json\/wp\/v2\/product_tag?post=3825"}],"curies":[{"name":"wp","href":"https:\/\/api.w.org\/{rel}","templated":true}]}}