{"id":3822,"date":"2025-10-17T08:49:32","date_gmt":"2025-10-17T00:49:32","guid":{"rendered":"https:\/\/ballvalves.tw\/?post_type=product&#038;p=3822"},"modified":"2025-12-11T12:52:00","modified_gmt":"2025-12-11T04:52:00","slug":"three-pcs-ball-valve-pt-bw-sw","status":"publish","type":"product","link":"https:\/\/ballvalves.tw\/es\/producto\/three-pcs-ball-valve-pt-bw-sw\/","title":{"rendered":"V\u00e1lvula de bola de tres piezas PT \/ soldadura a tope (BW) \/ soldadura por encastre (SW), 1000 WOG"},"content":{"rendered":"<h2 data-path-to-node=\"20\">Descripci\u00f3n del producto<\/h2>\n<p data-path-to-node=\"21\">El <b>Dise\u00f1o de tres piezas<\/b> es el est\u00e1ndar premium para el mantenimiento industrial. A diferencia de las v\u00e1lvulas de una o dos piezas, el cuerpo de la V-3A se puede separar de los conectores de tuber\u00eda (tapas de extremo) quitando unos pocos pernos. Esto permite que el cuerpo principal se \u201cbalancee\u201d para su limpieza, sustituci\u00f3n de juntas o inspecci\u00f3n sin cortar ni desenroscar la v\u00e1lvula de la tuber\u00eda.<\/p>\n<h2 data-path-to-node=\"22\"><b>Especificaciones t\u00e9cnicas clave:<\/b><\/h2>\n<ul>\n<li data-path-to-node=\"23,0,0\"><b>Modelo:<\/b> V-3A<\/li>\n<li data-path-to-node=\"23,1,0\"><b>Material del cuerpo:<\/b> Acero inoxidable ASTM 316<\/li>\n<li data-path-to-node=\"23,2,0\"><b>Presi\u00f3n nominal:<\/b> 1000 WOG<\/li>\n<li data-path-to-node=\"23,3,0\"><b>Rango de tama\u00f1os:<\/b> 1\/4\u2033 ~ 4\u2033<\/li>\n<li data-path-to-node=\"23,4,0\"><b>Opciones de conexi\u00f3n:<\/b> Roscado (PT), soldadura a tope (BW), soldadura por encastre (SW)<\/li>\n<li data-path-to-node=\"23,5,0\"><b>Caracter\u00edstica:<\/b> Dise\u00f1o de carrocer\u00eda abatible para mantenimiento en l\u00ednea<\/li>\n<\/ul>\n<h2 data-path-to-node=\"24\">Ventajas y beneficios<\/h2>\n<ul>\n<li data-path-to-node=\"25,0,0\"><b>F\u00e1cil mantenimiento en l\u00ednea:<\/b> El cuerpo central se puede retirar para realizar tareas de mantenimiento, mientras que las tapas de los extremos permanecen fijadas al tubo, lo que reduce dr\u00e1sticamente el tiempo de inactividad y los costes de mano de obra.<\/li>\n<li data-path-to-node=\"25,1,0\"><b>Apto para soldadura:<\/b> El dise\u00f1o de tres piezas permite retirar el cuerpo central (que contiene juntas termosensibles) durante la soldadura, lo que evita que las juntas se da\u00f1en por la transferencia de calor.<\/li>\n<li data-path-to-node=\"25,2,0\"><b>Conexiones vers\u00e1tiles:<\/b> Tanto si su sistema requiere uniones roscadas como soldadas para mayor seguridad, esta serie \u00fanica cubre todos los requisitos.<\/li>\n<li data-path-to-node=\"25,3,0\"><b>Potencial de alta pureza:<\/b> Su f\u00e1cil limpieza lo hace adecuado para industrias que requieren una higiene m\u00e1s estricta o una limpieza regular de las l\u00edneas.<\/li>\n<\/ul>\n<h2 data-path-to-node=\"26\">Campos de aplicaci\u00f3n y ubicaciones<\/h2>\n<ul>\n<li data-path-to-node=\"27,0,0\"><b>Plantas petroqu\u00edmicas y qu\u00edmicas:<\/b> L\u00edneas que requieren conexiones soldadas seguras.<\/li>\n<li data-path-to-node=\"27,1,0\"><b>L\u00edneas de servicios p\u00fablicos para alimentos y bebidas:<\/b> Tuber\u00edas de vapor y agua donde el mantenimiento es frecuente.<\/li>\n<li data-path-to-node=\"27,2,0\"><b>Fabricaci\u00f3n de autom\u00f3viles:<\/b> L\u00edneas de pintura y disolventes.<\/li>\n<li data-path-to-node=\"27,3,0\"><b>Semiconductor:<\/b> Sistemas de apoyo que requieren v\u00e1lvulas fiables y funcionales.<\/li>\n<\/ul>","protected":false},"excerpt":{"rendered":"<p data-path-to-node=\"18\"><b>La opci\u00f3n de f\u00e1cil mantenimiento para tuber\u00edas de alto rendimiento.<\/b><\/p>\n<p data-path-to-node=\"19\">El <b>V\u00e1lvula de bola de tres piezas serie V-3A<\/b> Est\u00e1 dise\u00f1ado para aplicaciones cr\u00edticas que requieren un mantenimiento o una limpieza regulares. Cuenta con un dise\u00f1o de cuerpo \u201cabatible\u201d y est\u00e1 disponible en <b>Roscado (PT)<\/b>, <b>Soldadura a tope (BW)<\/b>y <b>Soldadura por encastre (SW)<\/b> conexiones, esto <b>Acero inoxidable 316<\/b> La v\u00e1lvula ofrece una flexibilidad y una longevidad sin igual para el control de fluidos industriales.<\/p>","protected":false},"featured_media":3759,"template":"","meta":{"site-sidebar-layout":"default","site-content-layout":"","ast-site-content-layout":"default","site-content-style":"default","site-sidebar-style":"default","ast-global-header-display":"","ast-banner-title-visibility":"","ast-main-header-display":"","ast-hfb-above-header-display":"","ast-hfb-below-header-display":"","ast-hfb-mobile-header-display":"","site-post-title":"","ast-breadcrumbs-content":"","ast-featured-img":"","footer-sml-layout":"","ast-disable-related-posts":"","theme-transparent-header-meta":"default","adv-header-id-meta":"","stick-header-meta":"","header-above-stick-meta":"","header-main-stick-meta":"","header-below-stick-meta":"","astra-migrate-meta-layouts":"set","ast-page-background-enabled":"default","ast-page-background-meta":{"desktop":{"background-color":"var(--ast-global-color-4)","background-image":"","background-repeat":"repeat","background-position":"center center","background-size":"auto","background-attachment":"scroll","background-type":"","background-media":"","overlay-type":"","overlay-color":"","overlay-opacity":"","overlay-gradient":""},"tablet":{"background-color":"","background-image":"","background-repeat":"repeat","background-position":"center center","background-size":"auto","background-attachment":"scroll","background-type":"","background-media":"","overlay-type":"","overlay-color":"","overlay-opacity":"","overlay-gradient":""},"mobile":{"background-color":"","background-image":"","background-repeat":"repeat","background-position":"center center","background-size":"auto","background-attachment":"scroll","background-type":"","background-media":"","overlay-type":"","overlay-color":"","overlay-opacity":"","overlay-gradient":""}},"ast-content-background-meta":{"desktop":{"background-color":"var(--ast-global-color-5)","background-image":"","background-repeat":"repeat","background-position":"center center","background-size":"auto","background-attachment":"scroll","background-type":"","background-media":"","overlay-type":"","overlay-color":"","overlay-opacity":"","overlay-gradient":""},"tablet":{"background-color":"var(--ast-global-color-5)","background-image":"","background-repeat":"repeat","background-position":"center center","background-size":"auto","background-attachment":"scroll","background-type":"","background-media":"","overlay-type":"","overlay-color":"","overlay-opacity":"","overlay-gradient":""},"mobile":{"background-color":"var(--ast-global-color-5)","background-image":"","background-repeat":"repeat","background-position":"center center","background-size":"auto","background-attachment":"scroll","background-type":"","background-media":"","overlay-type":"","overlay-color":"","overlay-opacity":"","overlay-gradient":""}}},"product_brand":[],"product_cat":[58],"product_tag":[],"class_list":{"0":"post-3822","1":"product","2":"type-product","3":"status-publish","4":"has-post-thumbnail","6":"product_cat-manual-ball-valve","7":"desktop-align-left","8":"tablet-align-left","9":"mobile-align-left","11":"first","12":"instock","13":"taxable","14":"shipping-taxable","15":"purchasable","16":"product-type-simple"},"_links":{"self":[{"href":"https:\/\/ballvalves.tw\/es\/wp-json\/wp\/v2\/product\/3822","targetHints":{"allow":["GET"]}}],"collection":[{"href":"https:\/\/ballvalves.tw\/es\/wp-json\/wp\/v2\/product"}],"about":[{"href":"https:\/\/ballvalves.tw\/es\/wp-json\/wp\/v2\/types\/product"}],"wp:featuredmedia":[{"embeddable":true,"href":"https:\/\/ballvalves.tw\/es\/wp-json\/wp\/v2\/media\/3759"}],"wp:attachment":[{"href":"https:\/\/ballvalves.tw\/es\/wp-json\/wp\/v2\/media?parent=3822"}],"wp:term":[{"taxonomy":"product_brand","embeddable":true,"href":"https:\/\/ballvalves.tw\/es\/wp-json\/wp\/v2\/product_brand?post=3822"},{"taxonomy":"product_cat","embeddable":true,"href":"https:\/\/ballvalves.tw\/es\/wp-json\/wp\/v2\/product_cat?post=3822"},{"taxonomy":"product_tag","embeddable":true,"href":"https:\/\/ballvalves.tw\/es\/wp-json\/wp\/v2\/product_tag?post=3822"}],"curies":[{"name":"wp","href":"https:\/\/api.w.org\/{rel}","templated":true}]}}