{"id":3812,"date":"2025-10-17T08:43:23","date_gmt":"2025-10-17T00:43:23","guid":{"rendered":"https:\/\/ballvalves.tw\/?post_type=product&#038;p=3812"},"modified":"2025-12-11T12:49:45","modified_gmt":"2025-12-11T04:49:45","slug":"two-piece-ball-valve-fxm-1000-wog","status":"publish","type":"product","link":"https:\/\/ballvalves.tw\/es\/producto\/two-piece-ball-valve-fxm-1000-wog\/","title":{"rendered":"V\u00e1lvula de bola de dos piezas (F\u00d7M), 1000 WOG"},"content":{"rendered":"<h2 data-path-to-node=\"6\">Descripci\u00f3n del producto<\/h2>\n<p data-path-to-node=\"7\">El Yzng Trong <b>V\u00e1lvula de bola hembra x macho (F\u00d7M)<\/b> Combina la eficiencia de flujo de un dise\u00f1o de cuerpo de dos piezas con la comodidad de instalaci\u00f3n de tipos de roscas mixtas. Al integrar un extremo macho y un extremo hembra, esta v\u00e1lvula permite a los instaladores conectar tuber\u00edas a equipos o tanques directamente sin necesidad de adquirir adaptadores adicionales.<\/p>\n<h2 data-path-to-node=\"8\"><b>Especificaciones t\u00e9cnicas clave:<\/b><\/h2>\n<ul>\n<li data-path-to-node=\"9,0,0\"><b>Presi\u00f3n nominal:<\/b> 1000 WOG (PSI)<\/li>\n<li data-path-to-node=\"9,1,0\"><b>Compatibilidad con medios:<\/b> Petr\u00f3leo, agua, gas<\/li>\n<li data-path-to-node=\"9,2,0\"><b>Conexi\u00f3n:<\/b> Un extremo con rosca interna (hembra), un extremo con rosca externa (macho)<\/li>\n<li data-path-to-node=\"9,3,0\"><b>Operaci\u00f3n:<\/b> Manilla manual de cuarto de vuelta<\/li>\n<li data-path-to-node=\"9,4,0\"><b>Material:<\/b> Acero inoxidable (est\u00e1ndar 304\/316)<\/li>\n<\/ul>\n<p data-path-to-node=\"10\">Al igual que nuestras otras v\u00e1lvulas de bola manuales, utiliza un mecanismo de bola giratoria de 90 grados para garantizar un control r\u00e1pido de apertura\/cierre con excelentes propiedades de sellado.<\/p>\n<h2 data-path-to-node=\"11\">Ventajas y beneficios<\/h2>\n<ul>\n<li data-path-to-node=\"12,0,0\"><b>Eficiencia de la instalaci\u00f3n:<\/b> El dise\u00f1o F\u00d7M reduce el tiempo y los costes de instalaci\u00f3n al eliminar la necesidad de un \u201cracor cil\u00edndrico\u201d o adaptador independiente entre la v\u00e1lvula y el equipo.<\/li>\n<li data-path-to-node=\"12,1,0\"><b>Puntos de fuga reducidos:<\/b> Menos juntas de conexi\u00f3n significan menos posibles v\u00edas de fuga en su conjunto de tuber\u00edas.<\/li>\n<li data-path-to-node=\"12,2,0\"><b>Dimensiones compactas:<\/b> Ideal para patines mec\u00e1nicos estrechos o conjuntos de armarios donde cada cent\u00edmetro de espacio cuenta.<\/li>\n<li data-path-to-node=\"12,3,0\"><b>Durabilidad:<\/b> Fabricado para soportar 1000 PSI, adecuado para aplicaciones industriales exigentes.<\/li>\n<\/ul>\n<h2 data-path-to-node=\"13\">Campos de aplicaci\u00f3n y ubicaciones<\/h2>\n<ul>\n<li data-path-to-node=\"14,0,0\"><b>Conexiones para tanques y recipientes:<\/b> Atornillado directamente en las salidas del dep\u00f3sito.<\/li>\n<li data-path-to-node=\"14,1,0\"><b>Conjuntos de bombas:<\/b> Conexi\u00f3n de v\u00e1lvulas de aislamiento directamente a los puertos de la bomba.<\/li>\n<li data-path-to-node=\"14,2,0\"><b>Aislamiento del medidor:<\/b> Instalaci\u00f3n de man\u00f3metros (con aislamiento) en tuber\u00edas.<\/li>\n<li data-path-to-node=\"14,3,0\"><b>Maquinaria OEM:<\/b> L\u00edneas compactas de control de fluidos en equipos automatizados.<\/li>\n<\/ul>","protected":false},"excerpt":{"rendered":"<p data-path-to-node=\"4\"><b>Instalaci\u00f3n que ahorra espacio con conexiones macho\/hembra integradas.<\/b><\/p>\n<p data-path-to-node=\"5\">Esto <b>V\u00e1lvula de bola de dos piezas (F\u00d7M)<\/b> cuenta con un especializado <b>Configuraci\u00f3n con rosca hembra x macho<\/b>. Clasificado para <b>1000 WOG<\/b>, elimina la necesidad de boquillas de conexi\u00f3n adicionales, ofreciendo una soluci\u00f3n optimizada y resistente a las fugas para espacios reducidos. Es ideal para conexiones directas de equipos en sistemas industriales y de fontaner\u00eda.<\/p>","protected":false},"featured_media":3764,"template":"","meta":{"site-sidebar-layout":"default","site-content-layout":"","ast-site-content-layout":"default","site-content-style":"default","site-sidebar-style":"default","ast-global-header-display":"","ast-banner-title-visibility":"","ast-main-header-display":"","ast-hfb-above-header-display":"","ast-hfb-below-header-display":"","ast-hfb-mobile-header-display":"","site-post-title":"","ast-breadcrumbs-content":"","ast-featured-img":"","footer-sml-layout":"","ast-disable-related-posts":"","theme-transparent-header-meta":"default","adv-header-id-meta":"","stick-header-meta":"","header-above-stick-meta":"","header-main-stick-meta":"","header-below-stick-meta":"","astra-migrate-meta-layouts":"set","ast-page-background-enabled":"default","ast-page-background-meta":{"desktop":{"background-color":"var(--ast-global-color-4)","background-image":"","background-repeat":"repeat","background-position":"center center","background-size":"auto","background-attachment":"scroll","background-type":"","background-media":"","overlay-type":"","overlay-color":"","overlay-opacity":"","overlay-gradient":""},"tablet":{"background-color":"","background-image":"","background-repeat":"repeat","background-position":"center center","background-size":"auto","background-attachment":"scroll","background-type":"","background-media":"","overlay-type":"","overlay-color":"","overlay-opacity":"","overlay-gradient":""},"mobile":{"background-color":"","background-image":"","background-repeat":"repeat","background-position":"center center","background-size":"auto","background-attachment":"scroll","background-type":"","background-media":"","overlay-type":"","overlay-color":"","overlay-opacity":"","overlay-gradient":""}},"ast-content-background-meta":{"desktop":{"background-color":"var(--ast-global-color-5)","background-image":"","background-repeat":"repeat","background-position":"center center","background-size":"auto","background-attachment":"scroll","background-type":"","background-media":"","overlay-type":"","overlay-color":"","overlay-opacity":"","overlay-gradient":""},"tablet":{"background-color":"var(--ast-global-color-5)","background-image":"","background-repeat":"repeat","background-position":"center center","background-size":"auto","background-attachment":"scroll","background-type":"","background-media":"","overlay-type":"","overlay-color":"","overlay-opacity":"","overlay-gradient":""},"mobile":{"background-color":"var(--ast-global-color-5)","background-image":"","background-repeat":"repeat","background-position":"center center","background-size":"auto","background-attachment":"scroll","background-type":"","background-media":"","overlay-type":"","overlay-color":"","overlay-opacity":"","overlay-gradient":""}}},"product_brand":[],"product_cat":[58],"product_tag":[],"class_list":{"0":"post-3812","1":"product","2":"type-product","3":"status-publish","4":"has-post-thumbnail","6":"product_cat-manual-ball-valve","7":"desktop-align-left","8":"tablet-align-left","9":"mobile-align-left","11":"first","12":"instock","13":"taxable","14":"shipping-taxable","15":"purchasable","16":"product-type-simple"},"_links":{"self":[{"href":"https:\/\/ballvalves.tw\/es\/wp-json\/wp\/v2\/product\/3812","targetHints":{"allow":["GET"]}}],"collection":[{"href":"https:\/\/ballvalves.tw\/es\/wp-json\/wp\/v2\/product"}],"about":[{"href":"https:\/\/ballvalves.tw\/es\/wp-json\/wp\/v2\/types\/product"}],"wp:featuredmedia":[{"embeddable":true,"href":"https:\/\/ballvalves.tw\/es\/wp-json\/wp\/v2\/media\/3764"}],"wp:attachment":[{"href":"https:\/\/ballvalves.tw\/es\/wp-json\/wp\/v2\/media?parent=3812"}],"wp:term":[{"taxonomy":"product_brand","embeddable":true,"href":"https:\/\/ballvalves.tw\/es\/wp-json\/wp\/v2\/product_brand?post=3812"},{"taxonomy":"product_cat","embeddable":true,"href":"https:\/\/ballvalves.tw\/es\/wp-json\/wp\/v2\/product_cat?post=3812"},{"taxonomy":"product_tag","embeddable":true,"href":"https:\/\/ballvalves.tw\/es\/wp-json\/wp\/v2\/product_tag?post=3812"}],"curies":[{"name":"wp","href":"https:\/\/api.w.org\/{rel}","templated":true}]}}