{"id":3811,"date":"2025-10-17T08:41:36","date_gmt":"2025-10-17T00:41:36","guid":{"rendered":"https:\/\/ballvalves.tw\/?post_type=product&#038;p=3811"},"modified":"2025-12-11T12:49:07","modified_gmt":"2025-12-11T04:49:07","slug":"two-piece-ball-valve-patented-economy-type-1000-wog","status":"publish","type":"product","link":"https:\/\/ballvalves.tw\/es\/producto\/two-piece-ball-valve-patented-economy-type-1000-wog\/","title":{"rendered":"V\u00e1lvula de bola de dos piezas (patentada\/tipo econ\u00f3mico), 1000 WOG"},"content":{"rendered":"<h2 data-path-to-node=\"7\">Descripci\u00f3n del producto<\/h2>\n<p data-path-to-node=\"8\">El Yzng Trong <b>V\u00e1lvula de bola de dos piezas<\/b> Est\u00e1 dise\u00f1ado para una eficiencia \u00f3ptima en el manejo de fluidos. A diferencia de las v\u00e1lvulas de una sola pieza, la construcci\u00f3n del cuerpo de dos piezas permite una mayor apertura de la bola, lo que normalmente se traduce en coeficientes de flujo m\u00e1s altos y una menor ca\u00edda de presi\u00f3n a trav\u00e9s de la v\u00e1lvula.<\/p>\n<p data-path-to-node=\"9\"><b>Especificaciones t\u00e9cnicas clave:<\/b><\/p>\n<ul>\n<li data-path-to-node=\"10,0,0\"><b>Modelo:<\/b> V-2B (tipo patentado) \/ V-2C (tipo econ\u00f3mico)<\/li>\n<li data-path-to-node=\"10,1,0\"><b>Material del cuerpo:<\/b> Acero inoxidable ASTM 304 o 316<\/li>\n<li data-path-to-node=\"10,2,0\"><b>Presi\u00f3n nominal:<\/b> 1000 WOG (PSI)<\/li>\n<li data-path-to-node=\"10,3,0\"><b>Rango de tama\u00f1os:<\/b> 1\/4\u2033 ~ 4\u2033<\/li>\n<li data-path-to-node=\"10,4,0\"><b>Compatibilidad con medios:<\/b> Petr\u00f3leo, agua, gas<\/li>\n<li data-path-to-node=\"10,5,0\"><b>Operaci\u00f3n:<\/b> Manija manual con acci\u00f3n de cuarto de vuelta<\/li>\n<\/ul>\n<p data-path-to-node=\"11\">La v\u00e1lvula funciona girando una bola central con un paso perforado. Un simple giro de 90 grados de la manivela abre o corta instant\u00e1neamente el flujo. El dise\u00f1o prioriza la facilidad de uso, la rapidez de accionamiento y un excelente rendimiento de sellado para evitar fugas incluso bajo alta presi\u00f3n.<\/p>\n<h2 data-path-to-node=\"12\">Ventajas y beneficios<\/h2>\n<ol>\n<li data-path-to-node=\"13,0,0\"><b>Eficiencia de flujo optimizada:<\/b> La construcci\u00f3n de dos piezas generalmente permite un di\u00e1metro interno mayor, lo que minimiza la resistencia al flujo y la p\u00e9rdida de presi\u00f3n en la tuber\u00eda.<\/li>\n<li data-path-to-node=\"13,1,0\"><b>Flexibilidad del material:<\/b> Disponible en ambos <b>Acero inoxidable 304<\/b> (para una resistencia a la corrosi\u00f3n est\u00e1ndar y ahorro de costes) y <b>Acero inoxidable 316<\/b> (para una resistencia superior en entornos qu\u00edmicos m\u00e1s agresivos).<\/li>\n<li data-path-to-node=\"13,2,0\"><b>Opciones duales (patentadas frente a econ\u00f3micas):<\/b>\n<ul>\n<li data-path-to-node=\"13,2,1,0,0\"><b>Tipo patentado:<\/b> Incorpora elementos de dise\u00f1o avanzados para una mayor durabilidad y vida \u00fatil del sellado.<\/li>\n<li data-path-to-node=\"13,2,1,1,0\"><b>Tipo de econom\u00eda:<\/b> Ofrece una soluci\u00f3n de alta calidad y rentable para aplicaciones est\u00e1ndar.<\/li>\n<\/ul>\n<\/li>\n<li data-path-to-node=\"13,3,0\"><b>Amplia disponibilidad de tallas:<\/b> Tama\u00f1os de cobertura de hasta <b>4 pulgadas<\/b>, lo que la hace adecuada para l\u00edneas principales industriales m\u00e1s grandes, donde las v\u00e1lvulas m\u00e1s peque\u00f1as no pueden competir.<\/li>\n<li data-path-to-node=\"13,4,0\"><b>Sellado fiable:<\/b> Dise\u00f1ado para un cierre herm\u00e9tico que garantiza la seguridad y la integridad del sistema.<\/li>\n<\/ol>\n<h2 data-path-to-node=\"14\">Campos de aplicaci\u00f3n y ubicaciones<\/h2>\n<p data-path-to-node=\"15\">Esta vers\u00e1til serie de v\u00e1lvulas se utiliza ampliamente en m\u00faltiples sectores debido a su equilibrio entre rendimiento y precio:<\/p>\n<ul>\n<li data-path-to-node=\"16,0,0\"><b>Tratamiento del agua:<\/b> Sistemas de filtraci\u00f3n, unidades de \u00f3smosis inversa y tuber\u00edas municipales de agua.<\/li>\n<li data-path-to-node=\"16,1,0\"><b>Fabricaci\u00f3n industrial:<\/b> Tuber\u00edas de refrigerante, sistemas de compresores de aire y fontaner\u00eda general de f\u00e1brica.<\/li>\n<li data-path-to-node=\"16,2,0\"><b>Qu\u00edmica y petroqu\u00edmica:<\/b> Manipulaci\u00f3n de fluidos de proceso y l\u00edneas de gas natural (modelos 316SS).<\/li>\n<li data-path-to-node=\"16,3,0\"><b>Construcci\u00f3n y climatizaci\u00f3n:<\/b> Suministro de agua para calefacci\u00f3n, refrigeraci\u00f3n y protecci\u00f3n contra incendios.<\/li>\n<li data-path-to-node=\"16,4,0\"><b>Alimentos y bebidas:<\/b> L\u00edneas de servicios p\u00fablicos (vapor, agua de lavado) en plantas de procesamiento.<\/li>\n<\/ul>","protected":false},"excerpt":{"rendered":"<p data-path-to-node=\"4\"><b>Control vers\u00e1til y de alto caudal con opciones de dise\u00f1o patentadas.<\/b><\/p>\n<p data-path-to-node=\"5\">El <b>Serie V-2B \/ V-2C<\/b> ofrece un s\u00f3lido <b>V\u00e1lvula de bola de dos piezas<\/b> soluci\u00f3n, disponible tanto en <b>Patentado<\/b> y <b>Econom\u00eda<\/b> variaciones para adaptarse a diferentes presupuestos y requisitos de rendimiento. Clasificado para <b>1000 WOG<\/b>, estas v\u00e1lvulas est\u00e1n dise\u00f1adas con materiales de alta calidad. <b>Acero inoxidable 304 o 316<\/b>, proporcionando un equilibrio perfecto entre durabilidad y rentabilidad.<\/p>\n<p data-path-to-node=\"6\">Con una amplia gama de tama\u00f1os desde <b>1\/4\u2033 a 4\u2033<\/b>, Esta serie es el est\u00e1ndar del sector en cuanto a control de caudal fiable, ya que ofrece caudales superiores en comparaci\u00f3n con los dise\u00f1os de una sola pieza. Es la opci\u00f3n preferida para tuber\u00edas industriales generales, instalaciones de tratamiento de agua e integradores de sistemas OEM.<\/p>","protected":false},"featured_media":3769,"template":"","meta":{"site-sidebar-layout":"default","site-content-layout":"","ast-site-content-layout":"default","site-content-style":"default","site-sidebar-style":"default","ast-global-header-display":"","ast-banner-title-visibility":"","ast-main-header-display":"","ast-hfb-above-header-display":"","ast-hfb-below-header-display":"","ast-hfb-mobile-header-display":"","site-post-title":"","ast-breadcrumbs-content":"","ast-featured-img":"","footer-sml-layout":"","ast-disable-related-posts":"","theme-transparent-header-meta":"default","adv-header-id-meta":"","stick-header-meta":"","header-above-stick-meta":"","header-main-stick-meta":"","header-below-stick-meta":"","astra-migrate-meta-layouts":"set","ast-page-background-enabled":"default","ast-page-background-meta":{"desktop":{"background-color":"var(--ast-global-color-4)","background-image":"","background-repeat":"repeat","background-position":"center center","background-size":"auto","background-attachment":"scroll","background-type":"","background-media":"","overlay-type":"","overlay-color":"","overlay-opacity":"","overlay-gradient":""},"tablet":{"background-color":"","background-image":"","background-repeat":"repeat","background-position":"center center","background-size":"auto","background-attachment":"scroll","background-type":"","background-media":"","overlay-type":"","overlay-color":"","overlay-opacity":"","overlay-gradient":""},"mobile":{"background-color":"","background-image":"","background-repeat":"repeat","background-position":"center center","background-size":"auto","background-attachment":"scroll","background-type":"","background-media":"","overlay-type":"","overlay-color":"","overlay-opacity":"","overlay-gradient":""}},"ast-content-background-meta":{"desktop":{"background-color":"var(--ast-global-color-5)","background-image":"","background-repeat":"repeat","background-position":"center center","background-size":"auto","background-attachment":"scroll","background-type":"","background-media":"","overlay-type":"","overlay-color":"","overlay-opacity":"","overlay-gradient":""},"tablet":{"background-color":"var(--ast-global-color-5)","background-image":"","background-repeat":"repeat","background-position":"center center","background-size":"auto","background-attachment":"scroll","background-type":"","background-media":"","overlay-type":"","overlay-color":"","overlay-opacity":"","overlay-gradient":""},"mobile":{"background-color":"var(--ast-global-color-5)","background-image":"","background-repeat":"repeat","background-position":"center center","background-size":"auto","background-attachment":"scroll","background-type":"","background-media":"","overlay-type":"","overlay-color":"","overlay-opacity":"","overlay-gradient":""}}},"product_brand":[],"product_cat":[58],"product_tag":[],"class_list":{"0":"post-3811","1":"product","2":"type-product","3":"status-publish","4":"has-post-thumbnail","6":"product_cat-manual-ball-valve","7":"desktop-align-left","8":"tablet-align-left","9":"mobile-align-left","11":"first","12":"instock","13":"taxable","14":"shipping-taxable","15":"purchasable","16":"product-type-simple"},"_links":{"self":[{"href":"https:\/\/ballvalves.tw\/es\/wp-json\/wp\/v2\/product\/3811","targetHints":{"allow":["GET"]}}],"collection":[{"href":"https:\/\/ballvalves.tw\/es\/wp-json\/wp\/v2\/product"}],"about":[{"href":"https:\/\/ballvalves.tw\/es\/wp-json\/wp\/v2\/types\/product"}],"wp:featuredmedia":[{"embeddable":true,"href":"https:\/\/ballvalves.tw\/es\/wp-json\/wp\/v2\/media\/3769"}],"wp:attachment":[{"href":"https:\/\/ballvalves.tw\/es\/wp-json\/wp\/v2\/media?parent=3811"}],"wp:term":[{"taxonomy":"product_brand","embeddable":true,"href":"https:\/\/ballvalves.tw\/es\/wp-json\/wp\/v2\/product_brand?post=3811"},{"taxonomy":"product_cat","embeddable":true,"href":"https:\/\/ballvalves.tw\/es\/wp-json\/wp\/v2\/product_cat?post=3811"},{"taxonomy":"product_tag","embeddable":true,"href":"https:\/\/ballvalves.tw\/es\/wp-json\/wp\/v2\/product_tag?post=3811"}],"curies":[{"name":"wp","href":"https:\/\/api.w.org\/{rel}","templated":true}]}}