{"id":3809,"date":"2025-10-17T08:37:53","date_gmt":"2025-10-17T00:37:53","guid":{"rendered":"https:\/\/ballvalves.tw\/?post_type=product&#038;p=3809"},"modified":"2025-12-11T12:48:00","modified_gmt":"2025-12-11T04:48:00","slug":"one-piece-ball-valve-1000-wog","status":"publish","type":"product","link":"https:\/\/ballvalves.tw\/es\/producto\/one-piece-ball-valve-1000-wog\/","title":{"rendered":"V\u00e1lvula de bola de una pieza (F\u00d7F \/ F\u00d7M), 1000 WOG"},"content":{"rendered":"<h2 data-path-to-node=\"9\"><strong>Descripci\u00f3n del producto<\/strong><\/h2>\n<p data-path-to-node=\"9\">El Yzng Trong <b>V\u00e1lvula de bola de una pieza<\/b> representa el est\u00e1ndar de eficiencia en el control manual del flujo. El dise\u00f1o del cuerpo \u201cde una sola pieza\u201d significa que el cuerpo de la v\u00e1lvula est\u00e1 fundido como una sola unidad s\u00f3lida. Esta construcci\u00f3n integral reduce significativamente las posibles v\u00edas de fuga en comparaci\u00f3n con las v\u00e1lvulas de varias piezas, lo que ofrece un mayor margen de seguridad para sus operaciones.<\/p>\n<h2 data-path-to-node=\"10\"><b>Especificaciones t\u00e9cnicas clave:<\/b><\/h2>\n<ul>\n<li data-path-to-node=\"11,0,0\"><b>Modelo:<\/b> R-1B (F\u00d7F) \/ R1BN (F\u00d7M)<\/li>\n<li data-path-to-node=\"11,1,0\"><b>Material del cuerpo:<\/b> Acero inoxidable ASTM 316 (fundici\u00f3n de precisi\u00f3n)<\/li>\n<li data-path-to-node=\"11,2,0\"><b>Presi\u00f3n nominal:<\/b> 1000 WOG (PSI)<\/li>\n<li data-path-to-node=\"11,3,0\"><b>Rango de tama\u00f1os:<\/b> 1\/4\u2033 a 3\u2033<\/li>\n<li data-path-to-node=\"11,4,0\"><b>Tipos de conexi\u00f3n:<\/b> Roscado (NPT \/ BSPT \/ BSP \/ DIN): disponible con doble rosca interna o rosca interna\/externa.<\/li>\n<li data-path-to-node=\"11,5,0\"><b>Operaci\u00f3n:<\/b> Manija manual (cuarto de vuelta)<\/li>\n<\/ul>\n<p data-path-to-node=\"12\">La v\u00e1lvula funciona mediante una bola hueca y pivotante. Con un simple giro de 90 grados de la manivela, la bola gira hasta alinearse completamente con el flujo (abierta) o bloquearlo por completo (cerrada). Este mecanismo de cuarto de vuelta garantiza un funcionamiento r\u00e1pido y proporciona una indicaci\u00f3n visual del estado de la v\u00e1lvula.<\/p>\n<h2 data-path-to-node=\"13\"><strong>Ventajas y beneficios clave<\/strong><\/h2>\n<p data-path-to-node=\"14\">\u00bfPor qu\u00e9 elegir la v\u00e1lvula de bola de una pieza R-1B \/ R1BN?<\/p>\n<ul>\n<li data-path-to-node=\"15,0,0\"><b>Protecci\u00f3n superior contra fugas:<\/b> La construcci\u00f3n monobloque elimina las juntas del cuerpo, lo que elimina el punto m\u00e1s com\u00fan de fuga que se encuentra en otros dise\u00f1os de v\u00e1lvulas.<\/li>\n<li data-path-to-node=\"15,1,0\"><b>Alta resistencia a la corrosi\u00f3n:<\/b> Fabricado con materiales de alta calidad. <b>Acero inoxidable 316<\/b>, Esta v\u00e1lvula resiste mejor los entornos hostiles, los productos qu\u00edmicos y los fluidos corrosivos que las alternativas est\u00e1ndar de acero inoxidable 304 o lat\u00f3n.<\/li>\n<li data-path-to-node=\"15,2,0\"><b>Durabilidad a alta presi\u00f3n:<\/b> Clasificado en <b>1000 WOG<\/b>, maneja c\u00f3modamente aplicaciones industriales de alta presi\u00f3n que involucran agua, aceite y gases inertes.<\/li>\n<li data-path-to-node=\"15,3,0\"><b>Dise\u00f1o rentable:<\/b> El dise\u00f1o de una sola pieza suele ser m\u00e1s econ\u00f3mico que las opciones de dos o tres piezas, lo que lo convierte en la opci\u00f3n perfecta para aplicaciones est\u00e1ndar en las que no es necesario realizar mantenimiento (desmontaje) de la v\u00e1lvula.<\/li>\n<li data-path-to-node=\"15,4,0\"><b>Instalaci\u00f3n flexible:<\/b> Disponible en configuraciones de rosca doble hembra y hembra\/macho, lo que permite la conexi\u00f3n directa al equipo sin necesidad de boquillas o accesorios adicionales.<\/li>\n<\/ul>\n<h2 data-path-to-node=\"16\"><strong>Campos de aplicaci\u00f3n y ubicaciones<\/strong><\/h2>\n<p data-path-to-node=\"17\">Gracias a su tama\u00f1o compacto y su alta resistencia a la presi\u00f3n y la corrosi\u00f3n, esta v\u00e1lvula se utiliza ampliamente en diversos sectores:<\/p>\n<ul>\n<li data-path-to-node=\"18,0,0\"><b>Utilidad industrial general:<\/b> Tuber\u00edas de transporte de agua, aceite y gas en f\u00e1bricas.<\/li>\n<li data-path-to-node=\"18,1,0\"><b>Procesamiento qu\u00edmico:<\/b> Manipulaci\u00f3n de fluidos y disolventes ligeramente corrosivos.<\/li>\n<li data-path-to-node=\"18,2,0\"><b>Climatizaci\u00f3n y fontaner\u00eda:<\/b> Sistemas comerciales de distribuci\u00f3n de agua y calefacci\u00f3n.<\/li>\n<li data-path-to-node=\"18,3,0\"><b>Equipo OEM:<\/b> Ideal para maquinaria montada sobre patines y conjuntos de tuber\u00edas en espacios reducidos.<\/li>\n<li data-path-to-node=\"18,4,0\"><b>Agricultura:<\/b> Sistemas de control de riego y mezcla de fertilizantes.<\/li>\n<\/ul>","protected":false},"excerpt":{"rendered":"<p data-path-to-node=\"5\"><b>Control de flujo compacto, duradero y resistente a las fugas.<\/b><\/p>\n<p data-path-to-node=\"6\">El <b>Serie R-1B \/ R1BN<\/b> es un alto rendimiento <b>V\u00e1lvula de bola de una pieza<\/b> Dise\u00f1ado para aplicaciones industriales y de uso general en las que el espacio es limitado y la fiabilidad es primordial. Fabricado con materiales resistentes a la corrosi\u00f3n. <b>Acero inoxidable 316<\/b>, esta v\u00e1lvula est\u00e1 clasificada para <b>1000 WOG<\/b> (Agua, aceite, gas), lo que lo convierte en una opci\u00f3n ideal para entornos de alta presi\u00f3n.<\/p>\n<p data-path-to-node=\"7\">Con opciones para ambos <b>Mujer x Mujer (M\u00d7M)<\/b> y <b>Mujer x Hombre (M\u00d7H)<\/b> conexiones roscadas, esta v\u00e1lvula ofrece una versatilidad superior para los sistemas de tuber\u00edas. Es ideal para gestores de instalaciones, fabricantes de maquinaria OEM e ingenieros industriales que buscan una soluci\u00f3n rentable y robusta para controlar la din\u00e1mica de fluidos.<\/p>","protected":false},"featured_media":3758,"template":"","meta":{"site-sidebar-layout":"default","site-content-layout":"","ast-site-content-layout":"default","site-content-style":"default","site-sidebar-style":"default","ast-global-header-display":"","ast-banner-title-visibility":"","ast-main-header-display":"","ast-hfb-above-header-display":"","ast-hfb-below-header-display":"","ast-hfb-mobile-header-display":"","site-post-title":"","ast-breadcrumbs-content":"","ast-featured-img":"","footer-sml-layout":"","ast-disable-related-posts":"","theme-transparent-header-meta":"default","adv-header-id-meta":"","stick-header-meta":"","header-above-stick-meta":"","header-main-stick-meta":"","header-below-stick-meta":"","astra-migrate-meta-layouts":"set","ast-page-background-enabled":"default","ast-page-background-meta":{"desktop":{"background-color":"var(--ast-global-color-4)","background-image":"","background-repeat":"repeat","background-position":"center center","background-size":"auto","background-attachment":"scroll","background-type":"","background-media":"","overlay-type":"","overlay-color":"","overlay-opacity":"","overlay-gradient":""},"tablet":{"background-color":"","background-image":"","background-repeat":"repeat","background-position":"center center","background-size":"auto","background-attachment":"scroll","background-type":"","background-media":"","overlay-type":"","overlay-color":"","overlay-opacity":"","overlay-gradient":""},"mobile":{"background-color":"","background-image":"","background-repeat":"repeat","background-position":"center center","background-size":"auto","background-attachment":"scroll","background-type":"","background-media":"","overlay-type":"","overlay-color":"","overlay-opacity":"","overlay-gradient":""}},"ast-content-background-meta":{"desktop":{"background-color":"var(--ast-global-color-5)","background-image":"","background-repeat":"repeat","background-position":"center center","background-size":"auto","background-attachment":"scroll","background-type":"","background-media":"","overlay-type":"","overlay-color":"","overlay-opacity":"","overlay-gradient":""},"tablet":{"background-color":"var(--ast-global-color-5)","background-image":"","background-repeat":"repeat","background-position":"center center","background-size":"auto","background-attachment":"scroll","background-type":"","background-media":"","overlay-type":"","overlay-color":"","overlay-opacity":"","overlay-gradient":""},"mobile":{"background-color":"var(--ast-global-color-5)","background-image":"","background-repeat":"repeat","background-position":"center center","background-size":"auto","background-attachment":"scroll","background-type":"","background-media":"","overlay-type":"","overlay-color":"","overlay-opacity":"","overlay-gradient":""}}},"product_brand":[],"product_cat":[58],"product_tag":[],"class_list":{"0":"post-3809","1":"product","2":"type-product","3":"status-publish","4":"has-post-thumbnail","6":"product_cat-manual-ball-valve","7":"desktop-align-left","8":"tablet-align-left","9":"mobile-align-left","11":"first","12":"instock","13":"taxable","14":"shipping-taxable","15":"purchasable","16":"product-type-simple"},"_links":{"self":[{"href":"https:\/\/ballvalves.tw\/es\/wp-json\/wp\/v2\/product\/3809","targetHints":{"allow":["GET"]}}],"collection":[{"href":"https:\/\/ballvalves.tw\/es\/wp-json\/wp\/v2\/product"}],"about":[{"href":"https:\/\/ballvalves.tw\/es\/wp-json\/wp\/v2\/types\/product"}],"wp:featuredmedia":[{"embeddable":true,"href":"https:\/\/ballvalves.tw\/es\/wp-json\/wp\/v2\/media\/3758"}],"wp:attachment":[{"href":"https:\/\/ballvalves.tw\/es\/wp-json\/wp\/v2\/media?parent=3809"}],"wp:term":[{"taxonomy":"product_brand","embeddable":true,"href":"https:\/\/ballvalves.tw\/es\/wp-json\/wp\/v2\/product_brand?post=3809"},{"taxonomy":"product_cat","embeddable":true,"href":"https:\/\/ballvalves.tw\/es\/wp-json\/wp\/v2\/product_cat?post=3809"},{"taxonomy":"product_tag","embeddable":true,"href":"https:\/\/ballvalves.tw\/es\/wp-json\/wp\/v2\/product_tag?post=3809"}],"curies":[{"name":"wp","href":"https:\/\/api.w.org\/{rel}","templated":true}]}}