{"id":3838,"date":"2025-10-17T09:11:55","date_gmt":"2025-10-17T01:11:55","guid":{"rendered":"https:\/\/ballvalves.tw\/?post_type=product&#038;p=3838"},"modified":"2025-12-11T13:09:25","modified_gmt":"2025-12-11T05:09:25","slug":"sanitary-pneumatic-3-way-ball-valve","status":"publish","type":"product","link":"https:\/\/ballvalves.tw\/de\/produkt\/sanitary-pneumatic-3-way-ball-valve\/","title":{"rendered":"Sanit\u00e4rpneumatischer 3-Wege-Kugelhahn"},"content":{"rendered":"<h2 data-path-to-node=\"19\">Produktbeschreibung<\/h2>\n<p data-path-to-node=\"20\">Diese automatisierte Baugruppe integriert ein hygienisches 3-Wege-Ventil mit einem pneumatischen Antrieb. Sie ist daf\u00fcr ausgelegt, Fl\u00fcssigkeiten automatisch auf Basis der Systemlogik (z. B. SPS-Signale) zu leiten. Ganz gleich, ob Sie ein fertiges Produkt in einen Vorratsbeh\u00e4lter umleiten oder Zutaten mischen m\u00fcssen \u2013 dieses Ventil erledigt die Aufgabe mit der Geschwindigkeit der Pneumatik und h\u00e4lt dabei dank seiner polierten Oberfl\u00e4chen und gekapselten Sitze strenge Hygienestandards ein.<\/p>\n<h2 data-path-to-node=\"21\">Wichtige technische Spezifikationen<\/h2>\n<ul data-path-to-node=\"22\">\n<li>\n<p data-path-to-node=\"22,0,0\"><b>K\u00f6rpermaterial:<\/b> ASTM 316 Edelstahl (hygienische Ausf\u00fchrung)<\/p>\n<\/li>\n<li>\n<p data-path-to-node=\"22,1,0\"><b>Stellantrieb:<\/b> Aluminiumlegierungszylinder (Zahnstange und Ritzel)<\/p>\n<\/li>\n<li>\n<p data-path-to-node=\"22,2,0\"><b>Hafen:<\/b> L-Anschluss \/ T-Anschluss<\/p>\n<\/li>\n<li>\n<p data-path-to-node=\"22,3,0\"><b>Montage:<\/b> ISO-Direktbefestigung (typischerweise)<\/p>\n<\/li>\n<li>\n<p data-path-to-node=\"22,4,0\"><b>Versiegelung:<\/b> FDA-konforme Materialien<\/p>\n<\/li>\n<\/ul>\n<h2 data-path-to-node=\"23\">Vorteile &amp; Nutzen<\/h2>\n<ul data-path-to-node=\"24\">\n<li>\n<p data-path-to-node=\"24,0,0\"><b>Fernsteuerung:<\/b> Macht manuelle Ventileinstellungen in sterilen Bereichen \u00fcberfl\u00fcssig.<\/p>\n<\/li>\n<li>\n<p data-path-to-node=\"24,1,0\"><b>Prozesskonsistenz:<\/b> Gew\u00e4hrleistet ein pr\u00e4zises Timing f\u00fcr die Durchflussschaltung, was f\u00fcr die Chargenkonsistenz entscheidend ist.<\/p>\n<\/li>\n<li>\n<p data-path-to-node=\"24,2,0\"><b>Reinigungsf\u00e4higkeit:<\/b> Entwickelt f\u00fcr automatisierte Clean-in-Place-Zyklen (CIP).<\/p>\n<\/li>\n<li>\n<p data-path-to-node=\"24,3,0\"><b>Vielseitigkeit:<\/b> Verarbeitet viskose Fl\u00fcssigkeiten und Fl\u00fcssigkeiten m\u00fchelos.<\/p>\n<\/li>\n<\/ul>\n<h2 data-path-to-node=\"25\">Anwendungsbereiche und Standorte<\/h2>\n<ul data-path-to-node=\"26\">\n<li>\n<p data-path-to-node=\"26,0,0\"><b>Molkereianlagen:<\/b> Automatisierte Milchverteilung.<\/p>\n<\/li>\n<li>\n<p data-path-to-node=\"26,1,0\"><b>Brauerei:<\/b> Umf\u00fcllen von W\u00fcrze oder Bier zwischen Tanks.<\/p>\n<\/li>\n<li>\n<p data-path-to-node=\"26,2,0\"><b>Arzneimittel:<\/b> Automatisierte Stapelverarbeitung.<\/p>\n<\/li>\n<\/ul>","protected":false},"excerpt":{"rendered":"<p data-path-to-node=\"17\"><b>Automatisierte Leitungsf\u00fchrung f\u00fcr sterile Prozessfl\u00fcssigkeiten.<\/b><\/p>\n<p data-path-to-node=\"18\">Das <b>Sanit\u00e4rpneumatischer 3-Wege-Kugelhahn<\/b> kombiniert hygienisches Design mit der Effizienz der Automatisierung. Mit einer <b>Edelstahl 316<\/b> K\u00f6rper und ein reaktionsschnelles <b>Zylinder aus Aluminiumlegierung<\/b>, Dieses Ger\u00e4t erm\u00f6glicht die Fernsteuerung der Durchflussumleitung und -mischung in Reinr\u00e4umen und Lebensmittelverarbeitungsbetrieben und gew\u00e4hrleistet so wiederholbare und kontaminationsfreie Abl\u00e4ufe.<\/p>","protected":false},"featured_media":3785,"template":"","meta":{"site-sidebar-layout":"default","site-content-layout":"","ast-site-content-layout":"default","site-content-style":"default","site-sidebar-style":"default","ast-global-header-display":"","ast-banner-title-visibility":"","ast-main-header-display":"","ast-hfb-above-header-display":"","ast-hfb-below-header-display":"","ast-hfb-mobile-header-display":"","site-post-title":"","ast-breadcrumbs-content":"","ast-featured-img":"","footer-sml-layout":"","ast-disable-related-posts":"","theme-transparent-header-meta":"default","adv-header-id-meta":"","stick-header-meta":"","header-above-stick-meta":"","header-main-stick-meta":"","header-below-stick-meta":"","astra-migrate-meta-layouts":"set","ast-page-background-enabled":"default","ast-page-background-meta":{"desktop":{"background-color":"var(--ast-global-color-4)","background-image":"","background-repeat":"repeat","background-position":"center center","background-size":"auto","background-attachment":"scroll","background-type":"","background-media":"","overlay-type":"","overlay-color":"","overlay-opacity":"","overlay-gradient":""},"tablet":{"background-color":"","background-image":"","background-repeat":"repeat","background-position":"center center","background-size":"auto","background-attachment":"scroll","background-type":"","background-media":"","overlay-type":"","overlay-color":"","overlay-opacity":"","overlay-gradient":""},"mobile":{"background-color":"","background-image":"","background-repeat":"repeat","background-position":"center center","background-size":"auto","background-attachment":"scroll","background-type":"","background-media":"","overlay-type":"","overlay-color":"","overlay-opacity":"","overlay-gradient":""}},"ast-content-background-meta":{"desktop":{"background-color":"var(--ast-global-color-5)","background-image":"","background-repeat":"repeat","background-position":"center center","background-size":"auto","background-attachment":"scroll","background-type":"","background-media":"","overlay-type":"","overlay-color":"","overlay-opacity":"","overlay-gradient":""},"tablet":{"background-color":"var(--ast-global-color-5)","background-image":"","background-repeat":"repeat","background-position":"center center","background-size":"auto","background-attachment":"scroll","background-type":"","background-media":"","overlay-type":"","overlay-color":"","overlay-opacity":"","overlay-gradient":""},"mobile":{"background-color":"var(--ast-global-color-5)","background-image":"","background-repeat":"repeat","background-position":"center center","background-size":"auto","background-attachment":"scroll","background-type":"","background-media":"","overlay-type":"","overlay-color":"","overlay-opacity":"","overlay-gradient":""}}},"product_brand":[],"product_cat":[63],"product_tag":[],"class_list":{"0":"post-3838","1":"product","2":"type-product","3":"status-publish","4":"has-post-thumbnail","6":"product_cat-sanitary-clamp-type","7":"desktop-align-left","8":"tablet-align-left","9":"mobile-align-left","11":"first","12":"instock","13":"taxable","14":"shipping-taxable","15":"purchasable","16":"product-type-simple"},"_links":{"self":[{"href":"https:\/\/ballvalves.tw\/de\/wp-json\/wp\/v2\/product\/3838","targetHints":{"allow":["GET"]}}],"collection":[{"href":"https:\/\/ballvalves.tw\/de\/wp-json\/wp\/v2\/product"}],"about":[{"href":"https:\/\/ballvalves.tw\/de\/wp-json\/wp\/v2\/types\/product"}],"wp:featuredmedia":[{"embeddable":true,"href":"https:\/\/ballvalves.tw\/de\/wp-json\/wp\/v2\/media\/3785"}],"wp:attachment":[{"href":"https:\/\/ballvalves.tw\/de\/wp-json\/wp\/v2\/media?parent=3838"}],"wp:term":[{"taxonomy":"product_brand","embeddable":true,"href":"https:\/\/ballvalves.tw\/de\/wp-json\/wp\/v2\/product_brand?post=3838"},{"taxonomy":"product_cat","embeddable":true,"href":"https:\/\/ballvalves.tw\/de\/wp-json\/wp\/v2\/product_cat?post=3838"},{"taxonomy":"product_tag","embeddable":true,"href":"https:\/\/ballvalves.tw\/de\/wp-json\/wp\/v2\/product_tag?post=3838"}],"curies":[{"name":"wp","href":"https:\/\/api.w.org\/{rel}","templated":true}]}}