{"id":3831,"date":"2025-10-17T09:02:55","date_gmt":"2025-10-17T01:02:55","guid":{"rendered":"https:\/\/ballvalves.tw\/?post_type=product&#038;p=3831"},"modified":"2025-12-11T13:00:52","modified_gmt":"2025-12-11T05:00:52","slug":"two-piece-pneumatic-ball-valve","status":"publish","type":"product","link":"https:\/\/ballvalves.tw\/de\/produkt\/two-piece-pneumatic-ball-valve\/","title":{"rendered":"Zweiteiliger pneumatischer Kugelhahn"},"content":{"rendered":"<h2 data-path-to-node=\"45\">Produktbeschreibung<\/h2>\n<p data-path-to-node=\"46\">Im Gegensatz zur einteiligen Version erm\u00f6glicht das zweiteilige Geh\u00e4usedesign eine gr\u00f6\u00dfere interne Kugel\u00f6ffnung, wodurch der Druckabfall \u00fcber das Ventil reduziert wird. Der pneumatische Antrieb erm\u00f6glicht eine schnelle Vierteldrehung (\u00d6ffnen\/Schlie\u00dfen in weniger als einer Sekunde). Dieses Ventil ist das Arbeitspferd f\u00fcr die meisten automatisierten Wasser-, Luft- und leichten chemischen Anwendungen.<\/p>\n<h2 data-path-to-node=\"47\">Wichtige technische Spezifikationen<\/h2>\n<ul>\n<li data-path-to-node=\"48,0,0\"><b>Ventilk\u00f6rper:<\/b> Zweiteilige Ausf\u00fchrung, Edelstahl ASTM 316<\/li>\n<li data-path-to-node=\"48,1,0\"><b>Stellantrieb:<\/b> Aluminiumlegierungszylinder (Zahnstange und Ritzel)<\/li>\n<li data-path-to-node=\"48,2,0\"><b>Gr\u00f6\u00dfenbereich:<\/b> 3\/8\u2033 ~ 4\u2033<\/li>\n<li data-path-to-node=\"48,3,0\"><b>Bohrung Typ:<\/b> Standard \/ Full Bore (je nach Gr\u00f6\u00dfe)<\/li>\n<li data-path-to-node=\"48,4,0\"><b>Zubeh\u00f6r:<\/b> Kompatibel mit Magnetventilen und Endschaltern<\/li>\n<\/ul>\n<h2 data-path-to-node=\"49\">Vorteile &amp; Nutzen<\/h2>\n<ul>\n<li data-path-to-node=\"50,0,0\"><b>Hohe Durchflusskapazit\u00e4t:<\/b> Minimiert die Durchflussbegrenzung und ist daher ideal f\u00fcr Leitungen mit hohem Volumen.<\/li>\n<li data-path-to-node=\"50,1,0\"><b>Zuverl\u00e4ssige Zyklusdauer:<\/b> Entwickelt f\u00fcr hochfrequente Zyklen in automatisierten Prozessen.<\/li>\n<li data-path-to-node=\"50,2,0\"><b>Vielseitige Gr\u00f6\u00dfenbestimmung:<\/b> Erh\u00e4ltlich bis zu 4 Zoll, die die meisten Versorgungsleitungen abdecken.<\/li>\n<li data-path-to-node=\"50,3,0\"><b>Skalierbare Kontrolle:<\/b> Kann bei Bedarf mit Stellungsreglern f\u00fcr modulierende Regelung (Drosselung) ausgestattet werden.<\/li>\n<\/ul>\n<h2 data-path-to-node=\"51\">Anwendungsbereiche und Standorte<\/h2>\n<ul>\n<li data-path-to-node=\"52,0,0\"><b>Wasseraufbereitungsanlagen:<\/b> Automatisierte Filtrations- und R\u00fccksp\u00fclsequenzierung.<\/li>\n<li data-path-to-node=\"52,1,0\"><b>HLK:<\/b> Kontrolle des K\u00fchlturmwassers.<\/li>\n<li data-path-to-node=\"52,2,0\"><b>Chemische Dosierung:<\/b> Automatisierte Dosierung der Inhaltsstoffe.<\/li>\n<li data-path-to-node=\"52,3,0\"><b>Allgemeine Fabrikautomation:<\/b> Luft- und Wasserversorgungsleitungen.<\/li>\n<\/ul>","protected":false},"excerpt":{"rendered":"<p data-path-to-node=\"43\"><b>High-Flow Automation f\u00fcr die allgemeine Industrie.<\/b><\/p>\n<p data-path-to-node=\"44\">Das <b>Zweiteiliger pneumatischer Kugelhahn<\/b> ist der Industriestandard f\u00fcr die automatische Fl\u00fcssigkeitssteuerung. Diese Baugruppe verf\u00fcgt \u00fcber eine Vollbohrung* f\u00fcr maximale Durchflusseffizienz und ist mit einem robusten <b>Edelstahl 316<\/b> zweiteiliges Ventil mit einem langlebigen <b>Aluminium-Legierung<\/b> pneumatischen Antrieb. Er bietet die perfekte Balance zwischen Durchflussleistung und Automatisierungsf\u00e4higkeit.<\/p>","protected":false},"featured_media":3777,"template":"","meta":{"site-sidebar-layout":"default","site-content-layout":"","ast-site-content-layout":"default","site-content-style":"default","site-sidebar-style":"default","ast-global-header-display":"","ast-banner-title-visibility":"","ast-main-header-display":"","ast-hfb-above-header-display":"","ast-hfb-below-header-display":"","ast-hfb-mobile-header-display":"","site-post-title":"","ast-breadcrumbs-content":"","ast-featured-img":"","footer-sml-layout":"","ast-disable-related-posts":"","theme-transparent-header-meta":"default","adv-header-id-meta":"","stick-header-meta":"","header-above-stick-meta":"","header-main-stick-meta":"","header-below-stick-meta":"","astra-migrate-meta-layouts":"set","ast-page-background-enabled":"default","ast-page-background-meta":{"desktop":{"background-color":"var(--ast-global-color-4)","background-image":"","background-repeat":"repeat","background-position":"center center","background-size":"auto","background-attachment":"scroll","background-type":"","background-media":"","overlay-type":"","overlay-color":"","overlay-opacity":"","overlay-gradient":""},"tablet":{"background-color":"","background-image":"","background-repeat":"repeat","background-position":"center center","background-size":"auto","background-attachment":"scroll","background-type":"","background-media":"","overlay-type":"","overlay-color":"","overlay-opacity":"","overlay-gradient":""},"mobile":{"background-color":"","background-image":"","background-repeat":"repeat","background-position":"center center","background-size":"auto","background-attachment":"scroll","background-type":"","background-media":"","overlay-type":"","overlay-color":"","overlay-opacity":"","overlay-gradient":""}},"ast-content-background-meta":{"desktop":{"background-color":"var(--ast-global-color-5)","background-image":"","background-repeat":"repeat","background-position":"center center","background-size":"auto","background-attachment":"scroll","background-type":"","background-media":"","overlay-type":"","overlay-color":"","overlay-opacity":"","overlay-gradient":""},"tablet":{"background-color":"var(--ast-global-color-5)","background-image":"","background-repeat":"repeat","background-position":"center center","background-size":"auto","background-attachment":"scroll","background-type":"","background-media":"","overlay-type":"","overlay-color":"","overlay-opacity":"","overlay-gradient":""},"mobile":{"background-color":"var(--ast-global-color-5)","background-image":"","background-repeat":"repeat","background-position":"center center","background-size":"auto","background-attachment":"scroll","background-type":"","background-media":"","overlay-type":"","overlay-color":"","overlay-opacity":"","overlay-gradient":""}}},"product_brand":[],"product_cat":[61],"product_tag":[],"class_list":{"0":"post-3831","1":"product","2":"type-product","3":"status-publish","4":"has-post-thumbnail","6":"product_cat-pneumatic-ball-valve","7":"desktop-align-left","8":"tablet-align-left","9":"mobile-align-left","11":"first","12":"instock","13":"taxable","14":"shipping-taxable","15":"purchasable","16":"product-type-simple"},"_links":{"self":[{"href":"https:\/\/ballvalves.tw\/de\/wp-json\/wp\/v2\/product\/3831","targetHints":{"allow":["GET"]}}],"collection":[{"href":"https:\/\/ballvalves.tw\/de\/wp-json\/wp\/v2\/product"}],"about":[{"href":"https:\/\/ballvalves.tw\/de\/wp-json\/wp\/v2\/types\/product"}],"wp:featuredmedia":[{"embeddable":true,"href":"https:\/\/ballvalves.tw\/de\/wp-json\/wp\/v2\/media\/3777"}],"wp:attachment":[{"href":"https:\/\/ballvalves.tw\/de\/wp-json\/wp\/v2\/media?parent=3831"}],"wp:term":[{"taxonomy":"product_brand","embeddable":true,"href":"https:\/\/ballvalves.tw\/de\/wp-json\/wp\/v2\/product_brand?post=3831"},{"taxonomy":"product_cat","embeddable":true,"href":"https:\/\/ballvalves.tw\/de\/wp-json\/wp\/v2\/product_cat?post=3831"},{"taxonomy":"product_tag","embeddable":true,"href":"https:\/\/ballvalves.tw\/de\/wp-json\/wp\/v2\/product_tag?post=3831"}],"curies":[{"name":"wp","href":"https:\/\/api.w.org\/{rel}","templated":true}]}}