{"id":3830,"date":"2025-10-17T09:01:45","date_gmt":"2025-10-17T01:01:45","guid":{"rendered":"https:\/\/ballvalves.tw\/?post_type=product&#038;p=3830"},"modified":"2025-12-11T13:00:26","modified_gmt":"2025-12-11T05:00:26","slug":"one-piece-pneumatic-ball-valve","status":"publish","type":"product","link":"https:\/\/ballvalves.tw\/de\/produkt\/one-piece-pneumatic-ball-valve\/","title":{"rendered":"Einteiliger pneumatischer Kugelhahn"},"content":{"rendered":"<h2 data-path-to-node=\"32\">Produktbeschreibung<\/h2>\n<p data-path-to-node=\"33\">Diese Einheit automatisiert den einteiligen Standard-Kugelhahn mit einem pneumatischen Antrieb mit Zahnstange und Ritzel. Das einteilige Geh\u00e4usedesign bietet den robustesten Leckageschutz (keine Geh\u00e4useverbindungen), w\u00e4hrend der Antrieb die Integration in SPS-gesteuerte Systeme erm\u00f6glicht. Es ist eine wirtschaftliche L\u00f6sung f\u00fcr automatisierte Anlagen, die keine h\u00e4ufige Wartung des Ventils erfordern.<\/p>\n<h2 data-path-to-node=\"34\">Wichtige technische Spezifikationen<\/h2>\n<ul>\n<li data-path-to-node=\"35,0,0\"><b>Ventilk\u00f6rper:<\/b> Einteilige Konstruktion, Edelstahl ASTM 316<\/li>\n<li data-path-to-node=\"35,1,0\"><b>Stellantrieb:<\/b> Zylinder aus Aluminiumlegierung (hart anodisiert)<\/li>\n<li data-path-to-node=\"35,2,0\"><b>Gr\u00f6\u00dfenbereich:<\/b> 1\/4\u2033 ~ 3\u2033<\/li>\n<li data-path-to-node=\"35,3,0\"><b>Steuerung Typ:<\/b> Doppeltwirkend (Luft zum \u00d6ffnen\/Schlie\u00dfen) oder federr\u00fcckstellend (ausfallsicher)<\/li>\n<li data-path-to-node=\"35,4,0\"><b>Medien:<\/b> \u00d6l, Wasser, Gas<\/li>\n<\/ul>\n<h2 data-path-to-node=\"36\">Vorteile &amp; Nutzen<\/h2>\n<ul>\n<li data-path-to-node=\"37,0,0\"><b>Automatisierungsf\u00e4hig:<\/b> Erm\u00f6glicht den Fernbetrieb und die Integration in Fabrikautomatisierungssysteme.<\/li>\n<li data-path-to-node=\"37,1,0\"><b>Sicherheit:<\/b> Der Bediener muss sich nicht mehr an gef\u00e4hrlichen Orten aufhalten, sondern kann ferngesteuert werden.<\/li>\n<li data-path-to-node=\"37,2,0\"><b>Kompakt und leicht:<\/b> Das einteilige Geh\u00e4use in Kombination mit einem Aluminiumantrieb minimiert die Belastung der Rohrleitungshalterungen.<\/li>\n<li data-path-to-node=\"37,3,0\"><b>Kosteng\u00fcnstig:<\/b> Ein budgetfreundlicher Einstieg in die automatisierten Edelstahlventile.<\/li>\n<\/ul>\n<h2 data-path-to-node=\"38\">Anwendungsbereiche und Standorte<\/h2>\n<ul>\n<li data-path-to-node=\"39,0,0\"><b>OEM-Maschinen:<\/b> Automatische Abf\u00fcllmaschinen und Verpackungsanlagen.<\/li>\n<li data-path-to-node=\"39,1,0\"><b>Textilf\u00e4rbung:<\/b> Automatisierte Fl\u00fcssigkeitsverteilung.<\/li>\n<li data-path-to-node=\"39,2,0\"><b>Skid-Systeme:<\/b> Kompakte automatisierte Prozess-Skids.<\/li>\n<\/ul>","protected":false},"excerpt":{"rendered":"<p data-path-to-node=\"30\"><b>Kompakte automatisierte Durchflussregelung f\u00fcr enge R\u00e4ume.<\/b><\/p>\n<p data-path-to-node=\"31\">Das <b>Einteiliger pneumatischer Kugelhahn<\/b> kombiniert das platzsparende Design unserer R-1B-Serie mit einem leistungsstarken pneumatischen Antrieb. Dieses Ventil ist ideal f\u00fcr automatisierte Industriestra\u00dfen mit eingeschr\u00e4nktem Platzangebot und bietet eine zuverl\u00e4ssige Ein\/Aus-Fernsteuerung mit einem <b>Edelstahl 316<\/b> K\u00f6rper und ein leichtes <b>Zylinder aus Aluminiumlegierung<\/b> Antrieb.<\/p>","protected":false},"featured_media":3774,"template":"","meta":{"site-sidebar-layout":"default","site-content-layout":"","ast-site-content-layout":"default","site-content-style":"default","site-sidebar-style":"default","ast-global-header-display":"","ast-banner-title-visibility":"","ast-main-header-display":"","ast-hfb-above-header-display":"","ast-hfb-below-header-display":"","ast-hfb-mobile-header-display":"","site-post-title":"","ast-breadcrumbs-content":"","ast-featured-img":"","footer-sml-layout":"","ast-disable-related-posts":"","theme-transparent-header-meta":"default","adv-header-id-meta":"","stick-header-meta":"","header-above-stick-meta":"","header-main-stick-meta":"","header-below-stick-meta":"","astra-migrate-meta-layouts":"set","ast-page-background-enabled":"default","ast-page-background-meta":{"desktop":{"background-color":"var(--ast-global-color-4)","background-image":"","background-repeat":"repeat","background-position":"center center","background-size":"auto","background-attachment":"scroll","background-type":"","background-media":"","overlay-type":"","overlay-color":"","overlay-opacity":"","overlay-gradient":""},"tablet":{"background-color":"","background-image":"","background-repeat":"repeat","background-position":"center center","background-size":"auto","background-attachment":"scroll","background-type":"","background-media":"","overlay-type":"","overlay-color":"","overlay-opacity":"","overlay-gradient":""},"mobile":{"background-color":"","background-image":"","background-repeat":"repeat","background-position":"center center","background-size":"auto","background-attachment":"scroll","background-type":"","background-media":"","overlay-type":"","overlay-color":"","overlay-opacity":"","overlay-gradient":""}},"ast-content-background-meta":{"desktop":{"background-color":"var(--ast-global-color-5)","background-image":"","background-repeat":"repeat","background-position":"center center","background-size":"auto","background-attachment":"scroll","background-type":"","background-media":"","overlay-type":"","overlay-color":"","overlay-opacity":"","overlay-gradient":""},"tablet":{"background-color":"var(--ast-global-color-5)","background-image":"","background-repeat":"repeat","background-position":"center center","background-size":"auto","background-attachment":"scroll","background-type":"","background-media":"","overlay-type":"","overlay-color":"","overlay-opacity":"","overlay-gradient":""},"mobile":{"background-color":"var(--ast-global-color-5)","background-image":"","background-repeat":"repeat","background-position":"center center","background-size":"auto","background-attachment":"scroll","background-type":"","background-media":"","overlay-type":"","overlay-color":"","overlay-opacity":"","overlay-gradient":""}}},"product_brand":[],"product_cat":[61],"product_tag":[],"class_list":{"0":"post-3830","1":"product","2":"type-product","3":"status-publish","4":"has-post-thumbnail","6":"product_cat-pneumatic-ball-valve","7":"desktop-align-left","8":"tablet-align-left","9":"mobile-align-left","11":"first","12":"instock","13":"taxable","14":"shipping-taxable","15":"purchasable","16":"product-type-simple"},"_links":{"self":[{"href":"https:\/\/ballvalves.tw\/de\/wp-json\/wp\/v2\/product\/3830","targetHints":{"allow":["GET"]}}],"collection":[{"href":"https:\/\/ballvalves.tw\/de\/wp-json\/wp\/v2\/product"}],"about":[{"href":"https:\/\/ballvalves.tw\/de\/wp-json\/wp\/v2\/types\/product"}],"wp:featuredmedia":[{"embeddable":true,"href":"https:\/\/ballvalves.tw\/de\/wp-json\/wp\/v2\/media\/3774"}],"wp:attachment":[{"href":"https:\/\/ballvalves.tw\/de\/wp-json\/wp\/v2\/media?parent=3830"}],"wp:term":[{"taxonomy":"product_brand","embeddable":true,"href":"https:\/\/ballvalves.tw\/de\/wp-json\/wp\/v2\/product_brand?post=3830"},{"taxonomy":"product_cat","embeddable":true,"href":"https:\/\/ballvalves.tw\/de\/wp-json\/wp\/v2\/product_cat?post=3830"},{"taxonomy":"product_tag","embeddable":true,"href":"https:\/\/ballvalves.tw\/de\/wp-json\/wp\/v2\/product_tag?post=3830"}],"curies":[{"name":"wp","href":"https:\/\/api.w.org\/{rel}","templated":true}]}}